{"id":21619,"date":"2018-01-02T01:03:01","date_gmt":"2018-01-02T01:03:01","guid":{"rendered":"http:\/\/biblian.is\/videy\/jeremia-25-kafli\/"},"modified":"2018-01-02T01:03:01","modified_gmt":"2018-01-02T01:03:01","slug":"jeremia-25-kafli","status":"publish","type":"page","link":"https:\/\/biblian.is\/videy\/jeremia-25-kafli\/","title":{"rendered":"Jerem\u00eda 25. kafli"},"content":{"rendered":"<div class=\"fyrirsognVidey\">Herlei\u00f0ingin til Babel.<\/div>\n<p><a name=\"1\"><span class=\"versanumer\">1<\/span><\/a>\u00dea\u00f0 or\u00f0 sem kom til Jerem\u00edas, vi\u00f0v\u00edkjandi \u00f6llu J\u00fadaf\u00f3lki, \u00e1 fj\u00f3r\u00f0a \u00e1ri J\u00f3jakims, J\u00f3s\u00edasonar, J\u00fadak\u00f3ngs, \u00fea\u00f0 var fyrsta \u00e1r Neb\u00fakadnesars, k\u00f3ngs \u00ed Babel,<a name=\"2\"><span class=\"versanumer\">2<\/span><\/a>sem Jerem\u00edas sp\u00e1ma\u00f0ur tala\u00f0i til alls J\u00fadaf\u00f3lks, og til allra Jer\u00fasalems innb\u00faa, og m\u00e6lti: <br \/><a name=\"3\"><span class=\"versanumer\">3<\/span><\/a>Fr\u00e1 13da \u00e1ri J\u00f3s\u00eda, Ammonssona, J\u00fadak\u00f3ngs, allt til \u00feessa dags, \u00feessi 23 \u00e1r, kom Drottins or\u00f0 til m\u00edn, og eg tala\u00f0i til y\u00f0ar fr\u00e1 \u00fev\u00ed snemma dags, en \u00fe\u00e9r heyr\u00f0u\u00f0 ekki.<a name=\"4\"><span class=\"versanumer\">4<\/span><\/a>Og Drottinn sendi til y\u00f0ar alla s\u00edna \u00fe\u00e9nara, sp\u00e1mennina, fr\u00e1 \u00fev\u00ed snemma dags, en \u00fe\u00e9r heyr\u00f0u\u00f0 ekki, og l\u00f6g\u00f0u\u00f0 ei eyrun vi\u00f0 til a\u00f0 heyra.<a name=\"5\"><span class=\"versanumer\">5<\/span><\/a>\u00deeir s\u00f6g\u00f0u: sn\u00fai\u00f0 \u00fe\u00f3, hv\u00f6r einn fr\u00e1 s\u00ednum vondu vegum, til baka, og fr\u00e1 vonsku sinna verka, svo skulu\u00f0 \u00fe\u00e9r vera \u00ed landinu, sem Drottinn gaf y\u00f0ar fe\u00f0rum, fr\u00e1 eil\u00edf\u00f0 til eil\u00edf\u00f0ar!<a name=\"6\"><span class=\"versanumer\">6<\/span><\/a>Og a\u00f0hyllist ekki a\u00f0ra gu\u00f0i, svo \u00fe\u00e9r \u00fej\u00f3ni\u00f0 \u00feeim og tilbi\u00f0ji\u00f0 \u00fe\u00e1; og m\u00f3\u00f0gi\u00f0 mig ekki me\u00f0 verkum y\u00f0ar handa, svo skal eg ekkert illt gj\u00f6ra y\u00f0ur.<a name=\"7\"><span class=\"versanumer\">7<\/span><\/a>En \u00fe\u00e9r gegndu\u00f0 m\u00e9r ekki, segir Drottinn, heldur m\u00f3\u00f0gu\u00f0u\u00f0 \u00fe\u00e9r mig me\u00f0 verkum y\u00f0ar handa, y\u00f0ur til \u00f3hamingju.<a name=\"8\"><span class=\"versanumer\">8<\/span><\/a>\u00dev\u00ed segir Drottinn herskaranna svo: fyrst a\u00f0 \u00fe\u00e9r hl\u00fdddu\u00f0 ekki m\u00ednum or\u00f0um:<a name=\"9\"><span class=\"versanumer\">9<\/span><\/a>sj\u00e1! svo sendi eg, og s\u00e6ki allar kynkv\u00edslir nor\u00f0ursins, segir Drottinn, og til Neb\u00fakadnesars k\u00f3ngs \u00ed Babel, m\u00edns \u00fej\u00f3ns, og l\u00e6t \u00fe\u00e1 koma yfir \u00feetta land, og yfir \u00feess innb\u00faa, og yfir allar \u00fej\u00f3\u00f0ir h\u00e9r \u00ed kring, og hrek \u00fe\u00e6r \u00ed \u00fatleg\u00f0, og gj\u00f6ri \u00fe\u00e6r a\u00f0 vi\u00f0bj\u00f3\u00f0 og h\u00e1\u00f0ung og eil\u00edfum r\u00fastum,<a name=\"10\"><span class=\"versanumer\">10<\/span><\/a>og afm\u00e1i alla gle\u00f0iraust og gla\u00f0v\u00e6r\u00f0arraust, br\u00fa\u00f0gumans raust, og br\u00fa\u00f0urinnar raust, kvarnarni\u00f0inn, og lampans lj\u00f3s.<a name=\"11\"><span class=\"versanumer\">11<\/span><\/a>Og allt \u00feetta land skal ver\u00f0a a\u00f0 r\u00fastum, a\u00f0 ey\u00f0im\u00f6rk, og \u00feessar \u00fej\u00f3\u00f0ir skulu \u00fej\u00f3na undir k\u00f3nginn af Babel, \u00ed 70 \u00e1r.<br \/><a name=\"12\"><span class=\"versanumer\">12<\/span><\/a>En \u00fea\u00f0 skal ske, \u00feegar 70 \u00e1r eru li\u00f0in, \u00fe\u00e1 vil eg refsa k\u00f3nginum \u00ed Babel og hinu sama f\u00f3lki, segir Drottinn, fyrir \u00feess misgj\u00f6r\u00f0, og Kaldeumannalandi, og gj\u00f6ra \u00fea\u00f0 a\u00f0 eil\u00edfri au\u00f0n.<a name=\"13\"><span class=\"versanumer\">13<\/span><\/a>Og eg l\u00e6t yfir sama land koma \u00f6ll m\u00edn or\u00f0, sem eg hefi um \u00fea\u00f0 tala\u00f0, allt sem skrifa\u00f0 er \u00ed \u00feessari b\u00f3k, sem Jerem\u00edas sp\u00e1\u00f0 hefir, um allar \u00fej\u00f3\u00f0ir;<a name=\"14\"><span class=\"versanumer\">14<\/span><\/a>\u00fev\u00ed l\u00edka gj\u00f6ra \u00feeir miklar \u00fej\u00f3\u00f0ir, og st\u00f3ra konunga s\u00e9r undirgefna, og eg umbuna \u00feeim eftir \u00feeirra ath\u00e6fi og eftir verkum \u00feeirra handa.<br \/><a name=\"15\"><span class=\"versanumer\">15<\/span><\/a>\u00dev\u00ed svo sag\u00f0i Drottinn, \u00cdsraels Gu\u00f0, til m\u00edn: tak vi\u00f0 \u00feessum bikar fullum af rei\u00f0innar v\u00edni af minni hendi, og l\u00e1ttu allar \u00fej\u00f3\u00f0ir drekka hann, sem eg sendi \u00feig til,<a name=\"16\"><span class=\"versanumer\">16<\/span><\/a>svo \u00fe\u00e6r drekki, rambi og \u00e6\u00f0i fyrir \u00fev\u00ed sver\u00f0i sem eg sendi me\u00f0al \u00feeirra.<a name=\"17\"><span class=\"versanumer\">17<\/span><\/a>Og eg t\u00f3k vi\u00f0 bikarnum af Drottins hendi, og l\u00e9t allar \u00fej\u00f3\u00f0ir drekka, til hv\u00f6rra Drottinn haf\u00f0i mig sent.<a name=\"18\"><span class=\"versanumer\">18<\/span><\/a>Jer\u00fasalem og J\u00fada sta\u00f0i og \u00feeirra konunga, og \u00feeirra h\u00f6f\u00f0ingja, til a\u00f0 gj\u00f6ra \u00fe\u00e1 a\u00f0 r\u00fastum, a\u00f0 vi\u00f0bj\u00f3\u00f0, a\u00f0 h\u00e1\u00f0ung, og a\u00f0 b\u00f6lvun, eins og n\u00fa <span class='VideyAth'>(er ske\u00f0)<\/span>:<a name=\"19\"><span class=\"versanumer\">19<\/span><\/a>fara\u00f3, Egyptalandsk\u00f3ng, og hans \u00fej\u00f3na og hans h\u00f6f\u00f0ingja og allt hans f\u00f3lk,<a name=\"20\"><span class=\"versanumer\">20<\/span><\/a>og allar sambands<span class='VideyAth'>(vesturlands)<\/span>\u00fej\u00f3\u00f0irnar og alla konunga \u00ed landinu Us og alla konunga Filistealands og \u00ed Askalon og Gasa og Ekron, og leifarnar af Asdod.<a name=\"21\"><span class=\"versanumer\">21<\/span><\/a>Edom\u00edta og M\u00f3ab\u00edta og Ammonssyni,<a name=\"22\"><span class=\"versanumer\">22<\/span><\/a>og alla konungana \u00ed Tyrus, og alla konungana \u00ed S\u00eddon, og konunga eyjanna, hinumegin vi\u00f0 hafi\u00f0,<a name=\"23\"><span class=\"versanumer\">23<\/span><\/a>Dedan og Tema og B\u00fas og alla me\u00f0 skornu skeggi <span class='VideyAth'>(arabiska)<\/span>.<a name=\"24\"><span class=\"versanumer\">24<\/span><\/a>Og alla Arab\u00eduk\u00f3nga og alla k\u00f3nga sambands\u00fej\u00f3\u00f0anna, sem b\u00faa \u00ed ey\u00f0im\u00f6rkinni,<a name=\"25\"><span class=\"versanumer\">25<\/span><\/a>og alla konungana \u00ed Simri, og alla konungana \u00ed Elam og alla konungana \u00ed Med\u00edu,<a name=\"26\"><span class=\"versanumer\">26<\/span><\/a>og alla konunga nor\u00f0ursins, \u00fe\u00e1 n\u00e1l\u00e6gari og fj\u00e6rl\u00e6gari, einn sem annan, og \u00f6ll heimsins k\u00f3ngsr\u00edki \u00e1 j\u00f6r\u00f0unni; og k\u00f3ngurinn af Sesak <span class='VideyAth'>(Babel)<\/span> skal eftir \u00feessa drekka.<br \/><a name=\"27\"><span class=\"versanumer\">27<\/span><\/a>Og seg til \u00feeirra: svo segir Drottinn herskaranna, \u00cdsraels Gu\u00f0: drekki\u00f0 og ver\u00f0i\u00f0 \u00f6lva\u00f0ir og \u00e6li\u00f0 upp og drekki\u00f0, og standi\u00f0 ekki upp aftur, fyrir sver\u00f0inu, sem eg sendi me\u00f0al y\u00f0ar.<a name=\"28\"><span class=\"versanumer\">28<\/span><\/a>Og ef \u00feeir f\u00e6rast undan a\u00f0 taka vi\u00f0 bikarnum af \u00feinni hendi, til a\u00f0 drekka, \u00fe\u00e1 seg til \u00feeirra: svo segir Drottinn herskaranna: \u00fe\u00e9r skulu\u00f0 drekka!<a name=\"29\"><span class=\"versanumer\">29<\/span><\/a>\u00dev\u00ed sj\u00e1! \u00e1 \u00feeim sta\u00f0 sem nefndur er eftir m\u00ednu nafni, byrja eg a\u00f0 beita h\u00f6r\u00f0u; og \u00fe\u00e9r skyldu\u00f0 hugsa a\u00f0 komast hj\u00e1 hegningu? \u00fe\u00e9r munu\u00f0 ei sleppa undan refsingunni, \u00fev\u00ed sver\u00f0i\u00f0 kalla eg yfir alla innb\u00faa jar\u00f0arinnar, segir Drottinn herskaranna.<a name=\"30\"><span class=\"versanumer\">30<\/span><\/a>En pr\u00e9dika <span class='VideyAth'>(sp\u00e1)<\/span> \u00fe\u00fa \u00feeim \u00f6ll \u00feessi or\u00f0, og seg til \u00feeirra: Drottinn grenjar af h\u00e6\u00f0inni, og fr\u00e1 s\u00ednum heilaga b\u00fasta\u00f0 l\u00e6tur hann s\u00edna raust gjalla, hann grenjar m\u00f3ti s\u00ednum b\u00fasta\u00f0, \u00f3p, eins og \u00feess sem v\u00edn\u00fer\u00fagu tre\u00f0ur, hefur hann upp m\u00f3ti \u00f6llum jar\u00f0arinnar innb\u00faum,<a name=\"31\"><span class=\"versanumer\">31<\/span><\/a>hlj\u00f3murinn \u00ferengir s\u00e9r allt a\u00f0 veraldarinnar enda; \u00fev\u00ed str\u00ed\u00f0 \u00e1 Drottinn vi\u00f0 \u00fej\u00f3\u00f0irnar, hann er genginn \u00ed r\u00e9tt vi\u00f0 allt hold; \u00fe\u00e1 gu\u00f0lausu afhendir hann sver\u00f0inu, segir Drottinn.<br \/><a name=\"32\"><span class=\"versanumer\">32<\/span><\/a>Svo segir Drottinn herskaranna: sj\u00e1, \u00f3g\u00e6fan fer fr\u00e1 \u00fej\u00f3\u00f0 til \u00fej\u00f3\u00f0ar, og mikill stormur tekur sig upp fr\u00e1 \u00fev\u00ed ysta jar\u00f0arinnar.<a name=\"33\"><span class=\"versanumer\">33<\/span><\/a>\u00deeir sem Drottinn hefir a\u00f0 velli lagt, liggja \u00e1 \u00feeim sama t\u00edma fr\u00e1 einum enda jar\u00f0arinnar til annars, \u00feeir eru ekki harma\u00f0ir, ekki burt dregnir, og ekki ver\u00f0a \u00feeir jar\u00f0a\u00f0ir, a\u00f0 \u00e1bur\u00f0i \u00e1 vellinum ver\u00f0a \u00feeir.<a name=\"34\"><span class=\"versanumer\">34<\/span><\/a>\u00c6pi\u00f0 hir\u00f0arar, kveini\u00f0, og velti\u00f0 y\u00f0ur <span class='VideyAth'>(\u00ed dufti)<\/span>, \u00fe\u00e9r lei\u00f0togar hjar\u00f0arinnar! \u00fev\u00ed n\u00fa er s\u00e1 t\u00edmi, a\u00f0 y\u00f0ur skal ver\u00f0a sl\u00e1tra\u00f0; og eg tv\u00edstra y\u00f0ur, a\u00f0 \u00fe\u00e9r detti\u00f0 \u00ed sundur sem d\u00fdrt ker.<a name=\"35\"><span class=\"versanumer\">35<\/span><\/a>Hir\u00f0ararnir geta ei undan komist og fyrirli\u00f0ar hjar\u00f0arinnar geta ei bjarga\u00f0 s\u00e9r.<a name=\"36\"><span class=\"versanumer\">36<\/span><\/a>Kvein hir\u00f0aranna hlj\u00f3mar og \u00f3p hjar\u00f0arinnar lei\u00f0toga, \u00fev\u00ed Drottinn ey\u00f0ileggur \u00feeirra haglendi,<a name=\"37\"><span class=\"versanumer\">37<\/span><\/a>fri\u00f0arins beitiland er ey\u00f0ilagt af Drottins grimmdarrei\u00f0i.<a name=\"38\"><span class=\"versanumer\">38<\/span><\/a>Hann kemur, sem lj\u00f3n \u00far s\u00ednu b\u00e6li; \u00fev\u00ed \u00feeirra land ver\u00f0ur a\u00f0 au\u00f0n fyrir grimmd v\u00edkingsins, og fyrir grimmd hans rei\u00f0i.<\/p>\n<div class=\"footnoteVidey\"><\/div>\n","protected":false},"excerpt":{"rendered":"<p>Herlei\u00f0ingin til Babel. 1\u00dea\u00f0 or\u00f0 sem kom til Jerem\u00edas, vi\u00f0v\u00edkjandi \u00f6llu J\u00fadaf\u00f3lki, \u00e1 fj\u00f3r\u00f0a \u00e1ri J\u00f3jakims, J\u00f3s\u00edasonar, J\u00fadak\u00f3ngs, \u00fea\u00f0 var fyrsta \u00e1r Neb\u00fakadnesars, k\u00f3ngs \u00ed Babel,2sem Jerem\u00edas sp\u00e1ma\u00f0ur tala\u00f0i til alls J\u00fadaf\u00f3lks, og til allra Jer\u00fasalems innb\u00faa, og m\u00e6lti: 3Fr\u00e1 13da \u00e1ri J\u00f3s\u00eda, Ammonssona, J\u00fadak\u00f3ngs, allt til \u00feessa dags, \u00feessi 23 \u00e1r, kom Drottins or\u00f0 til m\u00edn, og eg tala\u00f0i til y\u00f0ar fr\u00e1 \u00fev\u00ed snemma dags, en \u00fe\u00e9r heyr\u00f0u\u00f0 ekki.4Og Drottinn sendi til y\u00f0ar alla s\u00edna \u00fe\u00e9nara, sp\u00e1mennina, fr\u00e1 \u00fev\u00ed snemma dags, en \u00fe\u00e9r heyr\u00f0u\u00f0 ekki, og l\u00f6g\u00f0u\u00f0 ei eyrun vi\u00f0 til a\u00f0 heyra.5\u00deeir s\u00f6g\u00f0u: sn\u00fai\u00f0 \u00fe\u00f3, hv\u00f6r einn fr\u00e1 <a href=\"https:\/\/biblian.is\/videy\/jeremia-25-kafli\/\"> [&#8230;]<\/a><\/p>\n","protected":false},"author":1,"featured_media":0,"parent":0,"menu_order":0,"comment_status":"open","ping_status":"open","template":"bibliukaflar.php","meta":{"footnotes":""},"class_list":["post-21619","page","type-page","status-publish","hentry"],"_links":{"self":[{"href":"https:\/\/biblian.is\/videy\/wp-json\/wp\/v2\/pages\/21619","targetHints":{"allow":["GET"]}}],"collection":[{"href":"https:\/\/biblian.is\/videy\/wp-json\/wp\/v2\/pages"}],"about":[{"href":"https:\/\/biblian.is\/videy\/wp-json\/wp\/v2\/types\/page"}],"author":[{"embeddable":true,"href":"https:\/\/biblian.is\/videy\/wp-json\/wp\/v2\/users\/1"}],"replies":[{"embeddable":true,"href":"https:\/\/biblian.is\/videy\/wp-json\/wp\/v2\/comments?post=21619"}],"version-history":[{"count":0,"href":"https:\/\/biblian.is\/videy\/wp-json\/wp\/v2\/pages\/21619\/revisions"}],"wp:attachment":[{"href":"https:\/\/biblian.is\/videy\/wp-json\/wp\/v2\/media?parent=21619"}],"curies":[{"name":"wp","href":"https:\/\/api.w.org\/{rel}","templated":true}]}}