{"id":21618,"date":"2018-01-02T01:03:01","date_gmt":"2018-01-02T01:03:01","guid":{"rendered":"http:\/\/biblian.is\/videy\/jeremia-24-kafli\/"},"modified":"2018-01-02T01:03:01","modified_gmt":"2018-01-02T01:03:01","slug":"jeremia-24-kafli","status":"publish","type":"page","link":"https:\/\/biblian.is\/videy\/jeremia-24-kafli\/","title":{"rendered":"Jerem\u00eda 24. kafli"},"content":{"rendered":"<div class=\"fyrirsognVidey\">\u00de\u00e6r tv\u00e6r f\u00edkjuk\u00f6rfur.<\/div>\n<p><a name=\"1\"><span class=\"versanumer\">1<\/span><\/a>Drottinn l\u00e9t mig sj\u00e1 tv\u00e6r k\u00f6rfur fullar af f\u00edkjum, settar fyrir framan Drottins musteri, eftir a\u00f0 Neb\u00fakadnesar, k\u00f3ngur \u00ed Babel, haf\u00f0i herteki\u00f0 og flutt burt fr\u00e1 Jer\u00fasalem til Babel Jekonia J\u00f3jakimsson, J\u00fadakonung, og J\u00fada h\u00f6f\u00f0ingja, og tr\u00e9smi\u00f0ina og fangavaktarana.<a name=\"2\"><span class=\"versanumer\">2<\/span><\/a>\u00cd annarri k\u00f6rfunni voru mj\u00f6g g\u00f3\u00f0ar f\u00edkjur, l\u00edkar \u00feeim f\u00edkjum sem fyrst n\u00e1 fullum \u00feroska; og \u00ed annarri k\u00f6rfunni voru mj\u00f6g sl\u00e6mar f\u00edkjur, sem voru svo vondar, a\u00f0 \u00fe\u00e6r voru ekki \u00e6tar.<a name=\"3\"><span class=\"versanumer\">3<\/span><\/a>Og Drottinn sag\u00f0i til m\u00edn: hva\u00f0 s\u00e9r \u00fe\u00fa Jerem\u00edas? og eg svara\u00f0i: f\u00edkjur; \u00fe\u00e6r g\u00f3\u00f0u f\u00edkjur eru miki\u00f0 g\u00f3\u00f0ar, og \u00fe\u00e6r vondu f\u00edkjur eru miki\u00f0 vondar, svo menn geta ei eti\u00f0 \u00fe\u00e6r, svo eru \u00fe\u00e6r vondar.<a name=\"4\"><span class=\"versanumer\">4<\/span><\/a>Og or\u00f0 Drottins kom til m\u00edn, og sag\u00f0i:<a name=\"5\"><span class=\"versanumer\">5<\/span><\/a>svo segir Drottinn, \u00cdsraels Gu\u00f0: l\u00edkt \u00feessum g\u00f3\u00f0u f\u00edkjum vil eg l\u00edta til \u00feeirra, til g\u00f3\u00f0s, sem herteknir voru \u00ed Jer\u00fasalem, sem eg sendi burt fr\u00e1 \u00feessum sta\u00f0 \u00ed Kaldeumannaland.<a name=\"6\"><span class=\"versanumer\">6<\/span><\/a>Og eg stefni m\u00ednum augum \u00e1 \u00fe\u00e1 til g\u00f3\u00f0s, og flyt \u00fe\u00e1 aftur \u00ed \u00feetta land, og uppbyggi \u00fe\u00e1, \u00e1n \u00feess aftur a\u00f0 ni\u00f0urr\u00edfa \u00fe\u00e1, og gr\u00f3\u00f0urset \u00fe\u00e1, \u00e1n \u00feess aftur a\u00f0 uppr\u00e6ta \u00fe\u00e1.<a name=\"7\"><span class=\"versanumer\">7<\/span><\/a>Og eg gef \u00feeim hjarta til a\u00f0 \u00feekkja mig, a\u00f0 eg er Drottinn; og \u00feeir skulu vera mitt f\u00f3lk og eg vil vera \u00feeirra Gu\u00f0; \u00fev\u00ed \u00feeir munu sn\u00faa s\u00e9r til m\u00edn af \u00f6llu hjarta.<br \/><a name=\"8\"><span class=\"versanumer\">8<\/span><\/a>En l\u00edkt vondu f\u00edkjunum, sem menn geta ei eti\u00f0, vegna \u00feess \u00fe\u00e6r eru svo vondar, segir Drottinn, vil eg fara me\u00f0 Sedek\u00eda J\u00fadak\u00f3ng, og hans h\u00f6f\u00f0ingja, og leifarnar af Jer\u00fasalem, \u00fe\u00e1 sem eftir eru or\u00f0nir \u00ed \u00feessu landi, og \u00fe\u00e1 sem b\u00faa \u00ed Egyptalandi.<a name=\"9\"><span class=\"versanumer\">9<\/span><\/a>Og eg sel \u00fe\u00e1 fram til mis\u00feyrmingar, til \u00f3g\u00e6fu \u00f6llum k\u00f3ngsr\u00edkjum jar\u00f0arinnar, til skammar og til or\u00f0skvi\u00f0s og til spotts, og til b\u00f6lvunar, \u00e1 \u00f6llum \u00feeim st\u00f6\u00f0um, hv\u00f6rt eg hrek \u00fe\u00e1.<a name=\"10\"><span class=\"versanumer\">10<\/span><\/a>Og eg sendi me\u00f0al \u00feeirra sver\u00f0 og hungur og dreps\u00f3tt, \u00feanga\u00f0 til \u00feeir eru afm\u00e1\u00f0ir \u00far landinu, sem eg gaf \u00feeim og \u00feeirra fe\u00f0rum.<\/p>\n<div class=\"footnoteVidey\"><\/div>\n","protected":false},"excerpt":{"rendered":"<p>\u00de\u00e6r tv\u00e6r f\u00edkjuk\u00f6rfur. 1Drottinn l\u00e9t mig sj\u00e1 tv\u00e6r k\u00f6rfur fullar af f\u00edkjum, settar fyrir framan Drottins musteri, eftir a\u00f0 Neb\u00fakadnesar, k\u00f3ngur \u00ed Babel, haf\u00f0i herteki\u00f0 og flutt burt fr\u00e1 Jer\u00fasalem til Babel Jekonia J\u00f3jakimsson, J\u00fadakonung, og J\u00fada h\u00f6f\u00f0ingja, og tr\u00e9smi\u00f0ina og fangavaktarana.2\u00cd annarri k\u00f6rfunni voru mj\u00f6g g\u00f3\u00f0ar f\u00edkjur, l\u00edkar \u00feeim f\u00edkjum sem fyrst n\u00e1 fullum \u00feroska; og \u00ed annarri k\u00f6rfunni voru mj\u00f6g sl\u00e6mar f\u00edkjur, sem voru svo vondar, a\u00f0 \u00fe\u00e6r voru ekki \u00e6tar.3Og Drottinn sag\u00f0i til m\u00edn: hva\u00f0 s\u00e9r \u00fe\u00fa Jerem\u00edas? og eg svara\u00f0i: f\u00edkjur; \u00fe\u00e6r g\u00f3\u00f0u f\u00edkjur eru miki\u00f0 g\u00f3\u00f0ar, og \u00fe\u00e6r vondu f\u00edkjur eru miki\u00f0 vondar, svo menn <a href=\"https:\/\/biblian.is\/videy\/jeremia-24-kafli\/\"> [&#8230;]<\/a><\/p>\n","protected":false},"author":1,"featured_media":0,"parent":0,"menu_order":0,"comment_status":"open","ping_status":"open","template":"bibliukaflar.php","meta":{"footnotes":""},"class_list":["post-21618","page","type-page","status-publish","hentry"],"_links":{"self":[{"href":"https:\/\/biblian.is\/videy\/wp-json\/wp\/v2\/pages\/21618","targetHints":{"allow":["GET"]}}],"collection":[{"href":"https:\/\/biblian.is\/videy\/wp-json\/wp\/v2\/pages"}],"about":[{"href":"https:\/\/biblian.is\/videy\/wp-json\/wp\/v2\/types\/page"}],"author":[{"embeddable":true,"href":"https:\/\/biblian.is\/videy\/wp-json\/wp\/v2\/users\/1"}],"replies":[{"embeddable":true,"href":"https:\/\/biblian.is\/videy\/wp-json\/wp\/v2\/comments?post=21618"}],"version-history":[{"count":0,"href":"https:\/\/biblian.is\/videy\/wp-json\/wp\/v2\/pages\/21618\/revisions"}],"wp:attachment":[{"href":"https:\/\/biblian.is\/videy\/wp-json\/wp\/v2\/media?parent=21618"}],"curies":[{"name":"wp","href":"https:\/\/api.w.org\/{rel}","templated":true}]}}