{"id":21617,"date":"2018-01-02T01:03:01","date_gmt":"2018-01-02T01:03:01","guid":{"rendered":"http:\/\/biblian.is\/videy\/jeremia-23-kafli\/"},"modified":"2018-01-02T01:03:01","modified_gmt":"2018-01-02T01:03:01","slug":"jeremia-23-kafli","status":"publish","type":"page","link":"https:\/\/biblian.is\/videy\/jeremia-23-kafli\/","title":{"rendered":"Jerem\u00eda 23. kafli"},"content":{"rendered":"<div class=\"fyrirsognVidey\">Jerem\u00edas talar um \u00feann r\u00e9tta hir\u00f0ir e\u00f0a k\u00f3ng, og leiguli\u00f0a, samt falssp\u00e1menn.<\/div>\n<p><a name=\"1\"><span class=\"versanumer\">1<\/span><\/a>Vei \u00feeim hir\u00f0urum sem afvega lei\u00f0a <span class='VideyAth'>(t\u00fdna)<\/span> og tv\u00edstra minni hj\u00f6r\u00f0! segir Drottinn.<a name=\"2\"><span class=\"versanumer\">2<\/span><\/a>\u00dev\u00ed segir Drottinn svo, \u00cdsraels Gu\u00f0, um hir\u00f0ara m\u00edns f\u00f3lks: \u00fe\u00e9r hafi\u00f0 tv\u00edstra\u00f0 minni hj\u00f6r\u00f0, og sundurt\u00e6tt og ekki eftir henni liti\u00f0: sj\u00e1! eg skal finna y\u00f0ur, fyrir vonsku y\u00f0ar ath\u00e6fis, segir Drottinn.<a name=\"3\"><span class=\"versanumer\">3<\/span><\/a>Og eg skal safna leifum minnar hjar\u00f0ar \u00far \u00f6llum l\u00f6ndum, sem eg hefi hraki\u00f0 \u00fe\u00e1 \u00ed, og eg skal lei\u00f0a \u00fe\u00e1 aftur \u00ed \u00feeirra haglendi, a\u00f0 \u00feeir t\u00edmgist og fj\u00f6lgi.<a name=\"4\"><span class=\"versanumer\">4<\/span><\/a>Og eg skal setja yfir \u00fe\u00e1 hir\u00f0ara, sem haldi \u00feeim til haga, og \u00feeir skulu ei framar hr\u00e6\u00f0ast n\u00e9 skelfast, og einkis \u00feeirra skal sakna\u00f0 ver\u00f0a, segir Drottinn.<br \/><a name=\"5\"><span class=\"versanumer\">5<\/span><\/a>Sj\u00e1! \u00feeir dagar koma, \u00fe\u00e1 eg mun l\u00e1ta af Dav\u00ed\u00f0 koma, r\u00e9ttan kvist <span class='VideyAth'>(grein)<\/span> sem r\u00edkir me\u00f0 v\u00edsd\u00f3mi og eflir r\u00e9ttindi og r\u00e9ttv\u00edsi \u00ed landinu.<a name=\"6\"><span class=\"versanumer\">6<\/span><\/a>\u00c1 hans t\u00edma mun J\u00fada<span class='VideyAth'>(land)<\/span> ver\u00f0a lukkulegt og \u00cdsrael b\u00faa \u00f3hultur, og me\u00f0 \u00feessu nafni munu menn nefna hann: Drottinn vort r\u00e9ttl\u00e6ti.<a name=\"7\"><span class=\"versanumer\">7<\/span><\/a>\u00deess vegna, sj\u00e1i\u00f0! dagar munu koma, segir Drottinn, a\u00f0 menn ei framar segja: \u201esvo sannarlega sem Drottinn lifir, s\u00e1 sem flutti \u00cdsraelssyni \u00far Egyptalandi\u201c!<a name=\"8\"><span class=\"versanumer\">8<\/span><\/a>heldur: \u201esvo sannarlega sem Drottinn lifir, sem flutti burt ni\u00f0ja \u00cdsraels h\u00fass, og heim aftur, \u00far landinu nor\u00f0ur fr\u00e1, og \u00far \u00f6llum l\u00f6ndum, hv\u00f6rt eg hrakti \u00fe\u00e1\u201c; og \u00feeir skulu b\u00faa \u00ed s\u00ednu landi.<br \/><a name=\"9\"><span class=\"versanumer\">9<\/span><\/a>Vi\u00f0v\u00edkjandi sp\u00e1m\u00f6nnum er mitt hjarta \u00ed m\u00ednu brj\u00f3sti sundurmari\u00f0, \u00f6ll m\u00edn bein skj\u00e1lfa; eg er eins og drukkinn ma\u00f0ur, og eins og s\u00e1 ma\u00f0ur sem v\u00edni\u00f0 hefir unni\u00f0 \u00e1, sakir Drottins, og sakir hans heilaga or\u00f0s.<a name=\"10\"><span class=\"versanumer\">10<\/span><\/a>\u00dev\u00ed af h\u00f3rd\u00f3msm\u00f6nnum er landi\u00f0 fullt; og sakir b\u00f6lvunarinnar syrgir landi\u00f0, haglendi ey\u00f0imerkurinnar er skr\u00e6lna\u00f0. \u00deeirra hlaup er vonska, og \u00feeirra kraftur rangl\u00e6ti.<a name=\"11\"><span class=\"versanumer\">11<\/span><\/a>\u00dev\u00ed b\u00e6\u00f0i sp\u00e1mennirnir og prestarnir eru hr\u00e6snarar; l\u00edka \u00ed m\u00ednu h\u00fasi finn eg \u00feeirra vonsku, segir Drottinn.<a name=\"12\"><span class=\"versanumer\">12<\/span><\/a>\u00dev\u00ed mun \u00feeirra vegur ver\u00f0a \u00feeim sem h\u00e1lka \u00ed myrkri; \u00feeim mun skri\u00f0na f\u00f3tur, og \u00feeir munu detta s\u00ed\u00f0an, \u00fev\u00ed eg skal lei\u00f0a \u00f3g\u00e6fu yfir \u00fe\u00e1, \u00e1 \u00feeirra hegningart\u00edma, segir Drottinn.<br \/><a name=\"13\"><span class=\"versanumer\">13<\/span><\/a>Hj\u00e1 Samar\u00edu sp\u00e1m\u00f6nnum s\u00e1 eg heimsku: \u00feeir sp\u00e1\u00f0u \u00ed nafni Baals, og leiddu \u00ed villu mitt f\u00f3lk, \u00cdsrael;<a name=\"14\"><span class=\"versanumer\">14<\/span><\/a>en \u00e1 Jer\u00fasalems sp\u00e1m\u00f6nnum s\u00e9 eg <span class='VideyAth'>(eitthva\u00f0)<\/span> \u00f3ttalegt: a\u00f0 h\u00f3rast og fara me\u00f0 lygar, og \u00feeir efla vonskuna, svo a\u00f0 \u00feeir ekki sn\u00fai s\u00e9r, hv\u00f6r fr\u00e1 sinni vonsku; \u00feeir eru m\u00e9r allir sem S\u00f3d\u00f3ma, og \u00feeirra innb\u00faar sem Gomorra.<a name=\"15\"><span class=\"versanumer\">15<\/span><\/a>\u00dev\u00ed segir Drottinn herskaranna svo um sp\u00e1mennina: sj\u00e1! eg metta \u00fe\u00e1 me\u00f0 malurt og drykkja \u00fe\u00e1 me\u00f0 \u00f3lyfjunarvatni; \u00fev\u00ed fr\u00e1 sp\u00e1m\u00f6nnunum er spilling farin \u00fat yfir allt landi\u00f0.<a name=\"16\"><span class=\"versanumer\">16<\/span><\/a>Svo segir Drottinn herskaranna: hlusti\u00f0 ekki \u00e1 or\u00f0 sp\u00e1mannanna, sem sp\u00e1 y\u00f0ur! \u00feeir t\u00e6la y\u00f0ur me\u00f0 h\u00e9g\u00f3mlegum meiningum, s\u00edns hjarta opinberun tala \u00feeir, ekki af munni Drottins.<a name=\"17\"><span class=\"versanumer\">17<\/span><\/a>\u00deeir tala til \u00feeirra sem forsm\u00e1 mig; Drottinn segir: y\u00f0ur mun vel vegna: og til allra, sem ganga eftir \u00fever\u00fa\u00f0 s\u00edns hjarta, segja \u00feeir: engin \u00f3g\u00e6fa mun yfir y\u00f0ur koma.<a name=\"18\"><span class=\"versanumer\">18<\/span><\/a>\u00dev\u00ed hv\u00f6r hefir sta\u00f0i\u00f0 \u00ed Drottins r\u00e1\u00f0i og s\u00e9\u00f0 og heyrt hans or\u00f0? hv\u00f6r hefir hlusta\u00f0 eftir, og hl\u00fdtt \u00e1 hans or\u00f0?<a name=\"19\"><span class=\"versanumer\">19<\/span><\/a>Sj\u00e1! grimmur stormur fer \u00fat fr\u00e1 Drottni, og \u00f3ttalegt \u00f3ve\u00f0ur mun steypast yfir h\u00f6fu\u00f0 \u00feeirra gu\u00f0lausu.<a name=\"20\"><span class=\"versanumer\">20<\/span><\/a>Drottins rei\u00f0i mun ei h\u00e6tta, fyrr en hann hefir gj\u00f6rt, og fyrr en hann hefir loki\u00f0 vi\u00f0 hugsanir s\u00edns hjarta. Seinna munu\u00f0 \u00fe\u00e9r \u00feess vissir ver\u00f0a. <br \/><a name=\"21\"><span class=\"versanumer\">21<\/span><\/a>Ekki sendi eg sp\u00e1mennina, \u00fe\u00f3 \u00feeir hlypu; og ekki tala\u00f0i eg vi\u00f0 \u00fe\u00e1, \u00fe\u00f3 \u00feeir sp\u00e1\u00f0u.<a name=\"22\"><span class=\"versanumer\">22<\/span><\/a>En hef\u00f0u \u00feeir sta\u00f0i\u00f0 \u00ed m\u00ednu r\u00e1\u00f0i, svo hef\u00f0u \u00feeir kunngj\u00f6rt m\u00edn or\u00f0 m\u00ednu f\u00f3lki, og leitt \u00fe\u00e1 til baka fr\u00e1 \u00feeirra vondu vegum, og illsku \u00feeirra ath\u00e6fis.<br \/><a name=\"23\"><span class=\"versanumer\">23<\/span><\/a>Er eg \u00fe\u00e1 a\u00f0eins Gu\u00f0 \u00ed n\u00e1nd, segir Drottinn, og ekki Gu\u00f0 \u00ed fj\u00e6rl\u00e6g\u00f0?<a name=\"24\"><span class=\"versanumer\">24<\/span><\/a>Getur nokkur fali\u00f0 sig \u00ed fylgsnum svo, a\u00f0 eg ekki sj\u00e1i hann? segir Drottinn: uppfylli eg ekki himin og j\u00f6r\u00f0? segir Drottinn.<br \/><a name=\"25\"><span class=\"versanumer\">25<\/span><\/a>Eg heyri hva\u00f0 sp\u00e1mennirnir segja, \u00feeir sem sp\u00e1 lygi \u00ed m\u00ednu nafni, \u00feeir segja: mig dreymdi, mig dreymdi!<a name=\"26\"><span class=\"versanumer\">26<\/span><\/a>Skal \u00feetta lengi <span class='VideyAth'>(ganga)<\/span>? hafa \u00feeir sp\u00e1menn, sem lygi kenna, og t\u00e1l sinna hjartna pr\u00e9dika, \u00ed huga,<a name=\"27\"><span class=\"versanumer\">27<\/span><\/a>og hugsa \u00feeir til a\u00f0 koma f\u00f3lki til, me\u00f0 s\u00ednum draumum, a\u00f0 gleyma m\u00ednu nafni, eins og \u00feeirra fe\u00f0ur gleymdu m\u00ednu nafni fyrir Baals sakir?<a name=\"28\"><span class=\"versanumer\">28<\/span><\/a>S\u00e1 sp\u00e1ma\u00f0ur sem drauma hefir, segi hann drauma; og s\u00e1 sem mitt or\u00f0 hefir, hann tali mitt or\u00f0 me\u00f0 sannleika. Hva\u00f0 skal str\u00e1 hj\u00e1 korni? segir Drottinn.<a name=\"29\"><span class=\"versanumer\">29<\/span><\/a>Er ei mitt or\u00f0 sem eldur, segir Drottinn, og eins og hamar, sem sundurmolar klettana?<br \/><a name=\"30\"><span class=\"versanumer\">30<\/span><\/a>Sj\u00e1! \u00feess vegna skal eg finna sp\u00e1mennina, segir Drottinn: sem stela m\u00ednu or\u00f0i, einn eftir annan.<a name=\"31\"><span class=\"versanumer\">31<\/span><\/a>Sj\u00e1! eg skal finna sp\u00e1mennina, segir Drottinn, sem tala eigin tungu, og segja: hann <span class='VideyAth'>(Gu\u00f0)<\/span> segir.<a name=\"32\"><span class=\"versanumer\">32<\/span><\/a>Sj\u00e1! eg skal finna sp\u00e1mennina, sem sp\u00e1 lygadraumum, segir Drottinn, og segja fr\u00e1 \u00feeim, og afvegalei\u00f0a mitt f\u00f3lk me\u00f0 s\u00ednum lygum, og me\u00f0 s\u00ednu yfirl\u00e6ti, \u00fe\u00f3 eg ekki hafi sent \u00fe\u00e1, og ekki \u00feeim <span class='VideyAth'>(neitt)<\/span> skipa\u00f0, og \u00fe\u00f3 \u00feeir ekkert gagn gj\u00f6ri \u00feessu f\u00f3lki, segir Drottinn.<br \/><a name=\"33\"><span class=\"versanumer\">33<\/span><\/a>Og \u00feegar \u00feetta f\u00f3lk spyr \u00feig, e\u00f0a einhv\u00f6r sp\u00e1ma\u00f0urinn e\u00f0a einhv\u00f6r presturinn, svo segjandi: hv\u00f6r er s\u00fa Drottins illsp\u00e1? \u00fe\u00e1 seg \u00fe\u00fa \u00feeim, hv\u00f6r s\u00fa illsp\u00e1 er: eg vil y\u00f0ur \u00fatsk\u00fafa, segir Drottinn.<a name=\"34\"><span class=\"versanumer\">34<\/span><\/a>Og \u00feann sp\u00e1mann og prest, og \u00feann af f\u00f3lkinu sem segir: ill sp\u00e1 Drottins: \u00feann sama mann mun eg straffa og hans h\u00fas.<a name=\"35\"><span class=\"versanumer\">35<\/span><\/a>Svona skulu\u00f0 \u00fe\u00e9r segja hv\u00f6r vi\u00f0 annan, einn vinur <span class='VideyAth'>(br\u00f3\u00f0ir)<\/span> vi\u00f0 annan: hv\u00f6rju hefir Drottinn svara\u00f0, hva\u00f0 hefir Drottinn tala\u00f0\u201c?<a name=\"36\"><span class=\"versanumer\">36<\/span><\/a>En illsp\u00e1 Drottins skulu\u00f0 \u00fe\u00e9r ekki framar nefna, \u00fev\u00ed <span class='VideyAth'>(hv\u00f6rjum)<\/span> manni munu hans or\u00f0 \u00f3l\u00e1n ver\u00f0a, af \u00fev\u00ed \u00fe\u00e9r afbaki\u00f0 or\u00f0 \u00feess lifanda Gu\u00f0s, herskaranna Drottins, vors Gu\u00f0s.<a name=\"37\"><span class=\"versanumer\">37<\/span><\/a>Svona skaltu tala vi\u00f0 sp\u00e1mennina: hv\u00f6rju hefir Drottinn svara\u00f0 \u00fe\u00e9r, og hva\u00f0 hefir Drottinn tala\u00f0?<a name=\"38\"><span class=\"versanumer\">38<\/span><\/a>En ef \u00fe\u00e9r nefni\u00f0 illsp\u00e1 Drottins, \u00fe\u00e1 segir Drottinn svo: af \u00fev\u00ed a\u00f0 \u00fe\u00e9r tali\u00f0 \u00feetta or\u00f0: \u201eillsp\u00e1 Drottins\u201c, og eg sendi til y\u00f0ar og sag\u00f0i: \u00fe\u00e9r skulu\u00f0 ekki segja: \u201eillsp\u00e1 Drottins\u201c.<a name=\"39\"><span class=\"versanumer\">39<\/span><\/a>\u00de\u00e1 sj\u00e1! \u00feess vegna vil eg y\u00f0ur yfirgefa, og y\u00f0ur \u00fatsk\u00fafa og \u00feeim sta\u00f0, sem eg gaf y\u00f0ur og y\u00f0ar fe\u00f0rum, fr\u00e1 m\u00ednu augliti.<a name=\"40\"><span class=\"versanumer\">40<\/span><\/a>Og eg legg \u00e1 y\u00f0ur eil\u00edfa sm\u00e1n og eil\u00edfa sneypu, sem ekki skal gleymast.<\/p>\n<div class=\"footnoteVidey\">V. 4. A\u00f0r: vitja\u00f0 ver\u00f0a.  V. 6. R\u00e9ttl\u00e6ti, a\u00f0r: heill.<\/div>\n","protected":false},"excerpt":{"rendered":"<p>Jerem\u00edas talar um \u00feann r\u00e9tta hir\u00f0ir e\u00f0a k\u00f3ng, og leiguli\u00f0a, samt falssp\u00e1menn. 1Vei \u00feeim hir\u00f0urum sem afvega lei\u00f0a (t\u00fdna) og tv\u00edstra minni hj\u00f6r\u00f0! segir Drottinn.2\u00dev\u00ed segir Drottinn svo, \u00cdsraels Gu\u00f0, um hir\u00f0ara m\u00edns f\u00f3lks: \u00fe\u00e9r hafi\u00f0 tv\u00edstra\u00f0 minni hj\u00f6r\u00f0, og sundurt\u00e6tt og ekki eftir henni liti\u00f0: sj\u00e1! eg skal finna y\u00f0ur, fyrir vonsku y\u00f0ar ath\u00e6fis, segir Drottinn.3Og eg skal safna leifum minnar hjar\u00f0ar \u00far \u00f6llum l\u00f6ndum, sem eg hefi hraki\u00f0 \u00fe\u00e1 \u00ed, og eg skal lei\u00f0a \u00fe\u00e1 aftur \u00ed \u00feeirra haglendi, a\u00f0 \u00feeir t\u00edmgist og fj\u00f6lgi.4Og eg skal setja yfir \u00fe\u00e1 hir\u00f0ara, sem haldi \u00feeim til haga, og \u00feeir skulu <a href=\"https:\/\/biblian.is\/videy\/jeremia-23-kafli\/\"> [&#8230;]<\/a><\/p>\n","protected":false},"author":1,"featured_media":0,"parent":0,"menu_order":0,"comment_status":"open","ping_status":"open","template":"bibliukaflar.php","meta":{"footnotes":""},"class_list":["post-21617","page","type-page","status-publish","hentry"],"_links":{"self":[{"href":"https:\/\/biblian.is\/videy\/wp-json\/wp\/v2\/pages\/21617","targetHints":{"allow":["GET"]}}],"collection":[{"href":"https:\/\/biblian.is\/videy\/wp-json\/wp\/v2\/pages"}],"about":[{"href":"https:\/\/biblian.is\/videy\/wp-json\/wp\/v2\/types\/page"}],"author":[{"embeddable":true,"href":"https:\/\/biblian.is\/videy\/wp-json\/wp\/v2\/users\/1"}],"replies":[{"embeddable":true,"href":"https:\/\/biblian.is\/videy\/wp-json\/wp\/v2\/comments?post=21617"}],"version-history":[{"count":0,"href":"https:\/\/biblian.is\/videy\/wp-json\/wp\/v2\/pages\/21617\/revisions"}],"wp:attachment":[{"href":"https:\/\/biblian.is\/videy\/wp-json\/wp\/v2\/media?parent=21617"}],"curies":[{"name":"wp","href":"https:\/\/api.w.org\/{rel}","templated":true}]}}