{"id":21613,"date":"2018-01-02T01:03:01","date_gmt":"2018-01-02T01:03:01","guid":{"rendered":"http:\/\/biblian.is\/videy\/jeremia-19-kafli\/"},"modified":"2018-01-02T01:03:01","modified_gmt":"2018-01-02T01:03:01","slug":"jeremia-19-kafli","status":"publish","type":"page","link":"https:\/\/biblian.is\/videy\/jeremia-19-kafli\/","title":{"rendered":"Jerem\u00eda 19. kafli"},"content":{"rendered":"<div class=\"fyrirsognVidey\">Saml\u00edking tekin af brotnum br\u00fasa.<\/div>\n<p><a name=\"1\"><span class=\"versanumer\">1<\/span><\/a>Svo sag\u00f0i Drottinn: far og kaup br\u00fasa af leirpottasmi\u00f0num, og <span class='VideyAth'>(tak me\u00f0 \u00fe\u00e9r nokkra)<\/span> af \u00f6ldungum f\u00f3lksins og af enum elstu prestum;<a name=\"2\"><span class=\"versanumer\">2<\/span><\/a>og gakk \u00fat \u00ed dal Hinnomssona, sem liggur framundan leirsmi\u00f0shli\u00f0inu, og \u00fathr\u00f3pa \u00fear \u00feau or\u00f0 sem eg mun segja \u00fe\u00e9r,<a name=\"3\"><span class=\"versanumer\">3<\/span><\/a>og seg: heyri\u00f0 or\u00f0 Drottins, \u00fe\u00e9r J\u00fadak\u00f3ngar, og Jer\u00fasalems innb\u00faar! svo segir Drottinn herskaranna, \u00cdsraels Gu\u00f0: sj\u00e1! eg lei\u00f0i \u00fe\u00e1 \u00f3g\u00e6fu yfir \u00feenna sta\u00f0, a\u00f0 hv\u00f6rjum sem \u00fea\u00f0 heyrir skulu eyrun gjalla:<a name=\"4\"><span class=\"versanumer\">4<\/span><\/a>af \u00fev\u00ed a\u00f0 \u00feeir yfirg\u00e1fu mig, og gj\u00f6r\u00f0u \u00feennan sta\u00f0 \u00fatlendan, og f\u00e6r\u00f0u \u00e1 honum f\u00f3rnir \u00f6\u00f0rum gu\u00f0um, sem \u00feeir ekki \u00feekktu, hv\u00f6rki \u00feeir n\u00e9 fe\u00f0ur \u00feeirra, n\u00e9 heldur J\u00fadakonungar, og uppfylltu \u00feennan sta\u00f0 me\u00f0 saklausu bl\u00f3\u00f0i,<a name=\"5\"><span class=\"versanumer\">5<\/span><\/a>og bygg\u00f0u Baal h\u00e6\u00f0ir, til a\u00f0 brenna s\u00edn b\u00f6rn me\u00f0 eldi, sem brennif\u00f3rn handa Baal, sem eg hefi ekki bo\u00f0i\u00f0, n\u00e9 tala\u00f0, n\u00e9 m\u00e9r hefir til hugar komi\u00f0;<a name=\"6\"><span class=\"versanumer\">6<\/span><\/a>sj\u00e1! vegna \u00feessa koma dagar, segir Drottinn, \u00fe\u00e1 \u00feessi sta\u00f0ur mun ei framar heita T\u00f3fet, n\u00e9 Hinnomssonadalur, heldur Dr\u00e1psdalur;<a name=\"7\"><span class=\"versanumer\">7<\/span><\/a>og eg \u00f3n\u00fdti J\u00fada og Jer\u00fasalems r\u00e1\u00f0 \u00e1 \u00feessum sta\u00f0, og l\u00e6t \u00fe\u00e1 falla fyrir sver\u00f0i sinna \u00f3vina, og fyrir \u00feeirra hendi sem s\u00e6kjast eftir \u00feeirra l\u00edfi, og gef \u00feeirra l\u00edkami \u00e6ti fuglum himinsins og d\u00fdrum landsins.<a name=\"8\"><span class=\"versanumer\">8<\/span><\/a>Og eg gj\u00f6ri \u00feennan sta\u00f0 a\u00f0 vi\u00f0bj\u00f3\u00f0 og h\u00e1\u00f0ung; hv\u00f6r sem framhj\u00e1 gengur mun kenna vi\u00f0bj\u00f3\u00f0s, og h\u00e6\u00f0ast a\u00f0 \u00feeirra pl\u00e1gum.<a name=\"9\"><span class=\"versanumer\">9<\/span><\/a>Og eg l\u00e6t \u00fe\u00e1 eta kj\u00f6t sinna sona og sinna d\u00e6tra, og hv\u00f6r skal eta annan, \u00ed \u00ferengingu \u00feeirri og ney\u00f0, hvar me\u00f0 \u00feeirra \u00f3vinir, og \u00feeir, sem s\u00e6kjast eftir \u00feeirra l\u00edfi, a\u00f0 \u00feeim \u00fer\u00fdsta.<br \/><a name=\"10\"><span class=\"versanumer\">10<\/span><\/a>Og brj\u00f3ttu br\u00fasann fyrir augum \u00feeirra manna, sem me\u00f0 \u00fe\u00e9r gengu,<a name=\"11\"><span class=\"versanumer\">11<\/span><\/a>og seg vi\u00f0 \u00fe\u00e1: svo segir Drottinn herskaranna: eins mun eg \u00feetta f\u00f3lk sundurbrj\u00f3ta og \u00feennan sta\u00f0, sem menn brj\u00f3ta leir\u00edl\u00e1t, sem ekki ver\u00f0ur aftur gj\u00f6rt jafngott. Og \u00ed T\u00f3fet munu menn jar\u00f0a, \u00fev\u00ed ekkert pl\u00e1ss er til a\u00f0 jar\u00f0a \u00ed.<a name=\"12\"><span class=\"versanumer\">12<\/span><\/a>\u00deannig mun eg fara me\u00f0 \u00feennan sta\u00f0, segir Drottinn, og hans innb\u00faa, svo eg gj\u00f6ri \u00feennan sta\u00f0 jafnan T\u00f3fet.<a name=\"13\"><span class=\"versanumer\">13<\/span><\/a>Og Jer\u00fasalems h\u00fas, og J\u00fadak\u00f3nga h\u00fas, skulu ver\u00f0a \u00f3hrein, sem sta\u00f0urinn T\u00f3fet, \u00f6ll \u00feau h\u00fas \u00e1 hv\u00f6rra \u00fe\u00f6kum menn hafa gj\u00f6rt reyk \u00f6llum himinsins her og dreypif\u00f3rn offra\u00f0 \u00f6\u00f0rum gu\u00f0um.<br \/><a name=\"14\"><span class=\"versanumer\">14<\/span><\/a>Og Jerem\u00edas kom fr\u00e1 T\u00f3fet, hv\u00f6rt Drottinn haf\u00f0i sent hann, til a\u00f0 sp\u00e1, og gekk \u00ed forgar\u00f0 Gu\u00f0s h\u00fass, og sag\u00f0i vi\u00f0 allt f\u00f3lki\u00f0: Svo segir Drottinn herskaranna, \u00cdsraels Gu\u00f0: sj\u00e1! eg lei\u00f0i yfir \u00feennan sta\u00f0 og yfir alla hans sta\u00f0i, alla \u00fe\u00e1 \u00f3hamingju sem eg hefi \u00feeim vi\u00f0v\u00edkjandi tala\u00f0 um; \u00fev\u00ed \u00feeir eru har\u00f0sv\u00edra\u00f0ir, svo a\u00f0 \u00feeir hl\u00fd\u00f0nast ekki m\u00ednum or\u00f0um.<\/p>\n<div class=\"footnoteVidey\"><\/div>\n","protected":false},"excerpt":{"rendered":"<p>Saml\u00edking tekin af brotnum br\u00fasa. 1Svo sag\u00f0i Drottinn: far og kaup br\u00fasa af leirpottasmi\u00f0num, og (tak me\u00f0 \u00fe\u00e9r nokkra) af \u00f6ldungum f\u00f3lksins og af enum elstu prestum;2og gakk \u00fat \u00ed dal Hinnomssona, sem liggur framundan leirsmi\u00f0shli\u00f0inu, og \u00fathr\u00f3pa \u00fear \u00feau or\u00f0 sem eg mun segja \u00fe\u00e9r,3og seg: heyri\u00f0 or\u00f0 Drottins, \u00fe\u00e9r J\u00fadak\u00f3ngar, og Jer\u00fasalems innb\u00faar! svo segir Drottinn herskaranna, \u00cdsraels Gu\u00f0: sj\u00e1! eg lei\u00f0i \u00fe\u00e1 \u00f3g\u00e6fu yfir \u00feenna sta\u00f0, a\u00f0 hv\u00f6rjum sem \u00fea\u00f0 heyrir skulu eyrun gjalla:4af \u00fev\u00ed a\u00f0 \u00feeir yfirg\u00e1fu mig, og gj\u00f6r\u00f0u \u00feennan sta\u00f0 \u00fatlendan, og f\u00e6r\u00f0u \u00e1 honum f\u00f3rnir \u00f6\u00f0rum gu\u00f0um, sem \u00feeir ekki \u00feekktu, hv\u00f6rki \u00feeir <a href=\"https:\/\/biblian.is\/videy\/jeremia-19-kafli\/\"> [&#8230;]<\/a><\/p>\n","protected":false},"author":1,"featured_media":0,"parent":0,"menu_order":0,"comment_status":"open","ping_status":"open","template":"bibliukaflar.php","meta":{"footnotes":""},"class_list":["post-21613","page","type-page","status-publish","hentry"],"_links":{"self":[{"href":"https:\/\/biblian.is\/videy\/wp-json\/wp\/v2\/pages\/21613","targetHints":{"allow":["GET"]}}],"collection":[{"href":"https:\/\/biblian.is\/videy\/wp-json\/wp\/v2\/pages"}],"about":[{"href":"https:\/\/biblian.is\/videy\/wp-json\/wp\/v2\/types\/page"}],"author":[{"embeddable":true,"href":"https:\/\/biblian.is\/videy\/wp-json\/wp\/v2\/users\/1"}],"replies":[{"embeddable":true,"href":"https:\/\/biblian.is\/videy\/wp-json\/wp\/v2\/comments?post=21613"}],"version-history":[{"count":0,"href":"https:\/\/biblian.is\/videy\/wp-json\/wp\/v2\/pages\/21613\/revisions"}],"wp:attachment":[{"href":"https:\/\/biblian.is\/videy\/wp-json\/wp\/v2\/media?parent=21613"}],"curies":[{"name":"wp","href":"https:\/\/api.w.org\/{rel}","templated":true}]}}