{"id":21612,"date":"2018-01-02T01:03:01","date_gmt":"2018-01-02T01:03:01","guid":{"rendered":"http:\/\/biblian.is\/videy\/jeremia-18-kafli\/"},"modified":"2018-01-02T01:03:01","modified_gmt":"2018-01-02T01:03:01","slug":"jeremia-18-kafli","status":"publish","type":"page","link":"https:\/\/biblian.is\/videy\/jeremia-18-kafli\/","title":{"rendered":"Jerem\u00eda 18. kafli"},"content":{"rendered":"<div class=\"fyrirsognVidey\">Eftirl\u00edking tekin af pottasm\u00ed\u00f0 og potti.<\/div>\n<p><a name=\"1\"><span class=\"versanumer\">1<\/span><\/a><span class='VideyAth'>(\u00deetta er)<\/span> \u00fea\u00f0 or\u00f0, sem fr\u00e1 Drottni kom til Jerem\u00edas, \u00fe\u00e1 hann m\u00e6lti:<a name=\"2\"><span class=\"versanumer\">2<\/span><\/a>Tak \u00feig til og gakk \u00ed h\u00fas leirpottasmi\u00f0sins, og \u00fear mun eg kunngj\u00f6ra \u00fe\u00e9r m\u00edn or\u00f0.<a name=\"3\"><span class=\"versanumer\">3<\/span><\/a>Og eg gekk \u00ed h\u00fas leirpottasmi\u00f0sins, og sj\u00e1! hann vann a\u00f0 verki s\u00ednu \u00e1 hj\u00f3linu <span class='VideyAth'>(pl\u00f6tunni)<\/span>.<a name=\"4\"><span class=\"versanumer\">4<\/span><\/a>Og \u00edl\u00e1ti\u00f0 mist\u00f3kst sem hann tilbj\u00f3 \u00far leirnum, \u00fe\u00e1 gj\u00f6r\u00f0i hann aftur \u00far \u00fev\u00ed anna\u00f0 \u00edl\u00e1t, eins og leirpottasmi\u00f0num leist a\u00f0 gj\u00f6ra.<br \/><a name=\"5\"><span class=\"versanumer\">5<\/span><\/a>\u00de\u00e1 kom or\u00f0 Drottins til m\u00edn og sag\u00f0i:<a name=\"6\"><span class=\"versanumer\">6<\/span><\/a>Mundi eg ei geta, \u00cdsraels h\u00fas, fari\u00f0 eins og \u00feessi pottasmi\u00f0ur me\u00f0 y\u00f0ur, segir Drottinn: Sj\u00e1! eins og leir \u00ed hendi leirpottasmi\u00f0sins, svo eru\u00f0 \u00fe\u00e9r \u00ed minni hendi, \u00cdsraels h\u00fas!<a name=\"7\"><span class=\"versanumer\">7<\/span><\/a>Eitt sinn tala eg um \u00fej\u00f3\u00f0 og um k\u00f3ngsr\u00edki, er eg \u00e6tla m\u00e9r a\u00f0 uppr\u00e6ta og sundurmola og ey\u00f0a.<a name=\"8\"><span class=\"versanumer\">8<\/span><\/a>En sn\u00fai \u00fea\u00f0 hi\u00f0 sama f\u00f3lk s\u00e9r fr\u00e1 sinni vonsku, um hv\u00f6rt eg hefi tala\u00f0, svo i\u00f0rast eg \u00feess illa, sem eg hefi \u00e6tla\u00f0 \u00fev\u00ed a\u00f0 gj\u00f6ra.<a name=\"9\"><span class=\"versanumer\">9<\/span><\/a>Og \u00ed anna\u00f0 sinn tala eg um f\u00f3lk og k\u00f3ngsr\u00edki sem eg \u00e6tla m\u00e9r a\u00f0 uppbyggja og gr\u00f3\u00f0ursetja.<a name=\"10\"><span class=\"versanumer\">10<\/span><\/a>En ef \u00fea\u00f0 gj\u00f6rir, \u00fea\u00f0 sem illt er fyrir m\u00ednum augum, svo \u00fea\u00f0 hl\u00fd\u00f0ir ekki minni raust, \u00fe\u00e1 i\u00f0rast eg \u00feess g\u00f3\u00f0a, sem eg hug\u00f0i \u00fev\u00ed a\u00f0 gj\u00f6ra.<br \/><a name=\"11\"><span class=\"versanumer\">11<\/span><\/a>Og seg \u00fe\u00e1 n\u00fa J\u00fadam\u00f6nnum og Jer\u00fasalems innb\u00faum \u00feetta: svo segir Drottinn: sj\u00e1! eg tilrei\u00f0i y\u00f0ur \u00f3g\u00e6fu, og hugsa upp r\u00e1\u00f0agj\u00f6r\u00f0 y\u00f0ur \u00e1 m\u00f3ti: sn\u00fai\u00f0 \u00fe\u00f3 vi\u00f0, s\u00e9rhv\u00f6r y\u00f0ar, fr\u00e1 s\u00ednum vondu vegum, og lei\u00f0r\u00e9tti\u00f0 y\u00f0ar vegu og y\u00f0ar verk!<a name=\"12\"><span class=\"versanumer\">12<\/span><\/a>En \u00feeir segja: \u00fea\u00f0 er fr\u00e1! \u00fev\u00ed v\u00e9r viljum fara eftir vorri hugsan, og hv\u00f6r og einn breyta eftir \u00fever\u00fa\u00f0 s\u00edns vonda hjarta.<br \/><a name=\"13\"><span class=\"versanumer\">13<\/span><\/a>\u00dev\u00ed segir Drottinn svo: spyrji\u00f0 me\u00f0al \u00fej\u00f3\u00f0anna, hv\u00f6rt sl\u00edkt hafi heyrt! \u00d3ttalegt hefir \u00cdsraelsmey <span class='VideyAth'>(\u00cdsraels\u00fej\u00f3\u00f0)<\/span> a\u00f0hafst!<a name=\"14\"><span class=\"versanumer\">14<\/span><\/a>Fer snj\u00f3rinn fr\u00e1 L\u00edbanon \u00far klettum minna afr\u00e9tta? s\u00edgur <span class='VideyAth'>(\u00ed j\u00f6r\u00f0ina)<\/span> \u00fea\u00f0 a\u00f0komna, rennandi, buldrandi vatn?<a name=\"15\"><span class=\"versanumer\">15<\/span><\/a>En mitt <span class='VideyAth'>a)<\/span> f\u00f3lk gleymir m\u00e9r, gj\u00f6rir reyk fyrir engu, <span class='VideyAth'>(hj\u00e1gu\u00f0unum)<\/span>; og \u00feeir hafa reki\u00f0 sig \u00e1, \u00e1 s\u00ednum vegum, \u00e1 \u00feeim fornu g\u00f6tum, svo a\u00f0 \u00feeir ganga \u00e1 \u00f3l\u00f6g\u00f0um vegum,<a name=\"16\"><span class=\"versanumer\">16<\/span><\/a>a\u00f0 \u00feeir gj\u00f6ra landi\u00f0 a\u00f0 vi\u00f0bj\u00f3\u00f0, a\u00f0 eil\u00edfri sk\u00f6mm, svo a\u00f0 hv\u00f6rjum ofb\u00fd\u00f0ur sem framhj\u00e1 fer, og hann hristir h\u00f6fu\u00f0i\u00f0.<a name=\"17\"><span class=\"versanumer\">17<\/span><\/a>Sem austanvindur mun eg tv\u00edstra \u00feeim fyrir \u00f3vinunum; me\u00f0 bakinu og ekki me\u00f0 andlitinu mun eg til \u00feeirra l\u00edta \u00e1 \u00feeirra \u00f3fara degi.<a name=\"18\"><span class=\"versanumer\">18<\/span><\/a>En \u00feeir segja: komi\u00f0, og t\u00f6kum saman vor r\u00e1\u00f0 m\u00f3ti Jerem\u00edas, \u00fev\u00ed prestunum skj\u00e1tlar ekki \u00ed l\u00f6gm\u00e1linu, og \u00feeim v\u00edsu bregst ekki r\u00e1\u00f0deildin, n\u00e9 sp\u00e1m\u00f6nnunum Gu\u00f0s or\u00f0. Komi\u00f0, l\u00e1tum oss s\u00e1lga honum me\u00f0 tungunni og engan gaum gefa a\u00f0 hans tali!<br \/><a name=\"19\"><span class=\"versanumer\">19<\/span><\/a>\u201eGef \u00fe\u00fa, Drottinn! g\u00e6tur a\u00f0 m\u00e9r, og hlusta \u00e1 raust minna m\u00f3tst\u00f6\u00f0umanna!<a name=\"20\"><span class=\"versanumer\">20<\/span><\/a>\u00c1 \u00fe\u00e1 a\u00f0 launa gott me\u00f0 illu, a\u00f0 \u00feeir grafa gr\u00f6f m\u00ednu l\u00edfi? minnstu \u00feess hvernig eg hefi sta\u00f0i\u00f0 frammi fyrir \u00fe\u00e9r, til a\u00f0 tala \u00feeirra hi\u00f0 besta, til a\u00f0 sn\u00faa fr\u00e1 \u00feeim \u00feinni grimmd!<a name=\"21\"><span class=\"versanumer\">21<\/span><\/a>Framsel \u00fev\u00ed \u00feeirra syni hungrinu og afhend \u00fe\u00e1 sver\u00f0inu, a\u00f0 \u00feeirra konur ver\u00f0i barnlausar og ekkjur, og \u00feeirra menn farist af dreps\u00f3tt, \u00feeirra \u00e6skumenn falli fyrir sver\u00f0i \u00ed str\u00ed\u00f0inu!<a name=\"22\"><span class=\"versanumer\">22<\/span><\/a>Harmakvein heyrist \u00far \u00feeirra h\u00fasum, \u00feegar \u00fe\u00fa lei\u00f0ir skyndilega herflokka yfir \u00fe\u00e1; \u00fev\u00ed \u00feeir hafa grafi\u00f0 gr\u00f6f, til a\u00f0 vei\u00f0a mig \u00ed, og lagt sn\u00f6ru fyrir m\u00edna f\u00e6tur.<a name=\"23\"><span class=\"versanumer\">23<\/span><\/a>J\u00e1, \u00fe\u00fa Drottinn veist allar \u00feeirra r\u00e1\u00f0agj\u00f6r\u00f0ir m\u00f3ti m\u00e9r og fj\u00f6rr\u00e1\u00f0; fel ekki \u00feeirra sekt, og \u00feeirra synd slokkni ekki frammi fyrir \u00fe\u00e9r; l\u00e1ttu \u00fe\u00e1 ni\u00f0ursteypast fyrir \u00fe\u00ednu augliti; breyttu <span class='VideyAth'>(\u00feannig)<\/span> vi\u00f0 \u00fe\u00e1 \u00e1 degi \u00feinnar rei\u00f0i.<\/p>\n<div class=\"footnoteVidey\">V. 15. a. \u00dea\u00f0 hefir \u00fe\u00e1 minni sta\u00f0festu enn snj\u00f3r og vatn.<\/div>\n","protected":false},"excerpt":{"rendered":"<p>Eftirl\u00edking tekin af pottasm\u00ed\u00f0 og potti. 1(\u00deetta er) \u00fea\u00f0 or\u00f0, sem fr\u00e1 Drottni kom til Jerem\u00edas, \u00fe\u00e1 hann m\u00e6lti:2Tak \u00feig til og gakk \u00ed h\u00fas leirpottasmi\u00f0sins, og \u00fear mun eg kunngj\u00f6ra \u00fe\u00e9r m\u00edn or\u00f0.3Og eg gekk \u00ed h\u00fas leirpottasmi\u00f0sins, og sj\u00e1! hann vann a\u00f0 verki s\u00ednu \u00e1 hj\u00f3linu (pl\u00f6tunni).4Og \u00edl\u00e1ti\u00f0 mist\u00f3kst sem hann tilbj\u00f3 \u00far leirnum, \u00fe\u00e1 gj\u00f6r\u00f0i hann aftur \u00far \u00fev\u00ed anna\u00f0 \u00edl\u00e1t, eins og leirpottasmi\u00f0num leist a\u00f0 gj\u00f6ra.5\u00de\u00e1 kom or\u00f0 Drottins til m\u00edn og sag\u00f0i:6Mundi eg ei geta, \u00cdsraels h\u00fas, fari\u00f0 eins og \u00feessi pottasmi\u00f0ur me\u00f0 y\u00f0ur, segir Drottinn: Sj\u00e1! eins og leir \u00ed hendi leirpottasmi\u00f0sins, svo eru\u00f0 <a href=\"https:\/\/biblian.is\/videy\/jeremia-18-kafli\/\"> [&#8230;]<\/a><\/p>\n","protected":false},"author":1,"featured_media":0,"parent":0,"menu_order":0,"comment_status":"open","ping_status":"open","template":"bibliukaflar.php","meta":{"footnotes":""},"class_list":["post-21612","page","type-page","status-publish","hentry"],"_links":{"self":[{"href":"https:\/\/biblian.is\/videy\/wp-json\/wp\/v2\/pages\/21612","targetHints":{"allow":["GET"]}}],"collection":[{"href":"https:\/\/biblian.is\/videy\/wp-json\/wp\/v2\/pages"}],"about":[{"href":"https:\/\/biblian.is\/videy\/wp-json\/wp\/v2\/types\/page"}],"author":[{"embeddable":true,"href":"https:\/\/biblian.is\/videy\/wp-json\/wp\/v2\/users\/1"}],"replies":[{"embeddable":true,"href":"https:\/\/biblian.is\/videy\/wp-json\/wp\/v2\/comments?post=21612"}],"version-history":[{"count":0,"href":"https:\/\/biblian.is\/videy\/wp-json\/wp\/v2\/pages\/21612\/revisions"}],"wp:attachment":[{"href":"https:\/\/biblian.is\/videy\/wp-json\/wp\/v2\/media?parent=21612"}],"curies":[{"name":"wp","href":"https:\/\/api.w.org\/{rel}","templated":true}]}}