{"id":21611,"date":"2018-01-02T01:03:01","date_gmt":"2018-01-02T01:03:01","guid":{"rendered":"http:\/\/biblian.is\/videy\/jeremia-17-kafli\/"},"modified":"2018-01-02T01:03:01","modified_gmt":"2018-01-02T01:03:01","slug":"jeremia-17-kafli","status":"publish","type":"page","link":"https:\/\/biblian.is\/videy\/jeremia-17-kafli\/","title":{"rendered":"Jerem\u00eda 17. kafli"},"content":{"rendered":"<div class=\"fyrirsognVidey\">Sama efni, og um hv\u00edldardagsins vanhelgun.<\/div>\n<p><a name=\"1\"><span class=\"versanumer\">1<\/span><\/a>J\u00fada synd er skrifu\u00f0 me\u00f0 j\u00e1rnst\u00edl og yddum demanti; inngrafin \u00e1 spj\u00f6ld \u00feeirra hjartna, og \u00e1 \u00feeirra altarishorn.<a name=\"2\"><span class=\"versanumer\">2<\/span><\/a>Svo a\u00f0 synirnir muni til \u00feeirra altara, og lundanna hj\u00e1 \u00feeim gr\u00e6nu trj\u00e1m, og \u00e1 \u00feeim h\u00e1u h\u00e6\u00f0um.<a name=\"3\"><span class=\"versanumer\">3<\/span><\/a>\u00d3, mitt fjall \u00e1 vellinum! \u00feitt g\u00f3ss og alla fj\u00e1rsj\u00f3\u00f0u \u00fe\u00edna, gef eg til herfangs, \u00fe\u00ednar h\u00e6\u00f0ir, s\u00f6kum syndanna innan allra \u00feinna landamerkja.<a name=\"4\"><span class=\"versanumer\">4<\/span><\/a>Og \u00fe\u00fa ver\u00f0ur a\u00f0 missa \u00fe\u00edna eign, sem eg hefi gefi\u00f0 \u00fe\u00e9r, og \u00fea\u00f0 fyrir \u00fe\u00edna eigin sekt; og eg l\u00e6t \u00feig \u00fej\u00f3na \u00fe\u00ednum \u00f3vin \u00ed \u00fev\u00ed landi sem \u00fe\u00fa ekki \u00feekkir; \u00fev\u00ed eld hafi\u00f0 \u00fe\u00e9r tendra\u00f0 \u00ed minni rei\u00f0i, hann b\u00e1last eil\u00edflega. <br \/><a name=\"5\"><span class=\"versanumer\">5<\/span><\/a>Svo segir Drottinn: b\u00f6lva\u00f0ur s\u00e9 s\u00e1 ma\u00f0ur sem treystir m\u00f6nnum, og gj\u00f6rir holdi\u00f0 <span class='VideyAth'>(dau\u00f0lega)<\/span> a\u00f0 sinni sto\u00f0, og s\u00e1 hv\u00f6rs hjarta v\u00edkur fr\u00e1 Drottni!<a name=\"6\"><span class=\"versanumer\">6<\/span><\/a>Hann er sem s\u00e1 nakti \u00ed \u00f3bygg\u00f0inni, og s\u00e9r ekki, a\u00f0 \u00fea\u00f0 g\u00f3\u00f0a kemur; hann b\u00fdr, \u00e1 \u00feurrklendi \u00ed ey\u00f0im\u00f6rkinni, \u00e1 saltlendi, \u00f3bygg\u00f0u.<a name=\"7\"><span class=\"versanumer\">7<\/span><\/a>Blessa\u00f0ur s\u00e9 s\u00e1 ma\u00f0ur sem treystir Drottni, og s\u00e1 hv\u00f6rs athvarf Drottinn er!<a name=\"8\"><span class=\"versanumer\">8<\/span><\/a>Hann er sem tr\u00e9, gr\u00f3\u00f0ursett vi\u00f0 vatn: \u00fat a\u00f0 vatnsrennslinu \u00feenur \u00fea\u00f0 <span class='VideyAth'>(hann)<\/span> s\u00ednar r\u00e6tur, og hr\u00e6\u00f0ist ekki \u00fe\u00f3tt hitinn komi, og \u00feess <span class='VideyAth'>(hans)<\/span>, bl\u00f6\u00f0 eru gr\u00e6n, og \u00e1 \u00feurrk\u00e1runum skelkast \u00fea\u00f0 <span class='VideyAth'>(hann)<\/span> ekki, og l\u00e6tur ei af a\u00f0 bera \u00e1v\u00f6xt.<br \/><a name=\"9\"><span class=\"versanumer\">9<\/span><\/a>Svikult er hjarta\u00f0, fremur \u00f6llu <span class='VideyAth'>(\u00f6\u00f0ru)<\/span> og spillt er \u00fea\u00f0: Hv\u00f6r getur \u00fea\u00f0 \u00feekkt?<a name=\"10\"><span class=\"versanumer\">10<\/span><\/a>Eg Drottinn, rannsaka hjarta\u00f0, pr\u00f3fa n\u00fdrun, og einmitt til a\u00f0 gefa hv\u00f6rjum einum eftir hans breytni, eftir \u00e1v\u00f6xtum hans verka.<br \/><a name=\"11\"><span class=\"versanumer\">11<\/span><\/a>Hv\u00f6r sem aflar au\u00f0s og \u00fea\u00f0 rangfengins, er eins og akurh\u00e6na <span class='VideyAth'>(rj\u00fapa)<\/span> sem liggur \u00e1 eggjum er h\u00fan ekki lag\u00f0i <span class='VideyAth'>(f\u00e6ddi)<\/span>; mitt \u00e1 \u00e6vi sinni hl\u00fdtur hann a\u00f0 yfirgefa au\u00f0inn, og \u00e1 endanum er hann d\u00e1ri.<br \/><a name=\"12\"><span class=\"versanumer\">12<\/span><\/a>H\u00e1s\u00e6ti d\u00fdr\u00f0arinnar, h\u00e1tignarinnar fr\u00e1 upphafi, er sta\u00f0ur vors helgid\u00f3ms.<a name=\"13\"><span class=\"versanumer\">13<\/span><\/a>\u00cdsraels von er Drottinn; allir sem \u00feig yfirgefa, ver\u00f0a til skammar. \u00deeir sem mig yfirgefa, \u00feeir sem fr\u00e1 m\u00e9r v\u00edkja, <span class='VideyAth'>(segir Drottinn)<\/span>, \u00feeirra n\u00f6fn ver\u00f0a \u00ed dufti\u00f0 skrifu\u00f0; \u00fev\u00ed yfirgefi\u00f0 hafa \u00feeir lind ens lifanda vatns, Drottin.<a name=\"14\"><span class=\"versanumer\">14<\/span><\/a>\u201eL\u00e6kna mig, Drottinn! a\u00f0 eg ver\u00f0i heill; hj\u00e1lpa m\u00e9r, \u00fe\u00e1 er m\u00e9r h\u00f3lpi\u00f0, \u00fev\u00ed \u00fe\u00fa ert minn lofst\u00edr.<a name=\"15\"><span class=\"versanumer\">15<\/span><\/a>Sj\u00e1! \u00feeir segja vi\u00f0 mig: Hvar er Drottins or\u00f0! komi \u00fea\u00f0 \u00fe\u00e1!<a name=\"16\"><span class=\"versanumer\">16<\/span><\/a>Eg hefi ekki skoti\u00f0 m\u00e9r undan a\u00f0 vera hir\u00f0ir eftir \u00fe\u00e9r, og \u00f3g\u00e6funnar dags hefi eg ekki \u00f3ska\u00f0, \u00fea\u00f0 veist \u00fe\u00fa; \u00fea\u00f0 sem framgengi\u00f0 hefir af m\u00ednum v\u00f6rum, er opinbert fyrir \u00fe\u00ednu augliti.<a name=\"17\"><span class=\"versanumer\">17<\/span><\/a>Vertu m\u00e9r ekki skelfing, \u00fe\u00fa mitt athvarf, \u00e1 \u00f3g\u00e6funnar degi!<a name=\"18\"><span class=\"versanumer\">18<\/span><\/a>L\u00e1t m\u00edna ofs\u00f3knarmenn ver\u00f0a til skammar, en l\u00e1ttu mig ekki ver\u00f0a til skammar, l\u00e1ttu \u00fe\u00e1 ver\u00f0a skelka\u00f0a, en mig ekki! lei\u00f0 yfir \u00fe\u00e1 slysa daga og tort\u00edn \u00feeim tv\u00f6faldlega.<br \/><a name=\"19\"><span class=\"versanumer\">19<\/span><\/a>Svo sag\u00f0i Drottinn vi\u00f0 mig: far og gakk \u00ed borgarhli\u00f0 f\u00f3lksins sona, um hv\u00f6rt J\u00fadakonungar innganga og hvar um \u00feeir \u00fat ganga, og \u00ed \u00f6ll Jer\u00fasalemshli\u00f0,<a name=\"20\"><span class=\"versanumer\">20<\/span><\/a>og seg til \u00feeirra: heyri\u00f0 or\u00f0 Drottins, \u00fe\u00e9r J\u00fadak\u00f3ngar, og allur J\u00fada<span class='VideyAth'>(l\u00fd\u00f0ur)<\/span> og allir Jer\u00fasalems innb\u00faar, sem um hli\u00f0i\u00f0 gangi\u00f0!<a name=\"21\"><span class=\"versanumer\">21<\/span><\/a>Svo segir Drottinn: g\u00e6ti\u00f0 y\u00f0ar s\u00f6kum y\u00f0ar l\u00edfs, og beri\u00f0 engar byr\u00f0ar \u00e1 hv\u00edldardegi og komi\u00f0 ekki me\u00f0 \u00fe\u00e6r \u00ed Jer\u00fasalems hli\u00f0.<a name=\"22\"><span class=\"versanumer\">22<\/span><\/a>Og beri\u00f0 engar byr\u00f0ar \u00far y\u00f0ar h\u00fasum \u00e1 hv\u00edldardegi, og vinni\u00f0 enga vinnu; heldur helgi\u00f0 hv\u00edldardaginn eins og eg hefi bo\u00f0i\u00f0 y\u00f0ar fe\u00f0rum.<a name=\"23\"><span class=\"versanumer\">23<\/span><\/a>En \u00feeir hl\u00fdddu ekki og l\u00f6g\u00f0u ekki vi\u00f0 eyrun, og t\u00f3ku ekki umv\u00f6ndun.<a name=\"24\"><span class=\"versanumer\">24<\/span><\/a>En ef \u00fe\u00e9r hl\u00fd\u00f0i\u00f0, segir Drottinn, svo a\u00f0 \u00fe\u00e9r beri\u00f0 enga byr\u00f0i \u00ed Jer\u00fasalemshli\u00f0 \u00e1 hv\u00edldardegi, og helgi\u00f0 hv\u00edldardaginn, svo a\u00f0 \u00fe\u00e9r vinni\u00f0 enga vinnu \u00e1 honum.<a name=\"25\"><span class=\"versanumer\">25<\/span><\/a>\u00de\u00e1 skulu um \u00feetta hli\u00f0 innganga k\u00f3ngar og fyrirli\u00f0ar, sem sitja \u00ed Dav\u00ed\u00f0s h\u00e1s\u00e6ti, \u00e1 v\u00f6gnum og hestum, \u00feeir og \u00feeirra fyrirli\u00f0ar, J\u00fadamenn, og Jer\u00fasalems innb\u00faar; og \u00feessi sta\u00f0ur skal eil\u00edflega bygg\u00f0ur vera.<a name=\"26\"><span class=\"versanumer\">26<\/span><\/a>Og fr\u00e1 landinu \u00ed kringum Jer\u00fasalem munu koma, og \u00far Benjam\u00ednslandi og af l\u00e1glendinu og fr\u00e1 fj\u00f6llunum og sunnan a\u00f0, \u00feeir sem koma me\u00f0 brennif\u00f3rn og sl\u00e1turf\u00f3rn og matoffur og reykelsi og \u00feakkarf\u00f3rn \u00ed Drottins h\u00fas.<a name=\"27\"><span class=\"versanumer\">27<\/span><\/a>En ef \u00fe\u00e9r gegni\u00f0 m\u00e9r ekki, a\u00f0 helga hv\u00edldardaginn og enga byr\u00f0i a\u00f0 bera \u00ed gegnum Jer\u00fasalems hli\u00f0 \u00e1 hv\u00edldardegi: svo mun eg eld kveikja \u00ed hli\u00f0i sta\u00f0arins, sem ey\u00f0ileggi Jer\u00fasalems hallir, og slokkni ekki.<\/p>\n<div class=\"footnoteVidey\">V. 2. A\u00f0r: \u00feeir muna til altaranna og lundanna, sem til sona sinna.<\/div>\n","protected":false},"excerpt":{"rendered":"<p>Sama efni, og um hv\u00edldardagsins vanhelgun. 1J\u00fada synd er skrifu\u00f0 me\u00f0 j\u00e1rnst\u00edl og yddum demanti; inngrafin \u00e1 spj\u00f6ld \u00feeirra hjartna, og \u00e1 \u00feeirra altarishorn.2Svo a\u00f0 synirnir muni til \u00feeirra altara, og lundanna hj\u00e1 \u00feeim gr\u00e6nu trj\u00e1m, og \u00e1 \u00feeim h\u00e1u h\u00e6\u00f0um.3\u00d3, mitt fjall \u00e1 vellinum! \u00feitt g\u00f3ss og alla fj\u00e1rsj\u00f3\u00f0u \u00fe\u00edna, gef eg til herfangs, \u00fe\u00ednar h\u00e6\u00f0ir, s\u00f6kum syndanna innan allra \u00feinna landamerkja.4Og \u00fe\u00fa ver\u00f0ur a\u00f0 missa \u00fe\u00edna eign, sem eg hefi gefi\u00f0 \u00fe\u00e9r, og \u00fea\u00f0 fyrir \u00fe\u00edna eigin sekt; og eg l\u00e6t \u00feig \u00fej\u00f3na \u00fe\u00ednum \u00f3vin \u00ed \u00fev\u00ed landi sem \u00fe\u00fa ekki \u00feekkir; \u00fev\u00ed eld hafi\u00f0 \u00fe\u00e9r tendra\u00f0 \u00ed <a href=\"https:\/\/biblian.is\/videy\/jeremia-17-kafli\/\"> [&#8230;]<\/a><\/p>\n","protected":false},"author":1,"featured_media":0,"parent":0,"menu_order":0,"comment_status":"open","ping_status":"open","template":"bibliukaflar.php","meta":{"footnotes":""},"class_list":["post-21611","page","type-page","status-publish","hentry"],"_links":{"self":[{"href":"https:\/\/biblian.is\/videy\/wp-json\/wp\/v2\/pages\/21611","targetHints":{"allow":["GET"]}}],"collection":[{"href":"https:\/\/biblian.is\/videy\/wp-json\/wp\/v2\/pages"}],"about":[{"href":"https:\/\/biblian.is\/videy\/wp-json\/wp\/v2\/types\/page"}],"author":[{"embeddable":true,"href":"https:\/\/biblian.is\/videy\/wp-json\/wp\/v2\/users\/1"}],"replies":[{"embeddable":true,"href":"https:\/\/biblian.is\/videy\/wp-json\/wp\/v2\/comments?post=21611"}],"version-history":[{"count":0,"href":"https:\/\/biblian.is\/videy\/wp-json\/wp\/v2\/pages\/21611\/revisions"}],"wp:attachment":[{"href":"https:\/\/biblian.is\/videy\/wp-json\/wp\/v2\/media?parent=21611"}],"curies":[{"name":"wp","href":"https:\/\/api.w.org\/{rel}","templated":true}]}}