{"id":21610,"date":"2018-01-02T01:03:01","date_gmt":"2018-01-02T01:03:01","guid":{"rendered":"http:\/\/biblian.is\/videy\/jeremia-16-kafli\/"},"modified":"2018-01-02T01:03:01","modified_gmt":"2018-01-02T01:03:01","slug":"jeremia-16-kafli","status":"publish","type":"page","link":"https:\/\/biblian.is\/videy\/jeremia-16-kafli\/","title":{"rendered":"Jerem\u00eda 16. kafli"},"content":{"rendered":"<div class=\"fyrirsognVidey\">H\u00f3tanir og fyrirheit.<\/div>\n<p><a name=\"1\"><span class=\"versanumer\">1<\/span><\/a>Og Drottins or\u00f0 kom til m\u00edn, og sag\u00f0i:<a name=\"2\"><span class=\"versanumer\">2<\/span><\/a>\u00fe\u00fa skalt \u00fe\u00e9r enga konu taka, og enga sonu n\u00e9 d\u00e6tur hafa \u00e1 \u00feessum sta\u00f0.<a name=\"3\"><span class=\"versanumer\">3<\/span><\/a>\u00dev\u00ed svo segir Drottinn um \u00fe\u00e1 syni og d\u00e6tur sem f\u00e6\u00f0ast \u00e1 \u00feessum sta\u00f0, og um \u00feeirra m\u00e6\u00f0ur sem f\u00e6\u00f0a b\u00f6rn, og um fe\u00f0urna, sem afla \u00feeirra, \u00ed \u00feessu landi:<a name=\"4\"><span class=\"versanumer\">4<\/span><\/a>af banv\u00e6num sj\u00fakd\u00f3mi skulu \u00feeir deyja; ekki harma\u00f0ir, ekki grafnir, skulu \u00feeir ver\u00f0a a\u00f0 \u00e1bur\u00f0i landsins, fyrir sver\u00f0i og hungri skulu \u00feeir farast, og \u00feeirra l\u00edkamir skulu ver\u00f0a a\u00f0 \u00e6ti, himinsins fuglum, og merkurinnar d\u00fdrum.<a name=\"5\"><span class=\"versanumer\">5<\/span><\/a>\u00dev\u00ed svo segir Drottinn: \u00fe\u00fa skalt ekki ganga \u00ed sorgarh\u00fasi\u00f0, og far hv\u00f6rgi til a\u00f0 kveina, og kenndu ei \u00ed brj\u00f3sti um \u00fe\u00e1, \u00fev\u00ed eg hefi teki\u00f0 minn fri\u00f0 <span class='VideyAth'>(fars\u00e6ld)<\/span> fr\u00e1 \u00feessu f\u00f3lki, n\u00e1\u00f0 og miskunn, segir Drottinn.<a name=\"6\"><span class=\"versanumer\">6<\/span><\/a>Og st\u00f3rir og sm\u00e1ir munu deyja \u00ed \u00feessu landi, \u00feeir ver\u00f0a ei jar\u00f0a\u00f0ir, ekki harma\u00f0ir, sakir \u00feeirra rispa menn sig hv\u00f6rki n\u00e9 h\u00e1rreyta;<a name=\"7\"><span class=\"versanumer\">7<\/span><\/a>og ekki f\u00e6ra menn \u00feeim <span class='VideyAth'>(mat)<\/span> sem eru \u00ed sorg, og ekki gefa menn \u00feeim huggunarbikar eftir f\u00f6\u00f0ur og m\u00f3\u00f0ur<span class='VideyAth'>(l\u00e1t)<\/span>.<a name=\"8\"><span class=\"versanumer\">8<\/span><\/a>En gakk ei heldur \u00ed veisluh\u00fasi\u00f0, til a\u00f0 sitja hj\u00e1 \u00feeim, til a\u00f0 eta og drekka.<br \/><a name=\"9\"><span class=\"versanumer\">9<\/span><\/a>\u00dev\u00ed svo segir Drottinn herskaranna, \u00cdsraels Gu\u00f0: sj\u00e1! eg gj\u00f6ri endir \u00e1 \u00feessum sta\u00f0, og \u00e1 me\u00f0an \u00fe\u00e9r lifi\u00f0, \u00e1 gle\u00f0innar raust og gla\u00f0v\u00e6r\u00f0ar raust, og \u00e1 br\u00fa\u00f0gumans raust og br\u00fa\u00f0urinnar raust.<a name=\"10\"><span class=\"versanumer\">10<\/span><\/a>Og \u00feegar \u00fe\u00fa kunngj\u00f6rir sl\u00edkt \u00feessu f\u00f3lki, og \u00feeir segja vi\u00f0 \u00feig: hv\u00ed talar Drottinn alla \u00feessa miklu \u00f3g\u00e6fu m\u00f3ti oss, og hv\u00f6r er vor misgj\u00f6r\u00f0, og hv\u00f6r vor synd, sem v\u00e9r h\u00f6fum syndga\u00f0 m\u00f3ti Drottni vorum Gu\u00f0i?<a name=\"11\"><span class=\"versanumer\">11<\/span><\/a>\u00de\u00e1 seg til \u00feeirra: vegna \u00feess a\u00f0 y\u00f0ar fe\u00f0ur yfirg\u00e1fu mig, segir Drottinn, og eltu a\u00f0ra gu\u00f0i, og \u00fej\u00f3nu\u00f0u \u00feeim, og tilb\u00e1\u00f0u \u00fe\u00e1, og yfirg\u00e1fu mig, og hl\u00fdddu ekki m\u00ednu l\u00f6gm\u00e1li;<a name=\"12\"><span class=\"versanumer\">12<\/span><\/a>og \u00fe\u00e9r breyti\u00f0 enn verr en y\u00f0ar fe\u00f0ur, og sj\u00e1! hv\u00f6r og einn y\u00f0ar lifir eftir \u00fever\u00fa\u00f0 s\u00edns vonda hjarta, og \u00fe\u00e9r heyri\u00f0 m\u00e9r ekki.<a name=\"13\"><span class=\"versanumer\">13<\/span><\/a>Svo kasta eg y\u00f0ur burt \u00far landinu, inn \u00ed land sem \u00fe\u00e9r ekki \u00feekki\u00f0, hv\u00f6rki \u00fe\u00e9r n\u00e9 y\u00f0ar fe\u00f0ur, og \u00fear geti\u00f0 \u00fe\u00e9r \u00fej\u00f3na\u00f0 \u00f6\u00f0rum gu\u00f0um dag og n\u00f3tt, \u00fear e\u00f0 eg enga miskunn vil y\u00f0ur veita.<br \/><a name=\"14\"><span class=\"versanumer\">14<\/span><\/a>Sj\u00e1! \u00fear fyrir, dagar koma, segir Drottinn, \u00fe\u00e1 ma\u00f0ur mun ekki framar segja \u201esvo sannarlega sem Drottinn lifir, sem flutti \u00cdsraelssyni \u00far Egyptalandi\u201c,<a name=\"15\"><span class=\"versanumer\">15<\/span><\/a>heldur: svo sannarlega sem Drottinn lifir, sem flytur \u00cdsraelssyni \u00far landinu nor\u00f0ur fr\u00e1, og \u00far \u00f6llum \u00feeim l\u00f6ndum, hv\u00f6rt hann hrakti \u00fe\u00e1\u201c, og eg flyt \u00fe\u00e1 til baka \u00ed \u00feeirra land, sem eg gaf \u00feeirra fe\u00f0rum.<a name=\"16\"><span class=\"versanumer\">16<\/span><\/a>Sj\u00e1! eg mun senda marga fiskimenn, segir Drottinn, \u00feeir skulu fiska \u00fe\u00e1; og eftir \u00fea\u00f0 mun eg senda marga vei\u00f0imenn, sem skulu reka \u00fe\u00e1 af s\u00e9rhv\u00f6rju fjalli, og af s\u00e9rhv\u00f6rri h\u00e6\u00f0, og \u00far bjargskorunum.<a name=\"17\"><span class=\"versanumer\">17<\/span><\/a>\u00dev\u00ed m\u00edn augu horfa \u00e1 alla \u00feeirra vegu, \u00feeir eru ei huldir fyrir m\u00e9r, og \u00feeirra misgj\u00f6r\u00f0 felst ei fyrir m\u00ednum augum.<a name=\"18\"><span class=\"versanumer\">18<\/span><\/a>Fyrst mun eg launa \u00feeirra <span class='VideyAth'>a)<\/span> tv\u00f6f\u00f6ldu misgj\u00f6r\u00f0 og synd, af \u00fev\u00ed \u00feeir vanhelgu\u00f0u mitt land, og uppfylltu m\u00edna eign me\u00f0 l\u00edkum sinna vi\u00f0bj\u00f3\u00f0slegu go\u00f0a, og vi\u00f0urstygg\u00f0.<br \/><a name=\"19\"><span class=\"versanumer\">19<\/span><\/a>\u201eDrottinn, minn styrkur og festa, og athvarf \u00e1 ney\u00f0arinnar t\u00ed\u00f0! til \u00fe\u00edn munu \u00fej\u00f3\u00f0irnar koma fr\u00e1 enda jar\u00f0arinnar, og segja: lygar <span class='VideyAth'>b)<\/span> einar hafa vorir fe\u00f0ur l\u00e1ti\u00f0 oss f\u00e1 \u00ed arf, h\u00e9g\u00f3ma, engin hj\u00e1lp er hj\u00e1 \u00feeim.<a name=\"20\"><span class=\"versanumer\">20<\/span><\/a>\u00c1 ma\u00f0urinn a\u00f0 gj\u00f6ra s\u00e9r gu\u00f0i, sem \u00fe\u00f3 ekki eru gu\u00f0ir\u201c?<a name=\"21\"><span class=\"versanumer\">21<\/span><\/a>Sj\u00e1! \u00fear fyrir, gj\u00f6ri eg \u00feeim n\u00fa kunna, j\u00e1, eg gj\u00f6ri \u00feeim kunna m\u00edna h\u00f6nd og mitt veldi, svo \u00feeir vi\u00f0urkenni, a\u00f0 mitt nafn <span class='VideyAth'>(er)<\/span> Drottinn.<\/p>\n<div class=\"footnoteVidey\">V. 18. a. A\u00f0r: tv\u00f6faldlega launa.  V. 19. b. Falska gu\u00f0i.<\/div>\n","protected":false},"excerpt":{"rendered":"<p>H\u00f3tanir og fyrirheit. 1Og Drottins or\u00f0 kom til m\u00edn, og sag\u00f0i:2\u00fe\u00fa skalt \u00fe\u00e9r enga konu taka, og enga sonu n\u00e9 d\u00e6tur hafa \u00e1 \u00feessum sta\u00f0.3\u00dev\u00ed svo segir Drottinn um \u00fe\u00e1 syni og d\u00e6tur sem f\u00e6\u00f0ast \u00e1 \u00feessum sta\u00f0, og um \u00feeirra m\u00e6\u00f0ur sem f\u00e6\u00f0a b\u00f6rn, og um fe\u00f0urna, sem afla \u00feeirra, \u00ed \u00feessu landi:4af banv\u00e6num sj\u00fakd\u00f3mi skulu \u00feeir deyja; ekki harma\u00f0ir, ekki grafnir, skulu \u00feeir ver\u00f0a a\u00f0 \u00e1bur\u00f0i landsins, fyrir sver\u00f0i og hungri skulu \u00feeir farast, og \u00feeirra l\u00edkamir skulu ver\u00f0a a\u00f0 \u00e6ti, himinsins fuglum, og merkurinnar d\u00fdrum.5\u00dev\u00ed svo segir Drottinn: \u00fe\u00fa skalt ekki ganga \u00ed sorgarh\u00fasi\u00f0, og far hv\u00f6rgi <a href=\"https:\/\/biblian.is\/videy\/jeremia-16-kafli\/\"> [&#8230;]<\/a><\/p>\n","protected":false},"author":1,"featured_media":0,"parent":0,"menu_order":0,"comment_status":"open","ping_status":"open","template":"bibliukaflar.php","meta":{"footnotes":""},"class_list":["post-21610","page","type-page","status-publish","hentry"],"_links":{"self":[{"href":"https:\/\/biblian.is\/videy\/wp-json\/wp\/v2\/pages\/21610","targetHints":{"allow":["GET"]}}],"collection":[{"href":"https:\/\/biblian.is\/videy\/wp-json\/wp\/v2\/pages"}],"about":[{"href":"https:\/\/biblian.is\/videy\/wp-json\/wp\/v2\/types\/page"}],"author":[{"embeddable":true,"href":"https:\/\/biblian.is\/videy\/wp-json\/wp\/v2\/users\/1"}],"replies":[{"embeddable":true,"href":"https:\/\/biblian.is\/videy\/wp-json\/wp\/v2\/comments?post=21610"}],"version-history":[{"count":0,"href":"https:\/\/biblian.is\/videy\/wp-json\/wp\/v2\/pages\/21610\/revisions"}],"wp:attachment":[{"href":"https:\/\/biblian.is\/videy\/wp-json\/wp\/v2\/media?parent=21610"}],"curies":[{"name":"wp","href":"https:\/\/api.w.org\/{rel}","templated":true}]}}