{"id":21609,"date":"2018-01-02T01:02:54","date_gmt":"2018-01-02T01:02:54","guid":{"rendered":"http:\/\/biblian.is\/videy\/jeremia-15-kafli\/"},"modified":"2018-01-02T01:02:54","modified_gmt":"2018-01-02T01:02:54","slug":"jeremia-15-kafli","status":"publish","type":"page","link":"https:\/\/biblian.is\/videy\/jeremia-15-kafli\/","title":{"rendered":"Jerem\u00eda 15. kafli"},"content":{"rendered":"<div class=\"fyrirsognVidey\">Sama r\u00e6\u00f0a.<\/div>\n<p><a name=\"1\"><span class=\"versanumer\">1<\/span><\/a>Og Drottinn sag\u00f0i til m\u00edn: \u00fe\u00f3 a\u00f0 M\u00f3ses og Sam\u00fael gengju fram fyrir mig, mundi mitt hjarta ekki hneigjast a\u00f0 \u00feessu f\u00f3lki. Rek \u00fe\u00e1 fr\u00e1 minni augs\u00fdn, a\u00f0 \u00feeir burtfari!<a name=\"2\"><span class=\"versanumer\">2<\/span><\/a>Og ef \u00feeir segja vi\u00f0 \u00feig: hv\u00f6rt eigum v\u00e9r a\u00f0 fara? svo seg \u00fe\u00fa vi\u00f0 \u00fe\u00e1: svo segir Drottinn: hv\u00f6r til dau\u00f0a <span class='VideyAth'>(\u00e6tla\u00f0ur)<\/span>, til dau\u00f0a; og hv\u00f6r til sver\u00f0s, til sver\u00f0s; og hv\u00f6r til hungurs, til hungurs; og hv\u00f6r til fangelsis, til fangelsis.<a name=\"3\"><span class=\"versanumer\">3<\/span><\/a>Eg sendi yfir \u00fe\u00e1 4ar <span class='VideyAth'>(refsingar)<\/span>tegundir, segir Drottinn: sver\u00f0i\u00f0 til dr\u00e1ps, hundana, sem \u00fe\u00e1 skulu sl\u00edta, og fugla himinsins, og d\u00fdr landsins til a\u00f0 eta \u00fe\u00e1 og afm\u00e1.<a name=\"4\"><span class=\"versanumer\">4<\/span><\/a>Og eg l\u00e6t \u00f6ll k\u00f3ngsr\u00edki jar\u00f0arinnar mis\u00feyrma \u00feeim, s\u00f6kum Manasses, sonar Esek\u00eda, J\u00fadak\u00f3ngs, fyrir \u00fea\u00f0 sem hann a\u00f0haf\u00f0ist \u00ed Jer\u00fasalem. <br \/><a name=\"5\"><span class=\"versanumer\">5<\/span><\/a>\u00dev\u00ed hv\u00f6r getur aumkvast yfir \u00feig, Jer\u00fasalem, og hv\u00f6r me\u00f0l\u00ed\u00f0un haft, hv\u00f6r gengi\u00f0 n\u00e6r til a\u00f0 spyrja \u00feig, hv\u00f6rnig \u00fe\u00e9r l\u00ed\u00f0i?<a name=\"6\"><span class=\"versanumer\">6<\/span><\/a>\u00de\u00fa hefir yfirgefi\u00f0 mig, segir Drottinn, ert fr\u00e1 m\u00e9r horfin: og svo \u00fatr\u00e9tti eg m\u00edna h\u00f6nd \u00e1 m\u00f3ti \u00fe\u00e9r, og vinn \u00fe\u00e9r tj\u00f3n: eg er \u00fereyttur or\u00f0inn \u00e1 a\u00f0 miskunna.<a name=\"7\"><span class=\"versanumer\">7<\/span><\/a>Og eg kasta \u00feeim me\u00f0 sk\u00f3flu \u00ed landsins borgarhli\u00f0um, drep unga f\u00f3lki\u00f0, afm\u00e1i mitt f\u00f3lk, sem ekki sn\u00fdr s\u00e9r fr\u00e1 s\u00ednum vegum.<a name=\"8\"><span class=\"versanumer\">8<\/span><\/a>Fleiri skulu \u00feeirra ekkjur ver\u00f0a en sand<span class='VideyAth'>(korn)<\/span> vi\u00f0 sj\u00f3; eg lei\u00f0i yfir m\u00e6\u00f0ur unglinganna hj\u00e1 \u00feeim ey\u00f0ileggjara um mi\u00f0degi\u00f0; eg l\u00e6t sviplega yfir \u00fe\u00e1 falla angist og skelfingu.<a name=\"9\"><span class=\"versanumer\">9<\/span><\/a>S\u00fa sem ali\u00f0 hefir 7 b\u00f6rn, h\u00fan syrgir, h\u00fan andast, hennar s\u00f3l gengur undir, \u00e1\u00f0ur en dagur er \u00e1 enda; h\u00fan sneypist og fyrirver\u00f0ur sig. Og \u00fea\u00f0 sem eftir er af \u00feeim, gef eg sver\u00f0i \u00feeirra \u00f3vina, segir Drottinn.<br \/><a name=\"10\"><span class=\"versanumer\">10<\/span><\/a>\u201e\u00c6 mig auman, m\u00f3\u00f0ir m\u00edn, a\u00f0 \u00fe\u00fa f\u00e6ddir mig, sem allir deila og \u00fer\u00e1tta vi\u00f0 \u00ed landinu. Ekkert hefi eg \u00f6\u00f0rum l\u00e1na\u00f0 og ekkert hafa menn m\u00e9r l\u00e1na\u00f0; \u00fe\u00f3 form\u00e6la \u00feeir m\u00e9r allir\u201c.<a name=\"11\"><span class=\"versanumer\">11<\/span><\/a>Drottinn sag\u00f0i: j\u00e1, ef eg ekki leysi \u00feig til g\u00f3\u00f0s, <span class='VideyAth'>(frelsa \u00feig)<\/span> og l\u00e6t \u00f3vin \u00feinn, \u00e1 ney\u00f0arinnar t\u00edma, og \u00ferengingarinnar t\u00edma, gr\u00e1tb\u00e6na \u00feig!<a name=\"12\"><span class=\"versanumer\">12<\/span><\/a>Getur ma\u00f0ur l\u00edka broti\u00f0 j\u00e1rni\u00f0, j\u00e1rni\u00f0 nor\u00f0an a\u00f0, og eiri\u00f0?<a name=\"13\"><span class=\"versanumer\">13<\/span><\/a>\u00fe\u00ednar eigur og \u00feinn au\u00f0 gef eg a\u00f0 herfangi \u00f3m\u00e6lt, og \u00fea\u00f0 sakir \u00feinna synda \u00ed \u00f6llum \u00fe\u00ednum landamerkjum,<a name=\"14\"><span class=\"versanumer\">14<\/span><\/a>og flyt \u00feetta me\u00f0 \u00fe\u00ednum \u00f3vinum, \u00ed \u00fea\u00f0 land, sem \u00fe\u00fa ekki \u00feekkir, \u00fev\u00ed eldur blossar \u00ed minni rei\u00f0i, yfir y\u00f0ur brennur hann.<br \/><a name=\"15\"><span class=\"versanumer\">15<\/span><\/a>\u00de\u00fa veist <span class='VideyAth'>(allt)<\/span> Drottinn, minnstu m\u00edn, og l\u00edt \u00e1 mig, og hefn m\u00edn \u00e1 m\u00ednum ofs\u00f3knarm\u00f6nnum! tak mig ekki burt, \u00ed \u00fev\u00ed \u00fe\u00fa frestar \u00feinni rei\u00f0i; kannastu vi\u00f0 \u00fea\u00f0, a\u00f0 eg l\u00ed\u00f0 sm\u00e1n \u00fe\u00edn vegna.<a name=\"16\"><span class=\"versanumer\">16<\/span><\/a>N\u00e6\u00f0u \u00fe\u00edn or\u00f0 til m\u00edn, t\u00f3k eg vi\u00f0 \u00feeim me\u00f0 gr\u00e6\u00f0gi, \u00fe\u00edn or\u00f0 voru m\u00e9r unan og f\u00f6gnu\u00f0ur m\u00edns hjarta; \u00fev\u00ed eg er nefndur eftir \u00fe\u00ednu nafni, Drottinn, Gu\u00f0 herskaranna!<a name=\"17\"><span class=\"versanumer\">17<\/span><\/a>Eg sat ekki \u00ed h\u00f3p \u00feeirra sem hl\u00f3gu og var gla\u00f0ur; vegna <span class='VideyAth'>a)<\/span> \u00feinnar handar, sat eg \u00fat af fyrir mig, og \u00fe\u00fa fylltir mig me\u00f0 \u00feunglyndi.<a name=\"18\"><span class=\"versanumer\">18<\/span><\/a>Hv\u00ed skal m\u00edn \u00fej\u00e1ning vera \u00e6varandi, og mitt s\u00e1r banv\u00e6nt? \u00fea\u00f0 vill ei gr\u00f3a. \u00de\u00fa ert m\u00e9r sem t\u00e6landi lind, eins og vatn, sem a\u00f0 bregst. <br \/><a name=\"19\"><span class=\"versanumer\">19<\/span><\/a>\u00dev\u00ed segir Drottinn svo: ef \u00fe\u00fa hverfur aftur, <span class='VideyAth'>(fr\u00e1 \u00f3\u00feolinu)<\/span>, \u00fe\u00e1 skal eg lei\u00f0a \u00feig til baka; fyrir m\u00e9r skaltu standa, <span class='VideyAth'>(vera minn sp\u00e1ma\u00f0ur)<\/span>, og ef \u00fe\u00fa a\u00f0skilur hi\u00f0 d\u00fdra fr\u00e1 enu laklega, \u00fe\u00e1 skaltu vera minn munnur. \u00deeir skulu til \u00fe\u00edn sn\u00faa s\u00e9r, en sn\u00fa \u00fe\u00fa \u00fe\u00e9r ekki til \u00feeirra.<a name=\"20\"><span class=\"versanumer\">20<\/span><\/a>Og eg gj\u00f6ri \u00feig \u00feessu f\u00f3lki a\u00f0 f\u00f6stum eirvegg, a\u00f0 \u00feeir str\u00ed\u00f0i vi\u00f0 \u00feig og yfirbugi \u00feig ekki; \u00fev\u00ed eg er me\u00f0 \u00fe\u00e9r, til a\u00f0 hj\u00e1lpa \u00fe\u00e9r, og frelsa \u00feig, segir Drottinn.<a name=\"21\"><span class=\"versanumer\">21<\/span><\/a>Og eg frelsa \u00feig af hendi \u00feeirra vondu, og losa \u00feig \u00far hnefum ofbeldismannanna.<\/p>\n<div class=\"footnoteVidey\">V. 17. a. Af \u00fev\u00ed Drottinn haf\u00f0i vali\u00f0 honum svo alvarlega k\u00f6llun.<\/div>\n","protected":false},"excerpt":{"rendered":"<p>Sama r\u00e6\u00f0a. 1Og Drottinn sag\u00f0i til m\u00edn: \u00fe\u00f3 a\u00f0 M\u00f3ses og Sam\u00fael gengju fram fyrir mig, mundi mitt hjarta ekki hneigjast a\u00f0 \u00feessu f\u00f3lki. Rek \u00fe\u00e1 fr\u00e1 minni augs\u00fdn, a\u00f0 \u00feeir burtfari!2Og ef \u00feeir segja vi\u00f0 \u00feig: hv\u00f6rt eigum v\u00e9r a\u00f0 fara? svo seg \u00fe\u00fa vi\u00f0 \u00fe\u00e1: svo segir Drottinn: hv\u00f6r til dau\u00f0a (\u00e6tla\u00f0ur), til dau\u00f0a; og hv\u00f6r til sver\u00f0s, til sver\u00f0s; og hv\u00f6r til hungurs, til hungurs; og hv\u00f6r til fangelsis, til fangelsis.3Eg sendi yfir \u00fe\u00e1 4ar (refsingar)tegundir, segir Drottinn: sver\u00f0i\u00f0 til dr\u00e1ps, hundana, sem \u00fe\u00e1 skulu sl\u00edta, og fugla himinsins, og d\u00fdr landsins til a\u00f0 eta \u00fe\u00e1 og <a href=\"https:\/\/biblian.is\/videy\/jeremia-15-kafli\/\"> [&#8230;]<\/a><\/p>\n","protected":false},"author":1,"featured_media":0,"parent":0,"menu_order":0,"comment_status":"open","ping_status":"open","template":"bibliukaflar.php","meta":{"footnotes":""},"class_list":["post-21609","page","type-page","status-publish","hentry"],"_links":{"self":[{"href":"https:\/\/biblian.is\/videy\/wp-json\/wp\/v2\/pages\/21609","targetHints":{"allow":["GET"]}}],"collection":[{"href":"https:\/\/biblian.is\/videy\/wp-json\/wp\/v2\/pages"}],"about":[{"href":"https:\/\/biblian.is\/videy\/wp-json\/wp\/v2\/types\/page"}],"author":[{"embeddable":true,"href":"https:\/\/biblian.is\/videy\/wp-json\/wp\/v2\/users\/1"}],"replies":[{"embeddable":true,"href":"https:\/\/biblian.is\/videy\/wp-json\/wp\/v2\/comments?post=21609"}],"version-history":[{"count":0,"href":"https:\/\/biblian.is\/videy\/wp-json\/wp\/v2\/pages\/21609\/revisions"}],"wp:attachment":[{"href":"https:\/\/biblian.is\/videy\/wp-json\/wp\/v2\/media?parent=21609"}],"curies":[{"name":"wp","href":"https:\/\/api.w.org\/{rel}","templated":true}]}}