{"id":21608,"date":"2018-01-02T01:02:54","date_gmt":"2018-01-02T01:02:54","guid":{"rendered":"http:\/\/biblian.is\/videy\/jeremia-14-kafli\/"},"modified":"2018-01-02T01:02:54","modified_gmt":"2018-01-02T01:02:54","slug":"jeremia-14-kafli","status":"publish","type":"page","link":"https:\/\/biblian.is\/videy\/jeremia-14-kafli\/","title":{"rendered":"Jerem\u00eda 14. kafli"},"content":{"rendered":"<div class=\"fyrirsognVidey\">R\u00e6\u00f0a haldin \u00ed \u00feurrki.<\/div>\n<p><a name=\"1\"><span class=\"versanumer\">1<\/span><\/a>\u00deetta var or\u00f0 Drottins til Jerem\u00edas, vi\u00f0v\u00edkjandi regnleysi.<a name=\"2\"><span class=\"versanumer\">2<\/span><\/a>J\u00fadaland kveinar og \u00feess sta\u00f0ir \u00f6rmagnast, og liggja syrgjandi \u00e1 j\u00f6r\u00f0u; og Jer\u00fasalems \u00f3p st\u00edgur upp \u00ed h\u00e6\u00f0ina.<a name=\"3\"><span class=\"versanumer\">3<\/span><\/a>Og \u00feeir g\u00f6fugri me\u00f0al \u00feeirra senda \u00fe\u00e1 \u00f3\u00e6\u00f0ri eftir vatni, \u00feeir koma a\u00f0 brunnum, finna ekkert vatn, \u00feeir fara til baka me\u00f0 t\u00f3m \u00edl\u00e1t, sneyptir og \u00f3r\u00f3legir hylja \u00feeir s\u00edn h\u00f6fu\u00f0.<a name=\"4\"><span class=\"versanumer\">4<\/span><\/a>Vegna \u00feess j\u00f6r\u00f0in er sprungin, af \u00fev\u00ed regn kemur ekki \u00e1 j\u00f6r\u00f0ina, eru akuryrkjumennirnir ni\u00f0url\u00fatir og hylja sitt h\u00f6fu\u00f0.<a name=\"5\"><span class=\"versanumer\">5<\/span><\/a>J\u00e1, jafnvel hindurnar \u00e1 landinu bera, og yfirgefa <span class='VideyAth'>(k\u00e1lfana)<\/span> \u00fev\u00ed ekkert gras vex.<a name=\"6\"><span class=\"versanumer\">6<\/span><\/a>Og villiasnar standa \u00e1 h\u00e6\u00f0unum, og taka \u00f6ndina \u00e1 lofti eins og \u00falfabr\u00e6\u00f0ur, og \u00f6rmagnast, \u00fev\u00ed engin er \u00fear jurtin.<br \/><a name=\"7\"><span class=\"versanumer\">7<\/span><\/a>\u00de\u00f3 a\u00f0 vorar misgj\u00f6r\u00f0ir vitni m\u00f3ti oss, \u00fe\u00e1 breyttu, Drottinn, fyrir \u00fe\u00edns nafns sakir <span class='VideyAth'>(n\u00e1\u00f0arsamlega)<\/span>; vor \u00f3trygg\u00f0 er mikil, m\u00f3ti \u00fe\u00e9r h\u00f6fum v\u00e9r syndga\u00f0.<a name=\"8\"><span class=\"versanumer\">8<\/span><\/a>\u00de\u00fa \u00cdsraels von, hans frelsari \u00e1 ney\u00f0arinnar t\u00edma! \u00dev\u00ed viltu vera sem \u00fatlendingur \u00ed landinu, og sem fer\u00f0ama\u00f0ur er tjaldar til einnar n\u00e6tur?<a name=\"9\"><span class=\"versanumer\">9<\/span><\/a>\u00dev\u00ed viltu vera sem sinnulaus ma\u00f0ur, sem s\u00e1 voldugi, er ei getur hj\u00e1lpa\u00f0? Og \u00fe\u00f3 ertu, Drottinn, mitt \u00e1 me\u00f0al vor, og eftir \u00fe\u00ednu nafni erum v\u00e9r nefndir: yfirgef oss ekki! <br \/><a name=\"10\"><span class=\"versanumer\">10<\/span><\/a>Svo segir Drottinn til \u00feessa f\u00f3lks: \u00feeir hlaupa \u00fe\u00e1 \u00ed \u00fdmsar \u00e1ttir, \u00feeir r\u00e1\u00f0a ekki vi\u00f0 s\u00edna f\u00e6tur. \u00dev\u00ed hefir Drottinn enga vel\u00fe\u00f3knan \u00e1 \u00feeim, n\u00fa minnist hann \u00feeirra misgj\u00f6r\u00f0a og \u00e6tlar a\u00f0 finna \u00fe\u00e1 fyrir \u00feeirra syndir.<br \/><a name=\"11\"><span class=\"versanumer\">11<\/span><\/a>Og Drottinn sag\u00f0i vi\u00f0 mig: \u00fe\u00fa skalt ekki bi\u00f0ja fyrir \u00feetta f\u00f3lk \u00fev\u00ed til g\u00f3\u00f0s.<a name=\"12\"><span class=\"versanumer\">12<\/span><\/a>\u00de\u00f3 \u00feeir fasti, heyri eg ekki \u00feeirra gr\u00e1tbei\u00f0ni, og \u00fe\u00f3 \u00feeir framberi brennif\u00f3rn og matoffur, svo ge\u00f0jast m\u00e9r ei a\u00f0 \u00fev\u00ed, heldur vil eg afm\u00e1 \u00fe\u00e1, me\u00f0 sver\u00f0i, hungri og dreps\u00f3tt.<a name=\"13\"><span class=\"versanumer\">13<\/span><\/a>Og eg sag\u00f0i: \u00e6 Herra, Drottinn! sj\u00e1! sp\u00e1mennirnir segja vi\u00f0 \u00fe\u00e1: \u00fe\u00e9r munu\u00f0 ekkert sver\u00f0 sj\u00e1, og hungur mun ei til y\u00f0ar koma, heldur mun eg gefa y\u00f0ur st\u00f6\u00f0ugan fri\u00f0 \u00e1 \u00feessum sta\u00f0.<a name=\"14\"><span class=\"versanumer\">14<\/span><\/a>Og Drottinn m\u00e6lti til m\u00edn: Sp\u00e1mennirnir sp\u00e1 lygum \u00ed m\u00ednu nafni, eg hefi \u00fe\u00e1 ekki sent, n\u00e9 skipa\u00f0 \u00feeim, n\u00e9 vi\u00f0 \u00fe\u00e1 tala\u00f0; \u00feeir pr\u00e9dika fyrir y\u00f0ur lygasj\u00f3nir, kyngi, h\u00e9g\u00f3ma og t\u00e1l sinna hjartna.<a name=\"15\"><span class=\"versanumer\">15<\/span><\/a>\u00dev\u00ed segir Drottinn svo: sp\u00e1mennirnir sem sp\u00e1 \u00ed m\u00ednu nafni, \u00fe\u00f3 eg hafi ekki sent \u00fe\u00e1, og segja: sver\u00f0 og hungur mun ei \u00ed \u00feetta land koma: fyrir sver\u00f0i og hungri skulu \u00feeir s\u00f6mu sp\u00e1menn farast.<a name=\"16\"><span class=\"versanumer\">16<\/span><\/a>Og \u00fea\u00f0 f\u00f3lk, sem \u00feeir pr\u00e9dika fyrir, skal \u00e1 Jer\u00fasalems str\u00e6tum liggja, falli\u00f0 fyrir sver\u00f0i og hungri, og engin skal \u00fe\u00e1 jar\u00f0a, \u00feeir, \u00feeirra konur, \u00feeirra synir og \u00feeirra d\u00e6tur; og svo steypi eg yfir \u00fe\u00e1 \u00feeirra vonsku <span class='VideyAth'>(launum)<\/span>.<a name=\"17\"><span class=\"versanumer\">17<\/span><\/a>Og seg \u00feeim \u00feetta or\u00f0: m\u00edn augu flj\u00f3ta \u00ed t\u00e1rum dag og n\u00f3tt og \u00feau <span class='VideyAth'>(t\u00e1rin)<\/span> stansa ekki; \u00fev\u00ed miklu s\u00e1ri er meyjan s\u00e6r\u00f0, d\u00f3ttir m\u00edns f\u00f3lks, miki\u00f0 tilfinnanlegum h\u00f6ggum <span class='VideyAth'>(slegin)<\/span>.<a name=\"18\"><span class=\"versanumer\">18<\/span><\/a>\u00deegar eg geng \u00fat \u00e1 vellina, sj\u00e1! \u00fear eru \u00feeir me\u00f0 sver\u00f0i felldu, og \u00feegar eg kem inn \u00ed sta\u00f0inn, sj\u00e1! \u00fear eru \u00feeir af hungri \u00f6rm\u00f6gnu\u00f0u; \u00fev\u00ed b\u00e6\u00f0i sp\u00e1menn og prestar r\u00e1fa um landi\u00f0 og vita ei <span class='VideyAth'>(r\u00e1\u00f0)<\/span>.<a name=\"19\"><span class=\"versanumer\">19<\/span><\/a>Hefir \u00fe\u00fa \u00fe\u00e1 \u00fatsk\u00fafa\u00f0 J\u00fada<span class='VideyAth'>(landi)<\/span>? ertu or\u00f0inn lei\u00f0ur \u00e1 S\u00edon? Hv\u00f6rs vegna hefir \u00fe\u00fa slegi\u00f0 oss svo, a\u00f0 v\u00e9r ver\u00f0um ei l\u00e6kna\u00f0ir? V\u00e9r v\u00e6ntum <span class='VideyAth'>(fri\u00f0ar)<\/span> og \u00fe\u00e1 f\u00e6st ekkert gott, og l\u00e6kningart\u00edma, og sj\u00e1! \u00fear er skelfing.<a name=\"20\"><span class=\"versanumer\">20<\/span><\/a>V\u00e9r \u00feekkjum, Drottinn, vort rangl\u00e6ti, sekt vorra fe\u00f0ra; \u00fev\u00ed v\u00e9r h\u00f6fum m\u00f3ti \u00fe\u00e9r syndga\u00f0.<a name=\"21\"><span class=\"versanumer\">21<\/span><\/a>Forsm\u00e1 ekki, sakir \u00fe\u00edns nafns, \u00f3vir\u00f0 ekki tignars\u00e6ti \u00feinnar d\u00fdr\u00f0ar; mundu til, rj\u00faf ei \u00feinn s\u00e1ttm\u00e1la vi\u00f0 oss!<a name=\"22\"><span class=\"versanumer\">22<\/span><\/a>Gefast \u00feeir me\u00f0al hj\u00e1gu\u00f0a \u00fej\u00f3\u00f0anna sem regn gefi? E\u00f0a getur himinninn sent sk\u00farir? Ert \u00fe\u00fa \u00fea\u00f0 ekki, Drottinn, vor Gu\u00f0? \u00c1 \u00feig vonum v\u00e9r, \u00fev\u00ed \u00fe\u00fa hefir allt \u00feetta gj\u00f6rt.<\/p>\n<div class=\"footnoteVidey\"><\/div>\n","protected":false},"excerpt":{"rendered":"<p>R\u00e6\u00f0a haldin \u00ed \u00feurrki. 1\u00deetta var or\u00f0 Drottins til Jerem\u00edas, vi\u00f0v\u00edkjandi regnleysi.2J\u00fadaland kveinar og \u00feess sta\u00f0ir \u00f6rmagnast, og liggja syrgjandi \u00e1 j\u00f6r\u00f0u; og Jer\u00fasalems \u00f3p st\u00edgur upp \u00ed h\u00e6\u00f0ina.3Og \u00feeir g\u00f6fugri me\u00f0al \u00feeirra senda \u00fe\u00e1 \u00f3\u00e6\u00f0ri eftir vatni, \u00feeir koma a\u00f0 brunnum, finna ekkert vatn, \u00feeir fara til baka me\u00f0 t\u00f3m \u00edl\u00e1t, sneyptir og \u00f3r\u00f3legir hylja \u00feeir s\u00edn h\u00f6fu\u00f0.4Vegna \u00feess j\u00f6r\u00f0in er sprungin, af \u00fev\u00ed regn kemur ekki \u00e1 j\u00f6r\u00f0ina, eru akuryrkjumennirnir ni\u00f0url\u00fatir og hylja sitt h\u00f6fu\u00f0.5J\u00e1, jafnvel hindurnar \u00e1 landinu bera, og yfirgefa (k\u00e1lfana) \u00fev\u00ed ekkert gras vex.6Og villiasnar standa \u00e1 h\u00e6\u00f0unum, og taka \u00f6ndina \u00e1 lofti eins og <a href=\"https:\/\/biblian.is\/videy\/jeremia-14-kafli\/\"> [&#8230;]<\/a><\/p>\n","protected":false},"author":1,"featured_media":0,"parent":0,"menu_order":0,"comment_status":"open","ping_status":"open","template":"bibliukaflar.php","meta":{"footnotes":""},"class_list":["post-21608","page","type-page","status-publish","hentry"],"_links":{"self":[{"href":"https:\/\/biblian.is\/videy\/wp-json\/wp\/v2\/pages\/21608","targetHints":{"allow":["GET"]}}],"collection":[{"href":"https:\/\/biblian.is\/videy\/wp-json\/wp\/v2\/pages"}],"about":[{"href":"https:\/\/biblian.is\/videy\/wp-json\/wp\/v2\/types\/page"}],"author":[{"embeddable":true,"href":"https:\/\/biblian.is\/videy\/wp-json\/wp\/v2\/users\/1"}],"replies":[{"embeddable":true,"href":"https:\/\/biblian.is\/videy\/wp-json\/wp\/v2\/comments?post=21608"}],"version-history":[{"count":0,"href":"https:\/\/biblian.is\/videy\/wp-json\/wp\/v2\/pages\/21608\/revisions"}],"wp:attachment":[{"href":"https:\/\/biblian.is\/videy\/wp-json\/wp\/v2\/media?parent=21608"}],"curies":[{"name":"wp","href":"https:\/\/api.w.org\/{rel}","templated":true}]}}