{"id":21607,"date":"2018-01-02T01:02:54","date_gmt":"2018-01-02T01:02:54","guid":{"rendered":"http:\/\/biblian.is\/videy\/jeremia-13-kafli\/"},"modified":"2018-01-02T01:02:54","modified_gmt":"2018-01-02T01:02:54","slug":"jeremia-13-kafli","status":"publish","type":"page","link":"https:\/\/biblian.is\/videy\/jeremia-13-kafli\/","title":{"rendered":"Jerem\u00eda 13. kafli"},"content":{"rendered":"<div class=\"fyrirsognVidey\">Herlei\u00f0ing J\u00fa\u00f0anna.<\/div>\n<p><a name=\"1\"><span class=\"versanumer\">1<\/span><\/a>Svo sag\u00f0i Drottinn vi\u00f0 mig: far og kaup \u00fe\u00e9r l\u00ednbelti, og legg \u00fea\u00f0 um \u00fe\u00ednar lendar, en l\u00e1ttu \u00fea\u00f0 ekki koma \u00ed vatn.<a name=\"2\"><span class=\"versanumer\">2<\/span><\/a>Og eg keypti belti\u00f0 eftir or\u00f0i Drottins, og lag\u00f0i um m\u00ednar lendar.<a name=\"3\"><span class=\"versanumer\">3<\/span><\/a>Og or\u00f0 Drottins kom til m\u00edn \u00ed anna\u00f0 sinn og m\u00e6lti:<a name=\"4\"><span class=\"versanumer\">4<\/span><\/a>taktu belti\u00f0 sem \u00fe\u00fa keyptir, sem er um \u00fe\u00ednar lendar, og taktu \u00feig til, og far til Frat, og fel \u00fea\u00f0 \u00fear \u00ed bjargskoru.<a name=\"5\"><span class=\"versanumer\">5<\/span><\/a>Og eg f\u00f3r og f\u00f3l \u00fea\u00f0 hj\u00e1 Frat eins og Drottinn haf\u00f0i m\u00e9r bo\u00f0i\u00f0.<a name=\"6\"><span class=\"versanumer\">6<\/span><\/a>Og eftir marga daga li\u00f0na sag\u00f0i Drottinn vi\u00f0 mig: tak \u00feig n\u00fa til og gakk til Frat, og taktu \u00fear belti\u00f0, sem eg bau\u00f0 \u00fe\u00e9r a\u00f0 fela \u00fear.<a name=\"7\"><span class=\"versanumer\">7<\/span><\/a>Og eg gekk til Frat, og gr\u00f3f upp, og t\u00f3k belti\u00f0 \u00far \u00feeim sta\u00f0, hvar eg haf\u00f0i fali\u00f0 \u00fea\u00f0; og sj\u00e1, belti\u00f0 var skemmt, til einkis n\u00fdtt.<a name=\"8\"><span class=\"versanumer\">8<\/span><\/a>Og or\u00f0 Drottins kom til m\u00edn og sag\u00f0i:<a name=\"9\"><span class=\"versanumer\">9<\/span><\/a>svo segir Drottinn: svona mun eg skemma J\u00fada \u00e1g\u00e6ti, og Jer\u00fasalems \u00e1g\u00e6ti hi\u00f0 mikla.<a name=\"10\"><span class=\"versanumer\">10<\/span><\/a>\u00deetta vonda f\u00f3lk, sem ekki vill hl\u00fd\u00f0nast m\u00ednum or\u00f0um, sem gengur eftir \u00fever\u00fa\u00f0 s\u00edns hjarta og a\u00f0hyllist a\u00f0ra gu\u00f0i, til a\u00f0 \u00fej\u00f3na \u00feeim og tilbi\u00f0ja \u00fe\u00e1, \u00fea\u00f0 skal ver\u00f0a sem \u00feetta belti, sem til einkis er n\u00fdtt.<a name=\"11\"><span class=\"versanumer\">11<\/span><\/a>\u00dev\u00ed eins og a\u00f0 belti\u00f0 heldur sig a\u00f0 mannsins lendum, svo h\u00e9lt eg a\u00f0 m\u00e9r \u00f6llu \u00cdsraelsh\u00fasi og \u00f6llu J\u00fada h\u00fasi, segir Drottinn, a\u00f0 \u00fea\u00f0 skyldi vera mitt f\u00f3lk og m\u00e9r til nafns, lofs og hei\u00f0urs; en \u00feeir hl\u00fdddu ekki. <br \/><a name=\"12\"><span class=\"versanumer\">12<\/span><\/a>Og seg \u00feeim \u00feetta or\u00f0: svo segir Drottinn \u00cdsraels Gu\u00f0: hv\u00f6r ein flaska er fyllt me\u00f0 v\u00edni. En \u00feeir munu segja vi\u00f0 \u00feig: vitum v\u00e9r \u00fea\u00f0 \u00fe\u00e1 ekki, a\u00f0 allar fl\u00f6skur eru fylltar me\u00f0 v\u00edni?<a name=\"13\"><span class=\"versanumer\">13<\/span><\/a>\u00de\u00e1 skaltu segja vi\u00f0 \u00fe\u00e1: eg fylli alla innb\u00faa \u00feessa lands, k\u00f3ngana, sem \u00ed Dav\u00ed\u00f0s h\u00e1s\u00e6ti sitja, og prestana og sp\u00e1mennina og alla Jer\u00fasalems innb\u00faa, svo \u00feeir ver\u00f0i drukknir.<a name=\"14\"><span class=\"versanumer\">14<\/span><\/a>Og eg sl\u00e6 \u00fe\u00e1 sundur hv\u00f6rn vi\u00f0 annan, fe\u00f0ur og syni \u00ed einu, segir Drottinn; eg hefi enga v\u00e6g\u00f0, og enga me\u00f0l\u00ed\u00f0un og enga miskunn, a\u00f0 eg ei tort\u00edni \u00feeim. <br \/><a name=\"15\"><span class=\"versanumer\">15<\/span><\/a>Heyri\u00f0 og taki\u00f0 eftir! veri\u00f0 ekki drambl\u00e1tir! \u00fev\u00ed Drottinn talar.<a name=\"16\"><span class=\"versanumer\">16<\/span><\/a>Gefi\u00f0 Drottni, y\u00f0ar Gu\u00f0i, hei\u00f0urinn, \u00e1\u00f0ur en hann l\u00e6tur dimma, \u00e1\u00f0ur en y\u00f0ar f\u00e6tur reka sig \u00e1 r\u00f6kkursins fj\u00f6ll, og \u00ed \u00fev\u00ed \u00fe\u00e9r eru\u00f0 a\u00f0 v\u00e6nta lj\u00f3ss, a\u00f0 hann breytir \u00fev\u00ed \u00ed dau\u00f0ans n\u00f3tt og gj\u00f6rir \u00fea\u00f0 a\u00f0 myrkri.<a name=\"17\"><span class=\"versanumer\">17<\/span><\/a>Og ef \u00fe\u00e9r heyri\u00f0 ekki, \u00fe\u00e1 mun eg \u00ed leyni gr\u00e1ta yfir y\u00f0ar drambsemi, eg mun t\u00e1rast og t\u00e1r munu renna m\u00e9r af augum, af \u00fev\u00ed hj\u00f6r\u00f0 Drottins ver\u00f0ur hertekin burtu flutt. <br \/><a name=\"18\"><span class=\"versanumer\">18<\/span><\/a>Seg \u00fe\u00fa k\u00f3ngi og drottningu: setji\u00f0 y\u00f0ur l\u00e1gt, \u00fev\u00ed af y\u00f0ar h\u00f6f\u00f0um er y\u00f0ar d\u00fdr\u00f0lega k\u00f3r\u00f3na fallin.<a name=\"19\"><span class=\"versanumer\">19<\/span><\/a>Borgirnar su\u00f0ur fr\u00e1 eru l\u00e6star, og enginn opnar \u00fe\u00e6r; J\u00fadal\u00fd\u00f0ur allur burt fluttur, gj\u00f6rsamlega burt fluttur.<a name=\"20\"><span class=\"versanumer\">20<\/span><\/a>L\u00edt upp augunum, og sj\u00e1 \u00fe\u00fa \u00fe\u00e1 sem koma nor\u00f0an a\u00f0! hvar er s\u00fa hj\u00f6r\u00f0 sem \u00fe\u00e9r var fengin, \u00fe\u00edn fallega hj\u00f6r\u00f0?<a name=\"21\"><span class=\"versanumer\">21<\/span><\/a>Hva\u00f0 munt \u00fe\u00fa segja \u00feegar hann kemur a\u00f0 finna \u00feig, \u00fear e\u00f0 \u00fe\u00fa h\u00e6ndir \u00fe\u00e1 a\u00f0 \u00fe\u00e9r, sem h\u00f6f\u00f0ingja og herra? munu ekki hvi\u00f0ur a\u00f0 \u00fe\u00e9r koma, eins og a\u00f0 j\u00f3\u00f0sj\u00fakri konu?<a name=\"22\"><span class=\"versanumer\">22<\/span><\/a>Og ef \u00fe\u00fa segir \u00ed \u00fe\u00ednu hjarta: \u201ehv\u00ed m\u00e6tir m\u00e9r \u00feetta?\u201c <span class='VideyAth'>(er svari\u00f0)<\/span> sakir fj\u00f6lda misgj\u00f6r\u00f0a er \u00fe\u00ednum kl\u00e6\u00f0afaldi uppflett og \u00fe\u00ednir h\u00e6lar me\u00f0 valdi berir gj\u00f6r\u00f0ir.<br \/><a name=\"23\"><span class=\"versanumer\">23<\/span><\/a>Getur bl\u00e1ma\u00f0urinn breytt s\u00ednum h\u00f6rundslit, og pardusd\u00fdri\u00f0 s\u00ednum flekkjum? \u00fe\u00e1 g\u00e6tu\u00f0 \u00fe\u00e9r og gj\u00f6rt gott, \u00fe\u00e9r sem vanist hafi\u00f0 \u00fev\u00ed, a\u00f0 gj\u00f6ra illt.<a name=\"24\"><span class=\"versanumer\">24<\/span><\/a>En eg vil tv\u00edstra \u00feeim sem str\u00e1um, er fyrir vindi berast \u00far ey\u00f0im\u00f6rkinni.<a name=\"25\"><span class=\"versanumer\">25<\/span><\/a>\u00deetta skal \u00feitt hlutfall, \u00fe\u00edn laun af minni hendi, segir Drottinn, af \u00fev\u00ed \u00fe\u00fa gleymdir m\u00e9r, og reiddir \u00feig \u00e1 lygina <span class='VideyAth'>(hj\u00e1gu\u00f0ina)<\/span>.<a name=\"26\"><span class=\"versanumer\">26<\/span><\/a>Eg skal l\u00edka kippa faldi kl\u00e6\u00f0a \u00feinna upp yfir andlit \u00feitt, a\u00f0 \u00fe\u00edn blyg\u00f0an sj\u00e1ist.<a name=\"27\"><span class=\"versanumer\">27<\/span><\/a>\u00deinn h\u00f3rd\u00f3m, og \u00feitt los\u00e6\u00f0i, og sv\u00edvir\u00f0ilega losta \u00e1 h\u00e6\u00f0unum, \u00e1 v\u00f6llunum, \u00fe\u00edna vi\u00f0urstygg\u00f0, \u00feetta hefi eg s\u00e9\u00f0. Vei \u00fe\u00e9r, Jer\u00fasalem, \u00fe\u00fa getur ekki hrein or\u00f0i\u00f0, eftir <span class='VideyAth'>(eg veit ei)<\/span> hva\u00f0 langan t\u00edma!<\/p>\n<div class=\"footnoteVidey\"><\/div>\n","protected":false},"excerpt":{"rendered":"<p>Herlei\u00f0ing J\u00fa\u00f0anna. 1Svo sag\u00f0i Drottinn vi\u00f0 mig: far og kaup \u00fe\u00e9r l\u00ednbelti, og legg \u00fea\u00f0 um \u00fe\u00ednar lendar, en l\u00e1ttu \u00fea\u00f0 ekki koma \u00ed vatn.2Og eg keypti belti\u00f0 eftir or\u00f0i Drottins, og lag\u00f0i um m\u00ednar lendar.3Og or\u00f0 Drottins kom til m\u00edn \u00ed anna\u00f0 sinn og m\u00e6lti:4taktu belti\u00f0 sem \u00fe\u00fa keyptir, sem er um \u00fe\u00ednar lendar, og taktu \u00feig til, og far til Frat, og fel \u00fea\u00f0 \u00fear \u00ed bjargskoru.5Og eg f\u00f3r og f\u00f3l \u00fea\u00f0 hj\u00e1 Frat eins og Drottinn haf\u00f0i m\u00e9r bo\u00f0i\u00f0.6Og eftir marga daga li\u00f0na sag\u00f0i Drottinn vi\u00f0 mig: tak \u00feig n\u00fa til og gakk til Frat, og taktu <a href=\"https:\/\/biblian.is\/videy\/jeremia-13-kafli\/\"> [&#8230;]<\/a><\/p>\n","protected":false},"author":1,"featured_media":0,"parent":0,"menu_order":0,"comment_status":"open","ping_status":"open","template":"bibliukaflar.php","meta":{"footnotes":""},"class_list":["post-21607","page","type-page","status-publish","hentry"],"_links":{"self":[{"href":"https:\/\/biblian.is\/videy\/wp-json\/wp\/v2\/pages\/21607","targetHints":{"allow":["GET"]}}],"collection":[{"href":"https:\/\/biblian.is\/videy\/wp-json\/wp\/v2\/pages"}],"about":[{"href":"https:\/\/biblian.is\/videy\/wp-json\/wp\/v2\/types\/page"}],"author":[{"embeddable":true,"href":"https:\/\/biblian.is\/videy\/wp-json\/wp\/v2\/users\/1"}],"replies":[{"embeddable":true,"href":"https:\/\/biblian.is\/videy\/wp-json\/wp\/v2\/comments?post=21607"}],"version-history":[{"count":0,"href":"https:\/\/biblian.is\/videy\/wp-json\/wp\/v2\/pages\/21607\/revisions"}],"wp:attachment":[{"href":"https:\/\/biblian.is\/videy\/wp-json\/wp\/v2\/media?parent=21607"}],"curies":[{"name":"wp","href":"https:\/\/api.w.org\/{rel}","templated":true}]}}