{"id":21606,"date":"2018-01-02T01:02:54","date_gmt":"2018-01-02T01:02:54","guid":{"rendered":"http:\/\/biblian.is\/videy\/jeremia-12-kafli\/"},"modified":"2018-01-02T01:02:54","modified_gmt":"2018-01-02T01:02:54","slug":"jeremia-12-kafli","status":"publish","type":"page","link":"https:\/\/biblian.is\/videy\/jeremia-12-kafli\/","title":{"rendered":"Jerem\u00eda 12. kafli"},"content":{"rendered":"<div class=\"fyrirsognVidey\">Sp\u00e1ma\u00f0urinn er ofs\u00f3ttur. Drottinn sleppir hendinni af s\u00ednu f\u00f3lki. H\u00f3tanir og fyrirheit til n\u00e1l\u00e6gra \u00fej\u00f3\u00f0a.<\/div>\n<p><a name=\"1\"><span class=\"versanumer\">1<\/span><\/a>R\u00e9tt hefir \u00fe\u00fa fyrir \u00fe\u00e9r, Drottinn, \u00feegar eg fer \u00ed m\u00e1l vi\u00f0 \u00feig, samt ver\u00f0 eg a\u00f0 s\u00e6kja s\u00f6k \u00e1 m\u00f3ti \u00fe\u00e9r: \u00fev\u00ed er vegur hinna gu\u00f0lausu l\u00e1nlegur? \u00fev\u00ed hinir svikulu landr\u00e1\u00f0amenn me\u00f0 \u00f6ruggu ge\u00f0i?<a name=\"2\"><span class=\"versanumer\">2<\/span><\/a>\u00de\u00fa plantar \u00fe\u00e1, og \u00feeir festa r\u00e6tur, vaxa og bera \u00e1v\u00f6xt. N\u00e1l\u00e6gur ertu \u00feeirra munni, en fjarl\u00e6gur \u00feeirra hj\u00f6rtum.<a name=\"3\"><span class=\"versanumer\">3<\/span><\/a>En \u00fe\u00fa, Drottinn, \u00feekkir mig, s\u00e9r mig, og pr\u00f3far mitt hjarta, hv\u00f6rnig \u00fea\u00f0 er, \u00fe\u00e9r til handa. Skildu \u00fe\u00e1 fr\u00e1, eins og sau\u00f0i til sl\u00e1trunar, og helga\u00f0u \u00fe\u00e1 dr\u00e1psdeginum!<a name=\"4\"><span class=\"versanumer\">4<\/span><\/a>Hv\u00f6rsu lengi skal landi\u00f0 syrgja, og allt vallanna gras uppvisna? Vegna innb\u00faanna vonsku eru fuglar og d\u00fdr \u00ed burtu hrifin; \u00fev\u00ed \u00feeir segja: hann s\u00e9r ekki vor afdrif. <br \/><a name=\"5\"><span class=\"versanumer\">5<\/span><\/a>\u201eEf a\u00f0 \u00fe\u00fa m\u00e6\u00f0ist, \u00feegar \u00fe\u00fa hleypur me\u00f0 f\u00f3tgangandi m\u00f6nnum: hv\u00f6rnig viltu \u00fe\u00e1 hlaupa til kapps vi\u00f0 hesta? Og \u00fe\u00f3 \u00fe\u00fa s\u00e9rt \u00f6ruggur \u00ed \u00f3hultu landi, hva\u00f0 muntu gj\u00f6ra \u00ed J\u00f3rdans pr\u00fd\u00f0i?<a name=\"6\"><span class=\"versanumer\">6<\/span><\/a>\u00dev\u00ed l\u00edka br\u00e6\u00f0ur \u00fe\u00ednir og \u00fe\u00edns f\u00f6\u00f0urs h\u00fas, \u00feeir eru l\u00edka \u00fe\u00e9r \u00f3tr\u00fair; \u00feeir kalla og eftir \u00fe\u00e9r me\u00f0 h\u00e1um r\u00f3m. Tr\u00fa \u00fe\u00fa \u00feeim ekki, \u00fe\u00f3 \u00feeir tali vinsamlega vi\u00f0 \u00feig!\u201c<br \/><a name=\"7\"><span class=\"versanumer\">7<\/span><\/a>Yfirgefi\u00f0 hefi eg mitt h\u00fas, sleppt minni eign, eg hefi gefi\u00f0 \u00fea\u00f0, sem inni s\u00e1l var k\u00e6rast, \u00f3vinum \u00ed h\u00f6nd.<a name=\"8\"><span class=\"versanumer\">8<\/span><\/a>M\u00edn eign er or\u00f0in m\u00e9r, sem lj\u00f3n \u00ed sk\u00f3gi, h\u00fan \u00f6skrar \u00e1 m\u00f3ti m\u00e9r, \u00fev\u00ed hata eg hana.<a name=\"9\"><span class=\"versanumer\">9<\/span><\/a>M\u00edn eign er m\u00e9r villud\u00fdr, \u00f3lmt villud\u00fdr <span class='VideyAth'>(hyene)<\/span>; villud\u00fdr s\u00e6kja a\u00f0 henni allt um kring. Upp! upp! safni\u00f0 saman \u00f6llum d\u00fdrum merkurinnar, komi\u00f0 me\u00f0 \u00feau til \u00e6tis!<a name=\"10\"><span class=\"versanumer\">10<\/span><\/a>Margir hir\u00f0arar ey\u00f0ileggja minn v\u00edngar\u00f0, ni\u00f0urtro\u00f0a minn akur; \u00feeir gj\u00f6ra a\u00f0 ey\u00f0im\u00f6rk minn fallega litla akur.<a name=\"11\"><span class=\"versanumer\">11<\/span><\/a>Menn gj\u00f6ra hann a\u00f0 au\u00f0n, sorglegt er um a\u00f0 litast; allt landi\u00f0 er ey\u00f0ilagt, me\u00f0an engin l\u00e9t s\u00e9r \u00fea\u00f0 til hjarta ganga.<a name=\"12\"><span class=\"versanumer\">12<\/span><\/a>Ey\u00f0ileggjarar koma yfir allar h\u00e6\u00f0irnar \u00ed ey\u00f0im\u00f6rkinni; \u00fev\u00ed sver\u00f0 Drottins ey\u00f0ileggur fr\u00e1 landsins einum enda til annars; ekkert hold hefir fri\u00f0.<a name=\"13\"><span class=\"versanumer\">13<\/span><\/a>\u00deeir s\u00e1\u00f0u hveiti, uppsk\u00e1ru \u00feyrna; \u00feeir m\u00e6ddust, h\u00f6f\u00f0u engan \u00e1vinning. Svo ver\u00f0i\u00f0 \u00fe\u00e9r \u00fe\u00e1 til skammar fyrir y\u00f0ar afrakstur, s\u00f6kum Drottins brennandi rei\u00f0i.<br \/><a name=\"14\"><span class=\"versanumer\">14<\/span><\/a>Svo segir Drottinn: m\u00f3ti \u00f6llum m\u00ednum vondu n\u00e1b\u00faum, sem gj\u00f6ra \u00fatr\u00e1s \u00e1 m\u00edna eign, er eg gaf m\u00ednu f\u00f3lki \u00cdsrael: Sj\u00e1, eg r\u00edf \u00fe\u00e1 \u00far \u00feeirra landi, og burtkippi J\u00fada h\u00fasi mitt fr\u00e1 \u00feeim.<a name=\"15\"><span class=\"versanumer\">15<\/span><\/a>En \u00fea\u00f0 mun ske, eftir a\u00f0 eg hefi \u00feeim \u00ed burtu rykkt, a\u00f0 eg skal miskunna \u00feeim, og lei\u00f0a hv\u00f6rn einn heim aftur til sinnar eignar og hv\u00f6rn \u00ed sitt land.<a name=\"16\"><span class=\"versanumer\">16<\/span><\/a>Og \u00fea\u00f0 skal ske, ef \u00feeir l\u00e6ra vegi m\u00edns f\u00f3lks, svo a\u00f0 \u00feeir sverja vi\u00f0 mitt nafn, \u201esvo sannarlega sem Drottinn lifir\u201c! eins og \u00feeir kenndu m\u00ednu f\u00f3lki a\u00f0 sverja vi\u00f0 Baal: svo skulu \u00feeir nj\u00f3ta s\u00f6mu g\u00e6\u00f0a sem \u00fea\u00f0, uppbygg\u00f0ir ver\u00f0a me\u00f0al m\u00edns f\u00f3lks.<a name=\"17\"><span class=\"versanumer\">17<\/span><\/a>En ef \u00feeir hl\u00fd\u00f0a ekki, svo upprykki eg sl\u00edku f\u00f3lki, r\u00edf \u00fea\u00f0 burt, og tort\u00edni \u00fev\u00ed, segir Drottinn.<\/p>\n<div class=\"footnoteVidey\">V. 5. J\u00f3rdans pr\u00fd\u00f0i: Pl\u00e1ss vi\u00f0 J\u00f3rdan yndislegt, en \u00fear f\u00f3lust samt h\u00e6ttuleg villud\u00fdr.<\/div>\n","protected":false},"excerpt":{"rendered":"<p>Sp\u00e1ma\u00f0urinn er ofs\u00f3ttur. Drottinn sleppir hendinni af s\u00ednu f\u00f3lki. H\u00f3tanir og fyrirheit til n\u00e1l\u00e6gra \u00fej\u00f3\u00f0a. 1R\u00e9tt hefir \u00fe\u00fa fyrir \u00fe\u00e9r, Drottinn, \u00feegar eg fer \u00ed m\u00e1l vi\u00f0 \u00feig, samt ver\u00f0 eg a\u00f0 s\u00e6kja s\u00f6k \u00e1 m\u00f3ti \u00fe\u00e9r: \u00fev\u00ed er vegur hinna gu\u00f0lausu l\u00e1nlegur? \u00fev\u00ed hinir svikulu landr\u00e1\u00f0amenn me\u00f0 \u00f6ruggu ge\u00f0i?2\u00de\u00fa plantar \u00fe\u00e1, og \u00feeir festa r\u00e6tur, vaxa og bera \u00e1v\u00f6xt. N\u00e1l\u00e6gur ertu \u00feeirra munni, en fjarl\u00e6gur \u00feeirra hj\u00f6rtum.3En \u00fe\u00fa, Drottinn, \u00feekkir mig, s\u00e9r mig, og pr\u00f3far mitt hjarta, hv\u00f6rnig \u00fea\u00f0 er, \u00fe\u00e9r til handa. Skildu \u00fe\u00e1 fr\u00e1, eins og sau\u00f0i til sl\u00e1trunar, og helga\u00f0u \u00fe\u00e1 dr\u00e1psdeginum!4Hv\u00f6rsu lengi skal landi\u00f0 syrgja, <a href=\"https:\/\/biblian.is\/videy\/jeremia-12-kafli\/\"> [&#8230;]<\/a><\/p>\n","protected":false},"author":1,"featured_media":0,"parent":0,"menu_order":0,"comment_status":"open","ping_status":"open","template":"bibliukaflar.php","meta":{"footnotes":""},"class_list":["post-21606","page","type-page","status-publish","hentry"],"_links":{"self":[{"href":"https:\/\/biblian.is\/videy\/wp-json\/wp\/v2\/pages\/21606","targetHints":{"allow":["GET"]}}],"collection":[{"href":"https:\/\/biblian.is\/videy\/wp-json\/wp\/v2\/pages"}],"about":[{"href":"https:\/\/biblian.is\/videy\/wp-json\/wp\/v2\/types\/page"}],"author":[{"embeddable":true,"href":"https:\/\/biblian.is\/videy\/wp-json\/wp\/v2\/users\/1"}],"replies":[{"embeddable":true,"href":"https:\/\/biblian.is\/videy\/wp-json\/wp\/v2\/comments?post=21606"}],"version-history":[{"count":0,"href":"https:\/\/biblian.is\/videy\/wp-json\/wp\/v2\/pages\/21606\/revisions"}],"wp:attachment":[{"href":"https:\/\/biblian.is\/videy\/wp-json\/wp\/v2\/media?parent=21606"}],"curies":[{"name":"wp","href":"https:\/\/api.w.org\/{rel}","templated":true}]}}