{"id":21605,"date":"2018-01-02T01:02:54","date_gmt":"2018-01-02T01:02:54","guid":{"rendered":"http:\/\/biblian.is\/videy\/jeremia-11-kafli\/"},"modified":"2018-01-02T01:02:54","modified_gmt":"2018-01-02T01:02:54","slug":"jeremia-11-kafli","status":"publish","type":"page","link":"https:\/\/biblian.is\/videy\/jeremia-11-kafli\/","title":{"rendered":"Jerem\u00eda 11. kafli"},"content":{"rendered":"<div class=\"fyrirsognVidey\">Pr\u00e9dikun m\u00f3ti yfirtro\u00f0slum l\u00f6gm\u00e1lsins. Gy\u00f0ingar \u00e6tla a\u00f0 drepa Jerem\u00edas.<\/div>\n<p><a name=\"1\"><span class=\"versanumer\">1<\/span><\/a>\u00dea\u00f0 or\u00f0 sem kom til Jerem\u00edas fr\u00e1 Drottni, \u00fe\u00e1 hann m\u00e6lti:<a name=\"2\"><span class=\"versanumer\">2<\/span><\/a>Heyri\u00f0 or\u00f0 \u00feessa s\u00e1ttm\u00e1la, og tali\u00f0 \u00feau til J\u00fadamanna og til Jer\u00fasalems innb\u00faa!<a name=\"3\"><span class=\"versanumer\">3<\/span><\/a>og seg til \u00feeirra: svo segir Drottinn, \u00cdsraels Gu\u00f0: b\u00f6lva\u00f0ur <span class='VideyAth'>(s\u00e9)<\/span> s\u00e1 ma\u00f0ur sem ekki heyrir or\u00f0 \u00feessa s\u00e1ttm\u00e1la,<a name=\"4\"><span class=\"versanumer\">4<\/span><\/a>sem eg bau\u00f0 y\u00f0ar fe\u00f0rum, \u00feegar eg flutti \u00fe\u00e1 \u00far Egyptalandi, \u00far j\u00e1rnofninum, og sag\u00f0i: hl\u00fd\u00f0i\u00f0 minni raust, og gj\u00f6ri\u00f0 allt sem eg mun bj\u00f3\u00f0a y\u00f0ur, \u00fe\u00e1 skulu\u00f0 \u00fe\u00e9r vera mitt f\u00f3lk, og eg mun vera y\u00f0ar Gu\u00f0,<a name=\"5\"><span class=\"versanumer\">5<\/span><\/a>svo eg efni \u00feann ei\u00f0, sem eg s\u00f3r y\u00f0ar fe\u00f0rum, a\u00f0 gefa \u00feeim \u00fea\u00f0 land sem fl\u00fdtur \u00ed mj\u00f3lk og hunangi, eins og \u00e1 \u00feessum t\u00edma er <span class='VideyAth'>(ske\u00f0)<\/span>. Og eg svara\u00f0i, og sag\u00f0i: j\u00e1, ver\u00f0i \u00fea\u00f0 Drottinn.<a name=\"6\"><span class=\"versanumer\">6<\/span><\/a>Og Drottinn sag\u00f0i vi\u00f0 mig: \u00fathr\u00f3pa \u00fe\u00fa \u00f6ll \u00feessi or\u00f0 \u00ed J\u00fada st\u00f6\u00f0um, og \u00ed Jer\u00fasalems str\u00e6tum, og seg: heyri\u00f0 or\u00f0 \u00feessa s\u00e1ttm\u00e1la, og gj\u00f6ri\u00f0 \u00fear eftir!<a name=\"7\"><span class=\"versanumer\">7<\/span><\/a>\u00fev\u00ed vandlega hefi eg vitna\u00f0 fyrir fe\u00f0rum y\u00f0ar fr\u00e1 \u00feeim d\u00f6gum, a\u00f0 eg flutti \u00fe\u00e1 \u00far Egyptalandi allt til \u00feessa dags, fr\u00e1 \u00fev\u00ed snemma morguns vitna\u00f0 og sagt: hl\u00fd\u00f0i\u00f0 minni raust!<a name=\"8\"><span class=\"versanumer\">8<\/span><\/a>En \u00feeir hl\u00fdddu ekki, og l\u00f6g\u00f0u ekki vi\u00f0 eyrun, og hv\u00f6r einn gekk eftir \u00fever\u00fa\u00f0 s\u00edns vonda hjarta; og svo l\u00e6t eg yfir \u00fe\u00e1 koma \u00f6ll or\u00f0 \u00feessa s\u00e1ttm\u00e1la, sem eg bau\u00f0 \u00feeim a\u00f0 gj\u00f6ra, og sem \u00feeir hafa ekki gj\u00f6rt. <br \/><a name=\"9\"><span class=\"versanumer\">9<\/span><\/a>Og Drottinn sag\u00f0i vi\u00f0 mig: \u00fea\u00f0 er sams\u00e6ri milli J\u00fadamanna og Jer\u00fasalems innb\u00faa.<a name=\"10\"><span class=\"versanumer\">10<\/span><\/a>\u00deeir hverfa til misgj\u00f6r\u00f0a sinna fe\u00f0ra, forfe\u00f0ranna, sem t\u00f6ldust undan a\u00f0 hl\u00fd\u00f0a m\u00ednum or\u00f0um og f\u00f3ru eftir \u00f6\u00f0rum gu\u00f0um, a\u00f0 \u00fej\u00f3na \u00feeim; \u00cdsraels h\u00fas og J\u00fada h\u00fas hefir rofi\u00f0 minn s\u00e1ttm\u00e1la, sem eg samdi vi\u00f0 \u00feeirra fe\u00f0ur. <br \/><a name=\"11\"><span class=\"versanumer\">11<\/span><\/a>\u00dev\u00ed segir Drottinn svo: sj\u00e1, eg lei\u00f0i yfir \u00fe\u00e1 \u00f3lukku, sem \u00feeir skulu ekki undan komast; og \u00fe\u00f3 \u00feeir kalli til m\u00edn, skal eg ekki heyra \u00fe\u00e1.<a name=\"12\"><span class=\"versanumer\">12<\/span><\/a>\u00de\u00e1 geta J\u00fada sta\u00f0ir og Jer\u00fasalems innb\u00faar fari\u00f0 og kalla\u00f0 til \u00feeirra gu\u00f0a sem \u00feeir veifa reykelsi fyrir; en ekki munu \u00feeir hj\u00e1lpa \u00feeim \u00e1 \u00feeirra \u00f3g\u00e6fut\u00edma.<a name=\"13\"><span class=\"versanumer\">13<\/span><\/a>\u00dev\u00ed eins margir og \u00fe\u00ednir sta\u00f0ir eru, J\u00fada, svo \u00fe\u00ednir gu\u00f0ir; og svo m\u00f6rg sem str\u00e6tin eru \u00ed Jer\u00fasalem, svo m\u00f6rg \u00f6lturu hafi\u00f0 \u00fe\u00e9r gj\u00f6rt \u00feeim sv\u00edvir\u00f0ilegu <span class='VideyAth'>(go\u00f0um)<\/span>, \u00f6lturu fyrir Bal, a\u00f0 gj\u00f6ra reyk <span class='VideyAth'>(\u00e1 \u00feeim)<\/span>.<br \/><a name=\"14\"><span class=\"versanumer\">14<\/span><\/a>En bi\u00f0 \u00fe\u00fa <span class='VideyAth'>(Jerem\u00edas)<\/span> ekki fyrir \u00feessu f\u00f3lki, ekki skaltu hefja b\u00e6n n\u00e9 gr\u00e1tbei\u00f0ni fyrir \u00fe\u00e1; \u00fev\u00ed eg heyri ekki \u00feegar \u00feeir til m\u00edn kalla s\u00f6kum sinnar \u00f3hamingju.<a name=\"15\"><span class=\"versanumer\">15<\/span><\/a>Til hv\u00f6rs <span class='VideyAth'>(skal)<\/span> m\u00edn elskulega <span class='VideyAth'>(vera)<\/span> \u00ed m\u00ednu h\u00fasi, svo a\u00f0 h\u00fan a\u00f0hafist margar misgj\u00f6r\u00f0ir? \u00dea\u00f0 helga kj\u00f6t fer \u00fe\u00f3 framhj\u00e1 \u00fe\u00e9r <span class='VideyAth'>(gagnslaust)<\/span>; \u00fev\u00ed \u00feegar <span class='VideyAth'>(\u00fe\u00fa gj\u00f6rir)<\/span> illt, \u00fe\u00e1 h\u00e6list \u00fe\u00fa um.<a name=\"16\"><span class=\"versanumer\">16<\/span><\/a>Gr\u00e6nt vi\u00f0smj\u00f6rstr\u00e9, fagurt af lystilegum \u00e1v\u00f6xtum kalla\u00f0i Drottinn \u00feig. N\u00fa, \u00ed hlj\u00f3mi mikils harks, kveikir hann eld \u00ed kringum \u00fea\u00f0, og \u00feeir brj\u00f3ta af \u00feess greinir.<a name=\"17\"><span class=\"versanumer\">17<\/span><\/a>Drottinn herskaranna, sem \u00feig gr\u00f3\u00f0ursetti, hefir \u00e1lykta\u00f0 \u00f3hamingju yfir \u00feig, s\u00f6kum illsku \u00cdsraels h\u00fass og J\u00fada h\u00fass, sem \u00feeir a\u00f0h\u00f6f\u00f0ust, til a\u00f0 m\u00f3\u00f0ga mig, \u00fe\u00e1 \u00feeir f\u00e6r\u00f0u Baal f\u00f3rnir.<br \/><a name=\"18\"><span class=\"versanumer\">18<\/span><\/a>Drottinn gj\u00f6r\u00f0i m\u00e9r \u00fea\u00f0 kunnugt og eg f\u00e9kk a\u00f0 vita \u00fea\u00f0; \u00ed \u00fea\u00f0 sinn s\u00fdndir \u00fe\u00fa m\u00e9r \u00feeirra verk.<a name=\"19\"><span class=\"versanumer\">19<\/span><\/a>En eg var sem heimaali\u00f0 lamb, sem leitt er til sl\u00e1trunarbekksins, og vissi ekki a\u00f0 \u00feeir voru a\u00f0 sm\u00ed\u00f0a r\u00e1\u00f0agj\u00f6r\u00f0ir m\u00f3ti m\u00e9r, <span class='VideyAth'>(\u00fe. e. \u00feessar)<\/span>: \u201eV\u00e9r skulum ey\u00f0ileggja tr\u00e9\u00f0 og \u00feess \u00e1v\u00f6xt, og uppr\u00e6ta \u00fea\u00f0 \u00far landi \u00feeirra sem lifa, svo \u00feess nafn ver\u00f0i ei framar nefnt!\u201c<a name=\"20\"><span class=\"versanumer\">20<\/span><\/a>En Drottinn herskaranna er r\u00e9ttv\u00eds d\u00f3mari sem pr\u00f3far n\u00fdru og hjarta. Eg mun sj\u00e1 \u00fe\u00edna hefnd \u00e1 \u00feeim, \u00fev\u00ed \u00fe\u00e9r hefi eg tr\u00faa\u00f0 fyrir m\u00ednu m\u00e1lefni.<a name=\"21\"><span class=\"versanumer\">21<\/span><\/a>\u00dev\u00ed segir Drottinn svo m\u00f3ti m\u00f6nnum \u00ed Anatot, sem sitja um \u00feitt l\u00edf, og segja: sp\u00e1 oss ekki \u00ed nafni Drottins, svo \u00fe\u00fa deyir ekki fyrir vorri h\u00f6nd.<a name=\"22\"><span class=\"versanumer\">22<\/span><\/a>\u00deess vegna segir Drottinn herskaranna: Sj\u00e1! eg mun refsa \u00feeim: \u00e6skumennirnir skulu falla fyrir sver\u00f0i, \u00feeirra synir og d\u00e6tur skulu deyja af hungri,<a name=\"23\"><span class=\"versanumer\">23<\/span><\/a>og ekkert skal af \u00feeim eftir ver\u00f0a; \u00fev\u00ed eg lei\u00f0i \u00f3lukku yfir menn \u00ed Anatot, \u00e1 \u00feeirra hegningart\u00edma.<\/p>\n<div class=\"footnoteVidey\"><\/div>\n","protected":false},"excerpt":{"rendered":"<p>Pr\u00e9dikun m\u00f3ti yfirtro\u00f0slum l\u00f6gm\u00e1lsins. Gy\u00f0ingar \u00e6tla a\u00f0 drepa Jerem\u00edas. 1\u00dea\u00f0 or\u00f0 sem kom til Jerem\u00edas fr\u00e1 Drottni, \u00fe\u00e1 hann m\u00e6lti:2Heyri\u00f0 or\u00f0 \u00feessa s\u00e1ttm\u00e1la, og tali\u00f0 \u00feau til J\u00fadamanna og til Jer\u00fasalems innb\u00faa!3og seg til \u00feeirra: svo segir Drottinn, \u00cdsraels Gu\u00f0: b\u00f6lva\u00f0ur (s\u00e9) s\u00e1 ma\u00f0ur sem ekki heyrir or\u00f0 \u00feessa s\u00e1ttm\u00e1la,4sem eg bau\u00f0 y\u00f0ar fe\u00f0rum, \u00feegar eg flutti \u00fe\u00e1 \u00far Egyptalandi, \u00far j\u00e1rnofninum, og sag\u00f0i: hl\u00fd\u00f0i\u00f0 minni raust, og gj\u00f6ri\u00f0 allt sem eg mun bj\u00f3\u00f0a y\u00f0ur, \u00fe\u00e1 skulu\u00f0 \u00fe\u00e9r vera mitt f\u00f3lk, og eg mun vera y\u00f0ar Gu\u00f0,5svo eg efni \u00feann ei\u00f0, sem eg s\u00f3r y\u00f0ar fe\u00f0rum, a\u00f0 gefa \u00feeim \u00fea\u00f0 <a href=\"https:\/\/biblian.is\/videy\/jeremia-11-kafli\/\"> [&#8230;]<\/a><\/p>\n","protected":false},"author":1,"featured_media":0,"parent":0,"menu_order":0,"comment_status":"open","ping_status":"open","template":"bibliukaflar.php","meta":{"footnotes":""},"class_list":["post-21605","page","type-page","status-publish","hentry"],"_links":{"self":[{"href":"https:\/\/biblian.is\/videy\/wp-json\/wp\/v2\/pages\/21605","targetHints":{"allow":["GET"]}}],"collection":[{"href":"https:\/\/biblian.is\/videy\/wp-json\/wp\/v2\/pages"}],"about":[{"href":"https:\/\/biblian.is\/videy\/wp-json\/wp\/v2\/types\/page"}],"author":[{"embeddable":true,"href":"https:\/\/biblian.is\/videy\/wp-json\/wp\/v2\/users\/1"}],"replies":[{"embeddable":true,"href":"https:\/\/biblian.is\/videy\/wp-json\/wp\/v2\/comments?post=21605"}],"version-history":[{"count":0,"href":"https:\/\/biblian.is\/videy\/wp-json\/wp\/v2\/pages\/21605\/revisions"}],"wp:attachment":[{"href":"https:\/\/biblian.is\/videy\/wp-json\/wp\/v2\/media?parent=21605"}],"curies":[{"name":"wp","href":"https:\/\/api.w.org\/{rel}","templated":true}]}}