{"id":21602,"date":"2018-01-02T01:02:54","date_gmt":"2018-01-02T01:02:54","guid":{"rendered":"http:\/\/biblian.is\/videy\/jeremia-8-kafli\/"},"modified":"2018-01-02T01:02:54","modified_gmt":"2018-01-02T01:02:54","slug":"jeremia-8-kafli","status":"publish","type":"page","link":"https:\/\/biblian.is\/videy\/jeremia-8-kafli\/","title":{"rendered":"Jerem\u00eda 8. kafli"},"content":{"rendered":"<div class=\"fyrirsognVidey\">Sama r\u00e6\u00f0a.<\/div>\n<p><a name=\"1\"><span class=\"versanumer\">1<\/span><\/a>\u00c1 sama t\u00edma, segir Drottinn, munu menn taka \u00far \u00feeirra gr\u00f6fum bein J\u00fadak\u00f3ngs, og bein hans h\u00f6f\u00f0ingja, og bein prestanna, og bein sp\u00e1mannanna og bein Jer\u00fasalems innb\u00faa,<a name=\"2\"><span class=\"versanumer\">2<\/span><\/a>og brei\u00f0a \u00feau \u00fat \u00e1 m\u00f3ti s\u00f3lunni og tunglinu, og \u00f6llum himinsins her, sem \u00feeir elsku\u00f0u, og sem \u00feeir \u00fej\u00f3nu\u00f0u, og sem \u00feeir a\u00f0hylltust, og sem \u00feeir leitu\u00f0u a\u00f0, og sem \u00feeir tilb\u00e1\u00f0u; ekki ver\u00f0ur \u00feeim saman safna\u00f0, ei ver\u00f0a \u00feau grafin, heldur ver\u00f0a \u00feau a\u00f0 \u00e1bur\u00f0i \u00e1 j\u00f6r\u00f0unni.<a name=\"3\"><span class=\"versanumer\">3<\/span><\/a>Og \u00feeir sem eftir ver\u00f0a, munu heldur kj\u00f3sa dau\u00f0a en l\u00edf, \u00feeir eftirtro\u00f0nu af \u00feessari vondu kynsl\u00f3\u00f0, \u00e1 \u00f6llum st\u00f6\u00f0um, hv\u00f6rt eg hefi \u00feeim eftiror\u00f0nu burtsnara\u00f0, segir Drottinn herskaranna. <br \/><a name=\"4\"><span class=\"versanumer\">4<\/span><\/a>Og seg \u00feeim: svo segir Drottinn: fellur nokkur svo a\u00f0 hann vilji ei uppstanda aftur? villist nokkur af lei\u00f0, sem ei sn\u00fai vi\u00f0 aftur?<a name=\"5\"><span class=\"versanumer\">5<\/span><\/a>Hv\u00f6rs vegna hefir \u00feetta f\u00f3lk, Jer\u00fasalem, villst af lei\u00f0 til \u00feess a\u00f0 villast allt af? \u00deeir eru svo fastheldnir \u00e1 t\u00e1linu, \u00feeir vilja ekki vi\u00f0 sn\u00faa.<a name=\"6\"><span class=\"versanumer\">6<\/span><\/a>Eg t\u00f3k eftir og heyr\u00f0i, \u00feeir tala ekki r\u00e9tt, engin i\u00f0rast sinnar illsku, og segir: hva\u00f0 hefi eg gj\u00f6rt? allir beygja af lei\u00f0 \u00ed \u00feeirra r\u00e1\u00f0s eins og hestur sem hleypur \u00ed orrustu.<a name=\"7\"><span class=\"versanumer\">7<\/span><\/a>Storkurinn undir himninum \u00feekkir sinn t\u00edma, og turtild\u00fafan og tranan og svalan gefa gaum t\u00edma \u00feeirra afturkomu, en mitt f\u00f3lk \u00feekkir ekki r\u00e9ttindi Drottins.<a name=\"8\"><span class=\"versanumer\">8<\/span><\/a>Hv\u00f6rnig geti\u00f0 \u00fe\u00e9r sagt: v\u00e9r erum vitrir, og v\u00e9r \u00feekkjum Drottins l\u00f6gm\u00e1l? sannarlega gj\u00f6rir lygapenni skrifarans <span class='VideyAth'>(Drottins l\u00f6gm\u00e1l)<\/span> \u00fea\u00f0 a\u00f0 lygi.<a name=\"9\"><span class=\"versanumer\">9<\/span><\/a>\u00deeir vitru ver\u00f0a til skammar, skelka\u00f0ir og fl\u00e6ktir: sj\u00e1, or\u00f0i Drottins hafa \u00feeir burtsnara\u00f0, og hv\u00f6rja visku hafa \u00feeir? <br \/><a name=\"10\"><span class=\"versanumer\">10<\/span><\/a>\u00dev\u00ed mun eg gefa konur \u00feeirra \u00f6\u00f0rum, \u00feeim, akra \u00feeirra, sem n\u00e1 \u00feeim; \u00fev\u00ed st\u00f3rir og sm\u00e1ir eru s\u00f3lgnir \u00ed \u00e1bata; fr\u00e1 sp\u00e1m\u00f6nnum til presta, i\u00f0ka \u00feeir \u00f6ll svik.<a name=\"11\"><span class=\"versanumer\">11<\/span><\/a>Og \u00feeir l\u00e6kna s\u00e1r m\u00edns f\u00f3lks me\u00f0 h\u00e6gu m\u00f3ti segjandi: fri\u00f0ur! fri\u00f0ur! og \u00fe\u00f3 er enginn fri\u00f0ur.<a name=\"12\"><span class=\"versanumer\">12<\/span><\/a>\u00deeir ver\u00f0a til skammar, \u00fev\u00ed vi\u00f0bj\u00f3\u00f0 a\u00f0hafast \u00feeir; ekki skammast \u00feeir s\u00edn samt, \u00feeir kunna \u00fea\u00f0 ekki, \u00fev\u00ed munu \u00feeir falla me\u00f0al \u00feeirra sem falla; \u00e1 \u00feeirra hegningart\u00edma munu \u00feeir steypast, segir Drottinn.<a name=\"13\"><span class=\"versanumer\">13<\/span><\/a>Enda vil eg \u00e1 \u00feeim gj\u00f6ra, segir Drottinn; engin v\u00ednber skulu eftir ver\u00f0a \u00e1 v\u00ednvi\u00f0num, engar f\u00edkjur \u00e1 f\u00edkjutr\u00e9nu, og bl\u00f6\u00f0in skulu visna <span class='VideyAth'>a)<\/span>; <span class='VideyAth'>(\u00fea\u00f0 sem)<\/span> eg hefi gefi\u00f0 \u00feeim skal fr\u00e1 \u00feeim takast. <br \/><a name=\"14\"><span class=\"versanumer\">14<\/span><\/a>\u201eYfir hv\u00f6rjum sitjum v\u00e9r? heimtist saman a\u00f0 v\u00e9r f\u00f6rum \u00ed \u00fe\u00e6r sterku borgir og fyrirf\u00f6rumst \u00fear, \u00fev\u00ed Drottinn, vor Gu\u00f0, hefir \u00e1lykta\u00f0 vora \u00fe\u00f6gn <span class='VideyAth'>(dau\u00f0a)<\/span> og drykkja\u00f0 oss me\u00f0 \u00f3lyfjunarvatni; \u00fev\u00ed v\u00e9r h\u00f6fum syndga\u00f0 m\u00f3ti Drottni.<a name=\"15\"><span class=\"versanumer\">15<\/span><\/a>V\u00e9r v\u00e6ntum g\u00e6fu, en \u00fear er ekkert gott \u00e1 fer\u00f0, l\u00e6kningart\u00edma, og sj\u00e1, \u00fear er skelfing.<a name=\"16\"><span class=\"versanumer\">16<\/span><\/a>Fr\u00e1 Dan heyrist fr\u00fds \u00feeirra hesta; af hv\u00edi \u00feeirra gra\u00f0hesta n\u00f6trar allt landi\u00f0; og \u00feeir koma og ey\u00f0a landi\u00f0, og \u00fea\u00f0 sem \u00ed \u00fev\u00ed er, sta\u00f0ina og \u00feeirra innb\u00faa.<a name=\"17\"><span class=\"versanumer\">17<\/span><\/a>J\u00e1, sj\u00e1, eg sendi me\u00f0al y\u00f0ar h\u00f6ggorma, basiliska, m\u00f3ti hv\u00f6rjum s\u00e6ringar ekki sto\u00f0a, \u00feeir skulu y\u00f0ur stinga, segir Drottinn.<a name=\"18\"><span class=\"versanumer\">18<\/span><\/a><span class='VideyAth'>(Hv\u00f6r gefur)<\/span> m\u00e9r hugsv\u00f6lun \u00ed minni m\u00e6\u00f0u? mitt hjarta er veikt \u00ed m\u00e9r!<a name=\"19\"><span class=\"versanumer\">19<\/span><\/a>Sj\u00e1, harmakvein m\u00edns f\u00f3lks hlj\u00f3mar fr\u00e1 fj\u00e6rl\u00e6gu landi: \u201eEr Drottinn ekki framar \u00ed S\u00edon, er hennar k\u00f3ngur ekki \u00ed henni?\u201c<a name=\"20\"><span class=\"versanumer\">20<\/span><\/a>\u201eUppskeran er \u00e1 enda, \u00e1vaxta safni\u00f0 b\u00fai\u00f0 <span class='VideyAth'>(sumari\u00f0 \u00fati)<\/span> og v\u00e9r h\u00f6fum ekki fengi\u00f0 hj\u00e1lp!\u201c<br \/><a name=\"21\"><span class=\"versanumer\">21<\/span><\/a>S\u00e1r m\u00edns f\u00f3lks eru m\u00edn s\u00e1r, eg geng \u00ed sorg, ofbo\u00f0 gr\u00edpur mig.<a name=\"22\"><span class=\"versanumer\">22<\/span><\/a>Eru engin smyrsli \u00ed G\u00edlea\u00f0, er \u00fear enginn l\u00e6knir? \u00fev\u00ed er ekki bundi\u00f0 um s\u00e1r m\u00edns f\u00f3lks?<a name=\"23\"><span class=\"versanumer\">23<\/span><\/a>\u00c6! a\u00f0 mitt h\u00f6fu\u00f0 v\u00e6ri vatn og m\u00edn augu t\u00e1rauppspretta! \u00fe\u00e1 skyldi eg gr\u00e1ta n\u00e6tur og daga \u00fe\u00e1 \u00ed hel slegnu af m\u00ednu f\u00f3lki!<\/p>\n<div class=\"footnoteVidey\">V. 13. a. \u00dea\u00f0 sem eg hefi etc. a\u00f0rir: \u00feau bo\u00f0or\u00f0 sem eg hefi gefi\u00f0 \u00feeim, yfirtro\u00f0a \u00feeir, a\u00f0r: \u00f6\u00f0ruv\u00edsi.<\/div>\n","protected":false},"excerpt":{"rendered":"<p>Sama r\u00e6\u00f0a. 1\u00c1 sama t\u00edma, segir Drottinn, munu menn taka \u00far \u00feeirra gr\u00f6fum bein J\u00fadak\u00f3ngs, og bein hans h\u00f6f\u00f0ingja, og bein prestanna, og bein sp\u00e1mannanna og bein Jer\u00fasalems innb\u00faa,2og brei\u00f0a \u00feau \u00fat \u00e1 m\u00f3ti s\u00f3lunni og tunglinu, og \u00f6llum himinsins her, sem \u00feeir elsku\u00f0u, og sem \u00feeir \u00fej\u00f3nu\u00f0u, og sem \u00feeir a\u00f0hylltust, og sem \u00feeir leitu\u00f0u a\u00f0, og sem \u00feeir tilb\u00e1\u00f0u; ekki ver\u00f0ur \u00feeim saman safna\u00f0, ei ver\u00f0a \u00feau grafin, heldur ver\u00f0a \u00feau a\u00f0 \u00e1bur\u00f0i \u00e1 j\u00f6r\u00f0unni.3Og \u00feeir sem eftir ver\u00f0a, munu heldur kj\u00f3sa dau\u00f0a en l\u00edf, \u00feeir eftirtro\u00f0nu af \u00feessari vondu kynsl\u00f3\u00f0, \u00e1 \u00f6llum st\u00f6\u00f0um, hv\u00f6rt eg hefi \u00feeim <a href=\"https:\/\/biblian.is\/videy\/jeremia-8-kafli\/\"> [&#8230;]<\/a><\/p>\n","protected":false},"author":1,"featured_media":0,"parent":0,"menu_order":0,"comment_status":"open","ping_status":"open","template":"bibliukaflar.php","meta":{"footnotes":""},"class_list":["post-21602","page","type-page","status-publish","hentry"],"_links":{"self":[{"href":"https:\/\/biblian.is\/videy\/wp-json\/wp\/v2\/pages\/21602","targetHints":{"allow":["GET"]}}],"collection":[{"href":"https:\/\/biblian.is\/videy\/wp-json\/wp\/v2\/pages"}],"about":[{"href":"https:\/\/biblian.is\/videy\/wp-json\/wp\/v2\/types\/page"}],"author":[{"embeddable":true,"href":"https:\/\/biblian.is\/videy\/wp-json\/wp\/v2\/users\/1"}],"replies":[{"embeddable":true,"href":"https:\/\/biblian.is\/videy\/wp-json\/wp\/v2\/comments?post=21602"}],"version-history":[{"count":0,"href":"https:\/\/biblian.is\/videy\/wp-json\/wp\/v2\/pages\/21602\/revisions"}],"wp:attachment":[{"href":"https:\/\/biblian.is\/videy\/wp-json\/wp\/v2\/media?parent=21602"}],"curies":[{"name":"wp","href":"https:\/\/api.w.org\/{rel}","templated":true}]}}