{"id":21601,"date":"2018-01-02T01:02:54","date_gmt":"2018-01-02T01:02:54","guid":{"rendered":"http:\/\/biblian.is\/videy\/jeremia-7-kafli\/"},"modified":"2018-01-02T01:02:54","modified_gmt":"2018-01-02T01:02:54","slug":"jeremia-7-kafli","status":"publish","type":"page","link":"https:\/\/biblian.is\/videy\/jeremia-7-kafli\/","title":{"rendered":"Jerem\u00eda 7. kafli"},"content":{"rendered":"<div class=\"fyrirsognVidey\">\u00d6nnur r\u00e6\u00f0a l\u00edk \u00feeirri fyrri.<\/div>\n<p><a name=\"1\"><span class=\"versanumer\">1<\/span><\/a><span class='VideyAth'>(\u00deetta er)<\/span> \u00fea\u00f0 or\u00f0, sem kom fr\u00e1 Drottni til Jerem\u00edas, og sag\u00f0i:<a name=\"2\"><span class=\"versanumer\">2<\/span><\/a>gakk \u00ed dyr Drottins h\u00fass, og \u00fathr\u00f3pa \u00fear \u00feessi or\u00f0 og seg: heyri\u00f0 or\u00f0 Drottins, allir af J\u00fada, sem gangi\u00f0 inn um \u00feessar dyr, a\u00f0 tilbi\u00f0ja frammi fyrir Drottni!<a name=\"3\"><span class=\"versanumer\">3<\/span><\/a>Svo segir Drottinn herskaranna, \u00cdsraels Gu\u00f0: b\u00e6ti\u00f0 y\u00f0ar breytni og y\u00f0ar ath\u00e6fi, svo vil eg lofa y\u00f0ur a\u00f0 b\u00faa \u00e1 \u00feessum sta\u00f0.<a name=\"4\"><span class=\"versanumer\">4<\/span><\/a>Rei\u00f0i\u00f0 y\u00f0ur ekki \u00e1 lygatal, \u00fe\u00e1 menn segja: \u00feetta er musteri Drottins, musteri Drottins, musteri Drottins!<a name=\"5\"><span class=\"versanumer\">5<\/span><\/a>\u00dev\u00ed ef \u00fe\u00e9r b\u00e6ti\u00f0 y\u00f0ar breytni og ath\u00e6fi, ef \u00fe\u00e9r i\u00f0ki\u00f0 r\u00e9ttv\u00edsi hv\u00f6r vi\u00f0 annan,<a name=\"6\"><span class=\"versanumer\">6<\/span><\/a>undir\u00ferykki\u00f0 ei \u00fatlending, muna\u00f0arleysing n\u00e9 ekkju, \u00fathelli\u00f0 ei saklausu bl\u00f3\u00f0i \u00e1 \u00feessum sta\u00f0, a\u00f0hyllist ei a\u00f0ra Gu\u00f0i y\u00f0ur til tj\u00f3ns:<a name=\"7\"><span class=\"versanumer\">7<\/span><\/a>\u00fe\u00e1 l\u00e6t eg y\u00f0ur b\u00faa \u00e1 \u00feessum sta\u00f0, \u00ed landinu, sem eg hefi gefi\u00f0 y\u00f0ar fe\u00f0rum fr\u00e1 eil\u00edf\u00f0 til eil\u00edf\u00f0ar.<a name=\"8\"><span class=\"versanumer\">8<\/span><\/a>Sj\u00e1! \u00fe\u00e9r rei\u00f0i\u00f0 y\u00f0ur \u00e1 lygatal, sem ekki sto\u00f0ar.<a name=\"9\"><span class=\"versanumer\">9<\/span><\/a>\u00de\u00e9r steli\u00f0, myr\u00f0i\u00f0, h\u00f3rist, sverji\u00f0 meins\u00e6ri, gj\u00f6ri\u00f0 reyk fyrir Baal, a\u00f0hyllist a\u00f0ra gu\u00f0i, sem \u00fe\u00e9r ekki \u00feekki\u00f0;<a name=\"10\"><span class=\"versanumer\">10<\/span><\/a>og svo komi\u00f0 \u00fe\u00e9r, gangi\u00f0 fyrir mitt auglit \u00ed \u00feessu h\u00fasi, sem nefnt er eftir m\u00ednu nafni, og hugsi\u00f0: \u201e\u00f3h\u00e6tt er oss \u00fe\u00f3 v\u00e9r a\u00f0h\u00f6fumst alla \u00feessa sv\u00edvir\u00f0ingu\u201c.<a name=\"11\"><span class=\"versanumer\">11<\/span><\/a>Er \u00fe\u00e1 \u00feetta h\u00fas, sem nefnt er eftir m\u00ednu nafni, or\u00f0i\u00f0 mor\u00f0ingjab\u00e6li fyrir y\u00f0ar augum? \u00feetta hefi eg l\u00edka s\u00e9\u00f0, segir Drottinn.<br \/><a name=\"12\"><span class=\"versanumer\">12<\/span><\/a>\u00dev\u00ed fari\u00f0 n\u00fa til m\u00edns b\u00fasta\u00f0ar, sem var \u00ed S\u00edl\u00f3, hvar eg for\u00f0um l\u00e9t mitt nafn b\u00faa, og sj\u00e1i\u00f0 hva\u00f0 eg hefi gj\u00f6rt vi\u00f0 hann, sakir vonsku m\u00edns f\u00f3lks \u00cdsraels!<a name=\"13\"><span class=\"versanumer\">13<\/span><\/a>og \u00fear e\u00f0 \u00fe\u00e9r n\u00fa a\u00f0hafist allt \u00feetta, segir Drottinn, og eg hefi \u00fe\u00f3 tala\u00f0 vi\u00f0 y\u00f0ur fr\u00e1 \u00fev\u00ed snemma morguns, <span class='VideyAth'>(seint og snemma)<\/span> hafi\u00f0 \u00fe\u00e9r ekki hl\u00fdtt, og \u00fe\u00f3 eg hafi kalla\u00f0 y\u00f0ur, hafi\u00f0 \u00fe\u00e9r ekki svara\u00f0:<a name=\"14\"><span class=\"versanumer\">14<\/span><\/a>Svo fer eg me\u00f0 h\u00fasi\u00f0 sem nefnt er eftir m\u00ednu nafni, og sem \u00fe\u00e9r treysti\u00f0 \u00e1, og me\u00f0 landi\u00f0 sem eg hefi gefi\u00f0 y\u00f0ur, og y\u00f0ar fe\u00f0rum, eins og eg f\u00f3r me\u00f0 S\u00edl\u00f3,<a name=\"15\"><span class=\"versanumer\">15<\/span><\/a>og \u00fatsk\u00fafa y\u00f0ur fr\u00e1 m\u00ednu augliti, eins og eg hefi \u00fatsk\u00fafa\u00f0 \u00f6llum y\u00f0ar br\u00e6\u00f0rum, Efraimsni\u00f0jum.<a name=\"16\"><span class=\"versanumer\">16<\/span><\/a>En bi\u00f0 \u00fe\u00fa ekki fyrir \u00feetta f\u00f3lk, og upphef ei fyrir \u00fea\u00f0 b\u00e6n og gr\u00e1tbei\u00f0ni, og legg \u00fe\u00fa ekki a\u00f0 m\u00e9r; \u00fev\u00ed eg heyri \u00feig ekki.<a name=\"17\"><span class=\"versanumer\">17<\/span><\/a>S\u00e9r\u00f0u ekki \u00fea\u00f0 sem \u00feeir a\u00f0hafast \u00ed J\u00fada st\u00f6\u00f0um, og \u00e1 Jer\u00fasalems str\u00e6tum?<a name=\"18\"><span class=\"versanumer\">18<\/span><\/a>B\u00f6rnin t\u00edna saman vi\u00f0, og fe\u00f0urnir kveikja eld, og konurnar hno\u00f0a deig, til a\u00f0 gj\u00f6ra himinsins drottningu k\u00f6ku, og f\u00e6ra \u00feakkarf\u00f3rn framandi gu\u00f0um, til a\u00f0 str\u00ed\u00f0a m\u00e9r.<a name=\"19\"><span class=\"versanumer\">19<\/span><\/a>En str\u00ed\u00f0a \u00feeir m\u00e9r, segir Drottinn, ekki sj\u00e1lfum s\u00e9r, til sneypu eigins andlits? <br \/><a name=\"20\"><span class=\"versanumer\">20<\/span><\/a>\u00dev\u00ed segir Herrann, Drottinn, svo: sj\u00e1! m\u00edn rei\u00f0i og grimmd skal s\u00e9r \u00fathella yfir \u00feennan sta\u00f0, menn og f\u00e9na\u00f0, yfir tr\u00e9 landsins, og \u00e1vexti akursins, og h\u00fan skal loga og ekki slokkna.<a name=\"21\"><span class=\"versanumer\">21<\/span><\/a>Svo segir Drottinn herskaranna, \u00cdsraels Gu\u00f0: b\u00e6ti\u00f0 brennif\u00f3rninni vi\u00f0 sl\u00e1turf\u00f3rnina, og eti\u00f0 kj\u00f6t!<a name=\"22\"><span class=\"versanumer\">22<\/span><\/a>\u00dev\u00ed ekki tala\u00f0i eg vi\u00f0 y\u00f0ar fe\u00f0ur, og ekki bau\u00f0 eg \u00feeim,  \u00fe\u00e1 eg flutti \u00fe\u00e1 burt af Egyptalandi <span class='VideyAth'>(neitt)<\/span> um brennif\u00f3rn og sl\u00e1turf\u00f3rn;<a name=\"23\"><span class=\"versanumer\">23<\/span><\/a>heldur bau\u00f0 eg \u00feeim \u00feetta, og sag\u00f0i: heyri\u00f0 m\u00edna raust! svo skal eg vera y\u00f0ar Gu\u00f0, og \u00fe\u00e9r skulu\u00f0 vera mitt f\u00f3lk og gangi\u00f0 algj\u00f6rlega \u00e1 \u00feeim vegi sem eg mun bj\u00f3\u00f0a y\u00f0ur, svo y\u00f0ur vel vegni.<a name=\"24\"><span class=\"versanumer\">24<\/span><\/a>En \u00feeir heyr\u00f0u ekki, og l\u00f6g\u00f0u ekki vi\u00f0 eyrun og gengu eftir r\u00e1\u00f0um og \u00feverlyndi s\u00edns vonda hjarta, og sneru vi\u00f0 m\u00e9r bakinu og ekki andlitinu.<a name=\"25\"><span class=\"versanumer\">25<\/span><\/a>Fr\u00e1 \u00feeim degi, a\u00f0 y\u00f0ar fe\u00f0ur f\u00f3ru burt \u00far Egyptalandi, allt til \u00feessa dags, sendi eg til y\u00f0ar alla m\u00edna \u00fej\u00f3na, sp\u00e1mennina, daglega snemma morguns.<a name=\"26\"><span class=\"versanumer\">26<\/span><\/a>En \u00feeir heyr\u00f0u mig ekki, l\u00f6g\u00f0u ekki vi\u00f0 eyra\u00f0, og voru har\u00f0sv\u00edra\u00f0ir; og breyttu enn verr en fe\u00f0ur \u00feeirra.<a name=\"27\"><span class=\"versanumer\">27<\/span><\/a>Og \u00fe\u00f3 \u00fe\u00fa talir vi\u00f0 \u00fe\u00e1 \u00f6ll \u00feessi or\u00f0, svo munu \u00feeir ekki heyra \u00feig; og \u00fe\u00f3 \u00fe\u00fa kallir til \u00feeirra, svo ansa \u00feeir \u00fe\u00e9r ekki.<a name=\"28\"><span class=\"versanumer\">28<\/span><\/a>\u00de\u00e1 skaltu samt segja til \u00feeirra: \u00feetta er \u00fea\u00f0 f\u00f3lk, sem ekki heyrir raust Drottins s\u00edns Gu\u00f0s, og tekur engri umv\u00f6ndun; horfin er sannleikurinn og afm\u00e1\u00f0ur \u00far \u00feeirra munni. <br \/><a name=\"29\"><span class=\"versanumer\">29<\/span><\/a>Sker af \u00fe\u00e9r h\u00e1ri\u00f0 <span class='VideyAth'>(Jer\u00fasalem)<\/span>! og kasta \u00fev\u00ed \u00e1 j\u00f6r\u00f0ina, og upphef \u00feitt kvein \u00e1 h\u00e6\u00f0unum, \u00fev\u00ed Drottinn hefir burtkasta\u00f0 og \u00fatsk\u00fafa\u00f0 \u00feeirri kynsl\u00f3\u00f0 sem hann reiddist.<a name=\"30\"><span class=\"versanumer\">30<\/span><\/a>\u00dev\u00ed J\u00fadasynir gj\u00f6r\u00f0u \u00fea\u00f0, sem illt er \u00ed m\u00ednum augum, segir Drottinn; \u00feeir settu s\u00edn vi\u00f0bj\u00f3\u00f0slegu go\u00f0 \u00ed \u00fea\u00f0 h\u00fas, sem nefnt var eftir m\u00ednu nafni, til \u00feess a\u00f0 saurga \u00fea\u00f0.<a name=\"31\"><span class=\"versanumer\">31<\/span><\/a>Og \u00feeir bygg\u00f0u T\u00f3fetsh\u00e6\u00f0 \u00ed dal Hinnomssona, til \u00feess a\u00f0 brenna s\u00edna syni og d\u00e6tur \u00ed eldi, sem eg hefi ekki bo\u00f0i\u00f0 og m\u00e9r hefir ekki \u00ed hug komi\u00f0.<a name=\"32\"><span class=\"versanumer\">32<\/span><\/a>Sj\u00e1i\u00f0 \u00fev\u00ed, dagar koma, segir Drottinn, \u00fe\u00e1 menn ei munu kalla \u00fea\u00f0 T\u00f3fet, n\u00e9 dal Hinnomssona, heldur Dr\u00e1psdal, og menn munu jar\u00f0a \u00ed T\u00f3fet, af \u00fev\u00ed pl\u00e1ss vantar.<a name=\"33\"><span class=\"versanumer\">33<\/span><\/a>Og l\u00edkamir \u00feessa f\u00f3lks munu ver\u00f0a \u00e6ti himinsins fugla og landsins d\u00fdra, og enginn mun \u00feau burtf\u00e6la.<a name=\"34\"><span class=\"versanumer\">34<\/span><\/a>Og enda gj\u00f6ri eg \u00ed J\u00fada st\u00f6\u00f0um og Jer\u00fasalems str\u00e6tum, \u00e1 gle\u00f0i raust og f\u00f6gnu\u00f0i, raust br\u00fa\u00f0gumans og br\u00fa\u00f0urinnar; \u00fev\u00ed a\u00f0 r\u00fastum skal landi\u00f0 ver\u00f0a.<\/p>\n<div class=\"footnoteVidey\">V. 21. F\u00e6ri\u00f0 m\u00e9r enga brennif\u00f3rn, eti\u00f0 allt sj\u00e1lfir.  V. 31. T\u00f3fet, (hr\u00e1kasta\u00f0ur) sem ver\u00f0skuldar a\u00f0 hr\u00e6kt s\u00e9 \u00e1. \u00c1 \u00feessum sta\u00f0 voru afgu\u00f0ir miki\u00f0 d\u00fdrka\u00f0ir.<\/div>\n","protected":false},"excerpt":{"rendered":"<p>\u00d6nnur r\u00e6\u00f0a l\u00edk \u00feeirri fyrri. 1(\u00deetta er) \u00fea\u00f0 or\u00f0, sem kom fr\u00e1 Drottni til Jerem\u00edas, og sag\u00f0i:2gakk \u00ed dyr Drottins h\u00fass, og \u00fathr\u00f3pa \u00fear \u00feessi or\u00f0 og seg: heyri\u00f0 or\u00f0 Drottins, allir af J\u00fada, sem gangi\u00f0 inn um \u00feessar dyr, a\u00f0 tilbi\u00f0ja frammi fyrir Drottni!3Svo segir Drottinn herskaranna, \u00cdsraels Gu\u00f0: b\u00e6ti\u00f0 y\u00f0ar breytni og y\u00f0ar ath\u00e6fi, svo vil eg lofa y\u00f0ur a\u00f0 b\u00faa \u00e1 \u00feessum sta\u00f0.4Rei\u00f0i\u00f0 y\u00f0ur ekki \u00e1 lygatal, \u00fe\u00e1 menn segja: \u00feetta er musteri Drottins, musteri Drottins, musteri Drottins!5\u00dev\u00ed ef \u00fe\u00e9r b\u00e6ti\u00f0 y\u00f0ar breytni og ath\u00e6fi, ef \u00fe\u00e9r i\u00f0ki\u00f0 r\u00e9ttv\u00edsi hv\u00f6r vi\u00f0 annan,6undir\u00ferykki\u00f0 ei \u00fatlending, muna\u00f0arleysing n\u00e9 ekkju, <a href=\"https:\/\/biblian.is\/videy\/jeremia-7-kafli\/\"> [&#8230;]<\/a><\/p>\n","protected":false},"author":1,"featured_media":0,"parent":0,"menu_order":0,"comment_status":"open","ping_status":"open","template":"bibliukaflar.php","meta":{"footnotes":""},"class_list":["post-21601","page","type-page","status-publish","hentry"],"_links":{"self":[{"href":"https:\/\/biblian.is\/videy\/wp-json\/wp\/v2\/pages\/21601","targetHints":{"allow":["GET"]}}],"collection":[{"href":"https:\/\/biblian.is\/videy\/wp-json\/wp\/v2\/pages"}],"about":[{"href":"https:\/\/biblian.is\/videy\/wp-json\/wp\/v2\/types\/page"}],"author":[{"embeddable":true,"href":"https:\/\/biblian.is\/videy\/wp-json\/wp\/v2\/users\/1"}],"replies":[{"embeddable":true,"href":"https:\/\/biblian.is\/videy\/wp-json\/wp\/v2\/comments?post=21601"}],"version-history":[{"count":0,"href":"https:\/\/biblian.is\/videy\/wp-json\/wp\/v2\/pages\/21601\/revisions"}],"wp:attachment":[{"href":"https:\/\/biblian.is\/videy\/wp-json\/wp\/v2\/media?parent=21601"}],"curies":[{"name":"wp","href":"https:\/\/api.w.org\/{rel}","templated":true}]}}