{"id":21599,"date":"2018-01-02T01:02:54","date_gmt":"2018-01-02T01:02:54","guid":{"rendered":"http:\/\/biblian.is\/videy\/jeremia-5-kafli\/"},"modified":"2018-01-02T01:02:54","modified_gmt":"2018-01-02T01:02:54","slug":"jeremia-5-kafli","status":"publish","type":"page","link":"https:\/\/biblian.is\/videy\/jeremia-5-kafli\/","title":{"rendered":"Jerem\u00eda 5. kafli"},"content":{"rendered":"<div class=\"fyrirsognVidey\">Sama r\u00e6\u00f0a.<\/div>\n<p><a name=\"1\"><span class=\"versanumer\">1<\/span><\/a>Gangi\u00f0 um Jer\u00fasalems str\u00e6ti og sko\u00f0i\u00f0 og grennslist eftir, og leiti\u00f0 \u00e1 hennar torgum, hv\u00f6rt \u00fe\u00e9r finni\u00f0 nokkurn, hv\u00f6rt einn i\u00f0kar r\u00e9ttv\u00edsi, leitar sannleikans: \u00fe\u00e1 skal eg fyrirgefa henni.<a name=\"2\"><span class=\"versanumer\">2<\/span><\/a>Og \u00fe\u00f3 \u00feeir segi: \u201esvo sannarlega, sem Drottinn lifir\u201c! sverja \u00feeir engu a\u00f0 s\u00ed\u00f0ur meins\u00e6ri.<a name=\"3\"><span class=\"versanumer\">3<\/span><\/a>Drottinn! stefna \u00fe\u00edn augu ekki \u00e1 sannleikann? \u00de\u00fa sl\u00e6r \u00fe\u00e1, en \u00feeir kenna ekki til \u00feess; \u00fe\u00fa l\u00e6tur \u00fe\u00e1 tj\u00f3n l\u00ed\u00f0a, \u00feeir taka engum aga; \u00feeirra andlit er har\u00f0ara en steinn; \u00feeir vilja ekki sn\u00faa s\u00e9r.<a name=\"4\"><span class=\"versanumer\">4<\/span><\/a>Og eg hugsa\u00f0i: \u00fea\u00f0 eru a\u00f0eins enir l\u00edtilm\u00f3tlegu, \u00feeir eru f\u00e1v\u00edsir, \u00fev\u00ed \u00feeir \u00feekkja ekki Drottins veg, r\u00e9ttindi s\u00edns Gu\u00f0s.<a name=\"5\"><span class=\"versanumer\">5<\/span><\/a>Eg skal ganga til hinna miklu manna, og tala vi\u00f0 \u00fe\u00e1; \u00fev\u00ed \u00feeir \u00feekkja \u00fe\u00f3 Drottins veg, r\u00e9ttindi s\u00edns Gu\u00f0s. En allir til samans hafa oki\u00f0 sundurbroti\u00f0 og sliti\u00f0 af s\u00e9r b\u00f6ndin.<br \/><a name=\"6\"><span class=\"versanumer\">6<\/span><\/a>\u00dev\u00ed mun lj\u00f3ni\u00f0 \u00far sk\u00f3ginum vinna \u00e1 \u00feeim, og \u00falfurinn \u00e1 kv\u00f6ldin olla \u00feeim tj\u00f3ns; pardusd\u00fdri\u00f0 umsitur \u00feeirra borgir, hv\u00f6r sem \u00fat \u00far \u00feeim fer, mun ver\u00f0a sundurrifinn; \u00fev\u00ed margar eru \u00feeirra syndir, \u00f3tal \u00feeirra yfirtro\u00f0slur. <br \/><a name=\"7\"><span class=\"versanumer\">7<\/span><\/a>Hv\u00ed skyldi eg fyrirgefa \u00fe\u00e9r? \u00fe\u00ednir synir hafa yfirgefi\u00f0 mig, og sverja vi\u00f0 hj\u00e1gu\u00f0i <span class='VideyAth'>(sem ekki eru gu\u00f0ir)<\/span>, eg t\u00f3k af \u00feeim <span class='VideyAth'>(trygg\u00f0a)<\/span>ei\u00f0, \u00feeir t\u00f3ku framhj\u00e1, og hlupu \u00ed h\u00f3ruh\u00fasi\u00f0, h\u00f3pum saman.<a name=\"8\"><span class=\"versanumer\">8<\/span><\/a>Eins og s\u00e6llegir st\u00f3\u00f0hestar hlupu \u00feeir um kring og snuddu\u00f0u hv\u00f6r eftir annars manns konu:<a name=\"9\"><span class=\"versanumer\">9<\/span><\/a>\u00e6tti eg ei a\u00f0 straffa sl\u00edkt, segir Drottinn, ekki l\u00e1ta hefnd koma yfir anna\u00f0 eins f\u00f3lk og \u00feetta? <br \/><a name=\"10\"><span class=\"versanumer\">10<\/span><\/a>Gangi\u00f0 upp borgarvegginn, og ni\u00f0urbrj\u00f3ti\u00f0, en ey\u00f0ileggi\u00f0 ekki algj\u00f6rlega! r\u00edfi\u00f0 burt \u00feeirra v\u00ednberjaklasa! \u00fev\u00ed \u00feeir eru ei Drottins.<a name=\"11\"><span class=\"versanumer\">11<\/span><\/a>\u00dev\u00ed \u00f3tr\u00fatt var\u00f0 m\u00e9r \u00cdsraels h\u00fas og J\u00fada h\u00fas, segir Drottinn.<a name=\"12\"><span class=\"versanumer\">12<\/span><\/a>\u00deeir afneita Drottni, og segja: \u201ehann er ekki <span class='VideyAth'>(til)<\/span>, og ekki mun \u00f3lukka yfir oss koma, og sver\u00f0 og sult munum v\u00e9r ekki sj\u00e1.<a name=\"13\"><span class=\"versanumer\">13<\/span><\/a>Og sp\u00e1mennirnir munu ver\u00f0a a\u00f0 vindi, og <span class='VideyAth'>(Drottins)<\/span> or\u00f0 er ekki \u00ed \u00feeim: svo ver\u00f0i \u00feeim sj\u00e1lfum!\u201c<a name=\"14\"><span class=\"versanumer\">14<\/span><\/a>\u00dev\u00ed segir Drottinn svo, Gu\u00f0 herskaranna: Me\u00f0an \u00fe\u00e9r tali\u00f0 \u00feessi or\u00f0, sj\u00e1! svo gj\u00f6ri eg m\u00edn or\u00f0 \u00ed \u00fe\u00ednum munni a\u00f0 eldi, og \u00feetta f\u00f3lk a\u00f0 vi\u00f0i, og \u00fea\u00f0 skal \u00feeim ey\u00f0a.<a name=\"15\"><span class=\"versanumer\">15<\/span><\/a>Sj\u00e1! eg lei\u00f0i yfir y\u00f0ur f\u00f3lk, \u00far fjarl\u00e6g\u00f0, \u00cdsraels h\u00fas, segir Drottinn: \u00fea\u00f0 er \u00f6flugt f\u00f3lk, eitthv\u00f6rt \u00fea\u00f0 elsta f\u00f3lk, \u00fea\u00f0 f\u00f3lk, hv\u00f6rs tungum\u00e1l \u00fe\u00fa ekki \u00feekkir, og skilur ekki hva\u00f0 \u00fea\u00f0 talar.<a name=\"16\"><span class=\"versanumer\">16<\/span><\/a>\u00deess p\u00edlnakoffur er sem opin gr\u00f6f, allir eru \u00feeir kappar.<a name=\"17\"><span class=\"versanumer\">17<\/span><\/a>Og \u00fea\u00f0 mun ey\u00f0a \u00feinni uppskeru og \u00fe\u00ednu brau\u00f0i; \u00feeir munu vinna tj\u00f3n \u00fe\u00ednum sonum og d\u00e6trum, eta upp \u00fe\u00edna sau\u00f0i og naut; eta upp \u00fe\u00edn v\u00edntr\u00e9 og f\u00edkjutr\u00e9; \u00fea\u00f0 mun ni\u00f0urbrj\u00f3ta \u00fe\u00ednar sterku borgir, er \u00fe\u00fa rei\u00f0ir \u00feig \u00e1, me\u00f0 sver\u00f0i.<a name=\"18\"><span class=\"versanumer\">18<\/span><\/a>En engu a\u00f0 s\u00ed\u00f0ur, \u00e1 \u00feeim d\u00f6gum mun eg ekki, segir Drottinn, gj\u00f6ra \u00fataf vi\u00f0 y\u00f0ur. <br \/><a name=\"19\"><span class=\"versanumer\">19<\/span><\/a>Og \u00feegar \u00fe\u00e9r segi\u00f0: hvar fyrir hefir Drottinn vor Gu\u00f0 gj\u00f6rt oss allt \u00feetta? svo seg \u00fe\u00fa \u00feeim: \u201eeins og \u00fe\u00e9r yfirg\u00e1fu\u00f0 mig og \u00fej\u00f3nu\u00f0u\u00f0 \u00fatlendra gu\u00f0um \u00ed y\u00f0ar landi: svo skulu\u00f0 \u00fe\u00e9r \u00fej\u00f3na \u00fatlendum \u00ed \u00fev\u00ed landi, sem ekki er y\u00f0ar <span class='VideyAth'>(land)<\/span>\u201c.<a name=\"20\"><span class=\"versanumer\">20<\/span><\/a>Seg\u00f0u \u00feessi t\u00ed\u00f0indi Jakobs h\u00fasi, og kunngj\u00f6r \u00fe\u00fa \u00fea\u00f0 \u00ed J\u00fada, og seg:<a name=\"21\"><span class=\"versanumer\">21<\/span><\/a>heyri \u00fea\u00f0 hi\u00f0 f\u00e1v\u00edsa, skilningslausa f\u00f3lk, sem hefir augu og s\u00e9r ekki, eyru og heyrir ekki!<a name=\"22\"><span class=\"versanumer\">22<\/span><\/a>vilji\u00f0 \u00fe\u00e9r ekki \u00f3ttast mig, segir Drottinn, vilji\u00f0 \u00fe\u00e9r ekki skj\u00e1lfa frammi fyrir m\u00e9r? fyrir m\u00e9r, sem setti sj\u00f3num sand fyrir takmark, eil\u00edfa gir\u00f0ing, sem hann fer ekki yfir, hann \u00f3lmast, en vinnur ekki \u00e1, og hans bylgjur \u00e6\u00f0a og fara ei yfir <span class='VideyAth'>(hana)<\/span>.<a name=\"23\"><span class=\"versanumer\">23<\/span><\/a>En \u00feetta f\u00f3lk hefur \u00f3vi\u00f0r\u00e1\u00f0anlegt og \u00fever\u00fa\u00f0arfullt hjarta; \u00feeir falla fr\u00e1 og ganga burt,<a name=\"24\"><span class=\"versanumer\">24<\/span><\/a>og segja ekki \u00ed s\u00ednu hjarta: l\u00e1tum oss \u00fe\u00f3 \u00f3ttast Drottin vorn Gu\u00f0, sem gefur regn, snemma og seint, \u00e1 s\u00ednum t\u00edma, sem vi\u00f0heldur handa oss \u00e1kve\u00f0num uppskeruvikum.<a name=\"25\"><span class=\"versanumer\">25<\/span><\/a>Y\u00f0ar misgj\u00f6r\u00f0ir hafa \u00feessu fr\u00e1 sn\u00fai\u00f0, og y\u00f0ar syndir burtviki\u00f0 \u00fev\u00ed g\u00f3\u00f0a fr\u00e1 y\u00f0ur.<a name=\"26\"><span class=\"versanumer\">26<\/span><\/a>\u00dev\u00ed me\u00f0al m\u00edns f\u00f3lks eru gu\u00f0lausir menn: \u00feeir l\u00e6\u00f0ast, beygja sig, eins og fuglafangarar, leggja sn\u00f6rur, vei\u00f0a menn.<a name=\"27\"><span class=\"versanumer\">27<\/span><\/a>Eins og fuglakarfan er full af t\u00e1lfuglum, svo eru \u00feeirra h\u00fas full af svikum; \u00fev\u00ed ver\u00f0a \u00feeir miklir og r\u00edkir.<a name=\"28\"><span class=\"versanumer\">28<\/span><\/a>Feitir eru \u00feeir og \u00feriflegir; j\u00e1, \u00feeir g\u00e6ta ei h\u00f3fs \u00ed vonskunni, engin m\u00e1lefni taka \u00feeir a\u00f0 s\u00e9r, ekki m\u00e1lefni \u00feess muna\u00f0arlausa, og \u00fea\u00f0 l\u00e1nast \u00feeim, og r\u00e9tt hins f\u00e1t\u00e6ka verja \u00feeir ekki.<a name=\"29\"><span class=\"versanumer\">29<\/span><\/a>\u00c1 eg ekki a\u00f0 hegna fyrir sl\u00edkt, segir Drottinn, e\u00f0a hefnast \u00e1 \u00f6\u00f0ru eins f\u00f3lki og \u00feessu? <br \/><a name=\"30\"><span class=\"versanumer\">30<\/span><\/a>Vi\u00f0bj\u00f3\u00f0slegt og \u00f3ttalegt ske\u00f0ur \u00ed landinu.<a name=\"31\"><span class=\"versanumer\">31<\/span><\/a>Sp\u00e1mennirnir kenna lygar og drottna undir \u00feeirra vernd, og mitt f\u00f3lk vill svo hafa \u00fea\u00f0. En hva\u00f0 \u00e6tla \u00fe\u00e9r gj\u00f6ri\u00f0, \u00feegar a\u00f0 endirnum dregur?<\/p>\n<div class=\"footnoteVidey\">V. 13. Ver\u00f0i \u00feeim \u00fea\u00f0, sem \u00feeir h\u00f3ta oss.  V. 27. Fuglar voru haf\u00f0ir \u00ed k\u00f6rfum \u00fat \u00e1 sk\u00f3gum til a\u00f0 ginna a\u00f0 a\u00f0ra fugla.<\/div>\n","protected":false},"excerpt":{"rendered":"<p>Sama r\u00e6\u00f0a. 1Gangi\u00f0 um Jer\u00fasalems str\u00e6ti og sko\u00f0i\u00f0 og grennslist eftir, og leiti\u00f0 \u00e1 hennar torgum, hv\u00f6rt \u00fe\u00e9r finni\u00f0 nokkurn, hv\u00f6rt einn i\u00f0kar r\u00e9ttv\u00edsi, leitar sannleikans: \u00fe\u00e1 skal eg fyrirgefa henni.2Og \u00fe\u00f3 \u00feeir segi: \u201esvo sannarlega, sem Drottinn lifir\u201c! sverja \u00feeir engu a\u00f0 s\u00ed\u00f0ur meins\u00e6ri.3Drottinn! stefna \u00fe\u00edn augu ekki \u00e1 sannleikann? \u00de\u00fa sl\u00e6r \u00fe\u00e1, en \u00feeir kenna ekki til \u00feess; \u00fe\u00fa l\u00e6tur \u00fe\u00e1 tj\u00f3n l\u00ed\u00f0a, \u00feeir taka engum aga; \u00feeirra andlit er har\u00f0ara en steinn; \u00feeir vilja ekki sn\u00faa s\u00e9r.4Og eg hugsa\u00f0i: \u00fea\u00f0 eru a\u00f0eins enir l\u00edtilm\u00f3tlegu, \u00feeir eru f\u00e1v\u00edsir, \u00fev\u00ed \u00feeir \u00feekkja ekki Drottins veg, r\u00e9ttindi s\u00edns Gu\u00f0s.5Eg skal <a href=\"https:\/\/biblian.is\/videy\/jeremia-5-kafli\/\"> [&#8230;]<\/a><\/p>\n","protected":false},"author":1,"featured_media":0,"parent":0,"menu_order":0,"comment_status":"open","ping_status":"open","template":"bibliukaflar.php","meta":{"footnotes":""},"class_list":["post-21599","page","type-page","status-publish","hentry"],"_links":{"self":[{"href":"https:\/\/biblian.is\/videy\/wp-json\/wp\/v2\/pages\/21599","targetHints":{"allow":["GET"]}}],"collection":[{"href":"https:\/\/biblian.is\/videy\/wp-json\/wp\/v2\/pages"}],"about":[{"href":"https:\/\/biblian.is\/videy\/wp-json\/wp\/v2\/types\/page"}],"author":[{"embeddable":true,"href":"https:\/\/biblian.is\/videy\/wp-json\/wp\/v2\/users\/1"}],"replies":[{"embeddable":true,"href":"https:\/\/biblian.is\/videy\/wp-json\/wp\/v2\/comments?post=21599"}],"version-history":[{"count":0,"href":"https:\/\/biblian.is\/videy\/wp-json\/wp\/v2\/pages\/21599\/revisions"}],"wp:attachment":[{"href":"https:\/\/biblian.is\/videy\/wp-json\/wp\/v2\/media?parent=21599"}],"curies":[{"name":"wp","href":"https:\/\/api.w.org\/{rel}","templated":true}]}}