{"id":21597,"date":"2018-01-02T01:02:54","date_gmt":"2018-01-02T01:02:54","guid":{"rendered":"http:\/\/biblian.is\/videy\/jeremia-3-kafli\/"},"modified":"2018-01-02T01:02:54","modified_gmt":"2018-01-02T01:02:54","slug":"jeremia-3-kafli","status":"publish","type":"page","link":"https:\/\/biblian.is\/videy\/jeremia-3-kafli\/","title":{"rendered":"Jerem\u00eda 3. kafli"},"content":{"rendered":"<div class=\"fyrirsognVidey\">R\u00e6\u00f0a haldin \u00e1 J\u00f3s\u00eda d\u00f6gum.<\/div>\n<p><a name=\"1\"><span class=\"versanumer\">1<\/span><\/a>Hann segir: ef ma\u00f0ur nokkur hefir l\u00e1ti\u00f0 fr\u00e1 s\u00e9r konu s\u00edna, og h\u00fan fer fr\u00e1 honum og ver\u00f0ur annars manns: m\u00e1 hann \u00fe\u00e1 til hennar aftur hverfa? mundi ekki landi\u00f0 <span class='VideyAth'>(af \u00fev\u00ed)<\/span> vanhelgast? En \u00fe\u00fa t\u00f3kst framhj\u00e1 me\u00f0 m\u00f6rgum elskuga, og skyldir \u00fe\u00fa aftur til m\u00edn hverfa?<a name=\"2\"><span class=\"versanumer\">2<\/span><\/a>Renn \u00fe\u00ednum augum upp \u00e1 h\u00e6\u00f0irnar og sj\u00e1\u00f0u! Hvar hefir \u00fe\u00fa ei veri\u00f0 sv\u00edvirt? \u00c1 vegum situr \u00fe\u00fa um \u00fe\u00e1 eins og \u00feeir arabisku \u00ed ey\u00f0im\u00f6rkinni og vanhelgar landi\u00f0 me\u00f0 \u00feinni \u00f3trygg\u00f0 og vonsku.<a name=\"3\"><span class=\"versanumer\">3<\/span><\/a>Og regnsk\u00farum var haldi\u00f0 til baka og kv\u00f6ldsk\u00farir komu ekki; en \u00fe\u00fa haf\u00f0ir h\u00f3ruenni og vildir ekki skammast \u00fe\u00edn.<a name=\"4\"><span class=\"versanumer\">4<\/span><\/a>Er \u00fea\u00f0 ekki satt? en \u00fe\u00e1 kallar \u00fe\u00fa til m\u00edn: <span class='VideyAth'>(og segir:)<\/span> fa\u00f0ir minn! vinur minnar \u00e6sku varst \u00fe\u00fa.<a name=\"5\"><span class=\"versanumer\">5<\/span><\/a>\u00c6tla hann r\u00e6ki \u00fea\u00f0 vi\u00f0 mig eil\u00edflega, muni \u00fea\u00f0 alltaf? sj\u00e1, svo talar \u00fe\u00fa, en \u00fe\u00fa a\u00f0hefst illt og kemur \u00fev\u00ed fram.<br \/><a name=\"6\"><span class=\"versanumer\">6<\/span><\/a>Og Drottinn sag\u00f0i vi\u00f0 mig \u00e1 d\u00f6gum J\u00f3s\u00eda k\u00f3ngs: s\u00e9r \u00fe\u00fa \u00fea\u00f0 sem s\u00fa \u00f3tr\u00faa \u00cdsraels<span class='VideyAth'>(\u00fej\u00f3\u00f0)<\/span> hefir a\u00f0hafst? H\u00fan hefir gengi\u00f0 upp \u00e1 s\u00e9rhv\u00f6rt h\u00e1tt fjall og undir s\u00e9rhv\u00f6rt gr\u00e6nt tr\u00e9, og \u00fear teki\u00f0 framhj\u00e1.<a name=\"7\"><span class=\"versanumer\">7<\/span><\/a>Og eg hugsa\u00f0i: eftir a\u00f0 h\u00fan hefir allt \u00feetta a\u00f0hafst, mun h\u00fan koma til m\u00edn aftur, en h\u00fan er ekki aftursn\u00fain. Og \u00fea\u00f0 s\u00e1 hennar \u00f3tr\u00faa systir J\u00fada<span class='VideyAth'>(\u00fej\u00f3\u00f0in)<\/span>.<a name=\"8\"><span class=\"versanumer\">8<\/span><\/a>Og eg s\u00e1, a\u00f0 \u00fe\u00f3 eg, sakir \u00feessa, a\u00f0 s\u00fa \u00f3tr\u00faa \u00cdsraels\u00fej\u00f3\u00f0, haf\u00f0i rofi\u00f0 hj\u00f3nabandi\u00f0, \u00fatsk\u00fafa\u00f0i henni, og g\u00e6fi skilna\u00f0arskr\u00e1, \u00f3tta\u00f0ist s\u00fa \u00f3tr\u00faa J\u00fada<span class='VideyAth'>(\u00fej\u00f3\u00f0)<\/span>, hennar systir, \u00fea\u00f0 ekki a\u00f0 heldur og f\u00f3r og t\u00f3k l\u00edka framhj\u00e1.<a name=\"9\"><span class=\"versanumer\">9<\/span><\/a>Og \u00fea\u00f0 var ske\u00f0 vegna hennar hr\u00f3plegu h\u00f3runar; \u00fev\u00ed h\u00fan haf\u00f0i landi\u00f0 saurga\u00f0 og framhj\u00e1 teki\u00f0 me\u00f0 stokk og steini.<a name=\"10\"><span class=\"versanumer\">10<\/span><\/a>En allt fyrir \u00fea\u00f0 hvarf ei til m\u00edn aftur hennar \u00f3tr\u00faa systir, J\u00fada<span class='VideyAth'>(\u00fej\u00f3\u00f0in)<\/span>, me\u00f0 einl\u00e6gu hjarta, heldur me\u00f0 falsi, segir Drottinn.<br \/><a name=\"11\"><span class=\"versanumer\">11<\/span><\/a>Og Drottinn m\u00e6lti til m\u00edn: r\u00e9ttl\u00e1t s\u00fdnist m\u00e9r s\u00fa fr\u00e1fallan \u00cdsraels<span class='VideyAth'>(\u00fej\u00f3\u00f0)<\/span> fremur en s\u00fa \u00f3tr\u00faa J\u00fada<span class='VideyAth'>(\u00fej\u00f3\u00f0)<\/span>.<a name=\"12\"><span class=\"versanumer\">12<\/span><\/a>Far \u00fe\u00fa og kalla \u00feessi or\u00f0 m\u00f3t nor\u00f0ri og seg: hverf til baka, fr\u00e1fallna \u00cdsraels<span class='VideyAth'>(\u00fej\u00f3\u00f0)<\/span>, segir Drottinn; eg vil ekki rei\u00f0uglega til y\u00f0ar l\u00edta, \u00fev\u00ed eg er n\u00e1\u00f0ugur, segir Drottinn, eg skal ei vera langr\u00e6kinn eil\u00edflega.<a name=\"13\"><span class=\"versanumer\">13<\/span><\/a>Kannastu a\u00f0eins vi\u00f0 \u00fe\u00edna sekt; \u00fev\u00ed fr\u00e1 Drottni \u00fe\u00ednum Gu\u00f0i ertu fallin og \u00fe\u00fa hlj\u00f3pst hinga\u00f0 og \u00feanga\u00f0 til \u00feeirra \u00fatlendu, undir hv\u00f6rt gr\u00e6nt tr\u00e9, en minni raust gegndu\u00f0 \u00fe\u00e9r ekki, segir Drottinn.<br \/><a name=\"14\"><span class=\"versanumer\">14<\/span><\/a>Komi\u00f0 aftur \u00fe\u00e9r fr\u00e1f\u00f6llnu synir, segir Drottinn, \u00fev\u00ed eg er y\u00f0ar herra, og eg vil vi\u00f0 y\u00f0ur taka <span class='VideyAth'>(\u00fe\u00f3 ekki k\u00e6mi nema)<\/span> einn \u00far borg og tveir af \u00e6tt, og flytja y\u00f0ur til S\u00edon.<a name=\"15\"><span class=\"versanumer\">15<\/span><\/a>Og eg skal gefa y\u00f0ur hir\u00f0ara eftir m\u00ednu sinni, sem vakti y\u00f0ur me\u00f0 greind og frams\u00fdni.<a name=\"16\"><span class=\"versanumer\">16<\/span><\/a>Og \u00fea\u00f0 mun ske, \u00fe\u00e1 \u00fe\u00e9r fj\u00f6lgi\u00f0 og eru\u00f0 frj\u00f3vsamir \u00ed landinu \u00e1 \u00feeim s\u00f6mu d\u00f6gum, segir Drottinn: \u00fe\u00e1 munu menn ekki framar tala um s\u00e1ttm\u00e1ls\u00f6rk Drottins, og h\u00fan mun engum \u00ed hug koma, og menn munu ekki hugsa til hennar, n\u00e9 hennar vitja, og ei mun framar <span class='VideyAth'>(\u00f6nnur)<\/span> gj\u00f6r\u00f0 ver\u00f0a.<a name=\"17\"><span class=\"versanumer\">17<\/span><\/a>\u00c1 \u00feeim sama t\u00edma munu menn nefna Jer\u00fasalem Drottins h\u00e1s\u00e6ti, og allar \u00fej\u00f3\u00f0ir munu til hennar safnast sakir Drottins nafns, og \u00fe\u00e6r munu ekki framar ganga eftir \u00ferj\u00f3sku \u00feeirra vonda hjarta.<a name=\"18\"><span class=\"versanumer\">18<\/span><\/a>\u00c1 \u00feeim s\u00f6mu d\u00f6gum mun J\u00fada h\u00fas ganga me\u00f0 \u00cdsraels h\u00fasi, og \u00feeir munu saman koma \u00far landinu, nor\u00f0ur fr\u00e1, \u00ed landi\u00f0 sem eg hefi gefi\u00f0 y\u00f0ar fe\u00f0rum til eignar.<a name=\"19\"><span class=\"versanumer\">19<\/span><\/a>Og eg sag\u00f0i: hv\u00f6rnig <span class='VideyAth'>(me\u00f0 hv\u00f6rju skilyr\u00f0i)<\/span> skal eg setja \u00feig me\u00f0al barnanna og gefa \u00fe\u00e9r yndislegt land, \u00e1g\u00e6ta eign me\u00f0al \u00fej\u00f3\u00f0anna herflokka? og eg hugsa\u00f0i: \u00fe\u00e9r munu\u00f0 kalla mig f\u00f6\u00f0ur, <span class='VideyAth'>(minn fa\u00f0ir)<\/span> og ekki fr\u00e1 m\u00e9r v\u00edkja.<a name=\"20\"><span class=\"versanumer\">20<\/span><\/a>En eins og kona ver\u00f0ur \u00f3tr\u00fa s\u00ednum elskuga, eins ur\u00f0u\u00f0 \u00fe\u00e9r \u00f3tr\u00fair m\u00e9r, \u00fe\u00fa \u00cdsraels\u00e6tt! segir Drottinn.<a name=\"21\"><span class=\"versanumer\">21<\/span><\/a>R\u00f6dd heyrist af h\u00e6\u00f0unum, gr\u00e1tbei\u00f0ni \u00cdsraelssona, af \u00fev\u00ed \u00feeir hafi illa breytt og gleymt Drottni \u00feeirra Gu\u00f0i.<a name=\"22\"><span class=\"versanumer\">22<\/span><\/a>Komi\u00f0 aftur, \u00fe\u00e9r fr\u00e1f\u00f6llnu synir! eg skal b\u00e6ta \u00far y\u00f0ar fr\u00e1falli. \u201eSj\u00e1, v\u00e9r komum til \u00fe\u00edn; \u00fev\u00ed \u00fe\u00fa ert Drottinn vor Gu\u00f0.<a name=\"23\"><span class=\"versanumer\">23<\/span><\/a>Sannarlega er svikul hj\u00e1lpin fr\u00e1 h\u00e6\u00f0unum og \u00feeim m\u00f6rgu fj\u00f6llum! Sannarlega er \u00cdsraels hj\u00e1lp hj\u00e1 Drottni vorum Gu\u00f0i.<a name=\"24\"><span class=\"versanumer\">24<\/span><\/a>En \u00feau skammarlegu go\u00f0 gleyptu afla vorra fe\u00f0ra fr\u00e1 vorri \u00e6sku, \u00feeirra sau\u00f0i og \u00feeirra naut, \u00feeirra syni og \u00feeirra d\u00e6tur;<a name=\"25\"><span class=\"versanumer\">25<\/span><\/a>V\u00e9r liggjum \u00ed vorri vanvir\u00f0u og vor sk\u00f6mm \u00feekur oss; \u00fev\u00ed m\u00f3t Drottni vorum Gu\u00f0i h\u00f6fum v\u00e9r syndga\u00f0, v\u00e9r og vorir fe\u00f0ur fr\u00e1 vorri \u00e6sku allt til \u00feessa dags, og v\u00e9r gegndum ekki raust Drottins vors Gu\u00f0s\u201c.<\/p>\n<div class=\"footnoteVidey\"><\/div>\n","protected":false},"excerpt":{"rendered":"<p>R\u00e6\u00f0a haldin \u00e1 J\u00f3s\u00eda d\u00f6gum. 1Hann segir: ef ma\u00f0ur nokkur hefir l\u00e1ti\u00f0 fr\u00e1 s\u00e9r konu s\u00edna, og h\u00fan fer fr\u00e1 honum og ver\u00f0ur annars manns: m\u00e1 hann \u00fe\u00e1 til hennar aftur hverfa? mundi ekki landi\u00f0 (af \u00fev\u00ed) vanhelgast? En \u00fe\u00fa t\u00f3kst framhj\u00e1 me\u00f0 m\u00f6rgum elskuga, og skyldir \u00fe\u00fa aftur til m\u00edn hverfa?2Renn \u00fe\u00ednum augum upp \u00e1 h\u00e6\u00f0irnar og sj\u00e1\u00f0u! Hvar hefir \u00fe\u00fa ei veri\u00f0 sv\u00edvirt? \u00c1 vegum situr \u00fe\u00fa um \u00fe\u00e1 eins og \u00feeir arabisku \u00ed ey\u00f0im\u00f6rkinni og vanhelgar landi\u00f0 me\u00f0 \u00feinni \u00f3trygg\u00f0 og vonsku.3Og regnsk\u00farum var haldi\u00f0 til baka og kv\u00f6ldsk\u00farir komu ekki; en \u00fe\u00fa haf\u00f0ir h\u00f3ruenni og vildir <a href=\"https:\/\/biblian.is\/videy\/jeremia-3-kafli\/\"> [&#8230;]<\/a><\/p>\n","protected":false},"author":1,"featured_media":0,"parent":0,"menu_order":0,"comment_status":"open","ping_status":"open","template":"bibliukaflar.php","meta":{"footnotes":""},"class_list":["post-21597","page","type-page","status-publish","hentry"],"_links":{"self":[{"href":"https:\/\/biblian.is\/videy\/wp-json\/wp\/v2\/pages\/21597","targetHints":{"allow":["GET"]}}],"collection":[{"href":"https:\/\/biblian.is\/videy\/wp-json\/wp\/v2\/pages"}],"about":[{"href":"https:\/\/biblian.is\/videy\/wp-json\/wp\/v2\/types\/page"}],"author":[{"embeddable":true,"href":"https:\/\/biblian.is\/videy\/wp-json\/wp\/v2\/users\/1"}],"replies":[{"embeddable":true,"href":"https:\/\/biblian.is\/videy\/wp-json\/wp\/v2\/comments?post=21597"}],"version-history":[{"count":0,"href":"https:\/\/biblian.is\/videy\/wp-json\/wp\/v2\/pages\/21597\/revisions"}],"wp:attachment":[{"href":"https:\/\/biblian.is\/videy\/wp-json\/wp\/v2\/media?parent=21597"}],"curies":[{"name":"wp","href":"https:\/\/api.w.org\/{rel}","templated":true}]}}