{"id":21596,"date":"2018-01-02T01:02:54","date_gmt":"2018-01-02T01:02:54","guid":{"rendered":"http:\/\/biblian.is\/videy\/jeremia-2-kafli\/"},"modified":"2018-01-02T01:02:54","modified_gmt":"2018-01-02T01:02:54","slug":"jeremia-2-kafli","status":"publish","type":"page","link":"https:\/\/biblian.is\/videy\/jeremia-2-kafli\/","title":{"rendered":"Jerem\u00eda 2. kafli"},"content":{"rendered":"<div class=\"fyrirsognVidey\">M\u00f3t \u00f3hl\u00fd\u00f0ni og afgu\u00f0ad\u00fdrkun.<\/div>\n<p><a name=\"1\"><span class=\"versanumer\">1<\/span><\/a>Og or\u00f0 Drottins kom til m\u00edn og sag\u00f0i:<a name=\"2\"><span class=\"versanumer\">2<\/span><\/a>far \u00fe\u00fa og kunngj\u00f6r fyrir Jer\u00fasalems eyrum, og seg: svo segir Drottinn: eg man til vinskapar \u00feinnar \u00e6sku, til elsku \u00fe\u00edns br\u00fa\u00f0arstands, hv\u00f6rsu \u00fe\u00fa fylgdir m\u00e9r \u00e1 ey\u00f0im\u00f6rkina \u00ed \u00f3s\u00e1i\u00f0 land;<a name=\"3\"><span class=\"versanumer\">3<\/span><\/a>\u00cdsrael var Drottni helga\u00f0ur, frumgr\u00f3\u00f0i hans uppskeru, hv\u00f6r s\u00e1 var\u00f0 sekur sem hann vildi eta, \u00f3g\u00e6fan kom yfir hann, segir Drottinn.<br \/><a name=\"4\"><span class=\"versanumer\">4<\/span><\/a>Heyri\u00f0 or\u00f0 Drottins, Jakobs h\u00fas, og allar \u00e6ttir \u00cdsraels h\u00fass!<a name=\"5\"><span class=\"versanumer\">5<\/span><\/a>svo segir Drottinn: hv\u00f6r rangindi hafa fe\u00f0ur y\u00f0ar fundi\u00f0 hj\u00e1 m\u00e9r? a\u00f0 \u00feeir hvurfu fr\u00e1 m\u00e9r og a\u00f0hylltust \u00feau f\u00e1n\u00fdtu go\u00f0, og breyttu heimskulega?<a name=\"6\"><span class=\"versanumer\">6<\/span><\/a>Og \u00feeir hugsu\u00f0u ekki til: hvar er Drottinn, sem flutti oss burt \u00far Egyptalandi, sem leiddi oss \u00e1 ey\u00f0im\u00f6rkina, \u00ed hei\u00f0a- og afgrunnalandi\u00f0, \u00ed \u00fea\u00f0 \u00feurra og dimma land hvar um enginn fer, og hvar enginn ma\u00f0ur b\u00fdr?<a name=\"7\"><span class=\"versanumer\">7<\/span><\/a>Og eg leiddi y\u00f0ur inn \u00ed frj\u00f3vsamt land, til a\u00f0 eta \u00feess \u00e1vexti og g\u00e6\u00f0i; og \u00fe\u00e9r komu\u00f0 og saurgu\u00f0u\u00f0 mitt land, og gj\u00f6r\u00f0u\u00f0 m\u00edna eign a\u00f0 vi\u00f0bj\u00f3\u00f0i.<a name=\"8\"><span class=\"versanumer\">8<\/span><\/a>Prestarnir hugsu\u00f0u ekki: hvar er Drottinn? og \u00feeir l\u00f6gl\u00e6r\u00f0u \u00feekktu mig ekki, og hir\u00f0arar <span class='VideyAth'>(f\u00f3lksins)<\/span> f\u00e9llu fr\u00e1 m\u00e9r, og sp\u00e1mennirnir sp\u00e1\u00f0u \u00ed Baals nafni, og \u00feeir a\u00f0hylltust \u00fe\u00e1, sem ekki hj\u00e1lpa, <span class='VideyAth'>(nefnil. hj\u00e1gu\u00f0ina)<\/span>.<br \/><a name=\"9\"><span class=\"versanumer\">9<\/span><\/a>Sakir \u00feessa mun eg ennfremur fara \u00ed m\u00e1l vi\u00f0 y\u00f0ur, segir Drottinn, og vi\u00f0 syni y\u00f0ar sona mun eg fara \u00ed m\u00e1l.<a name=\"10\"><span class=\"versanumer\">10<\/span><\/a>\u00dev\u00ed fari\u00f0 yfir \u00e1 Sitteanna eyjar, og sko\u00f0i\u00f0, og sendi\u00f0 til Kedar, og taki\u00f0 eftir og sko\u00f0i\u00f0, hv\u00f6rt nokku\u00f0 l\u00edkt ske\u00f0ur \u00fear?<a name=\"11\"><span class=\"versanumer\">11<\/span><\/a>Hv\u00f6r nokkur \u00fej\u00f3\u00f0 skiptir um gu\u00f0i? <span class='VideyAth'>(og \u00fe\u00f3 eru \u00feeir ekki gu\u00f0ir)<\/span> en mitt f\u00f3lk hefir l\u00e1ti\u00f0 s\u00edna d\u00fdr\u00f0 <span class='VideyAth'>(Gu\u00f0)<\/span> fyrir \u00fe\u00e1 sem ekki hj\u00e1lpa <span class='VideyAth'>(hj\u00e1gu\u00f0ina)<\/span>.<a name=\"12\"><span class=\"versanumer\">12<\/span><\/a>Fur\u00f0i\u00f0 y\u00f0ur himnar \u00e1 \u00feessu, ver\u00f0i\u00f0 hissa og forvi\u00f0a mj\u00f6g! segir Drottinn.<a name=\"13\"><span class=\"versanumer\">13<\/span><\/a>\u00dev\u00ed tvennt illt hefir mitt f\u00f3lk a\u00f0hafst: mig yfirg\u00e1fu \u00feeir, uppsprettu \u00feess lifanda vatns, til a\u00f0 grafa s\u00e9r brunna, leka brunna, sem ekki halda vatni.<a name=\"14\"><span class=\"versanumer\">14<\/span><\/a>Er \u00cdsrael nokkur \u00fer\u00e6ll? e\u00f0a er hann \u00fer\u00e6lsbarn? \u00fev\u00ed er hann or\u00f0inn a\u00f0 herfangi?<a name=\"15\"><span class=\"versanumer\">15<\/span><\/a>M\u00f3ti honum grenja lj\u00f3nin og l\u00e1ta s\u00edna raust heyra og gj\u00f6ra hans land a\u00f0 au\u00f0n; sta\u00f0irnir ver\u00f0a brenndir, innbyggjaralausir.<a name=\"16\"><span class=\"versanumer\">16<\/span><\/a>Synir Nofs og Tafanes munu r\u00edkja, brj\u00f3ta k\u00f3r\u00f3nuna af \u00fe\u00ednu h\u00f6f\u00f0i.<a name=\"17\"><span class=\"versanumer\">17<\/span><\/a>Er \u00fea\u00f0 ekki ors\u00f6kin, a\u00f0 \u00fe\u00fa yfirgafst Drottin, \u00feinn Gu\u00f0, einmitt \u00fe\u00e1, \u00feegar hann vildi lei\u00f0a \u00feig veginn?<a name=\"18\"><span class=\"versanumer\">18<\/span><\/a>Og hva\u00f0 kemur \u00fe\u00e9r vi\u00f0 vegurinn til Egyptalands, til a\u00f0 drekka vatni\u00f0 \u00far Sikor <span class='VideyAth'>(N\u00edl)<\/span>? Og hva\u00f0 kemur \u00fe\u00e9r vi\u00f0 vegurinn til Ass\u00fdr\u00edu, til a\u00f0 drekka vatn \u00e1rinnar <span class='VideyAth'>(Frat)<\/span>?<a name=\"19\"><span class=\"versanumer\">19<\/span><\/a>\u00de\u00edn vonska mun aga \u00feig, og \u00feitt fr\u00e1fall refsa \u00fe\u00e9r, og \u00fe\u00fa munt kannast vi\u00f0 og sj\u00e1, hv\u00f6rsu sl\u00e6mt og biturt \u00fea\u00f0 er, a\u00f0 yfirgefa Drottin, \u00feinn Gu\u00f0, og \u00f3ttast hann ekki, segir Herrann, Drottinn herskaranna. <br \/><a name=\"20\"><span class=\"versanumer\">20<\/span><\/a>\u00dev\u00ed fyrir l\u00f6ngu s\u00ed\u00f0an hefir <span class='VideyAth'>a)<\/span> \u00fe\u00fa \u00feitt ok \u00ed sundur broti\u00f0, sliti\u00f0 af \u00fe\u00e9r b\u00f6ndin og sagt: eg vil ekki undirgefin vera! \u00e1 s\u00e9rhv\u00f6rjum h\u00e1um h\u00f3l og undir s\u00e9rhv\u00f6rju gr\u00e6nu tr\u00e9, t\u00f3kstu framhj\u00e1 m\u00e9r.<a name=\"21\"><span class=\"versanumer\">21<\/span><\/a>Eg gr\u00f3\u00f0ursetti \u00feig me\u00f0 e\u00f0la v\u00ednberjum, eint\u00f3mt ekta s\u00e1\u00f0, en hv\u00f6rsu hefir \u00fe\u00fa breyst m\u00e9r \u00ed v\u00ednberjaklasa \u00fatlensks v\u00ednvi\u00f0ar!<a name=\"22\"><span class=\"versanumer\">22<\/span><\/a>J\u00e1! \u00fe\u00f3 \u00fe\u00fa n\u00fa \u00fevoir \u00feig me\u00f0 l\u00fat, og t\u00e6kir \u00fe\u00e9r mikla s\u00e1pu, \u00f3hrein v\u00e6ri samt \u00fe\u00edn \u00f3dygg\u00f0 fyrir m\u00e9r, segir Herrann Drottinn.<br \/><a name=\"23\"><span class=\"versanumer\">23<\/span><\/a>Hv\u00f6rnig dirfist \u00fe\u00fa a\u00f0 segja: eg hefi ekki gj\u00f6rt mig \u00f3hreina, ekki a\u00f0hyllst Baal. Hygg a\u00f0 \u00fe\u00ednu ath\u00e6fi \u00ed dalnum! kannast \u00fe\u00fa vi\u00f0 \u00fea\u00f0 sem \u00fe\u00fa hefir gj\u00f6rt, \u00fe\u00fa, l\u00e9ttf\u00e6tt unga \u00falfaldsfylja, sem hleypur til og fr\u00e1,<a name=\"24\"><span class=\"versanumer\">24<\/span><\/a>\u00fe\u00fa <span class='VideyAth'>(sem)<\/span> villiasna, v\u00f6n \u00e1 afr\u00e9tti <span class='VideyAth'>(ey\u00f0im\u00f6rku)<\/span>, er \u00ed s\u00ednum girndarbruna tekur \u00f6ndina \u00e1 lofti. Hv\u00f6r getur henni aftra\u00f0? \u00feeir sem hennar leita, hlaupa sig ekki <span class='VideyAth'>b)<\/span> m\u00f3\u00f0a; \u00ed hennar m\u00e1nu\u00f0i finna \u00feeir hana.<a name=\"25\"><span class=\"versanumer\">25<\/span><\/a>Vara \u00feinn f\u00f3t fr\u00e1 a\u00f0 hlaupa af s\u00e9r sk\u00f3na, og \u00feinn h\u00e1ls \u00feyrstan! en \u00fe\u00fa segir: forgefins! nei, eg elska \u00fe\u00e1 \u00fatlendu og legg lag mitt vi\u00f0 \u00fe\u00e1.<br \/><a name=\"26\"><span class=\"versanumer\">26<\/span><\/a>Eins og \u00fej\u00f3furinn sneypist, \u00feegar hann er sta\u00f0inn a\u00f0 <span class='VideyAth'>(\u00fe\u00fdfi)<\/span>, eins er \u00cdsraels h\u00fas sneypt, \u00fea\u00f0, \u00feess k\u00f3ngar, h\u00f6f\u00f0ingjar, prestar og sp\u00e1menn,<a name=\"27\"><span class=\"versanumer\">27<\/span><\/a>\u00fe\u00e1 \u00feeir segja vi\u00f0 tr\u00e9\u00f0: \u00fe\u00fa ert minn fa\u00f0ir! og vi\u00f0 steininn, \u00fe\u00fa hefir geti\u00f0 mig! \u00fev\u00ed vi\u00f0 m\u00e9r sn\u00faa \u00feeir baki og ekki andliti; en \u00e1 \u00f3lukkunnar t\u00edma segja \u00feeir: upp n\u00fa, og hj\u00e1lpa oss!<a name=\"28\"><span class=\"versanumer\">28<\/span><\/a>Hvar eru n\u00fa \u00fe\u00ednir gu\u00f0ir, sem \u00fe\u00fa hefir gj\u00f6rt \u00fe\u00e9r? L\u00e1ttu \u00fe\u00e1 uppstanda, ef \u00feeir geta hj\u00e1lpa\u00f0 \u00fe\u00e9r \u00e1 ney\u00f0arinnar t\u00edma? \u00dev\u00ed eins margir og \u00fe\u00ednir sta\u00f0ir eru, J\u00fada, eins margir eru \u00fe\u00ednir gu\u00f0ir.<a name=\"29\"><span class=\"versanumer\">29<\/span><\/a>\u00dev\u00ed \u00fer\u00e1tti\u00f0 \u00fe\u00e9r vi\u00f0 mig? \u00de\u00e9r eru\u00f0 allir fr\u00e1 m\u00e9r fallnir, segir Drottinn.<a name=\"30\"><span class=\"versanumer\">30<\/span><\/a>Til einkis hefi eg y\u00f0ar syni slegi\u00f0; aga t\u00f3ku \u00feeir ekki; y\u00f0ar sver\u00f0 tort\u00edndi y\u00f0ar sp\u00e1m\u00f6nnum, eins og grimmt lj\u00f3n.<br \/><a name=\"31\"><span class=\"versanumer\">31<\/span><\/a>\u00de\u00fa uppiverandi kynsl\u00f3\u00f0! taki\u00f0 eftir or\u00f0i Drottins! hefi eg veri\u00f0 nokkur ey\u00f0im\u00f6rk fyrir \u00cdsrael, e\u00f0a dimmufullt land? \u00dev\u00ed segir \u00fe\u00e1 mitt f\u00f3lk: v\u00e9r reikum h\u00e9r og hvar, komum ekki til \u00fe\u00edn!<a name=\"32\"><span class=\"versanumer\">32<\/span><\/a>\u00c6tla a\u00f0 meyjan gleymi s\u00ednu skarti, e\u00f0a br\u00fa\u00f0urin s\u00ednu belti? En mitt f\u00f3lk hefir gleymt m\u00e9r fyrir l\u00f6ngu.<a name=\"33\"><span class=\"versanumer\">33<\/span><\/a>Hv\u00f6rsu fallega fer \u00fe\u00fa a\u00f0 r\u00e1\u00f0i \u00fe\u00ednu, til a\u00f0 leita \u00fe\u00e9r \u00e1star! \u00fe\u00fa venur \u00feess vegna \u00fe\u00edna breytni \u00e1 illvirki.<a name=\"34\"><span class=\"versanumer\">34<\/span><\/a>Jafnvel \u00e1 faldi \u00feinna kl\u00e6\u00f0a er bl\u00f3\u00f0 saklausra aumingja; \u00fe\u00fa hefir ekki gripi\u00f0 \u00fe\u00e1 \u00ed innbroti, og samt sem \u00e1\u00f0ur <span class='VideyAth'>(hefir \u00fe\u00fa deytt \u00fe\u00e1)<\/span>.<a name=\"35\"><span class=\"versanumer\">35<\/span><\/a>Og \u00fe\u00f3 segir \u00fe\u00fa: eg em saklaus, j\u00e1, hans rei\u00f0i mun fr\u00e1 m\u00e9r sn\u00faast. Sj\u00e1, eg vil ganga \u00ed d\u00f3m vi\u00f0 \u00feig, fyrir \u00fea\u00f0 a\u00f0 \u00fe\u00fa segir: eg hefi ekki syndga\u00f0.<a name=\"36\"><span class=\"versanumer\">36<\/span><\/a>\u00dev\u00ed hleypur \u00fe\u00fa svo miki\u00f0 til a\u00f0 breyta \u00fe\u00ednum vegi? L\u00edka vegna Egyptalands munt \u00fe\u00fa til skammar ver\u00f0a, eins og \u00fe\u00fa ert or\u00f0in \u00fea\u00f0 vegna Ass\u00fdr\u00edu.<a name=\"37\"><span class=\"versanumer\">37<\/span><\/a>L\u00edka muntu fr\u00e1 \u00feessum <span class='VideyAth'>(\u00feeim egypsku)<\/span> burt ganga og sl\u00e1 saman h\u00f6ndum yfir h\u00f6f\u00f0i \u00fe\u00e9r, \u00fev\u00ed Drottinn \u00fatsk\u00fafar \u00feeim, sem \u00fe\u00fa treystir \u00e1, og \u00feeir munu ekki l\u00e1nast \u00fe\u00e9r.<\/p>\n<div class=\"footnoteVidey\">V. 16. A\u00f0r: reita af \u00fe\u00e9r h\u00e1ri\u00f0. Nof og Taf: egypskir sta\u00f0ir, Memfis og Dafne.  V. 20. a. A\u00f0r: eftir \u00f6\u00f0rum lestri: hefi eg.  V. 24. b. Sj\u00e1! \u00fea\u00f0 er til einkis a\u00f0 elta hana.<\/div>\n","protected":false},"excerpt":{"rendered":"<p>M\u00f3t \u00f3hl\u00fd\u00f0ni og afgu\u00f0ad\u00fdrkun. 1Og or\u00f0 Drottins kom til m\u00edn og sag\u00f0i:2far \u00fe\u00fa og kunngj\u00f6r fyrir Jer\u00fasalems eyrum, og seg: svo segir Drottinn: eg man til vinskapar \u00feinnar \u00e6sku, til elsku \u00fe\u00edns br\u00fa\u00f0arstands, hv\u00f6rsu \u00fe\u00fa fylgdir m\u00e9r \u00e1 ey\u00f0im\u00f6rkina \u00ed \u00f3s\u00e1i\u00f0 land;3\u00cdsrael var Drottni helga\u00f0ur, frumgr\u00f3\u00f0i hans uppskeru, hv\u00f6r s\u00e1 var\u00f0 sekur sem hann vildi eta, \u00f3g\u00e6fan kom yfir hann, segir Drottinn.4Heyri\u00f0 or\u00f0 Drottins, Jakobs h\u00fas, og allar \u00e6ttir \u00cdsraels h\u00fass!5svo segir Drottinn: hv\u00f6r rangindi hafa fe\u00f0ur y\u00f0ar fundi\u00f0 hj\u00e1 m\u00e9r? a\u00f0 \u00feeir hvurfu fr\u00e1 m\u00e9r og a\u00f0hylltust \u00feau f\u00e1n\u00fdtu go\u00f0, og breyttu heimskulega?6Og \u00feeir hugsu\u00f0u ekki til: hvar er <a href=\"https:\/\/biblian.is\/videy\/jeremia-2-kafli\/\"> [&#8230;]<\/a><\/p>\n","protected":false},"author":1,"featured_media":0,"parent":0,"menu_order":0,"comment_status":"open","ping_status":"open","template":"bibliukaflar.php","meta":{"footnotes":""},"class_list":["post-21596","page","type-page","status-publish","hentry"],"_links":{"self":[{"href":"https:\/\/biblian.is\/videy\/wp-json\/wp\/v2\/pages\/21596","targetHints":{"allow":["GET"]}}],"collection":[{"href":"https:\/\/biblian.is\/videy\/wp-json\/wp\/v2\/pages"}],"about":[{"href":"https:\/\/biblian.is\/videy\/wp-json\/wp\/v2\/types\/page"}],"author":[{"embeddable":true,"href":"https:\/\/biblian.is\/videy\/wp-json\/wp\/v2\/users\/1"}],"replies":[{"embeddable":true,"href":"https:\/\/biblian.is\/videy\/wp-json\/wp\/v2\/comments?post=21596"}],"version-history":[{"count":0,"href":"https:\/\/biblian.is\/videy\/wp-json\/wp\/v2\/pages\/21596\/revisions"}],"wp:attachment":[{"href":"https:\/\/biblian.is\/videy\/wp-json\/wp\/v2\/media?parent=21596"}],"curies":[{"name":"wp","href":"https:\/\/api.w.org\/{rel}","templated":true}]}}