{"id":21595,"date":"2018-01-02T01:02:54","date_gmt":"2018-01-02T01:02:54","guid":{"rendered":"http:\/\/biblian.is\/videy\/jeremia-1-kafli\/"},"modified":"2018-01-02T01:02:54","modified_gmt":"2018-01-02T01:02:54","slug":"jeremia-1-kafli","status":"publish","type":"page","link":"https:\/\/biblian.is\/videy\/jeremia-1-kafli\/","title":{"rendered":"Jerem\u00eda 1. kafli"},"content":{"rendered":"<div class=\"fyrirsognVidey\">Jerem\u00edas er kalla\u00f0ur, f\u00e6r tv\u00e6r opinberanir.<\/div>\n<p><a name=\"1\"><span class=\"versanumer\">1<\/span><\/a>Or\u00f0 Jerem\u00eda, sonar Hilkia, sem var einn af prestunum \u00ed Anatot, \u00ed Benjam\u00ednslandi,<a name=\"2\"><span class=\"versanumer\">2<\/span><\/a>til hv\u00f6rs or\u00f0 Drottins kom \u00e1 d\u00f6gum J\u00f3sia Amonssonar, J\u00fadak\u00f3ngs, \u00e1 13da \u00e1ri hans r\u00edkisstj\u00f3rnar,<a name=\"3\"><span class=\"versanumer\">3<\/span><\/a>og kom <span class='VideyAth'>(l\u00edka)<\/span> \u00e1 d\u00f6gum J\u00f3jakims, J\u00f3siasonar, J\u00fadak\u00f3ngs, allt a\u00f0 Jer\u00fasalemsinnb\u00faa herlei\u00f0ingu, \u00ed \u00feeim fimmta m\u00e1nu\u00f0i. <br \/><a name=\"4\"><span class=\"versanumer\">4<\/span><\/a>Og or\u00f0 Drottins kom til m\u00edn og sag\u00f0i:<a name=\"5\"><span class=\"versanumer\">5<\/span><\/a>\u00e1\u00f0ur en eg mynda\u00f0i \u00feig \u00ed m\u00f3\u00f0url\u00edfi \u00feekkti eg \u00feig, og \u00e1\u00f0ur en \u00fe\u00fa komst af m\u00f3\u00f0url\u00edfi, v\u00edg\u00f0i eg \u00feig; eg setti \u00feig til a\u00f0 vera sp\u00e1mann \u00fej\u00f3\u00f0anna. <br \/><a name=\"6\"><span class=\"versanumer\">6<\/span><\/a>Og eg m\u00e6lti: \u00e6 herra Drottinn! sj\u00e1 eg kann ekki a\u00f0 tala, \u00fev\u00ed eg em ungur.<a name=\"7\"><span class=\"versanumer\">7<\/span><\/a>Og Drottinn sag\u00f0i vi\u00f0 mig: seg \u00fe\u00fa ekki, eg em ungur; heldur far \u00fe\u00fa til allra sem eg sendi \u00feig til og tala \u00fea\u00f0 sem eg b\u00fd\u00f0 \u00fe\u00e9r!<a name=\"8\"><span class=\"versanumer\">8<\/span><\/a>\u00d3ttastu \u00fe\u00e1 ekki! \u00fev\u00ed eg er me\u00f0 \u00fe\u00e9r, til a\u00f0 hj\u00e1lpa \u00fe\u00e9r, segir Drottinn.<a name=\"9\"><span class=\"versanumer\">9<\/span><\/a>Og Drottinn \u00fatr\u00e9tti s\u00edna h\u00f6nd og snart minn munn, og Drottinn m\u00e6lti til m\u00edn: sj\u00e1! eg legg m\u00edn or\u00f0 \u00ed \u00feinn munn.<a name=\"10\"><span class=\"versanumer\">10<\/span><\/a>Sko\u00f0a \u00fe\u00fa, eg set \u00feig \u00e1 \u00feessum degi yfir \u00fej\u00f3\u00f0ir og yfir k\u00f3ngsr\u00edki, til \u00feess a\u00f0 uppr\u00e6ta og sundurmola, skemma og ey\u00f0ileggja; til \u00feess a\u00f0 uppbyggja og gr\u00f3\u00f0ursetja.<br \/><a name=\"11\"><span class=\"versanumer\">11<\/span><\/a>Og or\u00f0 Drottins kom til m\u00edn, og m\u00e6lti: hva\u00f0 s\u00e9r \u00fe\u00fa Jerem\u00eda? Og eg svara\u00f0i: eg s\u00e9 <span class='VideyAth'>a)<\/span> vakandi staf.<a name=\"12\"><span class=\"versanumer\">12<\/span><\/a>Og Drottinn m\u00e6lti til m\u00edn: \u00fe\u00fa s\u00e1st r\u00e9tt, \u00fev\u00ed eg vaki yfir m\u00ednu or\u00f0i a\u00f0 eg framkv\u00e6mi \u00fea\u00f0.<a name=\"13\"><span class=\"versanumer\">13<\/span><\/a>\u00cd anna\u00f0 sinn kom or\u00f0 Drottins til m\u00edn, og m\u00e6lti: hva\u00f0 s\u00e9r \u00fe\u00fa? Og eg svara\u00f0i: eg s\u00e9 sj\u00f3\u00f0andi pott stefna a\u00f0 nor\u00f0an.<a name=\"14\"><span class=\"versanumer\">14<\/span><\/a>Og Drottinn sag\u00f0i vi\u00f0 mig: fr\u00e1 nor\u00f0ri mun \u00f3lukkan brj\u00f3tast inn \u00e1 alla landsins innb\u00faa;<a name=\"15\"><span class=\"versanumer\">15<\/span><\/a>\u00fev\u00ed sj\u00e1! eg kalla allar kynkv\u00edslir r\u00edkjanna a\u00f0 nor\u00f0an, segir Drottinn, a\u00f0 \u00fe\u00e6r komi, og hv\u00f6r \u00feeirra setji sinn st\u00f3l fyrir Jer\u00fasalems borgarhli\u00f0, og m\u00f3ti \u00f6llum hennar m\u00farvegg, allt um kring og m\u00f3ti \u00f6llum J\u00fadast\u00f6\u00f0um.<a name=\"16\"><span class=\"versanumer\">16<\/span><\/a>Og eg mun upp segja d\u00f3m yfir \u00feeim, sakir allra \u00feeirra illgj\u00f6r\u00f0a, a\u00f0 \u00feeir yfirg\u00e1fu mig, og gj\u00f6r\u00f0u reyk fyrir \u00f6\u00f0rum gu\u00f0um, og hafa tilbe\u00f0i\u00f0 s\u00edn handaverk.<a name=\"17\"><span class=\"versanumer\">17<\/span><\/a>En gir\u00f0 \u00fe\u00fa \u00fe\u00ednar lendar og tak \u00feig upp, og tala til \u00feeirra, allt sem eg mun bj\u00f3\u00f0a \u00fe\u00e9r; vertu ekki deigur vi\u00f0 \u00fe\u00e1, svo eg gj\u00f6ri \u00feig ekki hr\u00e6ddan vi\u00f0 \u00fe\u00e1.<a name=\"18\"><span class=\"versanumer\">18<\/span><\/a>Og sj\u00e1! eg gj\u00f6ri \u00feig \u00ed dag a\u00f0 sterkri borg, a\u00f0 j\u00e1rnst\u00f3lpa og a\u00f0 eirvegg, gegn \u00f6llu landinu, J\u00fadakonungi, hans h\u00f6f\u00f0ingjum, hans prestum og landsf\u00f3lkinu.<a name=\"19\"><span class=\"versanumer\">19<\/span><\/a>Og \u00feeir munu str\u00ed\u00f0a \u00e1 m\u00f3ti \u00fe\u00e9r, en ekkert orka \u00e1 m\u00f3ti \u00fe\u00e9r, \u00fev\u00ed eg er me\u00f0 \u00fe\u00e9r, segir Drottinn, til a\u00f0 hj\u00e1lpa \u00fe\u00e9r.<\/p>\n<div class=\"footnoteVidey\">V. 11. a. Mandeltr\u00e9 skal bl\u00f3mgast fyrr \u00e1 vorin enn \u00f6nnur tr\u00e9, og \u00fev\u00ed var \u00fea\u00f0 kalla\u00f0 vaknandi tr\u00e9, \u00f6\u00f0ru nafni.  V. 13. A\u00f0 nor\u00f0an; hebr. og hans andlit fr\u00e1 andliti nor\u00f0ursins.<\/div>\n","protected":false},"excerpt":{"rendered":"<p>Jerem\u00edas er kalla\u00f0ur, f\u00e6r tv\u00e6r opinberanir. 1Or\u00f0 Jerem\u00eda, sonar Hilkia, sem var einn af prestunum \u00ed Anatot, \u00ed Benjam\u00ednslandi,2til hv\u00f6rs or\u00f0 Drottins kom \u00e1 d\u00f6gum J\u00f3sia Amonssonar, J\u00fadak\u00f3ngs, \u00e1 13da \u00e1ri hans r\u00edkisstj\u00f3rnar,3og kom (l\u00edka) \u00e1 d\u00f6gum J\u00f3jakims, J\u00f3siasonar, J\u00fadak\u00f3ngs, allt a\u00f0 Jer\u00fasalemsinnb\u00faa herlei\u00f0ingu, \u00ed \u00feeim fimmta m\u00e1nu\u00f0i. 4Og or\u00f0 Drottins kom til m\u00edn og sag\u00f0i:5\u00e1\u00f0ur en eg mynda\u00f0i \u00feig \u00ed m\u00f3\u00f0url\u00edfi \u00feekkti eg \u00feig, og \u00e1\u00f0ur en \u00fe\u00fa komst af m\u00f3\u00f0url\u00edfi, v\u00edg\u00f0i eg \u00feig; eg setti \u00feig til a\u00f0 vera sp\u00e1mann \u00fej\u00f3\u00f0anna. 6Og eg m\u00e6lti: \u00e6 herra Drottinn! sj\u00e1 eg kann ekki a\u00f0 tala, \u00fev\u00ed eg em ungur.7Og Drottinn <a href=\"https:\/\/biblian.is\/videy\/jeremia-1-kafli\/\"> [&#8230;]<\/a><\/p>\n","protected":false},"author":1,"featured_media":0,"parent":0,"menu_order":0,"comment_status":"open","ping_status":"open","template":"bibliukaflar.php","meta":{"footnotes":""},"class_list":["post-21595","page","type-page","status-publish","hentry"],"_links":{"self":[{"href":"https:\/\/biblian.is\/videy\/wp-json\/wp\/v2\/pages\/21595","targetHints":{"allow":["GET"]}}],"collection":[{"href":"https:\/\/biblian.is\/videy\/wp-json\/wp\/v2\/pages"}],"about":[{"href":"https:\/\/biblian.is\/videy\/wp-json\/wp\/v2\/types\/page"}],"author":[{"embeddable":true,"href":"https:\/\/biblian.is\/videy\/wp-json\/wp\/v2\/users\/1"}],"replies":[{"embeddable":true,"href":"https:\/\/biblian.is\/videy\/wp-json\/wp\/v2\/comments?post=21595"}],"version-history":[{"count":0,"href":"https:\/\/biblian.is\/videy\/wp-json\/wp\/v2\/pages\/21595\/revisions"}],"wp:attachment":[{"href":"https:\/\/biblian.is\/videy\/wp-json\/wp\/v2\/media?parent=21595"}],"curies":[{"name":"wp","href":"https:\/\/api.w.org\/{rel}","templated":true}]}}