{"id":21593,"date":"2018-01-02T01:02:54","date_gmt":"2018-01-02T01:02:54","guid":{"rendered":"http:\/\/biblian.is\/videy\/jesaja-65-kafli\/"},"modified":"2018-01-02T01:02:54","modified_gmt":"2018-01-02T01:02:54","slug":"jesaja-65-kafli","status":"publish","type":"page","link":"https:\/\/biblian.is\/videy\/jesaja-65-kafli\/","title":{"rendered":"Jesaja 65. kafli"},"content":{"rendered":"<div class=\"fyrirsognVidey\">Andsvar Gu\u00f0s; si\u00f0aspilling Gy\u00f0inga; lausn hinna g\u00f3\u00f0u, refsing hinna vondu, s\u00e6luhagur hinna r\u00e1\u00f0v\u00f6ndu \u00cdsraelsmanna.<\/div>\n<p><a name=\"1\"><span class=\"versanumer\">1<\/span><\/a>Eg hefi b\u00e6nheyrt \u00fe\u00e1, sem ekki b\u00e1\u00f0u; eg l\u00e9t \u00fe\u00e1 finna mig, sem ekki leitu\u00f0u m\u00edn; eg sag\u00f0i vi\u00f0 \u00fe\u00e1 \u00fej\u00f3\u00f0, sem ekki \u00e1kalla\u00f0i mig: \u201esj\u00e1! h\u00e9r em eg\u201c.<a name=\"2\"><span class=\"versanumer\">2<\/span><\/a>Eg \u00fatr\u00e9tti h\u00f6ndur m\u00ednar daglega til \u00feess f\u00f3lks, sem er \u00f3hl\u00fd\u00f0ugt, sem gengur \u00e1 illum vegum eftir eigin hug\u00fe\u00f3tta,<a name=\"3\"><span class=\"versanumer\">3<\/span><\/a>sem reitir mig jafnlega til rei\u00f0i, og \u00fea\u00f0 frammi fyrir minni augs\u00fdn; sem f\u00f3rnf\u00e6rir \u00ed alding\u00f6r\u00f0um, og brennir reykelsi \u00e1 t\u00edgulsteinum;<a name=\"4\"><span class=\"versanumer\">4<\/span><\/a>sem l\u00e6tur fyrirberast \u00ed dau\u00f0ra manna gr\u00f6fum, og er um n\u00e6tur \u00ed hellrum, etur sv\u00ednakj\u00f6t, og hefir \u00f3hreinan mat \u00ed \u00edl\u00e1tum s\u00ednum;<a name=\"5\"><span class=\"versanumer\">5<\/span><\/a>en segir \u00fe\u00f3 <span class='VideyAth'>(vi\u00f0 a\u00f0ra)<\/span>: \u201efar \u00fe\u00fa burt, kom ekki n\u00e6rri m\u00e9r, eg er helgari en \u00fe\u00fa\u201c. \u00deegar eg ver\u00f0 rei\u00f0ur, skulu sl\u00edkir menn ver\u00f0a a\u00f0 reyk og a\u00f0 eldi \u00feeim, er allan dag brennur.<a name=\"6\"><span class=\"versanumer\">6<\/span><\/a>Sj\u00e1! \u00fea\u00f0 stendur skrifa\u00f0 frammi fyrir m\u00e9r: eg vil ekki \u00feegja, heldur gjalda, og gjalda skilv\u00edslega,<a name=\"7\"><span class=\"versanumer\">7<\/span><\/a>b\u00e6\u00f0i fyrir syndir sj\u00e1lfra \u00feeirra, og svo syndir fe\u00f0ra \u00feeirra, segir Drottinn, \u00feeirra er brenndu reykelsi \u00e1 fj\u00f6llum uppi, og sm\u00e1nu\u00f0u mig \u00e1 bl\u00f3th\u00e6\u00f0unum; eg vil m\u00e6la \u00feeim \u00fat hi\u00f0 forna ath\u00e6fi \u00feeirra, og gjalda \u00fea\u00f0 skilv\u00edslega. <br \/><a name=\"8\"><span class=\"versanumer\">8<\/span><\/a>Svo segir Drottinn: Eins og menn segja, \u00feegar l\u00f6gur finnst \u00ed v\u00ednberinu, \u201espill \u00fev\u00ed ekki, \u00fear er blessan \u00ed\u201c, eins vil eg og gj\u00f6ra s\u00f6kum minna \u00fej\u00f3nustumanna, eg vil ekki spilla \u00f6llu.<a name=\"9\"><span class=\"versanumer\">9<\/span><\/a>Eg vil l\u00e1ta afsprengi \u00e6xlast \u00fat af Jakobsni\u00f0jum, og \u00fat af J\u00fadani\u00f0jum erfingja, er eignast skulu m\u00edn fj\u00f6ll; m\u00ednir hinir \u00fatv\u00f6ldu skulu erfa \u00feau, og \u00fej\u00f3nar m\u00ednir b\u00faa \u00fear.<a name=\"10\"><span class=\"versanumer\">10<\/span><\/a>Saronsv\u00f6llur skal ver\u00f0a a\u00f0 hjar\u00f0arb\u00f3li og Akorsdalur a\u00f0 nautast\u00f6\u00f0li fyrir \u00fe\u00e1 af m\u00ednu f\u00f3lki, sem leita m\u00edn.<a name=\"11\"><span class=\"versanumer\">11<\/span><\/a>En \u00fe\u00e9r, sem yfirgefi\u00f0 Drottin og gleymi\u00f0 m\u00ednu heilaga fjalli, sem setji\u00f0 bor\u00f0 fyrir Ga\u00f0 og blandi\u00f0 v\u00edn fyrir Men\u00ed;<a name=\"12\"><span class=\"versanumer\">12<\/span><\/a>y\u00f0ur hefi eg \u00e6tla\u00f0 undir sver\u00f0i\u00f0, og \u00fe\u00e9r skulu\u00f0 allir leggjast ni\u00f0ur a\u00f0 h\u00f6ggstokknum, af \u00fev\u00ed \u00fe\u00e9r gegndu\u00f0 ekki, \u00fe\u00e1 eg kalla\u00f0i, og heyr\u00f0u\u00f0 ekki, \u00fe\u00e1 eg tala\u00f0i, heldur a\u00f0h\u00f6f\u00f0ust \u00fea\u00f0, sem m\u00e9r \u00fe\u00f3kna\u00f0ist ekki.<a name=\"13\"><span class=\"versanumer\">13<\/span><\/a>\u00deess vegna segir Drottinn hinn alvaldi svo: Sj\u00e1i\u00f0! m\u00ednir \u00fej\u00f3nar skulu drekka, en y\u00f0ur skal \u00feyrsta; sj\u00e1i\u00f0, m\u00ednir \u00fej\u00f3nar skulu gle\u00f0jast, en \u00fe\u00e9r skulu\u00f0 gl\u00fapna;<a name=\"14\"><span class=\"versanumer\">14<\/span><\/a>sj\u00e1i\u00f0, m\u00ednir \u00fej\u00f3nar skulu syngja fagnandi af hjartans gle\u00f0i, en \u00fe\u00e9r skulu\u00f0 \u00e6pa af hjartasorg, og kveina af hugarangri.<a name=\"15\"><span class=\"versanumer\">15<\/span><\/a>\u00de\u00e9r skulu\u00f0 leifa m\u00ednum \u00fatv\u00f6ldu y\u00f0ar n\u00f6fn til ei\u00f0festrar bannf\u00e6ringar; \u00fev\u00ed Drottinn hinn alvaldi mun taka y\u00f0ur af l\u00edfi, og nefna \u00fej\u00f3na s\u00edna me\u00f0 \u00f6\u00f0ru nafni.<br \/><a name=\"16\"><span class=\"versanumer\">16<\/span><\/a>Hv\u00f6r sem \u00f3skar s\u00e9r g\u00f3\u00f0s \u00e1 j\u00f6r\u00f0u, hann skal s\u00e9r g\u00f3\u00f0s \u00f3ska \u00ed nafni hins sanna Gu\u00f0s, og hv\u00f6r sem ei\u00f0 vinnur \u00e1 j\u00f6r\u00f0u, hann skal sverja vi\u00f0 hinn sanna Gu\u00f0; \u00fev\u00ed hinar fyrri \u00ferautir eru \u00fe\u00e1 gleymdar, \u00fe\u00e6r eru hvorfnar fr\u00e1 m\u00ednum augum.<a name=\"17\"><span class=\"versanumer\">17<\/span><\/a>\u00dev\u00ed sj\u00e1, eg skapa n\u00fdjan himin og n\u00fdja j\u00f6r\u00f0; hins fyrrveranda skal ekki framar minnst ver\u00f0a, og \u00fea\u00f0 skal engum \u00ed hug koma.<a name=\"18\"><span class=\"versanumer\">18<\/span><\/a>Gle\u00f0jist heldur og fagni\u00f0 \u00e6 og \u00e6 yfir \u00fev\u00ed, sem eg skapa; \u00fev\u00ed sj\u00e1i\u00f0, eg ummynda Jer\u00fasalemsborg \u00ed f\u00f6gnu\u00f0, og innbyggjendur hennar \u00ed gle\u00f0i.<a name=\"19\"><span class=\"versanumer\">19<\/span><\/a>Eg vil fagna yfir Jer\u00fasalemsborg, og gle\u00f0ja mig yfir m\u00ednu f\u00f3lki.<\/p>\n<div class=\"footnoteVidey\">V. 3. T\u00edgulsteinum, \u00fe. e. \u00f6lturum af t\u00edgulsteini; banna\u00f0 var a\u00f0 hafa \u00f6lturu af h\u00f6ggnu grj\u00f3ti, 2 M\u00f3s. 20,25.  V. 4. Gr\u00f6fum, nefnil. til a\u00f0 leita fr\u00e9tta hj\u00e1 framli\u00f0num.  V. 11. Ga\u00f0 og Men\u00ed, go\u00f0an\u00f6fn; Ga\u00f0 hamingjugo\u00f0, Men\u00ed, forlagago\u00f0. V. 20. a. \u00de. e. \u00fea\u00f0 skal \u00e1l\u00edtast sem syndab\u00f6l sem hegning fr\u00e1 Gu\u00f0i fyrir einhv\u00f6rja dr\u00fdg\u00f0a synd, a\u00f0 hann n\u00e6r ei t\u00edr\u00e6\u00f0u.  V. 22. Aldur trj\u00e1nna, sum tr\u00e9, t.d. eik, terpent\u00edntr\u00e9, ver\u00f0a afarg\u00f6mul og lifa marga mannsaldra.  V. 25. Samanb. Kap. 11,6\u20139.<\/div>\n","protected":false},"excerpt":{"rendered":"<p>Andsvar Gu\u00f0s; si\u00f0aspilling Gy\u00f0inga; lausn hinna g\u00f3\u00f0u, refsing hinna vondu, s\u00e6luhagur hinna r\u00e1\u00f0v\u00f6ndu \u00cdsraelsmanna. 1Eg hefi b\u00e6nheyrt \u00fe\u00e1, sem ekki b\u00e1\u00f0u; eg l\u00e9t \u00fe\u00e1 finna mig, sem ekki leitu\u00f0u m\u00edn; eg sag\u00f0i vi\u00f0 \u00fe\u00e1 \u00fej\u00f3\u00f0, sem ekki \u00e1kalla\u00f0i mig: \u201esj\u00e1! h\u00e9r em eg\u201c.2Eg \u00fatr\u00e9tti h\u00f6ndur m\u00ednar daglega til \u00feess f\u00f3lks, sem er \u00f3hl\u00fd\u00f0ugt, sem gengur \u00e1 illum vegum eftir eigin hug\u00fe\u00f3tta,3sem reitir mig jafnlega til rei\u00f0i, og \u00fea\u00f0 frammi fyrir minni augs\u00fdn; sem f\u00f3rnf\u00e6rir \u00ed alding\u00f6r\u00f0um, og brennir reykelsi \u00e1 t\u00edgulsteinum;4sem l\u00e6tur fyrirberast \u00ed dau\u00f0ra manna gr\u00f6fum, og er um n\u00e6tur \u00ed hellrum, etur sv\u00ednakj\u00f6t, og hefir \u00f3hreinan mat \u00ed <a href=\"https:\/\/biblian.is\/videy\/jesaja-65-kafli\/\"> [&#8230;]<\/a><\/p>\n","protected":false},"author":1,"featured_media":0,"parent":0,"menu_order":0,"comment_status":"open","ping_status":"open","template":"bibliukaflar.php","meta":{"footnotes":""},"class_list":["post-21593","page","type-page","status-publish","hentry"],"_links":{"self":[{"href":"https:\/\/biblian.is\/videy\/wp-json\/wp\/v2\/pages\/21593","targetHints":{"allow":["GET"]}}],"collection":[{"href":"https:\/\/biblian.is\/videy\/wp-json\/wp\/v2\/pages"}],"about":[{"href":"https:\/\/biblian.is\/videy\/wp-json\/wp\/v2\/types\/page"}],"author":[{"embeddable":true,"href":"https:\/\/biblian.is\/videy\/wp-json\/wp\/v2\/users\/1"}],"replies":[{"embeddable":true,"href":"https:\/\/biblian.is\/videy\/wp-json\/wp\/v2\/comments?post=21593"}],"version-history":[{"count":0,"href":"https:\/\/biblian.is\/videy\/wp-json\/wp\/v2\/pages\/21593\/revisions"}],"wp:attachment":[{"href":"https:\/\/biblian.is\/videy\/wp-json\/wp\/v2\/media?parent=21593"}],"curies":[{"name":"wp","href":"https:\/\/api.w.org\/{rel}","templated":true}]}}