{"id":21592,"date":"2018-01-02T01:02:54","date_gmt":"2018-01-02T01:02:54","guid":{"rendered":"http:\/\/biblian.is\/videy\/jesaja-64-kafli\/"},"modified":"2018-01-02T01:02:54","modified_gmt":"2018-01-02T01:02:54","slug":"jesaja-64-kafli","status":"publish","type":"page","link":"https:\/\/biblian.is\/videy\/jesaja-64-kafli\/","title":{"rendered":"Jesaja 64. kafli"},"content":{"rendered":"<div class=\"fyrirsognVidey\">Framhald lofs\u00f6ngsins; b\u00e6n Gy\u00f0ingal\u00fd\u00f0s til Gu\u00f0s.<\/div>\n<p><a name=\"1\"><span class=\"versanumer\">1<\/span><\/a>\u00d3, a\u00f0 \u00fe\u00fa sundur rifir himininn og f\u00e6rir ofan hinga\u00f0, og fj\u00f6llin skylfi fyrir \u00fe\u00ednu augliti, eins og vatn vellur yfir eldi \u00feeim, er brennur \u00ed \u00feurru limi, til \u00feess a\u00f0 \u00f3vinir \u00fe\u00ednir k\u00f6nnu\u00f0ust vi\u00f0 \u00feitt nafn <span class='VideyAth'>(\u00feinn m\u00e1tt)<\/span>, og hei\u00f0ingjarnir skylfi fyrir \u00feinni augs\u00fdn,<a name=\"2\"><span class=\"versanumer\">2<\/span><\/a>eins og <span class='VideyAth'>(for\u00f0um)<\/span>, \u00feegar \u00fe\u00fa gj\u00f6r\u00f0ir d\u00e1semdarverkin, \u00feau er v\u00e9r h\u00f6f\u00f0um ekki v\u00e6nt eftir, og f\u00f3rst ofan, svo a\u00f0 fj\u00f6llin skulfu fyrir augliti \u00fe\u00ednu.<a name=\"3\"><span class=\"versanumer\">3<\/span><\/a>\u00dev\u00ed aldrei hefir nokkur haft spurn af e\u00f0a heyrt, og ekkert auga hefir s\u00e9\u00f0 nokkurn Gu\u00f0, nema \u00feig, \u00feann er sl\u00edka hluti gj\u00f6ri fyrir \u00fe\u00e1, sem \u00e1 hann vona.<a name=\"4\"><span class=\"versanumer\">4<\/span><\/a>\u00de\u00fa l\u00edknar \u00feeim, er gj\u00f6rir me\u00f0 gle\u00f0i \u00fea\u00f0, sem r\u00e9tt er, og \u00feeim, sem gengur \u00e1 \u00fe\u00ednum vegum og minnist \u00fe\u00edn. En sj\u00e1, \u00fe\u00fa varst rei\u00f0ur, af \u00fev\u00ed v\u00e9r h\u00f6f\u00f0um svo lengi villst fr\u00e1 \u00fe\u00ednum vegum! \u00d3 a\u00f0 v\u00e9r yr\u00f0um frelsa\u00f0ir!<a name=\"5\"><span class=\"versanumer\">5<\/span><\/a>V\u00e9r vorum allir, sem \u00f3hreinir menn, og allt vort r\u00e9ttl\u00e6ti var sem saurga\u00f0 kl\u00e6\u00f0i; v\u00e9r vorum eins og visin laufbl\u00f6\u00f0, og vorar syndir hrifu oss burt, eins og vindur.<a name=\"6\"><span class=\"versanumer\">6<\/span><\/a>Enginn fannst s\u00e1, er \u00e1kalla\u00f0i \u00feitt nafn; engum var\u00f0 \u00fea\u00f0 fyrir, a\u00f0 halda s\u00e9r st\u00f6\u00f0uglega til \u00fe\u00edn. \u00deess vegna byrg\u00f0ir \u00fe\u00fa auglit \u00feitt, og l\u00e9st oss vanmegnast undir valdi vorra synda.<a name=\"7\"><span class=\"versanumer\">7<\/span><\/a>En n\u00fa, Drottinn! \u00de\u00fa ert vor fa\u00f0ir. V\u00e9r erum leirinn; \u00fe\u00fa ert s\u00e1, sem mynda\u00f0ir oss; allir erum v\u00e9r \u00fe\u00edn handverk.<a name=\"8\"><span class=\"versanumer\">8<\/span><\/a>Rei\u00f0st eigi, Drottinn, svo st\u00f3rmj\u00f6g! minnst eigi syndanna eil\u00edflega! \u00c6, l\u00edt \u00fe\u00fa ni\u00f0ur til vor, v\u00e9r erum allir \u00feitt f\u00f3lk.<a name=\"9\"><span class=\"versanumer\">9<\/span><\/a>\u00de\u00ednar heil\u00f6gu borgir eru eins og ey\u00f0im\u00f6rk: S\u00edonsborg er or\u00f0in a\u00f0 \u00f6r\u00e6fum, Jer\u00fasalemsborg liggur \u00ed ey\u00f0i.<a name=\"10\"><span class=\"versanumer\">10<\/span><\/a>Vort heilaga og veglega h\u00fas hvar fe\u00f0ur vorir vegs\u00f6mu\u00f0u \u00feig, er or\u00f0i\u00f0 eldsmatur, og allt \u00fea\u00f0, sem oss var k\u00e6rast, liggur \u00ed ey\u00f0i.<a name=\"11\"><span class=\"versanumer\">11<\/span><\/a>Getur \u00fe\u00fa leitt sl\u00edkt hj\u00e1 \u00fe\u00e9r, Drottinn, og \u00feaga\u00f0, og \u00fej\u00e1\u00f0 oss svo mj\u00f6g?<\/p>\n<div class=\"footnoteVidey\"><\/div>\n","protected":false},"excerpt":{"rendered":"<p>Framhald lofs\u00f6ngsins; b\u00e6n Gy\u00f0ingal\u00fd\u00f0s til Gu\u00f0s. 1\u00d3, a\u00f0 \u00fe\u00fa sundur rifir himininn og f\u00e6rir ofan hinga\u00f0, og fj\u00f6llin skylfi fyrir \u00fe\u00ednu augliti, eins og vatn vellur yfir eldi \u00feeim, er brennur \u00ed \u00feurru limi, til \u00feess a\u00f0 \u00f3vinir \u00fe\u00ednir k\u00f6nnu\u00f0ust vi\u00f0 \u00feitt nafn (\u00feinn m\u00e1tt), og hei\u00f0ingjarnir skylfi fyrir \u00feinni augs\u00fdn,2eins og (for\u00f0um), \u00feegar \u00fe\u00fa gj\u00f6r\u00f0ir d\u00e1semdarverkin, \u00feau er v\u00e9r h\u00f6f\u00f0um ekki v\u00e6nt eftir, og f\u00f3rst ofan, svo a\u00f0 fj\u00f6llin skulfu fyrir augliti \u00fe\u00ednu.3\u00dev\u00ed aldrei hefir nokkur haft spurn af e\u00f0a heyrt, og ekkert auga hefir s\u00e9\u00f0 nokkurn Gu\u00f0, nema \u00feig, \u00feann er sl\u00edka hluti gj\u00f6ri fyrir \u00fe\u00e1, sem \u00e1 <a href=\"https:\/\/biblian.is\/videy\/jesaja-64-kafli\/\"> [&#8230;]<\/a><\/p>\n","protected":false},"author":1,"featured_media":0,"parent":0,"menu_order":0,"comment_status":"open","ping_status":"open","template":"bibliukaflar.php","meta":{"footnotes":""},"class_list":["post-21592","page","type-page","status-publish","hentry"],"_links":{"self":[{"href":"https:\/\/biblian.is\/videy\/wp-json\/wp\/v2\/pages\/21592","targetHints":{"allow":["GET"]}}],"collection":[{"href":"https:\/\/biblian.is\/videy\/wp-json\/wp\/v2\/pages"}],"about":[{"href":"https:\/\/biblian.is\/videy\/wp-json\/wp\/v2\/types\/page"}],"author":[{"embeddable":true,"href":"https:\/\/biblian.is\/videy\/wp-json\/wp\/v2\/users\/1"}],"replies":[{"embeddable":true,"href":"https:\/\/biblian.is\/videy\/wp-json\/wp\/v2\/comments?post=21592"}],"version-history":[{"count":0,"href":"https:\/\/biblian.is\/videy\/wp-json\/wp\/v2\/pages\/21592\/revisions"}],"wp:attachment":[{"href":"https:\/\/biblian.is\/videy\/wp-json\/wp\/v2\/media?parent=21592"}],"curies":[{"name":"wp","href":"https:\/\/api.w.org\/{rel}","templated":true}]}}