{"id":21590,"date":"2018-01-02T01:02:54","date_gmt":"2018-01-02T01:02:54","guid":{"rendered":"http:\/\/biblian.is\/videy\/jesaja-62-kafli\/"},"modified":"2018-01-02T01:02:54","modified_gmt":"2018-01-02T01:02:54","slug":"jesaja-62-kafli","status":"publish","type":"page","link":"https:\/\/biblian.is\/videy\/jesaja-62-kafli\/","title":{"rendered":"Jesaja 62. kafli"},"content":{"rendered":"<div class=\"fyrirsognVidey\">G\u00e6ska Drottins vi\u00f0 sitt f\u00f3lk.<\/div>\n<p><a name=\"1\"><span class=\"versanumer\">1<\/span><\/a>S\u00f6kum S\u00edonsborgar get eg ekki \u00feaga\u00f0, og s\u00f6kum Jer\u00fasalemsborgar ekki veri\u00f0 kyrr, fyrr en hennar r\u00e9ttl\u00e6ti rennur upp, sem lj\u00f3mi, og hennar hj\u00e1lpr\u00e6\u00f0i, sem brennandi blys.<a name=\"2\"><span class=\"versanumer\">2<\/span><\/a>\u00de\u00e1 skulu hei\u00f0ingjarnir sj\u00e1 \u00feitt r\u00e9ttl\u00e6ti, og allir konungar \u00fe\u00edna vegsemd; og \u00fe\u00fa skalt nefnd ver\u00f0a n\u00fdju nafni, sem Drottinn sj\u00e1lfur mun tiltaka.<a name=\"3\"><span class=\"versanumer\">3<\/span><\/a>\u00de\u00fa skalt ver\u00f0a sem f\u00f6gur k\u00f3r\u00f3na \u00ed hendi Drottins, og sem veglegur ennid\u00fakur \u00ed hendi vors Gu\u00f0s.<a name=\"4\"><span class=\"versanumer\">4<\/span><\/a>\u00de\u00fa skalt ekki framar nefnd ver\u00f0a \u201ehin yfirgefna\u201c, og land \u00feitt skal ekki framar kallast \u201ehi\u00f0 ey\u00f0ilag\u00f0a\u201c, heldur skaltu nefnast \u201em\u00edn unnusta\u201c, og land \u00feitt \u201eeiginkvinna\u201c; \u00fev\u00ed Drottinn ann \u00fe\u00e9r, og land \u00feitt skal f\u00e1 eiginmann sinn.<a name=\"5\"><span class=\"versanumer\">5<\/span><\/a>\u00dev\u00ed eins og ungur ma\u00f0ur f\u00e6r meyjar, eins skulu synir \u00fe\u00ednir eignast \u00feig; og eins og br\u00fa\u00f0gumi gle\u00f0st yfir br\u00fa\u00f0inni, eins mun \u00feinn Gu\u00f0 gle\u00f0jast yfir \u00fe\u00e9r.<a name=\"6\"><span class=\"versanumer\">6<\/span><\/a>\u00c1 borgarveggjum \u00fe\u00ednum, Jer\u00fasalemsborg, mun eg setja v\u00f6kumenn, sem aldrei skulu \u00feegja, n\u00f3tt n\u00e9 n\u00fdtan dag. Bi\u00f0ji\u00f0 \u00e1n afl\u00e1ts, \u00fe\u00e9r sem \u00e1kalli\u00f0 Drottin!<a name=\"7\"><span class=\"versanumer\">7<\/span><\/a>Bi\u00f0ji\u00f0 hann \u00e1n afl\u00e1ts, uns hann hefur reist aftur Jer\u00fasalemsborg, og gj\u00f6rt hana vegsamlega \u00e1 j\u00f6r\u00f0inni!<a name=\"8\"><span class=\"versanumer\">8<\/span><\/a>Drottinn hefir svari\u00f0 vi\u00f0 s\u00edna h\u00e6gri h\u00f6nd og vi\u00f0 sinn m\u00e1ttuga armlegg: Eg skal aldrei h\u00e9r eftir gefa \u00fe\u00ednum \u00f3vinum korn \u00feitt a\u00f0 eta, og synir \u00fatlendra manna skulu aldrei drekka \u00feinn v\u00ednberjal\u00f6g, sem \u00fe\u00fa hefir erfi\u00f0i fyrir haft;<a name=\"9\"><span class=\"versanumer\">9<\/span><\/a>heldur skulu \u00feeir, sem hirt hafa korni\u00f0, nj\u00f3ta \u00feess, og lofa Gu\u00f0 fyrir: og \u00feeir, sem v\u00ednberjaleginum hafa safna\u00f0, skulu drekka hann \u00ed forgar\u00f0i m\u00edns helgid\u00f3ms.<a name=\"10\"><span class=\"versanumer\">10<\/span><\/a>Gangi\u00f0 \u00fat, gangi\u00f0 \u00fat um borgarhli\u00f0in! ry\u00f0ji\u00f0 veginn fyrir f\u00f3lkinu! h\u00e6kki\u00f0, h\u00e6kki\u00f0 brautina! ry\u00f0ji\u00f0 burt grj\u00f3tinu, og setji\u00f0 upp merki fyrir landsl\u00fd\u00f0inn!<a name=\"11\"><span class=\"versanumer\">11<\/span><\/a>Sj\u00e1i\u00f0, Drottinn gj\u00f6rir heyrum kunnugt allt til enda veraldar: Segi\u00f0 S\u00edonsd\u00f3ttur: sj\u00e1, \u00feinn frelsari kemur! sj\u00e1! hans laun eru \u00ed f\u00f6r me\u00f0 honum, og hans endurgjald fer \u00e1 undan honum.<a name=\"12\"><span class=\"versanumer\">12<\/span><\/a>\u00deeir munu kalla\u00f0ir ver\u00f0a \u201ef\u00f3lki\u00f0 heilaga, hinir endurleystu Drottins\u201c, og \u00fe\u00fa skalt nefnast \u201eborgin fj\u00f6ls\u00f3tta og \u00f3yfirgefna\u201c.<\/p>\n<div class=\"footnoteVidey\"><\/div>\n","protected":false},"excerpt":{"rendered":"<p>G\u00e6ska Drottins vi\u00f0 sitt f\u00f3lk. 1S\u00f6kum S\u00edonsborgar get eg ekki \u00feaga\u00f0, og s\u00f6kum Jer\u00fasalemsborgar ekki veri\u00f0 kyrr, fyrr en hennar r\u00e9ttl\u00e6ti rennur upp, sem lj\u00f3mi, og hennar hj\u00e1lpr\u00e6\u00f0i, sem brennandi blys.2\u00de\u00e1 skulu hei\u00f0ingjarnir sj\u00e1 \u00feitt r\u00e9ttl\u00e6ti, og allir konungar \u00fe\u00edna vegsemd; og \u00fe\u00fa skalt nefnd ver\u00f0a n\u00fdju nafni, sem Drottinn sj\u00e1lfur mun tiltaka.3\u00de\u00fa skalt ver\u00f0a sem f\u00f6gur k\u00f3r\u00f3na \u00ed hendi Drottins, og sem veglegur ennid\u00fakur \u00ed hendi vors Gu\u00f0s.4\u00de\u00fa skalt ekki framar nefnd ver\u00f0a \u201ehin yfirgefna\u201c, og land \u00feitt skal ekki framar kallast \u201ehi\u00f0 ey\u00f0ilag\u00f0a\u201c, heldur skaltu nefnast \u201em\u00edn unnusta\u201c, og land \u00feitt \u201eeiginkvinna\u201c; \u00fev\u00ed Drottinn ann \u00fe\u00e9r, og land <a href=\"https:\/\/biblian.is\/videy\/jesaja-62-kafli\/\"> [&#8230;]<\/a><\/p>\n","protected":false},"author":1,"featured_media":0,"parent":0,"menu_order":0,"comment_status":"open","ping_status":"open","template":"bibliukaflar.php","meta":{"footnotes":""},"class_list":["post-21590","page","type-page","status-publish","hentry"],"_links":{"self":[{"href":"https:\/\/biblian.is\/videy\/wp-json\/wp\/v2\/pages\/21590","targetHints":{"allow":["GET"]}}],"collection":[{"href":"https:\/\/biblian.is\/videy\/wp-json\/wp\/v2\/pages"}],"about":[{"href":"https:\/\/biblian.is\/videy\/wp-json\/wp\/v2\/types\/page"}],"author":[{"embeddable":true,"href":"https:\/\/biblian.is\/videy\/wp-json\/wp\/v2\/users\/1"}],"replies":[{"embeddable":true,"href":"https:\/\/biblian.is\/videy\/wp-json\/wp\/v2\/comments?post=21590"}],"version-history":[{"count":0,"href":"https:\/\/biblian.is\/videy\/wp-json\/wp\/v2\/pages\/21590\/revisions"}],"wp:attachment":[{"href":"https:\/\/biblian.is\/videy\/wp-json\/wp\/v2\/media?parent=21590"}],"curies":[{"name":"wp","href":"https:\/\/api.w.org\/{rel}","templated":true}]}}