{"id":21589,"date":"2018-01-02T01:02:48","date_gmt":"2018-01-02T01:02:48","guid":{"rendered":"http:\/\/biblian.is\/videy\/jesaja-61-kafli\/"},"modified":"2018-01-02T01:02:48","modified_gmt":"2018-01-02T01:02:48","slug":"jesaja-61-kafli","status":"publish","type":"page","link":"https:\/\/biblian.is\/videy\/jesaja-61-kafli\/","title":{"rendered":"Jesaja 61. kafli"},"content":{"rendered":"<div class=\"fyrirsognVidey\">Sp\u00e1ma\u00f0ur Drottins kunngj\u00f6rir frelsun Gy\u00f0inga, og l\u00fdsir s\u00e6luhag \u00feeirra; lofs\u00f6ngur \u00fej\u00f3\u00f0arinnar.<\/div>\n<p><a name=\"1\"><span class=\"versanumer\">1<\/span><\/a>Andi Drottins hins alvalda er yfir m\u00e9r, \u00fev\u00ed Drottinn hefir smurt mig til a\u00f0 flytja hinum nau\u00f0st\u00f6ddu fagna\u00f0arbo\u00f0skap; hann hefir sent mig til a\u00f0 l\u00e6kna hin s\u00e6r\u00f0u hj\u00f6rtun, til a\u00f0 kunngj\u00f6ra hinum herteknu frelsi, og hinum fj\u00f6tru\u00f0u lausn,<a name=\"2\"><span class=\"versanumer\">2<\/span><\/a>til a\u00f0 kunngj\u00f6ra l\u00edknar\u00e1r Drottins <span class='VideyAth'>(49,8)<\/span> og hefndardag vors Gu\u00f0s, til a\u00f0 hugga alla sorgbitna,<a name=\"3\"><span class=\"versanumer\">3<\/span><\/a>til a\u00f0 s\u00fdna og gefa hinum sorgbitnu S\u00edonsborgar innbyggjendum h\u00f6fu\u00f0dj\u00e1sn fyrir \u00f6sku, fagna\u00f0ar vi\u00f0smj\u00f6r fyrir hrygg\u00f0, vegleg kl\u00e6\u00f0i <span class='VideyAth'>a)<\/span> fyrir harm\u00ferunginn anda. \u00deeir munu kalla\u00f0ir ver\u00f0a \u201eheillav\u00e6nleg terpent\u00edntr\u00e9, r\u00f3tsett af Drottni, honum til vegsemdar\u201c.<a name=\"4\"><span class=\"versanumer\">4<\/span><\/a>\u00deeir munu upp byggja hinar fornu borgarr\u00fastirnar, vi\u00f0r\u00e9tta aftur \u00fea\u00f0, sem \u00e1\u00f0ur fyrr meir l\u00e1 \u00ed ey\u00f0i, reisa af n\u00fdju enar ni\u00f0urbrotnu borgir, sem legi\u00f0 hafa vi\u00f0 velli \u00ed marga mannsaldra.<a name=\"5\"><span class=\"versanumer\">5<\/span><\/a>\u00datlendingar skulu standa yfir hj\u00f6r\u00f0um y\u00f0ar, og synir \u00fatlendra manna vera y\u00f0ar akurmenn og v\u00edngar\u00f0smenn.<a name=\"6\"><span class=\"versanumer\">6<\/span><\/a>En \u00fe\u00e9r skulu\u00f0 kallast kennimenn Drottins, og heita \u00fej\u00f3nar vors Gu\u00f0s; \u00fe\u00e9r skulu\u00f0 nj\u00f3ta au\u00f0leg\u00f0ar hei\u00f0ingjanna, og hafa fullr\u00e6\u00f0i yfir r\u00edkd\u00f3mi \u00feeirra.<a name=\"7\"><span class=\"versanumer\">7<\/span><\/a>Fyrir \u00fe\u00e1 sm\u00e1n, sem y\u00f0ur hefir veri\u00f0 gj\u00f6r\u00f0, skulu\u00f0 \u00fe\u00e9r f\u00e1 tv\u00f6f\u00f6ld laun; og fyrir \u00fe\u00e1 s\u00edvir\u00f0ingu, sem \u00feeir ur\u00f0u a\u00f0 \u00feola, skulu \u00feeir fagna gla\u00f0ir \u00e1 \u00f3\u00f0\u00f6lum s\u00ednum; j\u00e1, \u00feeir skulu eignast tv\u00f6f\u00f6ld \u00f3\u00f0\u00f6l \u00ed landi s\u00ednu, og eil\u00edfur f\u00f6gnu\u00f0ur skal falla \u00ed skaut \u00feeim.<a name=\"8\"><span class=\"versanumer\">8<\/span><\/a>\u00dev\u00ed eg Drottinn elska r\u00e9ttindi, en hata rangfengnar brennif\u00f3rnir; eg geld \u00feeim r\u00e9ttilega s\u00edn laun, og bind vi\u00f0 \u00fe\u00e1 eil\u00edft s\u00e1ttm\u00e1l.<a name=\"9\"><span class=\"versanumer\">9<\/span><\/a>Afsprengi \u00feeirra skal vera au\u00f0kennt me\u00f0al \u00fej\u00f3\u00f0anna, og afkomendur \u00feeirra me\u00f0al annarra manna, allir, sem sj\u00e1 \u00fe\u00e1, skulu \u00feekkja, a\u00f0 \u00feeir eru s\u00fa kynsl\u00f3\u00f0, sem Drottinn hefir blessa\u00f0.<a name=\"10\"><span class=\"versanumer\">10<\/span><\/a>Eg vil gle\u00f0ja mig \u00ed Drottni, m\u00edn s\u00e1l skal gla\u00f0v\u00e6r vera \u00ed Gu\u00f0i m\u00ednum, \u00fev\u00ed hann hefir \u00edkl\u00e6tt mig kl\u00e6\u00f0um hj\u00e1lpr\u00e6\u00f0isins, og lagt yfir mig kyrtil r\u00e9ttl\u00e6tisins, eins og \u00feegar br\u00fa\u00f0gumi l\u00e6tur \u00e1 sig pr\u00fd\u00f0ilegan h\u00f6fu\u00f0b\u00faning, og br\u00fa\u00f0ur b\u00fdr sig \u00ed skart sitt.<a name=\"11\"><span class=\"versanumer\">11<\/span><\/a>\u00dev\u00ed eins og j\u00f6r\u00f0in l\u00e6tur gr\u00f6sin upp koma, og aldingar\u00f0urinn fr\u00e6kornin upp spretta, eins mun Drottinn hinn alvaldi l\u00e1ta r\u00e9ttl\u00e6ti og vegsemd upp renna \u00ed augs\u00fdn allra hei\u00f0ingja.<\/p>\n<div class=\"footnoteVidey\">V. 3. a. \u00cd sta\u00f0inn fyrir \u201evegleg kl\u00e6\u00f0i\u201c hafa sumir \u00fatleggjendur \u201elofs\u00f6ng\u201c, a\u00f0rir \u201egla\u00f0v\u00e6r\u00f0\u201c.<\/div>\n","protected":false},"excerpt":{"rendered":"<p>Sp\u00e1ma\u00f0ur Drottins kunngj\u00f6rir frelsun Gy\u00f0inga, og l\u00fdsir s\u00e6luhag \u00feeirra; lofs\u00f6ngur \u00fej\u00f3\u00f0arinnar. 1Andi Drottins hins alvalda er yfir m\u00e9r, \u00fev\u00ed Drottinn hefir smurt mig til a\u00f0 flytja hinum nau\u00f0st\u00f6ddu fagna\u00f0arbo\u00f0skap; hann hefir sent mig til a\u00f0 l\u00e6kna hin s\u00e6r\u00f0u hj\u00f6rtun, til a\u00f0 kunngj\u00f6ra hinum herteknu frelsi, og hinum fj\u00f6tru\u00f0u lausn,2til a\u00f0 kunngj\u00f6ra l\u00edknar\u00e1r Drottins (49,8) og hefndardag vors Gu\u00f0s, til a\u00f0 hugga alla sorgbitna,3til a\u00f0 s\u00fdna og gefa hinum sorgbitnu S\u00edonsborgar innbyggjendum h\u00f6fu\u00f0dj\u00e1sn fyrir \u00f6sku, fagna\u00f0ar vi\u00f0smj\u00f6r fyrir hrygg\u00f0, vegleg kl\u00e6\u00f0i a) fyrir harm\u00ferunginn anda. \u00deeir munu kalla\u00f0ir ver\u00f0a \u201eheillav\u00e6nleg terpent\u00edntr\u00e9, r\u00f3tsett af Drottni, honum til vegsemdar\u201c.4\u00deeir munu upp byggja hinar <a href=\"https:\/\/biblian.is\/videy\/jesaja-61-kafli\/\"> [&#8230;]<\/a><\/p>\n","protected":false},"author":1,"featured_media":0,"parent":0,"menu_order":0,"comment_status":"open","ping_status":"open","template":"bibliukaflar.php","meta":{"footnotes":""},"class_list":["post-21589","page","type-page","status-publish","hentry"],"_links":{"self":[{"href":"https:\/\/biblian.is\/videy\/wp-json\/wp\/v2\/pages\/21589","targetHints":{"allow":["GET"]}}],"collection":[{"href":"https:\/\/biblian.is\/videy\/wp-json\/wp\/v2\/pages"}],"about":[{"href":"https:\/\/biblian.is\/videy\/wp-json\/wp\/v2\/types\/page"}],"author":[{"embeddable":true,"href":"https:\/\/biblian.is\/videy\/wp-json\/wp\/v2\/users\/1"}],"replies":[{"embeddable":true,"href":"https:\/\/biblian.is\/videy\/wp-json\/wp\/v2\/comments?post=21589"}],"version-history":[{"count":0,"href":"https:\/\/biblian.is\/videy\/wp-json\/wp\/v2\/pages\/21589\/revisions"}],"wp:attachment":[{"href":"https:\/\/biblian.is\/videy\/wp-json\/wp\/v2\/media?parent=21589"}],"curies":[{"name":"wp","href":"https:\/\/api.w.org\/{rel}","templated":true}]}}