{"id":21587,"date":"2018-01-02T01:02:48","date_gmt":"2018-01-02T01:02:48","guid":{"rendered":"http:\/\/biblian.is\/videy\/jesaja-59-kafli\/"},"modified":"2018-01-02T01:02:48","modified_gmt":"2018-01-02T01:02:48","slug":"jesaja-59-kafli","status":"publish","type":"page","link":"https:\/\/biblian.is\/videy\/jesaja-59-kafli\/","title":{"rendered":"Jesaja 59. kafli"},"content":{"rendered":"<div class=\"fyrirsognVidey\">Si\u00f0aspilling Gy\u00f0ingal\u00fd\u00f0s; hegning Gu\u00f0s; frelsan \u00fej\u00f3\u00f0arinnar.<\/div>\n<p><a name=\"1\"><span class=\"versanumer\">1<\/span><\/a>Sj\u00e1 \u00fe\u00fa! ekki er h\u00f6nd Drottins svo stutt, a\u00f0 hann megi eigi hj\u00e1lpa, og ekki eyra hans svo \u00feykkt, a\u00f0 hann geti ekki heyrt.<a name=\"2\"><span class=\"versanumer\">2<\/span><\/a>\u00dea\u00f0 eru misgj\u00f6r\u00f0ir y\u00f0ar, sem skilna\u00f0 hafa gj\u00f6rt milli y\u00f0ar og y\u00f0vars Gu\u00f0s, og y\u00f0ar syndir hafa byrgt auglit hans fyrir y\u00f0ur, svo hann heyrir ekki.<a name=\"3\"><span class=\"versanumer\">3<\/span><\/a>\u00dev\u00ed l\u00f3far y\u00f0rir eru flekka\u00f0ir me\u00f0 bl\u00f3\u00f0i, og fingur y\u00f0rir me\u00f0 misgj\u00f6r\u00f0um. Y\u00f0ar varir tala lygi, og y\u00f0ar tunga fer me\u00f0 rangsleitni.<a name=\"4\"><span class=\"versanumer\">4<\/span><\/a>Enginn kallar \u00e1 r\u00e9ttl\u00e6ti\u00f0, og enginn umvandar me\u00f0 einl\u00e6gni. Menn treysta \u00e1 \u00fea\u00f0 sem ekkert er, og tala h\u00e9g\u00f3ma. \u00deeir geta ofr\u00edki, og ala misgj\u00f6r\u00f0ir.<a name=\"5\"><span class=\"versanumer\">5<\/span><\/a>\u00deeir \u00fatklekja hornormseggjum, og vefa k\u00f3ngul\u00f3arvefi. Hv\u00f6r sem etur af eggjum \u00feeirra, hl\u00fdtur a\u00f0 deyja; ver\u00f0i \u00feau \u00ed sundur tro\u00f0in, kemur \u00fear \u00far na\u00f0ra.<a name=\"6\"><span class=\"versanumer\">6<\/span><\/a>Vefna\u00f0ur \u00feeirra dugir ekki til kl\u00e6\u00f0a, og \u00fea\u00f0, sem \u00feeir vinna, ver\u00f0ur ei haft til skj\u00f3ls: \u00fea\u00f0, sem \u00feeir vinna, eru vonskuverk, og ofr\u00edkisverk liggja \u00ed l\u00f3fum \u00feeirra.<a name=\"7\"><span class=\"versanumer\">7<\/span><\/a>F\u00e6tur \u00feeirra eru skj\u00f3tir til ills, og flj\u00f3tir til a\u00f0 \u00fathella saklausu bl\u00f3\u00f0i; r\u00e1\u00f0agj\u00f6r\u00f0ir \u00feeirra eru ska\u00f0r\u00e6\u00f0is r\u00e1\u00f0agj\u00f6r\u00f0ir: tj\u00f3n og ey\u00f0ilegging er \u00e1 vegum \u00feeirra.<a name=\"8\"><span class=\"versanumer\">8<\/span><\/a>\u00deeir \u00feekkja ekki veg fri\u00f0arins, og engin r\u00e9ttindi eru \u00e1 \u00feeirra stigum; \u00feeir umhverfa vegum s\u00ednum, og hv\u00f6r sem \u00fe\u00e1 vegu gengur, s\u00e1 hefir aldrei fri\u00f0.<a name=\"9\"><span class=\"versanumer\">9<\/span><\/a>\u00deess vegna eru r\u00e9ttindin langt fr\u00e1 oss, og r\u00e9ttl\u00e6ti\u00f0 kemur ekki n\u00e1l\u00e6gt oss. V\u00e9r v\u00e6ntum eftir lj\u00f3si, en allt er myrkt, eftir birtu, en g\u00f6ngum \u00fe\u00f3 \u00ed dimmu.<a name=\"10\"><span class=\"versanumer\">10<\/span><\/a>V\u00e9r \u00fereifum fyrir oss, eins og blindir menn me\u00f0 vegg, og f\u00e1lmum me\u00f0 h\u00f6ndunum, eins og \u00feeir sem engin augu hafa: v\u00e9r rekum oss \u00e1 um mi\u00f0jan dag, eins og \u00ed r\u00f6kkri, v\u00e9r g\u00f6ngum \u00ed ni\u00f0amyrkri, eins og dau\u00f0ir menn.<a name=\"11\"><span class=\"versanumer\">11<\/span><\/a>V\u00e9r hrj\u00f3tum, sem birnir, og kurrum, sem d\u00fafur, allir saman. V\u00e9r v\u00e6ntum r\u00e9ttinda, en engin f\u00e1st; v\u00e9r v\u00e6ntum frelsis, en \u00fea\u00f0 er langt \u00ed burt fr\u00e1 oss.<a name=\"12\"><span class=\"versanumer\">12<\/span><\/a>\u00dev\u00ed vorar m\u00f6rgu misgj\u00f6r\u00f0ir standa frammi fyrir \u00fe\u00e9r, og vorar syndir vitna \u00ed gegn oss; vorar misgj\u00f6r\u00f0ir eru me\u00f0ur oss, og v\u00e9r vitum vorar yfirtro\u00f0slur:<a name=\"13\"><span class=\"versanumer\">13<\/span><\/a>a\u00f0 v\u00e9r h\u00f6fum gj\u00f6rt uppreisn gegn Drottni, afneita\u00f0 honum, og viki\u00f0 langt \u00ed burt fr\u00e1 vorum Gu\u00f0i: a\u00f0 v\u00e9r h\u00f6fum eggja\u00f0 til ofr\u00edkis og uppreisnar <span class='VideyAth'>(gegn Gu\u00f0i)<\/span>: a\u00f0 v\u00e9r h\u00f6fum upphugsa\u00f0 \u00f3sannindi \u00ed hjartanu, og tala\u00f0 \u00feau.<a name=\"14\"><span class=\"versanumer\">14<\/span><\/a>\u00deess vegna hafa r\u00e9ttindin h\u00f6rfa\u00f0 \u00e1 h\u00e6l, og r\u00e9ttl\u00e6ti\u00f0 fari\u00f0 langt \u00ed burtu; sannleikurinn ver\u00f0ur undir \u00e1 \u00feingunum, og r\u00e9tturinn n\u00e6r ekki a\u00f0 f\u00e1 framgang.<a name=\"15\"><span class=\"versanumer\">15<\/span><\/a>Sannleikurinn er horfinn, og s\u00e1 sem firrist \u00fea\u00f0, sem illt er, hann ver\u00f0ur \u00f6\u00f0rum a\u00f0 herfangi. Drottinn s\u00e9r \u00feetta, og honum misl\u00edkar r\u00e9ttleysi\u00f0;<a name=\"16\"><span class=\"versanumer\">16<\/span><\/a>hann s\u00e9r, a\u00f0 enginn vill \u00ed skerast; hann undrast a\u00f0 enginn ver\u00f0ur til a\u00f0 m\u00e6la \u00feeim l\u00edknar. \u00de\u00e1 hj\u00e1lpar \u00feeim armleggur hans, og hans r\u00e9ttl\u00e6ti sty\u00f0ur \u00fe\u00e1.<a name=\"17\"><span class=\"versanumer\">17<\/span><\/a>Hann \u00edkl\u00e6\u00f0ist \u00fe\u00e1 r\u00e9ttl\u00e6tinu, sem pansara, setur \u00e1 h\u00f6fu\u00f0 s\u00e9r hj\u00e1lm hj\u00e1lpr\u00e6\u00f0isins, fer \u00ed herkl\u00e6\u00f0i hefndarinnar, eins og \u00ed annan kl\u00e6\u00f0na\u00f0, og hj\u00fapar sig vandl\u00e6tinu, sem \u00f6\u00f0rum kyrtli.<a name=\"18\"><span class=\"versanumer\">18<\/span><\/a>Eftir \u00fev\u00ed sem hv\u00f6r hefir unni\u00f0 til, eftir \u00fev\u00ed mun hann gjalda einum og s\u00e9rhv\u00f6rjum: m\u00f3tst\u00f6\u00f0um\u00f6nnum s\u00ednum mun hann gjalda heift, og \u00f3vinum s\u00ednum hefnd, og fjarl\u00e6gum lands\u00e1lfum mun hann gjalda eftir tilverkna\u00f0i \u00feeirra.<a name=\"19\"><span class=\"versanumer\">19<\/span><\/a>Allt \u00ed fr\u00e1 ni\u00f0urg\u00f6ngu s\u00f3lar munu menn \u00f3ttast nafni\u00f0 Drottins, og \u00ed fr\u00e1 uppg\u00f6ngu s\u00f3lar hans d\u00fdr\u00f0arvegsemd, \u00feegar skelfingin kemur, eins og s\u00e1 vatnsstrengur, er andi Drottins leikur \u00e1.<a name=\"20\"><span class=\"versanumer\">20<\/span><\/a>En frelsari skal koma til S\u00edonsborgar og til \u00feeirra af Jakobsni\u00f0jum, sem sn\u00faa s\u00e9r fr\u00e1 misgj\u00f6r\u00f0um s\u00ednum, segir Drottinn.<a name=\"21\"><span class=\"versanumer\">21<\/span><\/a>\u00deessi er s\u00e1 s\u00e1ttm\u00e1li, sem eg gj\u00f6ri vi\u00f0 \u00fe\u00e1, segir Drottinn: Minn andi, sem er yfir \u00fe\u00e9r, og m\u00edn or\u00f0, sem eg hefi lagt \u00ed munn \u00fe\u00e9r, skulu ekki fr\u00e1 \u00fe\u00ednum munni v\u00edkja, n\u00e9 fr\u00e1 munni ni\u00f0ja \u00feinna, n\u00e9 ni\u00f0ja ni\u00f0ja, h\u00e9\u00f0an \u00ed fr\u00e1 og a\u00f0 eil\u00edfu, segir Drottinn.<\/p>\n<div class=\"footnoteVidey\"><\/div>\n","protected":false},"excerpt":{"rendered":"<p>Si\u00f0aspilling Gy\u00f0ingal\u00fd\u00f0s; hegning Gu\u00f0s; frelsan \u00fej\u00f3\u00f0arinnar. 1Sj\u00e1 \u00fe\u00fa! ekki er h\u00f6nd Drottins svo stutt, a\u00f0 hann megi eigi hj\u00e1lpa, og ekki eyra hans svo \u00feykkt, a\u00f0 hann geti ekki heyrt.2\u00dea\u00f0 eru misgj\u00f6r\u00f0ir y\u00f0ar, sem skilna\u00f0 hafa gj\u00f6rt milli y\u00f0ar og y\u00f0vars Gu\u00f0s, og y\u00f0ar syndir hafa byrgt auglit hans fyrir y\u00f0ur, svo hann heyrir ekki.3\u00dev\u00ed l\u00f3far y\u00f0rir eru flekka\u00f0ir me\u00f0 bl\u00f3\u00f0i, og fingur y\u00f0rir me\u00f0 misgj\u00f6r\u00f0um. Y\u00f0ar varir tala lygi, og y\u00f0ar tunga fer me\u00f0 rangsleitni.4Enginn kallar \u00e1 r\u00e9ttl\u00e6ti\u00f0, og enginn umvandar me\u00f0 einl\u00e6gni. Menn treysta \u00e1 \u00fea\u00f0 sem ekkert er, og tala h\u00e9g\u00f3ma. \u00deeir geta ofr\u00edki, og ala misgj\u00f6r\u00f0ir.5\u00deeir <a href=\"https:\/\/biblian.is\/videy\/jesaja-59-kafli\/\"> [&#8230;]<\/a><\/p>\n","protected":false},"author":1,"featured_media":0,"parent":0,"menu_order":0,"comment_status":"open","ping_status":"open","template":"bibliukaflar.php","meta":{"footnotes":""},"class_list":["post-21587","page","type-page","status-publish","hentry"],"_links":{"self":[{"href":"https:\/\/biblian.is\/videy\/wp-json\/wp\/v2\/pages\/21587","targetHints":{"allow":["GET"]}}],"collection":[{"href":"https:\/\/biblian.is\/videy\/wp-json\/wp\/v2\/pages"}],"about":[{"href":"https:\/\/biblian.is\/videy\/wp-json\/wp\/v2\/types\/page"}],"author":[{"embeddable":true,"href":"https:\/\/biblian.is\/videy\/wp-json\/wp\/v2\/users\/1"}],"replies":[{"embeddable":true,"href":"https:\/\/biblian.is\/videy\/wp-json\/wp\/v2\/comments?post=21587"}],"version-history":[{"count":0,"href":"https:\/\/biblian.is\/videy\/wp-json\/wp\/v2\/pages\/21587\/revisions"}],"wp:attachment":[{"href":"https:\/\/biblian.is\/videy\/wp-json\/wp\/v2\/media?parent=21587"}],"curies":[{"name":"wp","href":"https:\/\/api.w.org\/{rel}","templated":true}]}}