{"id":21585,"date":"2018-01-02T01:02:48","date_gmt":"2018-01-02T01:02:48","guid":{"rendered":"http:\/\/biblian.is\/videy\/jesaja-57-kafli\/"},"modified":"2018-01-02T01:02:48","modified_gmt":"2018-01-02T01:02:48","slug":"jesaja-57-kafli","status":"publish","type":"page","link":"https:\/\/biblian.is\/videy\/jesaja-57-kafli\/","title":{"rendered":"Jesaja 57. kafli"},"content":{"rendered":"<div class=\"fyrirsognVidey\">Dau\u00f0i hins r\u00e9ttl\u00e1ta; l\u00fdsing skur\u00f0go\u00f0ad\u00fdrkunarinnar; Gu\u00f0s \u00feolinm\u00e6\u00f0i, miskunnsemi og r\u00e9ttl\u00e6ti.<\/div>\n<p><a name=\"1\"><span class=\"versanumer\">1<\/span><\/a>Hinn r\u00e9ttl\u00e1ti l\u00ed\u00f0ur undir lok, \u00e1n \u00feess nokkur leggi \u00fea\u00f0 \u00e1 hjarta; g\u00f3\u00f0ir menn ver\u00f0a \u00ed burt numdir, \u00e1n \u00feess nokkur hyggi a\u00f0 \u00fev\u00ed. En hinn r\u00e9ttl\u00e1ti ver\u00f0ur burt numinn fr\u00e1 hinu vonda.<a name=\"2\"><span class=\"versanumer\">2<\/span><\/a>\u00deeir sem ganga frammi fyrir honum <span class='VideyAth'>(\u00feeir sem \u00fej\u00f3na Drottni)<\/span>, \u00feeir innganga \u00ed fri\u00f0, og hv\u00edlast <span class='VideyAth'>(eins og \u00feeir sv\u00e6fi)<\/span> \u00ed hv\u00edlur\u00famum s\u00ednum.<br \/><a name=\"3\"><span class=\"versanumer\">3<\/span><\/a>Komi\u00f0 hinga\u00f0, \u00fe\u00e9r <span class='VideyAth'>a)<\/span> sei\u00f0konusynir, \u00fe\u00fa h\u00f3rkarla og sk\u00e6kjuafsprengi!<a name=\"4\"><span class=\"versanumer\">4<\/span><\/a>A\u00f0 hv\u00f6rjum skopist \u00fe\u00e9r? A\u00f0 hv\u00f6rjum hl\u00e6i\u00f0 og spottist \u00fe\u00e9r <span class='VideyAth'>b)<\/span>? Eru\u00f0 \u00fe\u00e9r ekki syndarinnar b\u00f6rn, afsprengi lyginnar?<a name=\"5\"><span class=\"versanumer\">5<\/span><\/a>\u00fe\u00e9r sem brenni\u00f0 af girndarbruna til hj\u00e1gu\u00f0anna undir hv\u00f6rju gr\u00e6nutr\u00e9, og sl\u00e1tri\u00f0 b\u00f6rnunum \u00ed d\u00f6lunum fyrir ne\u00f0an bjargskorurnar?<a name=\"6\"><span class=\"versanumer\">6<\/span><\/a>\u00fe\u00fa <span class='VideyAth'>c)<\/span> \u00e1tt heima \u00ed dalarj\u00f3\u00f0runum, \u00fear eru \u00e1tthagar \u00fe\u00ednir, \u00fear \u00fathellir \u00fe\u00fa drykkjarf\u00f3rn \u00feinni, \u00fear framber \u00fe\u00fa matarf\u00f3rn \u00fe\u00edna. Get eg l\u00e1ti\u00f0 m\u00e9r lynda sl\u00edkt?<a name=\"7\"><span class=\"versanumer\">7<\/span><\/a>\u00fe\u00fa setur legur\u00fam \u00feitt uppi \u00e1 h\u00e1fj\u00f6llum, gengur s\u00ed\u00f0an upp \u00feanga\u00f0 til a\u00f0 f\u00f3rnf\u00e6ra.<a name=\"8\"><span class=\"versanumer\">8<\/span><\/a>\u00c1 hur\u00f0arbaki og \u00e1 bak vi\u00f0 dyrustafi setur \u00fe\u00fa menjagripi \u00fe\u00edna <span class='VideyAth'>d)<\/span>; \u00e1n \u00feess a\u00f0 skipta \u00fe\u00e9r um mig, afkl\u00e6\u00f0ir \u00fe\u00fa \u00feig, st\u00edgur upp \u00ed, l\u00e6tur r\u00famt vera \u00ed s\u00e6ng \u00feinni, sl\u00e6r kaupi vi\u00f0 suma af \u00feeim <span class='VideyAth'>e)<\/span>, og girnist samlag vi\u00f0 \u00fe\u00e1, n\u00e6r sem \u00fe\u00fa s\u00e9r \u00fe\u00e9r f\u00e6ri.<a name=\"9\"><span class=\"versanumer\">9<\/span><\/a>\u00de\u00fa kemur fyrir M\u00f3lok me\u00f0 vi\u00f0smj\u00f6r og margh\u00e1ttu\u00f0 smyrsl, og sendir sendibo\u00f0a \u00fe\u00edna \u00ed fjarl\u00e6g l\u00f6nd, og allt ni\u00f0ur \u00ed undirheima.<a name=\"10\"><span class=\"versanumer\">10<\/span><\/a>\u00de\u00f3 \u00fe\u00fa s\u00e9rt \u00fereytt af \u00feessu langa fer\u00f0alagi, l\u00e6tur \u00fe\u00fa \u00fe\u00f3 aldrei bilbug \u00e1 \u00fe\u00e9r finna; me\u00f0an \u00fe\u00fa finnur kvika fj\u00f6r \u00ed hendi \u00fe\u00e9r, kennir \u00fe\u00fa \u00fe\u00e9r einskis meins. <br \/><a name=\"11\"><span class=\"versanumer\">11<\/span><\/a>Hv\u00f6rn \u00f3tta\u00f0ist og hr\u00e6ddist \u00fe\u00fa, a\u00f0 \u00fe\u00fa skyldir breg\u00f0a svo tr\u00fana\u00f0i \u00fe\u00ednum, a\u00f0 \u00fe\u00fa skyldir ekkert muna til m\u00edn, og enga hugsun \u00fear \u00e1 hafa? Eg \u00feag\u00f0a, og \u00fea\u00f0 \u00ed langa t\u00edma; \u00feess vegna \u00f3tta\u00f0ist \u00fe\u00fa mig ekki.<a name=\"12\"><span class=\"versanumer\">12<\/span><\/a>En eg skal opinbera dygg\u00f0asemi \u00fe\u00edna og framfer\u00f0i \u00feitt, og munu \u00feau ekki koma \u00fe\u00e9r a\u00f0 haldi.<a name=\"13\"><span class=\"versanumer\">13<\/span><\/a>L\u00e1ttu flokk \u00feann, er \u00fe\u00fa hefir samandregi\u00f0, bjarga \u00fe\u00e9r, \u00fe\u00e1 \u00fe\u00fa kallar um hj\u00e1lp! Vindurinn mun svipta \u00feeim \u00f6llum \u00ed burtu, og gusturinn taka \u00fe\u00e1. En s\u00e1 sem \u00e1 mig vonar, hann mun erfa landi\u00f0 og eignast mitt heilaga fjall;<a name=\"14\"><span class=\"versanumer\">14<\/span><\/a>og \u00fe\u00e1 mun sagt ver\u00f0a: \u201ejafni\u00f0, jafni\u00f0, ry\u00f0ji\u00f0 veginn! taki\u00f0 af allar torf\u00e6rur \u00e1 vegi m\u00edns f\u00f3lks\u201c.<a name=\"15\"><span class=\"versanumer\">15<\/span><\/a>\u00dev\u00ed svo segir hinn h\u00e1leiti og h\u00e1tt upphafni, hann sem r\u00edkir eil\u00edflega, heilagt er hans nafn: Eg b\u00fd \u00e1 h\u00e1vum og helgum sta\u00f0, og \u00fe\u00f3 er eg hj\u00e1 \u00feeim, sem hafa sundurknosa\u00f0an og l\u00edtill\u00e1tan anda, til \u00feess a\u00f0 l\u00edfga anda hinna l\u00edtill\u00e1tu, til a\u00f0 l\u00edfga hj\u00f6rtu enna sundurknosu\u00f0u.<a name=\"16\"><span class=\"versanumer\">16<\/span><\/a>Eg \u00e1v\u00edta ei \u00e6t\u00ed\u00f0, og rei\u00f0ist ei \u00e6vinlega; \u00fev\u00ed \u00fe\u00e1 mundi vanmegnast andi mannanna og \u00fe\u00e6r s\u00e1lir, sem eg hefi skapa\u00f0.<a name=\"17\"><span class=\"versanumer\">17<\/span><\/a>S\u00f6kum \u00feeirra megnu \u00e1girndar rei\u00f0ist eg \u00feeim, svo eg byrgi mitt andlit fyrir \u00feeim og sl\u00e6 \u00fe\u00e1; eg rei\u00f0ist, \u00feegar \u00feeir r\u00edsa \u00e1 m\u00f3ti m\u00e9r, og fara fram \u00fev\u00ed sem \u00fe\u00e1 sj\u00e1lfa lystir til.<a name=\"18\"><span class=\"versanumer\">18<\/span><\/a>Eg s\u00e9 \u00feeirra athafnir, og \u00fe\u00f3 fyrirgef eg \u00feeim, lei\u00f0i \u00fe\u00e1, og veiti \u00feeim aftur hugsv\u00f6lun, hv\u00f6rjum \u00feeim sem sorgm\u00e6ddir eru.<a name=\"19\"><span class=\"versanumer\">19<\/span><\/a>Eg skapa \u00e1v\u00f6xt varanna, \u201efri\u00f0, fri\u00f0\u201c, fj\u00e6r og n\u00e6r; \u00feannig vi\u00f0r\u00e9tti eg hag \u00feeirra, segir Drottinn.<a name=\"20\"><span class=\"versanumer\">20<\/span><\/a>En hinir \u00f3gu\u00f0legu eru sem \u00f3lgufullt haf, sem aldrei getur kyrrt veri\u00f0, og hv\u00f6rs bylgjur \u00fat kasta aur og leir.<a name=\"21\"><span class=\"versanumer\">21<\/span><\/a>Hinir \u00f3gu\u00f0legu hafa engan fri\u00f0, segir minn Gu\u00f0.<\/p>\n<div class=\"footnoteVidey\">V. 3. a. \u00de. e. Gy\u00f0ingar, sem gengi\u00f0 hafa \u00e1 trygg\u00f0ir vi\u00f0 Drottin og \u00fej\u00f3ni\u00f0 hj\u00e1gu\u00f0um. b. Hl\u00e6i\u00f0 og spottist \u00fe\u00e9r, \u00e1 Hebr., \u201ev\u00edkki\u00f0 munninn og lengi\u00f0 tunguna\u201c.  V. 6. c. \u00de\u00fa, Gy\u00f0inga \u00fej\u00f3\u00f0!  V. 8. d. Menjagripir, \u00fe. e. skur\u00f0go\u00f0, hj\u00e1gu\u00f0i; e. \u00feeim, go\u00f0unum. Hj\u00e1gu\u00f0ad\u00fdrkuninni er l\u00fdst me\u00f0 s\u00f6mu litum og sk\u00e6kjulifna\u00f0i.<\/div>\n","protected":false},"excerpt":{"rendered":"<p>Dau\u00f0i hins r\u00e9ttl\u00e1ta; l\u00fdsing skur\u00f0go\u00f0ad\u00fdrkunarinnar; Gu\u00f0s \u00feolinm\u00e6\u00f0i, miskunnsemi og r\u00e9ttl\u00e6ti. 1Hinn r\u00e9ttl\u00e1ti l\u00ed\u00f0ur undir lok, \u00e1n \u00feess nokkur leggi \u00fea\u00f0 \u00e1 hjarta; g\u00f3\u00f0ir menn ver\u00f0a \u00ed burt numdir, \u00e1n \u00feess nokkur hyggi a\u00f0 \u00fev\u00ed. En hinn r\u00e9ttl\u00e1ti ver\u00f0ur burt numinn fr\u00e1 hinu vonda.2\u00deeir sem ganga frammi fyrir honum (\u00feeir sem \u00fej\u00f3na Drottni), \u00feeir innganga \u00ed fri\u00f0, og hv\u00edlast (eins og \u00feeir sv\u00e6fi) \u00ed hv\u00edlur\u00famum s\u00ednum.3Komi\u00f0 hinga\u00f0, \u00fe\u00e9r a) sei\u00f0konusynir, \u00fe\u00fa h\u00f3rkarla og sk\u00e6kjuafsprengi!4A\u00f0 hv\u00f6rjum skopist \u00fe\u00e9r? A\u00f0 hv\u00f6rjum hl\u00e6i\u00f0 og spottist \u00fe\u00e9r b)? Eru\u00f0 \u00fe\u00e9r ekki syndarinnar b\u00f6rn, afsprengi lyginnar?5\u00fe\u00e9r sem brenni\u00f0 af girndarbruna til hj\u00e1gu\u00f0anna undir hv\u00f6rju gr\u00e6nutr\u00e9, og <a href=\"https:\/\/biblian.is\/videy\/jesaja-57-kafli\/\"> [&#8230;]<\/a><\/p>\n","protected":false},"author":1,"featured_media":0,"parent":0,"menu_order":0,"comment_status":"open","ping_status":"open","template":"bibliukaflar.php","meta":{"footnotes":""},"class_list":["post-21585","page","type-page","status-publish","hentry"],"_links":{"self":[{"href":"https:\/\/biblian.is\/videy\/wp-json\/wp\/v2\/pages\/21585","targetHints":{"allow":["GET"]}}],"collection":[{"href":"https:\/\/biblian.is\/videy\/wp-json\/wp\/v2\/pages"}],"about":[{"href":"https:\/\/biblian.is\/videy\/wp-json\/wp\/v2\/types\/page"}],"author":[{"embeddable":true,"href":"https:\/\/biblian.is\/videy\/wp-json\/wp\/v2\/users\/1"}],"replies":[{"embeddable":true,"href":"https:\/\/biblian.is\/videy\/wp-json\/wp\/v2\/comments?post=21585"}],"version-history":[{"count":0,"href":"https:\/\/biblian.is\/videy\/wp-json\/wp\/v2\/pages\/21585\/revisions"}],"wp:attachment":[{"href":"https:\/\/biblian.is\/videy\/wp-json\/wp\/v2\/media?parent=21585"}],"curies":[{"name":"wp","href":"https:\/\/api.w.org\/{rel}","templated":true}]}}