{"id":21584,"date":"2018-01-02T01:02:48","date_gmt":"2018-01-02T01:02:48","guid":{"rendered":"http:\/\/biblian.is\/videy\/jesaja-56-kafli\/"},"modified":"2018-01-02T01:02:48","modified_gmt":"2018-01-02T01:02:48","slug":"jesaja-56-kafli","status":"publish","type":"page","link":"https:\/\/biblian.is\/videy\/jesaja-56-kafli\/","title":{"rendered":"Jesaja 56. kafli"},"content":{"rendered":"<div class=\"fyrirsognVidey\">R\u00e1\u00f0vendni og gu\u00f0r\u00e6kni; jafnr\u00e9tti allra \u00fej\u00f3\u00f0a; hir\u00f0uleysi og lestir \u00fej\u00f3\u00f0ar forstj\u00f3ranna.<\/div>\n<p><a name=\"1\"><span class=\"versanumer\">1<\/span><\/a>Svo segir Drottinn: g\u00e6ti\u00f0 l\u00f6gm\u00e1lsins, og gj\u00f6ri\u00f0 hva\u00f0 r\u00e9tt er, \u00fev\u00ed mitt hj\u00e1lpr\u00e6\u00f0i er \u00ed v\u00e6ndum, og mitt r\u00e9ttl\u00e6ti mun br\u00e1\u00f0um opinberast.<a name=\"2\"><span class=\"versanumer\">2<\/span><\/a>S\u00e6ll er s\u00e1 ma\u00f0ur, sem \u00feetta gj\u00f6rir, og hv\u00f6rt \u00fea\u00f0 manns barn, sem heldur \u00fea\u00f0 fastlega: sem heldur hv\u00edldardaginn, \u00e1n \u00feess a\u00f0 vanhelga hann, og var\u00f0veitir h\u00f6nd s\u00edna fr\u00e1 \u00fev\u00ed a\u00f0 a\u00f0hafast nokku\u00f0 \u00fea\u00f0, sem illt er. <br \/><a name=\"3\"><span class=\"versanumer\">3<\/span><\/a>Hafi nokkur \u00fatlendur ma\u00f0ur gengi\u00f0 Drottni \u00e1 h\u00f6nd, \u00fe\u00e1 taki hann eigi svo til or\u00f0a: \u201eDrottinn skilur mig fr\u00e1 s\u00ednu f\u00f3lki\u201c; og s\u00e9 \u00fea\u00f0 geldingur, \u00fe\u00e1 segi hann ekki: \u201eeg em \u00feurrt tr\u00e9\u201c.<a name=\"4\"><span class=\"versanumer\">4<\/span><\/a>\u00dev\u00ed svo segir Drottinn um geldinga: haldi \u00feeir m\u00edna hv\u00edldardaga, og l\u00e1ti s\u00e9r s\u00e6ma \u00fea\u00f0 sem m\u00e9r vel l\u00edkar, og haldi st\u00f6\u00f0uglega minn s\u00e1ttm\u00e1la,<a name=\"5\"><span class=\"versanumer\">5<\/span><\/a>\u00fe\u00e1 mun eg gefa \u00feeim, \u00ed m\u00ednu h\u00fasi og innan borgarveggja minna, \u00fea\u00f0 minnismerki og \u00fea\u00f0 nafn, sem betra er, en sona og d\u00e6tra: eil\u00edft nafn mun eg gefa \u00feeim, \u00fea\u00f0 er aldrei mun afm\u00e1\u00f0 ver\u00f0a.<a name=\"6\"><span class=\"versanumer\">6<\/span><\/a>\u00de\u00e1 \u00fatlenda menn er gengi\u00f0 hafa Drottni \u00e1 h\u00f6nd til a\u00f0 d\u00fdrka hann, og af \u00e1st \u00e1 nafni Drottins ver\u00f0a \u00fej\u00f3nar hans; s\u00e9rhv\u00f6rn \u00feann, sem heldur hv\u00edldardaginn, \u00e1n \u00feess a\u00f0 vanhelga hann, og heldur st\u00f6\u00f0uglega minn s\u00e1ttm\u00e1la:<a name=\"7\"><span class=\"versanumer\">7<\/span><\/a>\u00feessa mun eg lei\u00f0a til m\u00edns heilaga fjalls, og gle\u00f0ja \u00fe\u00e1 \u00ed m\u00ednu b\u00e6nah\u00fasi; \u00feeirra brennif\u00f3rnir og sl\u00e1tursf\u00f3rnir skulu vera <span class='VideyAth'>(m\u00e9r)<\/span> \u00feakkn\u00e6milegar \u00e1 m\u00ednu altari: \u00fev\u00ed mitt h\u00fas skal kallast b\u00e6nah\u00fas handa \u00f6llum \u00fej\u00f3\u00f0um.<a name=\"8\"><span class=\"versanumer\">8<\/span><\/a>Drottinn hinn alvaldi, sem saman safnar hinum tv\u00edstra\u00f0a \u00cdsraelsl\u00fd\u00f0, hann segir: \u201eeg vil enn b\u00e6ta fleirum vi\u00f0 \u00ed flokk \u00feeirra, sem samansafna\u00f0ir eru\u201c.<br \/><a name=\"9\"><span class=\"versanumer\">9<\/span><\/a>\u00d6ll \u00fe\u00e9r d\u00fdr, sem eru\u00f0 \u00fati \u00e1 v\u00ed\u00f0avangi og \u00ed sk\u00f3gunum, komi\u00f0 og eti\u00f0!<a name=\"10\"><span class=\"versanumer\">10<\/span><\/a>V\u00f6kumenn \u00feeirra <span class='VideyAth'>(\u00cdsraelsmanna)<\/span> eru blindir; enginn \u00feeirra veit neitt; \u00feeir eru allir eins og hlj\u00f3\u00f0lausir hundar, sem ekki geta gelt; \u00feeir sj\u00e1 sj\u00f3nir, liggja, og \u00feykir v\u00e6nt um a\u00f0 sofa.<a name=\"11\"><span class=\"versanumer\">11<\/span><\/a>Hundar \u00feessir eru gr\u00e1\u00f0ugir, og ver\u00f0a aldrei saddir; \u00feeir eru a\u00f0 s\u00f6nnu hir\u00f0arar, en me\u00f0 \u00f6llu a\u00f0g\u00e6slulausir: hv\u00f6r gengur s\u00edna g\u00f6tu, hv\u00f6r l\u00edtur \u00e1 sinn hag, einn sem annar.<a name=\"12\"><span class=\"versanumer\">12<\/span><\/a>\u201eKomi\u00f0 <span class='VideyAth'>(segja \u00feeir)<\/span>, eg legg til v\u00edn, l\u00e1tum oss drekka oss drukkna \u00ed \u00e1fengum drykk; og \u00e1 morgun skulum v\u00e9r \u00fev\u00ed sama fram fara sem \u00ed dag, og gj\u00f6ra betur til\u201c.<\/p>\n<div class=\"footnoteVidey\"><\/div>\n","protected":false},"excerpt":{"rendered":"<p>R\u00e1\u00f0vendni og gu\u00f0r\u00e6kni; jafnr\u00e9tti allra \u00fej\u00f3\u00f0a; hir\u00f0uleysi og lestir \u00fej\u00f3\u00f0ar forstj\u00f3ranna. 1Svo segir Drottinn: g\u00e6ti\u00f0 l\u00f6gm\u00e1lsins, og gj\u00f6ri\u00f0 hva\u00f0 r\u00e9tt er, \u00fev\u00ed mitt hj\u00e1lpr\u00e6\u00f0i er \u00ed v\u00e6ndum, og mitt r\u00e9ttl\u00e6ti mun br\u00e1\u00f0um opinberast.2S\u00e6ll er s\u00e1 ma\u00f0ur, sem \u00feetta gj\u00f6rir, og hv\u00f6rt \u00fea\u00f0 manns barn, sem heldur \u00fea\u00f0 fastlega: sem heldur hv\u00edldardaginn, \u00e1n \u00feess a\u00f0 vanhelga hann, og var\u00f0veitir h\u00f6nd s\u00edna fr\u00e1 \u00fev\u00ed a\u00f0 a\u00f0hafast nokku\u00f0 \u00fea\u00f0, sem illt er. 3Hafi nokkur \u00fatlendur ma\u00f0ur gengi\u00f0 Drottni \u00e1 h\u00f6nd, \u00fe\u00e1 taki hann eigi svo til or\u00f0a: \u201eDrottinn skilur mig fr\u00e1 s\u00ednu f\u00f3lki\u201c; og s\u00e9 \u00fea\u00f0 geldingur, \u00fe\u00e1 segi hann ekki: \u201eeg em <a href=\"https:\/\/biblian.is\/videy\/jesaja-56-kafli\/\"> [&#8230;]<\/a><\/p>\n","protected":false},"author":1,"featured_media":0,"parent":0,"menu_order":0,"comment_status":"open","ping_status":"open","template":"bibliukaflar.php","meta":{"footnotes":""},"class_list":["post-21584","page","type-page","status-publish","hentry"],"_links":{"self":[{"href":"https:\/\/biblian.is\/videy\/wp-json\/wp\/v2\/pages\/21584","targetHints":{"allow":["GET"]}}],"collection":[{"href":"https:\/\/biblian.is\/videy\/wp-json\/wp\/v2\/pages"}],"about":[{"href":"https:\/\/biblian.is\/videy\/wp-json\/wp\/v2\/types\/page"}],"author":[{"embeddable":true,"href":"https:\/\/biblian.is\/videy\/wp-json\/wp\/v2\/users\/1"}],"replies":[{"embeddable":true,"href":"https:\/\/biblian.is\/videy\/wp-json\/wp\/v2\/comments?post=21584"}],"version-history":[{"count":0,"href":"https:\/\/biblian.is\/videy\/wp-json\/wp\/v2\/pages\/21584\/revisions"}],"wp:attachment":[{"href":"https:\/\/biblian.is\/videy\/wp-json\/wp\/v2\/media?parent=21584"}],"curies":[{"name":"wp","href":"https:\/\/api.w.org\/{rel}","templated":true}]}}