{"id":21581,"date":"2018-01-02T01:02:48","date_gmt":"2018-01-02T01:02:48","guid":{"rendered":"http:\/\/biblian.is\/videy\/jesaja-53-kafli\/"},"modified":"2018-01-02T01:02:48","modified_gmt":"2018-01-02T01:02:48","slug":"jesaja-53-kafli","status":"publish","type":"page","link":"https:\/\/biblian.is\/videy\/jesaja-53-kafli\/","title":{"rendered":"Jesaja 53. kafli"},"content":{"rendered":"<div class=\"fyrirsognVidey\">Sp\u00e1d\u00f3mi um Mess\u00edas framhaldi\u00f0.<\/div>\n<p><a name=\"1\"><span class=\"versanumer\">1<\/span><\/a>Hv\u00f6r tr\u00fair \u00fev\u00ed, sem v\u00e9r kunngj\u00f6rum? Og armleggur Drottins, hv\u00f6rjum er hann opinber or\u00f0inn?<a name=\"2\"><span class=\"versanumer\">2<\/span><\/a>Hann rann upp eins og runnur fyrir hans augliti, og sem r\u00f3tarkvistur \u00far \u00feurri j\u00f6r\u00f0u. \u00c1 honum var engi fegur\u00f0, ekkert gl\u00e6silegt, a\u00f0 oss g\u00e6fi \u00e1 a\u00f0 l\u00edta, ekkert \u00e1litlegt, sem oss fyndist til.<a name=\"3\"><span class=\"versanumer\">3<\/span><\/a>Hann var fyrirlitinn og af m\u00f6nnum yfirgefinn, undirorpinn harmkv\u00e6lum, au\u00f0kenndur af s\u00e1rum, l\u00edkur manni \u00feeim, er menn byrgja fyrir andlit s\u00edn, svo fyrirlitinn, a\u00f0 v\u00e9r m\u00f6ttum hann einskis.<a name=\"4\"><span class=\"versanumer\">4<\/span><\/a>\u00de\u00f3 bar hann vor s\u00e1r, og lag\u00f0i \u00e1 sig vor harmkv\u00e6li; en v\u00e9r \u00e1litum hann refsa\u00f0an, sleginn og l\u00edtill\u00e6ttan af Gu\u00f0i.<a name=\"5\"><span class=\"versanumer\">5<\/span><\/a>Og \u00fe\u00f3 var hann vegna vorra misgj\u00f6r\u00f0a s\u00e6r\u00f0ur, og fyrir vorra synda sakir lemstra\u00f0ur; hegningin l\u00e1 \u00e1 honum, svo v\u00e9r h\u00f6f\u00f0um fri\u00f0, og fyrir hans benjar ur\u00f0um v\u00e9r heilbrig\u00f0ir.<a name=\"6\"><span class=\"versanumer\">6<\/span><\/a>V\u00e9r f\u00f3rum allir villir vega, sem sau\u00f0ir: hv\u00f6r vor stefndi s\u00edna lei\u00f0; og \u00fe\u00f3 lag\u00f0i Drottinn \u00e1 hann syndir vor allra.<a name=\"7\"><span class=\"versanumer\">7<\/span><\/a>Sektin var krafin, og hann lei\u00f0: hann lauk ei upp s\u00ednum munni, sem lamb \u00fea\u00f0, er til sl\u00e1trunar er leitt; eins og sau\u00f0urinn \u00feegir fyrir \u00feeim, er hann klippir, eins lauk hann ei upp s\u00ednum munni.<a name=\"8\"><span class=\"versanumer\">8<\/span><\/a>Fr\u00e1 angist og d\u00f3mi er hann burt numinn; en hv\u00f6r af samt\u00ed\u00f0am\u00f6nnum hans mundi hugsa, a\u00f0 hann v\u00e6ri af landi lifendra burt hrifinn fyrir misgj\u00f6r\u00f0a sakir m\u00edns f\u00f3lks, s\u00f6kum \u00feeirrar hegningar er fyrir \u00fev\u00ed l\u00e1?<a name=\"9\"><span class=\"versanumer\">9<\/span><\/a>Svo var til \u00e6tla\u00f0, a\u00f0 gr\u00f6f hans skyldi vera me\u00f0al illr\u00e6\u00f0ismanna, en legsta\u00f0ur hans var l\u00e1tinn vera hj\u00e1 r\u00edkum manni, af \u00fev\u00ed hann haf\u00f0i engum \u00f3r\u00e9tt gj\u00f6rt, og engin svik voru \u00ed hans munni.<a name=\"10\"><span class=\"versanumer\">10<\/span><\/a>Drottinn l\u00e9t s\u00e9r vel l\u00edka a\u00f0 kremja hann me\u00f0 harmkv\u00e6lum. En \u00feegar hann hefir l\u00e1ti\u00f0 l\u00edf sitt til sektaf\u00f3rnar, \u00fe\u00e1 skal honum afsprengis au\u00f0i\u00f0 ver\u00f0a, og langra l\u00edfdaga; og \u00e1form Drottins mun fyrir hans h\u00f6nd framgengt ver\u00f0a.<a name=\"11\"><span class=\"versanumer\">11<\/span><\/a>Fyrir \u00fe\u00e6r mannraunir, sem hann lei\u00f0, skal hann nj\u00f3ta gn\u00f3glegra launa. \u00de\u00e1 menn l\u00e6ra a\u00f0 \u00feekkja hann, mun hann, hinn r\u00e9ttl\u00e1ti \u00fej\u00f3n minn, marga r\u00e9ttl\u00e1ta gj\u00f6ra, \u00fev\u00ed hann bar \u00feeirra syndir.<a name=\"12\"><span class=\"versanumer\">12<\/span><\/a>\u00deess vegna vil eg gefa honum marga \u00ed sitt hlutskipti, og hann skal \u00f6\u00f0last hina voldugu a\u00f0 herfangi, fyrir \u00fea\u00f0 a\u00f0 hann \u00fatgaf sitt l\u00edf \u00ed dau\u00f0ann og var me\u00f0 illr\u00e6\u00f0ism\u00f6nnum talinn, og af \u00fev\u00ed hann bar margra syndir og ba\u00f0 fyrir afbrotam\u00f6nnunum.<\/p>\n<div class=\"footnoteVidey\"><\/div>\n","protected":false},"excerpt":{"rendered":"<p>Sp\u00e1d\u00f3mi um Mess\u00edas framhaldi\u00f0. 1Hv\u00f6r tr\u00fair \u00fev\u00ed, sem v\u00e9r kunngj\u00f6rum? Og armleggur Drottins, hv\u00f6rjum er hann opinber or\u00f0inn?2Hann rann upp eins og runnur fyrir hans augliti, og sem r\u00f3tarkvistur \u00far \u00feurri j\u00f6r\u00f0u. \u00c1 honum var engi fegur\u00f0, ekkert gl\u00e6silegt, a\u00f0 oss g\u00e6fi \u00e1 a\u00f0 l\u00edta, ekkert \u00e1litlegt, sem oss fyndist til.3Hann var fyrirlitinn og af m\u00f6nnum yfirgefinn, undirorpinn harmkv\u00e6lum, au\u00f0kenndur af s\u00e1rum, l\u00edkur manni \u00feeim, er menn byrgja fyrir andlit s\u00edn, svo fyrirlitinn, a\u00f0 v\u00e9r m\u00f6ttum hann einskis.4\u00de\u00f3 bar hann vor s\u00e1r, og lag\u00f0i \u00e1 sig vor harmkv\u00e6li; en v\u00e9r \u00e1litum hann refsa\u00f0an, sleginn og l\u00edtill\u00e6ttan af Gu\u00f0i.5Og \u00fe\u00f3 var <a href=\"https:\/\/biblian.is\/videy\/jesaja-53-kafli\/\"> [&#8230;]<\/a><\/p>\n","protected":false},"author":1,"featured_media":0,"parent":0,"menu_order":0,"comment_status":"open","ping_status":"open","template":"bibliukaflar.php","meta":{"footnotes":""},"class_list":["post-21581","page","type-page","status-publish","hentry"],"_links":{"self":[{"href":"https:\/\/biblian.is\/videy\/wp-json\/wp\/v2\/pages\/21581","targetHints":{"allow":["GET"]}}],"collection":[{"href":"https:\/\/biblian.is\/videy\/wp-json\/wp\/v2\/pages"}],"about":[{"href":"https:\/\/biblian.is\/videy\/wp-json\/wp\/v2\/types\/page"}],"author":[{"embeddable":true,"href":"https:\/\/biblian.is\/videy\/wp-json\/wp\/v2\/users\/1"}],"replies":[{"embeddable":true,"href":"https:\/\/biblian.is\/videy\/wp-json\/wp\/v2\/comments?post=21581"}],"version-history":[{"count":0,"href":"https:\/\/biblian.is\/videy\/wp-json\/wp\/v2\/pages\/21581\/revisions"}],"wp:attachment":[{"href":"https:\/\/biblian.is\/videy\/wp-json\/wp\/v2\/media?parent=21581"}],"curies":[{"name":"wp","href":"https:\/\/api.w.org\/{rel}","templated":true}]}}