{"id":21580,"date":"2018-01-02T01:02:48","date_gmt":"2018-01-02T01:02:48","guid":{"rendered":"http:\/\/biblian.is\/videy\/jesaja-52-kafli\/"},"modified":"2018-01-02T01:02:48","modified_gmt":"2018-01-02T01:02:48","slug":"jesaja-52-kafli","status":"publish","type":"page","link":"https:\/\/biblian.is\/videy\/jesaja-52-kafli\/","title":{"rendered":"Jesaja 52. kafli"},"content":{"rendered":"<div class=\"fyrirsognVidey\">Frelsun Gy\u00f0inga bo\u00f0ast; gle\u00f0i yfir \u00feeim fagna\u00f0arbo\u00f0skap. Sp\u00e1d\u00f3mur um Mess\u00edas.<\/div>\n<p><a name=\"1\"><span class=\"versanumer\">1<\/span><\/a>Vakna \u00fe\u00fa, vakna \u00fe\u00fa, \u00edkl\u00e6\u00f0 \u00feig styrk \u00fe\u00ednum, S\u00edonsborg! \u00cdkl\u00e6\u00f0 \u00feig vegsemd \u00feinni, Jer\u00fasalem, \u00fe\u00fa hin heilaga borg! \u00fev\u00ed enginn \u00f3umskorinn e\u00f0a \u00f3hreinn skal framar inn \u00ed \u00feig ganga.<a name=\"2\"><span class=\"versanumer\">2<\/span><\/a>Hrist af \u00fe\u00e9r moldardufti\u00f0, sest upp, Jer\u00fasalemsborg! Losa \u00fe\u00fa af \u00fe\u00e9r h\u00e1lsfj\u00f6tra \u00fe\u00edna, \u00fe\u00fa hertekna S\u00edonsd\u00f3ttir!<a name=\"3\"><span class=\"versanumer\">3<\/span><\/a>\u00dev\u00ed svo segir Drottinn: Fyrir ekkert eru\u00f0 \u00fe\u00e9r burtseldir, \u00fe\u00e9r skulu\u00f0 og \u00e1n silfurs endurleystir ver\u00f0a.<a name=\"4\"><span class=\"versanumer\">4<\/span><\/a>\u00dev\u00ed svo segir Drottinn hinn alvaldi: mitt f\u00f3lk f\u00f3r fyrst ofan til Egyptalands, til a\u00f0 b\u00faa \u00fear sem \u00fatlendingar; s\u00ed\u00f0an k\u00faga\u00f0i Ass\u00fdr\u00edukonungur \u00fea\u00f0 \u00e1n nokkurra saka.<a name=\"5\"><span class=\"versanumer\">5<\/span><\/a>Hv\u00f6rsu m\u00e1 eg n\u00fa l\u00e1ta svo fram fara, segir Drottinn, a\u00f0 mitt f\u00f3lk skuli vera burtflutt \u00e1n saka? \u00deess yfirdrottnarar dramba, segir Drottinn, og mitt nafn ver\u00f0ur me\u00f0 degi hv\u00f6rjum jafnlega spotta\u00f0.<a name=\"6\"><span class=\"versanumer\">6<\/span><\/a>\u00deess vegna skal mitt f\u00f3lk f\u00e1 a\u00f0 \u00feekkja mitt nafn; j\u00e1, \u00fea\u00f0 skal kannast vi\u00f0, a\u00f0 \u00fea\u00f0 var eg, sem sag\u00f0i: \u201eSj\u00e1, h\u00e9r em eg\u201c.<br \/><a name=\"7\"><span class=\"versanumer\">7<\/span><\/a>Hv\u00f6rsu fagrir eru f\u00e6tur \u00feess sendibo\u00f0a, sem fri\u00f0inn kunngj\u00f6rir, fagna\u00f0art\u00ed\u00f0indin flytur, frelsunina bo\u00f0ar, og segir til S\u00edonsborgar: \u201e\u00feinn Gu\u00f0 r\u00edkir sem konungur\u201c!<a name=\"8\"><span class=\"versanumer\">8<\/span><\/a>R\u00f6dd \u00feinna v\u00f6kumanna heyrist, \u00feeir hefja upp raustina og \u00e6pa fagna\u00f0ar\u00f3p, \u00fev\u00ed \u00feeir sj\u00e1 augs\u00fdnilega, a\u00f0 Drottinn kemur aftur til S\u00edonsborgar.<a name=\"9\"><span class=\"versanumer\">9<\/span><\/a>\u00c6pi\u00f0 fagna\u00f0ar\u00f3p allar \u00ed einu, \u00fe\u00e9r ey\u00f0ir\u00fastir Jer\u00fasalemsborgar, \u00fev\u00ed Drottinn hefir hugga\u00f0 sitt f\u00f3lk, hann hefir endurleyst Jer\u00fasalemsborg.<a name=\"10\"><span class=\"versanumer\">10<\/span><\/a>Drottinn hefir opinbera\u00f0 sinn heilaga armlegg \u00ed augs\u00fdn allra \u00fej\u00f3\u00f0a, og \u00f6ll endim\u00f6rk jar\u00f0arinnar skulu sj\u00e1 hj\u00e1lpr\u00e6\u00f0i\u00f0 vors Gu\u00f0s.<a name=\"11\"><span class=\"versanumer\">11<\/span><\/a>Fari\u00f0 burt, fari\u00f0 burt, gangi\u00f0 \u00fat \u00fea\u00f0an, snerti\u00f0 ekkert \u00f3hreint! Gangi\u00f0 alveg \u00fat \u00far borginni! Hreinsi\u00f0 y\u00f0ur, \u00fe\u00e9r sem beri\u00f0 kerin Drottins!<a name=\"12\"><span class=\"versanumer\">12<\/span><\/a>\u00de\u00f3 skulu\u00f0 \u00fe\u00e9r ekki \u00ed fl\u00fdti \u00fat fara, n\u00e9 me\u00f0 fl\u00f3tta fer\u00f0ast, \u00fev\u00ed Drottinn fer fyrir y\u00f0ur \u00ed fararbroddi, og Gu\u00f0 \u00cdsraels gengur aftastur \u00ed flokki y\u00f0rum. <br \/><a name=\"13\"><span class=\"versanumer\">13<\/span><\/a>Sj\u00e1, minn \u00fej\u00f3n mun happas\u00e6ll ver\u00f0a, hann mun ver\u00f0a mikill og veglegur, og mj\u00f6g h\u00e1tt upphafinn.<a name=\"14\"><span class=\"versanumer\">14<\/span><\/a>Eins og margir menn undrast yfir honum <span class='VideyAth'>(\u00fev\u00ed svo er hans \u00e1s\u00fdnd afskr\u00e6md framar en nokkurs manns, og hans mynd, framar en nokkurs af mannanna sonum)<\/span>:<a name=\"15\"><span class=\"versanumer\">15<\/span><\/a>Eins mun hann vekja margra \u00fej\u00f3\u00f0a lotningu fyrir s\u00e9r; konungar munu aftur halda munni s\u00ednum fyrir honum, \u00fev\u00ed \u00feeir munu sj\u00e1 \u00fea\u00f0, sem \u00feeim haf\u00f0i aldrei veri\u00f0 fr\u00e1 sagt, og ver\u00f0a varir vi\u00f0 \u00fea\u00f0, sem \u00feeir h\u00f6f\u00f0u aldrei heyrt.<\/p>\n<div class=\"footnoteVidey\"><\/div>\n","protected":false},"excerpt":{"rendered":"<p>Frelsun Gy\u00f0inga bo\u00f0ast; gle\u00f0i yfir \u00feeim fagna\u00f0arbo\u00f0skap. Sp\u00e1d\u00f3mur um Mess\u00edas. 1Vakna \u00fe\u00fa, vakna \u00fe\u00fa, \u00edkl\u00e6\u00f0 \u00feig styrk \u00fe\u00ednum, S\u00edonsborg! \u00cdkl\u00e6\u00f0 \u00feig vegsemd \u00feinni, Jer\u00fasalem, \u00fe\u00fa hin heilaga borg! \u00fev\u00ed enginn \u00f3umskorinn e\u00f0a \u00f3hreinn skal framar inn \u00ed \u00feig ganga.2Hrist af \u00fe\u00e9r moldardufti\u00f0, sest upp, Jer\u00fasalemsborg! Losa \u00fe\u00fa af \u00fe\u00e9r h\u00e1lsfj\u00f6tra \u00fe\u00edna, \u00fe\u00fa hertekna S\u00edonsd\u00f3ttir!3\u00dev\u00ed svo segir Drottinn: Fyrir ekkert eru\u00f0 \u00fe\u00e9r burtseldir, \u00fe\u00e9r skulu\u00f0 og \u00e1n silfurs endurleystir ver\u00f0a.4\u00dev\u00ed svo segir Drottinn hinn alvaldi: mitt f\u00f3lk f\u00f3r fyrst ofan til Egyptalands, til a\u00f0 b\u00faa \u00fear sem \u00fatlendingar; s\u00ed\u00f0an k\u00faga\u00f0i Ass\u00fdr\u00edukonungur \u00fea\u00f0 \u00e1n nokkurra saka.5Hv\u00f6rsu m\u00e1 eg n\u00fa l\u00e1ta svo fram <a href=\"https:\/\/biblian.is\/videy\/jesaja-52-kafli\/\"> [&#8230;]<\/a><\/p>\n","protected":false},"author":1,"featured_media":0,"parent":0,"menu_order":0,"comment_status":"open","ping_status":"open","template":"bibliukaflar.php","meta":{"footnotes":""},"class_list":["post-21580","page","type-page","status-publish","hentry"],"_links":{"self":[{"href":"https:\/\/biblian.is\/videy\/wp-json\/wp\/v2\/pages\/21580","targetHints":{"allow":["GET"]}}],"collection":[{"href":"https:\/\/biblian.is\/videy\/wp-json\/wp\/v2\/pages"}],"about":[{"href":"https:\/\/biblian.is\/videy\/wp-json\/wp\/v2\/types\/page"}],"author":[{"embeddable":true,"href":"https:\/\/biblian.is\/videy\/wp-json\/wp\/v2\/users\/1"}],"replies":[{"embeddable":true,"href":"https:\/\/biblian.is\/videy\/wp-json\/wp\/v2\/comments?post=21580"}],"version-history":[{"count":0,"href":"https:\/\/biblian.is\/videy\/wp-json\/wp\/v2\/pages\/21580\/revisions"}],"wp:attachment":[{"href":"https:\/\/biblian.is\/videy\/wp-json\/wp\/v2\/media?parent=21580"}],"curies":[{"name":"wp","href":"https:\/\/api.w.org\/{rel}","templated":true}]}}