{"id":21578,"date":"2018-01-02T01:02:48","date_gmt":"2018-01-02T01:02:48","guid":{"rendered":"http:\/\/biblian.is\/videy\/jesaja-50-kafli\/"},"modified":"2018-01-02T01:02:48","modified_gmt":"2018-01-02T01:02:48","slug":"jesaja-50-kafli","status":"publish","type":"page","link":"https:\/\/biblian.is\/videy\/jesaja-50-kafli\/","title":{"rendered":"Jesaja 50. kafli"},"content":{"rendered":"<div class=\"fyrirsognVidey\">Sp\u00e1ma\u00f0urinn r\u00e6\u00f0ur Gy\u00f0ingum, hv\u00f6rjum Gu\u00f0 hegndi s\u00f6kum illverka \u00feeirra, a\u00f0 breyta eftir \u00fej\u00f3ni Drottins, vanda r\u00e1\u00f0 sitt og treysta Gu\u00f0i.<\/div>\n<p><a name=\"1\"><span class=\"versanumer\">1<\/span><\/a>Svo segir Drottinn: hvar er s\u00fa skilna\u00f0arskr\u00e1, me\u00f0 hv\u00f6rri eg hafi reki\u00f0 m\u00f3\u00f0ur y\u00f0ar fr\u00e1 m\u00e9r? E\u00f0a hv\u00f6r er s\u00e1 l\u00e1nadrottinn minn, hv\u00f6rjum eg hafi selt y\u00f0ur? Sj\u00e1i\u00f0, s\u00f6kum synda y\u00f0varra eru\u00f0 \u00fe\u00e9r seldir, s\u00f6kum misgj\u00f6r\u00f0a y\u00f0varra er m\u00f3\u00f0ir y\u00f0ar burtu rekin.<a name=\"2\"><span class=\"versanumer\">2<\/span><\/a>Hv\u00f6rs vegna kom engi til m\u00edn, \u00feegar eg kom til y\u00f0ar? Hv\u00ed gegndi m\u00e9r enginn, \u00fe\u00e1 eg kalla\u00f0i? Hv\u00f6rt er h\u00f6nd m\u00edn svo stutt or\u00f0in, a\u00f0 h\u00fan kunni ekki a\u00f0 frelsa? e\u00f0a vantar mig m\u00e1tt til a\u00f0 bjarga? Sj\u00e1i\u00f0! me\u00f0 minni h\u00f3tan upp\u00feurrka eg sj\u00e1varhafi\u00f0, og gj\u00f6ri flj\u00f3tin a\u00f0 ey\u00f0im\u00f6rku, svo fiskarnir \u00ed \u00feeim \u00faldna af vatnsleysi og deyja af \u00feorsta.<a name=\"3\"><span class=\"versanumer\">3<\/span><\/a>Eg f\u00e6ri himininn \u00ed svartan hj\u00fap, og sveipa hann \u00ed sorgarb\u00faning.<br \/><a name=\"4\"><span class=\"versanumer\">4<\/span><\/a>Drottinn hinn alvaldi tamdi svo tungu m\u00edna, a\u00f0 eg haf\u00f0i vit \u00e1 a\u00f0 styrkja hinn \u00edst\u00f6\u00f0ulausa me\u00f0 m\u00e1li m\u00ednu. Hann vakti, \u00e1 hv\u00f6rjum morgni vakti hann eyra mitt, svo eg t\u00e6ki eftir, eins og l\u00e6risveinn.<a name=\"5\"><span class=\"versanumer\">5<\/span><\/a>Drottinn hinn alvaldi opna\u00f0i eyra mitt, og eg var ekki \u00f3hl\u00fd\u00f0ugur og \u00feverskalla\u00f0ist ekki.<a name=\"6\"><span class=\"versanumer\">6<\/span><\/a>Eg snera baki m\u00ednu a\u00f0 \u00feeim, sem sl\u00f3gu mig, og kinn minni a\u00f0 \u00feeim, sem reyttu mig: eg byrg\u00f0a ekki m\u00edna \u00e1sj\u00f3nu fyrir sm\u00e1n og hr\u00e1kum.<a name=\"7\"><span class=\"versanumer\">7<\/span><\/a>En Drottinn hinn alvaldi hj\u00e1lpar m\u00e9r, \u00feess vegna ver\u00f0 eg ekki til minnkunar; \u00feess vegna b\u00fd\u00f0 eg fram \u00e1sj\u00f3nu m\u00edna, eins og har\u00f0stein, a\u00f0 eg veit, a\u00f0 eg ver\u00f0 ekki til skammar.<a name=\"8\"><span class=\"versanumer\">8<\/span><\/a>S\u00e1 er n\u00e6rri, sem tekur a\u00f0 s\u00e9r m\u00e1l mitt. Hv\u00f6r vill gefa m\u00e9r sakir? L\u00e1tum oss eiga fund saman! Hv\u00f6r sem hefir s\u00f6k a\u00f0 k\u00e6ra \u00e1 hendur m\u00e9r, hann gangi fram til m\u00edn!<a name=\"9\"><span class=\"versanumer\">9<\/span><\/a>Sj\u00e1! Drottinn hinn alvaldi veitir m\u00e9r li\u00f0; hv\u00f6r er s\u00e1, er geti gj\u00f6rt mig sekan? Sj\u00e1! \u00feeir <span class='VideyAth'>a)<\/span> fyrnast allir, sem fat; m\u00f6lur skal ey\u00f0a \u00feeim.<a name=\"10\"><span class=\"versanumer\">10<\/span><\/a>S\u00e9rhv\u00f6r af y\u00f0ur, sem \u00f3ttast Drottinn, hann hl\u00fd\u00f0i raustu \u00fej\u00f3ns hans. S\u00e1 sem \u00ed myrkrunum gengur, og \u00f6ngva sk\u00edmu s\u00e9r, hann treysti \u00e1 nafn Drottins og rei\u00f0i sig \u00e1 sinn Gu\u00f0.<a name=\"11\"><span class=\"versanumer\">11<\/span><\/a>Sj\u00e1i\u00f0! Allir \u00fe\u00e9r sem kveiki\u00f0 eld og hafi\u00f0 logbranda kringum y\u00f0ur, gangi\u00f0 \u00fe\u00e9r \u00fat \u00ed \u00feann eld, sem \u00fe\u00e9r hafi\u00f0 kveiktan, og \u00fe\u00e1 logbranda, sem \u00fe\u00e9r hafi\u00f0 tendra\u00f0a! Fr\u00e1 minni hendi kemur \u00feetta yfir y\u00f0ur; \u00ed harmkv\u00e6lum skulu\u00f0 \u00fe\u00e9r liggja.<\/p>\n<div class=\"footnoteVidey\">V. 1. M\u00f3\u00f0irin er \u00cdsraels \u00fej\u00f3\u00f0, hennar b\u00f6rn Gy\u00f0ingarnir. Skuldunautar ur\u00f0u stundum a\u00f0 l\u00e1ta b\u00f6rn s\u00edn \u00ed skuldir til l\u00e1nadrottna sinna.  V. 9. \u00deeir, \u00e1k\u00e6rumenn m\u00ednir.<\/div>\n","protected":false},"excerpt":{"rendered":"<p>Sp\u00e1ma\u00f0urinn r\u00e6\u00f0ur Gy\u00f0ingum, hv\u00f6rjum Gu\u00f0 hegndi s\u00f6kum illverka \u00feeirra, a\u00f0 breyta eftir \u00fej\u00f3ni Drottins, vanda r\u00e1\u00f0 sitt og treysta Gu\u00f0i. 1Svo segir Drottinn: hvar er s\u00fa skilna\u00f0arskr\u00e1, me\u00f0 hv\u00f6rri eg hafi reki\u00f0 m\u00f3\u00f0ur y\u00f0ar fr\u00e1 m\u00e9r? E\u00f0a hv\u00f6r er s\u00e1 l\u00e1nadrottinn minn, hv\u00f6rjum eg hafi selt y\u00f0ur? Sj\u00e1i\u00f0, s\u00f6kum synda y\u00f0varra eru\u00f0 \u00fe\u00e9r seldir, s\u00f6kum misgj\u00f6r\u00f0a y\u00f0varra er m\u00f3\u00f0ir y\u00f0ar burtu rekin.2Hv\u00f6rs vegna kom engi til m\u00edn, \u00feegar eg kom til y\u00f0ar? Hv\u00ed gegndi m\u00e9r enginn, \u00fe\u00e1 eg kalla\u00f0i? Hv\u00f6rt er h\u00f6nd m\u00edn svo stutt or\u00f0in, a\u00f0 h\u00fan kunni ekki a\u00f0 frelsa? e\u00f0a vantar mig m\u00e1tt til a\u00f0 bjarga? Sj\u00e1i\u00f0! <a href=\"https:\/\/biblian.is\/videy\/jesaja-50-kafli\/\"> [&#8230;]<\/a><\/p>\n","protected":false},"author":1,"featured_media":0,"parent":0,"menu_order":0,"comment_status":"open","ping_status":"open","template":"bibliukaflar.php","meta":{"footnotes":""},"class_list":["post-21578","page","type-page","status-publish","hentry"],"_links":{"self":[{"href":"https:\/\/biblian.is\/videy\/wp-json\/wp\/v2\/pages\/21578","targetHints":{"allow":["GET"]}}],"collection":[{"href":"https:\/\/biblian.is\/videy\/wp-json\/wp\/v2\/pages"}],"about":[{"href":"https:\/\/biblian.is\/videy\/wp-json\/wp\/v2\/types\/page"}],"author":[{"embeddable":true,"href":"https:\/\/biblian.is\/videy\/wp-json\/wp\/v2\/users\/1"}],"replies":[{"embeddable":true,"href":"https:\/\/biblian.is\/videy\/wp-json\/wp\/v2\/comments?post=21578"}],"version-history":[{"count":0,"href":"https:\/\/biblian.is\/videy\/wp-json\/wp\/v2\/pages\/21578\/revisions"}],"wp:attachment":[{"href":"https:\/\/biblian.is\/videy\/wp-json\/wp\/v2\/media?parent=21578"}],"curies":[{"name":"wp","href":"https:\/\/api.w.org\/{rel}","templated":true}]}}