{"id":21576,"date":"2018-01-02T01:02:48","date_gmt":"2018-01-02T01:02:48","guid":{"rendered":"http:\/\/biblian.is\/videy\/jesaja-48-kafli\/"},"modified":"2018-01-02T01:02:48","modified_gmt":"2018-01-02T01:02:48","slug":"jesaja-48-kafli","status":"publish","type":"page","link":"https:\/\/biblian.is\/videy\/jesaja-48-kafli\/","title":{"rendered":"Jesaja 48. kafli"},"content":{"rendered":"<div class=\"fyrirsognVidey\">Sp\u00e1ma\u00f0urinn l\u00fdsir Gu\u00f0s miskunnsemi vi\u00f0 hina baldst\u00fdrugu Gy\u00f0inga, og hv\u00f6rsu \u00fej\u00f3\u00f0in mundi l\u00e1ns\u00f6m ver\u00f0a, ef h\u00fan hl\u00fdddi l\u00f6gm\u00e1li Drottins.<\/div>\n<p><a name=\"1\"><span class=\"versanumer\">1<\/span><\/a>Heyri\u00f0 \u00feetta, \u00fe\u00e9r Jakobsni\u00f0jar, sem nefndir eru\u00f0 eftir \u00cdsrael, og upprunnir af J\u00fada, \u00fe\u00e9r sem sverji\u00f0 vi\u00f0 nafn Drottins, og d\u00fdrki\u00f0 \u00cdsraels Gu\u00f0, en ekki einl\u00e6glega e\u00f0a r\u00e9ttilega;<a name=\"2\"><span class=\"versanumer\">2<\/span><\/a>\u00fev\u00ed \u00feeir nefna sig eftir hinni heil\u00f6gu borg, en \u00feykjast \u00fe\u00f3 eiga traust undir \u00cdsraels Gu\u00f0i, hv\u00f6rs nafn er Drottinn allsherjar.<a name=\"3\"><span class=\"versanumer\">3<\/span><\/a>Hva\u00f0 fyrr meir hefir vi\u00f0 bori\u00f0, \u00fea\u00f0 hefi eg fyrir l\u00f6ngu kunngj\u00f6rt, \u00fea\u00f0 er \u00fat gengi\u00f0 af m\u00ednum munni, og eg hefi gj\u00f6rt \u00fea\u00f0 heyrum kunnugt: eg f\u00e6r\u00f0i \u00fea\u00f0 skj\u00f3tlega til vegar, og \u00fea\u00f0 kom fram.<a name=\"4\"><span class=\"versanumer\">4<\/span><\/a>Af \u00fev\u00ed eg vissi, a\u00f0 \u00fe\u00fa varst \u00fever\u00fa\u00f0ugur, og h\u00e1ls \u00feinn seigur sem j\u00e1rnseymi, og enni \u00feitt hart sem kopar,<a name=\"5\"><span class=\"versanumer\">5<\/span><\/a>fyrir \u00fev\u00ed \u00fe\u00e1 kunngj\u00f6r\u00f0a eg \u00fe\u00e9r \u00fea\u00f0 l\u00f6ngu fyrir, og l\u00e9t \u00feig vita \u00fea\u00f0, \u00e1\u00f0ur en \u00fea\u00f0 kom fram, til \u00feess \u00fe\u00fa skyldir ekki segja: \u201ehj\u00e1gu\u00f0 minn hefir haga\u00f0 \u00feessu svo, skur\u00f0go\u00f0 mitt og hi\u00f0 steypta l\u00edkneski mitt hefir r\u00e1\u00f0stafa\u00f0 \u00fev\u00ed\u201c.<a name=\"6\"><span class=\"versanumer\">6<\/span><\/a>\u00de\u00fa hefir heyrt \u00fea\u00f0; sj\u00e1 \u00fe\u00fa, \u00fea\u00f0 hefir allt fram komi\u00f0. Hlj\u00f3ti\u00f0 \u00fe\u00e9r ekki a\u00f0 j\u00e1ta \u00fea\u00f0? upp fr\u00e1 \u00feessu l\u00e6t eg \u00feig heyra n\u00fdja og hulda hluti, sem \u00fe\u00e9r vissu\u00f0 ekki.<a name=\"7\"><span class=\"versanumer\">7<\/span><\/a>\u00deessir hlutir eru n\u00fa \u00ed sk\u00f6pun, en voru \u00e1\u00f0ur ekki til, og ekki fyrir \u00feenna dag. \u00de\u00fa haf\u00f0ir ekki heyrt \u00fe\u00e1 \u00e1\u00f0ur, svo \u00fe\u00fa skyldir ekki geta sagt: \u201esj\u00e1 \u00fe\u00fa, eg vissi \u00fea\u00f0\u201c.<a name=\"8\"><span class=\"versanumer\">8<\/span><\/a>\u00de\u00fa haf\u00f0ir aldrei heyrt \u00fea\u00f0, aldrei vita\u00f0 \u00fea\u00f0, og aldrei var \u00fe\u00e9r sl\u00edkt \u00e1\u00f0ur til eyrna komi\u00f0, \u00fev\u00ed eg vissi, a\u00f0 \u00fe\u00fa varst trygg\u00f0alaus og kalla\u00f0ur uppreistarsamur allt \u00ed fr\u00e1 m\u00f3\u00f0urkvi\u00f0i.<a name=\"9\"><span class=\"versanumer\">9<\/span><\/a>Fyrir sakir nafns m\u00edns var eg \u00feolinm\u00f3\u00f0ur, s\u00f6kum minnar lofd\u00fdr\u00f0ar hefta eg rei\u00f0i m\u00edna gegn \u00fe\u00e9r, svo eg afm\u00e1\u00f0i \u00feig ekki.<a name=\"10\"><span class=\"versanumer\">10<\/span><\/a>Sj\u00e1, eg hreinsa\u00f0i \u00feig, \u00fe\u00f3 ekki v\u00e6ri til silfurs a\u00f0 \u00e6tla; eg pr\u00f3fa\u00f0i \u00feig \u00ed ofni h\u00f6rmungarinnar.<a name=\"11\"><span class=\"versanumer\">11<\/span><\/a>Fyrir m\u00edna skuld, fyrir m\u00edna skuld gj\u00f6ri eg \u00fea\u00f0 <span class='VideyAth'>(a\u00f0 v\u00e6gja \u00fe\u00e9r)<\/span>; \u00fev\u00ed fyrir hv\u00edl\u00edku \u00e1m\u00e6li mundi nafn mitt annars ver\u00f0a! og m\u00edna d\u00fdr\u00f0 gef eg engum \u00fat \u00ed fr\u00e1.<a name=\"12\"><span class=\"versanumer\">12<\/span><\/a>Heyr mig, Jakobs\u00e6tt, \u00fe\u00fa \u00cdsraelsl\u00fd\u00f0ur, hv\u00f6rn eg hefi kalla\u00f0: Eg em einn og hinn sami, eg em hinn fyrsti, og eg em einnig hinn s\u00ed\u00f0asti.<a name=\"13\"><span class=\"versanumer\">13<\/span><\/a>M\u00edn h\u00f6nd hefir grundvalla\u00f0 j\u00f6r\u00f0ina, og m\u00edn hin h\u00e6gri hefir \u00fat\u00feani\u00f0 himininn: eg kalla\u00f0i \u00e1 \u00feau, og \u00fe\u00e1 komu \u00feau undir eins.<a name=\"14\"><span class=\"versanumer\">14<\/span><\/a>Safnist allir saman, og heyri\u00f0! Hv\u00f6r af \u00feessum <span class='VideyAth'>(skur\u00f0go\u00f0um)<\/span> hefir kunngj\u00f6rt \u00feetta? Drottinn elskar hann <span class='VideyAth'>a)<\/span>, og hann <span class='VideyAth'>b)<\/span> skal framkv\u00e6ma vilja Drottins \u00e1 Babel, og au\u00f0s\u00fdna hans m\u00e1tt \u00e1 Kaldeum.<a name=\"15\"><span class=\"versanumer\">15<\/span><\/a>Eg, sem tala \u00feetta, eg hefi kalla\u00f0 hann og eg lei\u00f0i hann hinga\u00f0, svo a\u00f0 f\u00f6r hans skal takast giftusamlega.<br \/><a name=\"16\"><span class=\"versanumer\">16<\/span><\/a>Komi\u00f0 til m\u00edn, og heyri\u00f0 \u00feetta! Eg tala\u00f0i ekki \u00ed leyndum, \u00fe\u00e1 eg fyrst h\u00f3f a\u00f0 tala, og eg lif\u00f0i \u00fea\u00f0, a\u00f0 or\u00f0 m\u00edn r\u00e6ttust. Einnig n\u00fa hefir Drottinn, hinn alvaldi, og hans andi sent mig.<a name=\"17\"><span class=\"versanumer\">17<\/span><\/a>Svo segir Drottinn, \u00feinn frelsari, hinn heilagi Gu\u00f0 \u00cdsraels: Eg em Drottinn, \u00feinn Gu\u00f0, sem kenni \u00fe\u00e9r \u00fea\u00f0, sem \u00fe\u00e9r er gagnlegt, og v\u00edsa \u00fe\u00e9r \u00feann veg, sem \u00fe\u00fa skalt ganga.<a name=\"18\"><span class=\"versanumer\">18<\/span><\/a>Ef \u00fe\u00fa vildir g\u00e6ta minna bo\u00f0or\u00f0a, \u00fe\u00e1 mundi heill \u00fe\u00edn ver\u00f0a sem vatnsstraumur, og hamingja \u00fe\u00edn sem bylgjur sj\u00e1varins.<a name=\"19\"><span class=\"versanumer\">19<\/span><\/a>Afkv\u00e6mi \u00feitt mundi \u00fe\u00e1 ver\u00f0a sem fj\u00f6rusandur, og afspringur \u00feinn sem malargrj\u00f3t; og n\u00f6fn ni\u00f0ja \u00feinna mundu \u00fe\u00e1 ekki afm\u00e1st e\u00f0a a\u00f0 engu ver\u00f0a \u00ed augs\u00fdn minni.<a name=\"20\"><span class=\"versanumer\">20<\/span><\/a>Gangi\u00f0 \u00fat af Babelsborg, fl\u00fdi\u00f0 burt fr\u00e1 Kaldeum me\u00f0 fagna\u00f0ar\u00f3pi! Birti\u00f0 \u00fea\u00f0, gj\u00f6ri\u00f0 \u00fea\u00f0 heyrum kunnugt, flytji\u00f0 \u00feann bo\u00f0skap allt til enda veraldar: \u201eDrottinn frelsar sinn \u00fej\u00f3n Jakob\u201c.<a name=\"21\"><span class=\"versanumer\">21<\/span><\/a>\u00de\u00e1 \u00feyrsti ekki, \u00feegar hann leiddi \u00fe\u00e1 um \u00feurrar au\u00f0nir, \u00fev\u00ed hann l\u00e9t vatn spretta upp \u00far klettinum handa \u00feeim: hann klauf klettinn, svo \u00fear flaut vatn af.<a name=\"22\"><span class=\"versanumer\">22<\/span><\/a>En hinir \u00f3gu\u00f0legu, segir Drottinn, eiga engrar v\u00e6g\u00f0ar von.<\/p>\n<div class=\"footnoteVidey\">V. 14. a. b. S\u00fdrus.  V. 16. \u00deetta eru or\u00f0 sp\u00e1mannsins til Gy\u00f0inga.<\/div>\n","protected":false},"excerpt":{"rendered":"<p>Sp\u00e1ma\u00f0urinn l\u00fdsir Gu\u00f0s miskunnsemi vi\u00f0 hina baldst\u00fdrugu Gy\u00f0inga, og hv\u00f6rsu \u00fej\u00f3\u00f0in mundi l\u00e1ns\u00f6m ver\u00f0a, ef h\u00fan hl\u00fdddi l\u00f6gm\u00e1li Drottins. 1Heyri\u00f0 \u00feetta, \u00fe\u00e9r Jakobsni\u00f0jar, sem nefndir eru\u00f0 eftir \u00cdsrael, og upprunnir af J\u00fada, \u00fe\u00e9r sem sverji\u00f0 vi\u00f0 nafn Drottins, og d\u00fdrki\u00f0 \u00cdsraels Gu\u00f0, en ekki einl\u00e6glega e\u00f0a r\u00e9ttilega;2\u00fev\u00ed \u00feeir nefna sig eftir hinni heil\u00f6gu borg, en \u00feykjast \u00fe\u00f3 eiga traust undir \u00cdsraels Gu\u00f0i, hv\u00f6rs nafn er Drottinn allsherjar.3Hva\u00f0 fyrr meir hefir vi\u00f0 bori\u00f0, \u00fea\u00f0 hefi eg fyrir l\u00f6ngu kunngj\u00f6rt, \u00fea\u00f0 er \u00fat gengi\u00f0 af m\u00ednum munni, og eg hefi gj\u00f6rt \u00fea\u00f0 heyrum kunnugt: eg f\u00e6r\u00f0i \u00fea\u00f0 skj\u00f3tlega til vegar, og \u00fea\u00f0 <a href=\"https:\/\/biblian.is\/videy\/jesaja-48-kafli\/\"> [&#8230;]<\/a><\/p>\n","protected":false},"author":1,"featured_media":0,"parent":0,"menu_order":0,"comment_status":"open","ping_status":"open","template":"bibliukaflar.php","meta":{"footnotes":""},"class_list":["post-21576","page","type-page","status-publish","hentry"],"_links":{"self":[{"href":"https:\/\/biblian.is\/videy\/wp-json\/wp\/v2\/pages\/21576","targetHints":{"allow":["GET"]}}],"collection":[{"href":"https:\/\/biblian.is\/videy\/wp-json\/wp\/v2\/pages"}],"about":[{"href":"https:\/\/biblian.is\/videy\/wp-json\/wp\/v2\/types\/page"}],"author":[{"embeddable":true,"href":"https:\/\/biblian.is\/videy\/wp-json\/wp\/v2\/users\/1"}],"replies":[{"embeddable":true,"href":"https:\/\/biblian.is\/videy\/wp-json\/wp\/v2\/comments?post=21576"}],"version-history":[{"count":0,"href":"https:\/\/biblian.is\/videy\/wp-json\/wp\/v2\/pages\/21576\/revisions"}],"wp:attachment":[{"href":"https:\/\/biblian.is\/videy\/wp-json\/wp\/v2\/media?parent=21576"}],"curies":[{"name":"wp","href":"https:\/\/api.w.org\/{rel}","templated":true}]}}