{"id":21573,"date":"2018-01-02T01:02:48","date_gmt":"2018-01-02T01:02:48","guid":{"rendered":"http:\/\/biblian.is\/videy\/jesaja-45-kafli\/"},"modified":"2018-01-02T01:02:48","modified_gmt":"2018-01-02T01:02:48","slug":"jesaja-45-kafli","status":"publish","type":"page","link":"https:\/\/biblian.is\/videy\/jesaja-45-kafli\/","title":{"rendered":"Jesaja 45. kafli"},"content":{"rendered":"<div class=\"fyrirsognVidey\">Sp\u00e1d\u00f3mur um S\u00fdrus Persakonung, og um frelsun Gy\u00f0inga.<\/div>\n<p><a name=\"1\"><span class=\"versanumer\">1<\/span><\/a>Svo segir Drottinn um S\u00fdrus, sinn smur\u00f0a: eg held \u00ed hans h\u00e6gri h\u00f6nd; eg vil leggja \u00fej\u00f3\u00f0irnar undir hans vald, og spretta belti konunganna; eg vil upp l\u00e1ta dyrnar fyrir honum, og \u00f6ngvu borgarhli\u00f0i skal vera l\u00e6st.<a name=\"2\"><span class=\"versanumer\">2<\/span><\/a>Eg vil ganga \u00e1 undan \u00fe\u00e9r, og jafna h\u00f3lana; eg vil brj\u00f3ta upp eirhli\u00f0in, og m\u00f6lva j\u00e1rnsl\u00e1rnar.<a name=\"3\"><span class=\"versanumer\">3<\/span><\/a>Eg vil gefa \u00fe\u00e9r hina huldu fj\u00e1rsj\u00f3\u00f0u og hina f\u00f3lgnu d\u00fdrgripi, svo \u00fe\u00fa kannist vi\u00f0, a\u00f0 eg em Drottinn, \u00cdsraels Gu\u00f0, sem \u00fatvaldi \u00feig.<a name=\"4\"><span class=\"versanumer\">4<\/span><\/a>Vegna Jakobs, m\u00edns \u00fej\u00f3ns, og vegna \u00cdsraels, m\u00edns hins \u00fatvalda, hefi eg kosi\u00f0 \u00feig og kvatt, jafnvel \u00fe\u00f3 \u00fe\u00fa \u00feekkir mig ekki.<a name=\"5\"><span class=\"versanumer\">5<\/span><\/a>Eg em Drottinn, en enginn annar; engi Gu\u00f0 er til, nema eg. \u00de\u00f3 \u00fe\u00fa \u00feekkir mig ekki, vil eg \u00fatb\u00faa \u00feig me\u00f0 krafti,<a name=\"6\"><span class=\"versanumer\">6<\/span><\/a>svo menn kannist vi\u00f0 \u00ed fr\u00e1 uppg\u00f6ngu s\u00f3lar og fr\u00e1 ni\u00f0urg\u00f6ngu hennar, a\u00f0 engi s\u00e9 fyrir utan mig, a\u00f0 eg em Drottinn, og enginn annar:<a name=\"7\"><span class=\"versanumer\">7<\/span><\/a>a\u00f0 eg em s\u00e1, sem tilb\u00fd lj\u00f3si\u00f0, og framlei\u00f0i myrkri\u00f0, sem r\u00e6\u00f0 hamingju og \u00f3hamingju. Eg Drottinn r\u00e6\u00f0 \u00f6llu \u00feessu.<a name=\"8\"><span class=\"versanumer\">8<\/span><\/a>\u00de\u00e9r himnar, drj\u00fapi\u00f0 h\u00e9r ofan a\u00f0! l\u00e1ti\u00f0 sk\u00fdin hj\u00e1lpr\u00e6\u00f0i\u00f0 ni\u00f0urstreyma! j\u00f6r\u00f0in opni sig, svo frelsunin bl\u00f3mgist og hj\u00e1lpr\u00e6\u00f0i\u00f0 framspretti \u00e1samt. Eg Drottinn kem \u00feessu til vegar. <br \/><a name=\"9\"><span class=\"versanumer\">9<\/span><\/a>Vei \u00feeim manni, sem \u00fer\u00e1ttar vi\u00f0 Skapara sinn, sj\u00e1lfur leirbrot, eins og \u00f6nnur leirbrot jar\u00f0ar. \u00c1 leirinn a\u00f0 segja vi\u00f0 leirmyndarann: \u201ehva\u00f0 gj\u00f6rir \u00fe\u00fa?\u201c e\u00f0a \u00e1 verk \u00feitt a\u00f0 segja um \u00feig: \u201ehann hefir engar hendur\u201c.<a name=\"10\"><span class=\"versanumer\">10<\/span><\/a>Vei \u00feeim, sem segir til f\u00f6\u00f0ur s\u00edns: \u201ehvar fyrir hefir \u00fe\u00fa geti\u00f0 mig?\u201c e\u00f0a til m\u00f3\u00f0ur sinnar: \u201ehv\u00ed hefir \u00fe\u00fa f\u00e6tt mig?\u201c<a name=\"11\"><span class=\"versanumer\">11<\/span><\/a>Svo segir Drottinn, hinn heilagi Gu\u00f0 og Skapari \u00cdsraelsl\u00fd\u00f0s: eiga mennirnir a\u00f0 krefja mig skynsemdar fyrir hi\u00f0 \u00f3komna, e\u00f0a setja m\u00e9r l\u00f6g, hv\u00f6rju eg skal fram fara um b\u00f6rn m\u00edn, sem eru verk minna handa?<a name=\"12\"><span class=\"versanumer\">12<\/span><\/a>Eg hefi tilb\u00fai\u00f0 j\u00f6r\u00f0ina, og skapa\u00f0 manninn, er \u00e1 henni b\u00fdr. Hendur m\u00ednar \u00fat\u00fe\u00f6ndu himininn, og eg r\u00e6\u00f0 \u00f6llum himinsins her.<a name=\"13\"><span class=\"versanumer\">13<\/span><\/a>Eg hefi uppvaki\u00f0 hann <span class='VideyAth'>(S\u00fdrus konung)<\/span> til hj\u00e1lpr\u00e6\u00f0is, og eg vil grei\u00f0a alla hans vegu; hann skal upp byggja borg m\u00edna, og gefa heimfararleyfi m\u00ednu herleidda f\u00f3lki \u00e1n kaupgjalds e\u00f0a lausnargjalds, segir Drottinn allsherjar.<br \/><a name=\"14\"><span class=\"versanumer\">14<\/span><\/a>Svo segir Drottinn: aflaf\u00e9 Egyptalands og verslunargr\u00f3\u00f0i Bl\u00e1lands og hinna h\u00e1v\u00f6xnu Selaborgar innb\u00faa skal ganga fr\u00e1 \u00feeim til \u00fe\u00edn <span class='VideyAth'>(Jer\u00fasalemsborg!)<\/span> og ver\u00f0a \u00fe\u00edn eign. Innb\u00faendur \u00feessara landa skulu \u00fe\u00e9r eftir fylgja, koma til \u00fe\u00edn fj\u00f6tra\u00f0ir, falla til jar\u00f0ar fyrir \u00fe\u00e9r, og bi\u00f0jast fri\u00f0ar; \u00fev\u00ed Gu\u00f0 er hj\u00e1 \u00fe\u00e9r, og fyrir utan hann er engi Gu\u00f0 til.<a name=\"15\"><span class=\"versanumer\">15<\/span><\/a>Sannlega ertu hulinn Gu\u00f0! Gu\u00f0 \u00cdsraels er frelsari!<a name=\"16\"><span class=\"versanumer\">16<\/span><\/a>Allir \u00feeir, sem tilb\u00faa go\u00f0al\u00edkneskjur, hlj\u00f3ta a\u00f0 blyg\u00f0ast og skammast s\u00edn og til sm\u00e1nar ver\u00f0a, hv\u00f6r me\u00f0 \u00f6\u00f0rum;<a name=\"17\"><span class=\"versanumer\">17<\/span><\/a>en \u00cdsraels l\u00fd\u00f0ur mun af Drottni frelsa\u00f0ur ver\u00f0a eil\u00edfri frelsun; \u00fe\u00e9r <span class='VideyAth'>(\u00cdsraelsmenn!)<\/span> munu\u00f0 ei til skammar, n\u00e9 til sm\u00e1nar ver\u00f0a, um aldur n\u00e9 \u00e6vi.<a name=\"18\"><span class=\"versanumer\">18<\/span><\/a>\u00dev\u00ed svo segir Drottinn, s\u00e1 e\u00f0 himininn hefir skapa\u00f0, s\u00e1 Gu\u00f0, sem j\u00f6r\u00f0ina hefir gj\u00f6rt og mynda\u00f0, hann sem sk\u00f3p hana, ekki til \u00feess h\u00fan skyldi ver\u00f0a \u00f3bygg\u00f0 au\u00f0n, heldur tilbj\u00f3 hana til \u00feess, a\u00f0 h\u00fan v\u00e6ri byggileg: eg em Drottinn, en enginn annar.<a name=\"19\"><span class=\"versanumer\">19<\/span><\/a>Eg hefi ekki tala\u00f0 \u00ed leynum, ekki \u00ed dimmum fylgsnum jar\u00f0ar. Eg hefi ekki tala\u00f0 h\u00e9g\u00f3ma, \u00feegar eg hefi sagt vi\u00f0 Jakobsni\u00f0ja: \u201eleiti\u00f0 m\u00edn!\u201c Eg Drottinn tala \u00fea\u00f0 sem satt er, og kunngj\u00f6ri hva\u00f0 r\u00e9tt er.<a name=\"20\"><span class=\"versanumer\">20<\/span><\/a>Safnist saman, komi\u00f0 og n\u00e1l\u00e6gi\u00f0 y\u00f0ur, allir \u00fe\u00e9r skynlausu hei\u00f0ingjar, sem hafi\u00f0 undan komist, \u00fe\u00e9r sem dragist me\u00f0 tr\u00e9l\u00edkneski y\u00f0ar, og falli\u00f0 fram fyrir \u00feeim gu\u00f0i, sem ekki kann a\u00f0 frelsa.<a name=\"21\"><span class=\"versanumer\">21<\/span><\/a>Gj\u00f6ri\u00f0 \u00fea\u00f0 heyrum kunnugt, l\u00e1ti\u00f0 \u00fe\u00e1 eiga fund saman og r\u00e1\u00f0f\u00e6ra sig hv\u00f6rn vi\u00f0 annan: hv\u00f6r hefir sagt \u00feetta l\u00f6ngu fyrir fram, og kunngj\u00f6rt \u00fea\u00f0 fr\u00e1 \u00f6ndver\u00f0u? Hefi eg Drottinn ekki gj\u00f6rt \u00fea\u00f0? fyrir utan mig er engi Gu\u00f0 til, engi sannur Gu\u00f0 og hj\u00e1lpari er til nema eg.<a name=\"22\"><span class=\"versanumer\">22<\/span><\/a>Sn\u00fai\u00f0 y\u00f0ur til m\u00edn, og ver\u00f0i\u00f0 h\u00f3lpin, \u00fe\u00e9r gj\u00f6rv\u00f6ll endim\u00f6rk jar\u00f0arinnar; \u00fev\u00ed a\u00f0 eg em Gu\u00f0, og engi annar.<a name=\"23\"><span class=\"versanumer\">23<\/span><\/a>Eg hefi svari\u00f0 vi\u00f0 sj\u00e1lfan mig, af m\u00ednum munni er sannleikur \u00fatgenginn, \u00fea\u00f0 or\u00f0, sem eigi skal breg\u00f0ast: fyrir m\u00e9r skulu \u00f6ll kn\u00e9 beygja sig, og allar tungur vi\u00f0 mig sverja:<a name=\"24\"><span class=\"versanumer\">24<\/span><\/a>\u00ed Drottni einum <span class='VideyAth'>(mun um mig sagt ver\u00f0a)<\/span> er hj\u00e1lpin og styrkurinn; allir \u00feeir, er \u00ed m\u00f3ti honum brj\u00f3tast, skulu koma fram fyrir hann og ver\u00f0a til sm\u00e1nar;<a name=\"25\"><span class=\"versanumer\">25<\/span><\/a>en gj\u00f6rvallt afsprengi \u00cdsraels skal fyrir a\u00f0sto\u00f0 Drottins h\u00f3lpi\u00f0 ver\u00f0a, og hr\u00f3sa s\u00e9r af honum.<\/p>\n<div class=\"footnoteVidey\">V. 1. Smur\u00f0a, S\u00fdrus kallast Drottins smur\u00f0i, af \u00fev\u00ed hann var s\u00e1 konungur, er Drottinn haf\u00f0i \u00fatvali\u00f0 til a\u00f0 frelsa Gy\u00f0inga \u00far Babels herlei\u00f0ingu. Spretta belti konunganna, a\u00f0 steypa \u00feeim \u00far v\u00f6ldum.  V. 2. Jafna h\u00f3lana, a\u00f0 gj\u00f6ra veginn grei\u00f0f\u00e6ran.<\/div>\n","protected":false},"excerpt":{"rendered":"<p>Sp\u00e1d\u00f3mur um S\u00fdrus Persakonung, og um frelsun Gy\u00f0inga. 1Svo segir Drottinn um S\u00fdrus, sinn smur\u00f0a: eg held \u00ed hans h\u00e6gri h\u00f6nd; eg vil leggja \u00fej\u00f3\u00f0irnar undir hans vald, og spretta belti konunganna; eg vil upp l\u00e1ta dyrnar fyrir honum, og \u00f6ngvu borgarhli\u00f0i skal vera l\u00e6st.2Eg vil ganga \u00e1 undan \u00fe\u00e9r, og jafna h\u00f3lana; eg vil brj\u00f3ta upp eirhli\u00f0in, og m\u00f6lva j\u00e1rnsl\u00e1rnar.3Eg vil gefa \u00fe\u00e9r hina huldu fj\u00e1rsj\u00f3\u00f0u og hina f\u00f3lgnu d\u00fdrgripi, svo \u00fe\u00fa kannist vi\u00f0, a\u00f0 eg em Drottinn, \u00cdsraels Gu\u00f0, sem \u00fatvaldi \u00feig.4Vegna Jakobs, m\u00edns \u00fej\u00f3ns, og vegna \u00cdsraels, m\u00edns hins \u00fatvalda, hefi eg kosi\u00f0 \u00feig og kvatt, jafnvel <a href=\"https:\/\/biblian.is\/videy\/jesaja-45-kafli\/\"> [&#8230;]<\/a><\/p>\n","protected":false},"author":1,"featured_media":0,"parent":0,"menu_order":0,"comment_status":"open","ping_status":"open","template":"bibliukaflar.php","meta":{"footnotes":""},"class_list":["post-21573","page","type-page","status-publish","hentry"],"_links":{"self":[{"href":"https:\/\/biblian.is\/videy\/wp-json\/wp\/v2\/pages\/21573","targetHints":{"allow":["GET"]}}],"collection":[{"href":"https:\/\/biblian.is\/videy\/wp-json\/wp\/v2\/pages"}],"about":[{"href":"https:\/\/biblian.is\/videy\/wp-json\/wp\/v2\/types\/page"}],"author":[{"embeddable":true,"href":"https:\/\/biblian.is\/videy\/wp-json\/wp\/v2\/users\/1"}],"replies":[{"embeddable":true,"href":"https:\/\/biblian.is\/videy\/wp-json\/wp\/v2\/comments?post=21573"}],"version-history":[{"count":0,"href":"https:\/\/biblian.is\/videy\/wp-json\/wp\/v2\/pages\/21573\/revisions"}],"wp:attachment":[{"href":"https:\/\/biblian.is\/videy\/wp-json\/wp\/v2\/media?parent=21573"}],"curies":[{"name":"wp","href":"https:\/\/api.w.org\/{rel}","templated":true}]}}