{"id":21571,"date":"2018-01-02T01:02:48","date_gmt":"2018-01-02T01:02:48","guid":{"rendered":"http:\/\/biblian.is\/videy\/jesaja-43-kafli\/"},"modified":"2018-01-02T01:02:48","modified_gmt":"2018-01-02T01:02:48","slug":"jesaja-43-kafli","status":"publish","type":"page","link":"https:\/\/biblian.is\/videy\/jesaja-43-kafli\/","title":{"rendered":"Jesaja 43. kafli"},"content":{"rendered":"<div class=\"fyrirsognVidey\">Drottinn sannar enn Gu\u00f0d\u00f3m sinn me\u00f0 \u00fev\u00ed, a\u00f0 hann vilji vernda sitt f\u00f3lk, Gy\u00f0ingal\u00fd\u00f0, og frelsa \u00fea\u00f0 \u00far Babels herlei\u00f0ingu, ekki fyrir ver\u00f0skuldun Gy\u00f0inga, heldur af miskunn sinni.<\/div>\n<p><a name=\"1\"><span class=\"versanumer\">1<\/span><\/a>En n\u00fa segir Drottinn, s\u00e1 er sk\u00f3p \u00feig, Jakobs\u00e6tt, og mynda\u00f0i \u00feig, \u00cdsraelsl\u00fd\u00f0ur: \u00f3ttast eigi, \u00fev\u00ed eg endurkeypti \u00feig; eg kalla\u00f0i \u00feig me\u00f0 nafni, \u00fe\u00fa ert minn.<a name=\"2\"><span class=\"versanumer\">2<\/span><\/a>\u00de\u00f3 \u00fe\u00fa gangir \u00ed gegnum v\u00f6tnin, skal eg vera me\u00f0 \u00fe\u00e9r; \u00fe\u00f3 \u00fe\u00fa gangir \u00ed gegnum vatnsf\u00f6llin, skulu \u00feau ekki drekkja \u00fe\u00e9r; \u00fe\u00f3 \u00fe\u00fa gangir \u00ed gegnum eldinn, skaltu ekki brenna, og loginn skal eigi granda \u00fe\u00e9r:<a name=\"3\"><span class=\"versanumer\">3<\/span><\/a>\u00fev\u00ed eg Drottinn er \u00feinn Gu\u00f0, hinn heilagi \u00cdsraels Gu\u00f0 er \u00feinn frelsari; eg gef Egyptaland til lausnar \u00fe\u00e9r, og l\u00e6t Bl\u00e1land og Sebaborg \u00ed sta\u00f0inn \u00fe\u00edn;<a name=\"4\"><span class=\"versanumer\">4<\/span><\/a>s\u00f6kum \u00feess \u00fe\u00fa ert d\u00fdrm\u00e6tur \u00ed m\u00ednum augum og mikils metinn, og af \u00fev\u00ed eg elska \u00feig, \u00fe\u00e1 legg eg a\u00f0ra menn \u00ed s\u00f6lurnar fyrir \u00feig, og \u00fej\u00f3\u00f0irnar \u00ed sta\u00f0inn \u00fe\u00edn.<a name=\"5\"><span class=\"versanumer\">5<\/span><\/a>\u00d3ttast \u00fev\u00ed eigi, \u00fev\u00ed eg er me\u00f0 \u00fe\u00e9r; eg vil lei\u00f0a kynsl\u00f3\u00f0 \u00fe\u00edna fr\u00e1 austri, og samansafna \u00fe\u00e9r \u00ed fr\u00e1 vestri:<a name=\"6\"><span class=\"versanumer\">6<\/span><\/a>eg vil segja til nor\u00f0ur\u00e1ttar: \u201el\u00e1t fram!\u201c, og til su\u00f0ur\u00e1ttar, \u201ehamla \u00fe\u00fa eigi! flyt \u00fe\u00fa sonu m\u00edna \u00far fjarl\u00e6g\u00f0inni, og d\u00e6tur m\u00ednar fr\u00e1 enda jar\u00f0arinnar,<a name=\"7\"><span class=\"versanumer\">7<\/span><\/a>s\u00e9rhv\u00f6rn \u00feann, er vi\u00f0 mitt nafn er kenndur, sem eg hefi skapa\u00f0 m\u00e9r til vegsemdar, \u00feann er eg hefi mynda\u00f0 og gj\u00f6rt. <br \/><a name=\"8\"><span class=\"versanumer\">8<\/span><\/a>L\u00e1t n\u00fa fram koma \u00feann l\u00fd\u00f0inn, sem blindur er, \u00fe\u00f3 hann hafi augu; \u00fe\u00e1 sem daufir eru, \u00fe\u00f3 \u00feeir hafi eyru.<a name=\"9\"><span class=\"versanumer\">9<\/span><\/a>L\u00e1t alla hei\u00f0ingja safnast \u00ed eitt, og \u00fej\u00f3\u00f0irnar saman koma. Hv\u00f6r af \u00feeim <span class='VideyAth'>(skur\u00f0go\u00f0unum)<\/span> kunngj\u00f6rir sl\u00edkt, og l\u00e6tur oss heyra fyrir fram, hva\u00f0 ver\u00f0a muni? Lei\u00f0i \u00feau fram votta s\u00edna, a\u00f0 \u00feau f\u00e6ri s\u00f6nnur \u00e1 m\u00e1l sitt, svo menn heyri \u00fea\u00f0, og segi, a\u00f0 \u00feau hafi satt a\u00f0 m\u00e6la.<a name=\"10\"><span class=\"versanumer\">10<\/span><\/a>\u00de\u00e9r eru\u00f0 m\u00ednir vottar <span class='VideyAth'>(segir Drottinn)<\/span> og \u00fej\u00f3n minn, \u00feann er eg \u00fatvaldi, til \u00feess \u00fe\u00e9r skyldu\u00f0 kannast vi\u00f0 og tr\u00faa m\u00e9r, og skilja, a\u00f0 eg em \u00fea\u00f0; \u00e1 undan m\u00e9r er engi gu\u00f0 tilb\u00fainn; og eftir mig mun engi vera.<a name=\"11\"><span class=\"versanumer\">11<\/span><\/a>Eg, eg em Drottinn, og engi hj\u00e1lpari er til, nema eg;<a name=\"12\"><span class=\"versanumer\">12<\/span><\/a>Eg bo\u00f0a\u00f0i hj\u00e1lpina, og l\u00e9t hana \u00ed t\u00e9; \u00fea\u00f0 var eg, sem kunngj\u00f6r\u00f0i hana, en enginn \u00fatlendur y\u00f0ar \u00e1 me\u00f0al; \u00fe\u00e9r eru\u00f0 m\u00ednir vottar, segir Drottinn, a\u00f0 eg em Gu\u00f0;<a name=\"13\"><span class=\"versanumer\">13<\/span><\/a>j\u00e1, \u00e1\u00f0ur en dagurinn var\u00f0 til, var eg \u00fea\u00f0. Enginn er s\u00e1, er frelsa megi af minni hendi; eg kem m\u00ednu fram, hv\u00f6r f\u00e6r aftra\u00f0 \u00fev\u00ed?<a name=\"14\"><span class=\"versanumer\">14<\/span><\/a>Svo segir Drottinn, y\u00f0ar frelsari, hinn heilagi \u00cdsraels Gu\u00f0: y\u00f0ar vegna vil eg senda <span class='VideyAth'>(S\u00fdrus)<\/span> til Babelsborgar, og ni\u00f0urbrj\u00f3ta alla hennar slagbranda, og steypa Kaldeum, sem fagna me\u00f0 gle\u00f0il\u00e1tum \u00e1 skipum s\u00ednum.<a name=\"15\"><span class=\"versanumer\">15<\/span><\/a>Eg Drottinn er y\u00f0ar heilagur Gu\u00f0, h\u00f6fundur \u00cdsraelsl\u00fd\u00f0s, y\u00f0ar konungur.<a name=\"16\"><span class=\"versanumer\">16<\/span><\/a>Svo segir Drottinn, hann, sem lag\u00f0i veg \u00ed sj\u00f3num, og braut \u00ed hinum str\u00f6ngu v\u00f6tnum,<a name=\"17\"><span class=\"versanumer\">17<\/span><\/a>hann, sem \u00fatleiddi vagna og hesta, hermenn og kappa, sem f\u00e9llu hv\u00f6r um annan og st\u00f3\u00f0u ei \u00e1 f\u00e6tur aftur, slokknu\u00f0u og kulnu\u00f0u \u00fat, sem kveikur.<a name=\"18\"><span class=\"versanumer\">18<\/span><\/a>Renni\u00f0 eigi huga til hins umli\u00f0na, gefi\u00f0 eigi g\u00e6tur a\u00f0 \u00fev\u00ed, sem var fyrr meir.<a name=\"19\"><span class=\"versanumer\">19<\/span><\/a>Sj\u00e1i\u00f0, eg hefi nokku\u00f0 n\u00fdtt fyrir stafni; \u00fea\u00f0 tekur \u00feegar a\u00f0 votta fyrir \u00fev\u00ed, \u00fe\u00e9r skulu\u00f0 vissulega ver\u00f0a \u00feess varir: eg skal jafnvel gj\u00f6ra veg \u00ed ey\u00f0im\u00f6rkinni og vatnsstrauma \u00ed \u00f3bygg\u00f0inni.<a name=\"20\"><span class=\"versanumer\">20<\/span><\/a>\u00de\u00e1 skulu sk\u00f3gard\u00fdrin, gull\u00falfarnir og str\u00fatsfuglarnir, vegsama mig; \u00fev\u00ed eg gef vatn \u00ed ey\u00f0im\u00f6rkinni og \u00e1rstrauma \u00ed \u00f3bygg\u00f0inni, til a\u00f0 drykkja minn l\u00fd\u00f0, minn hinn \u00fatvalda.<a name=\"21\"><span class=\"versanumer\">21<\/span><\/a>\u00de\u00e1 skal s\u00e1 l\u00fd\u00f0ur, sem eg hefi tilreitt m\u00e9r, v\u00ed\u00f0fr\u00e6gja mitt lof.<a name=\"22\"><span class=\"versanumer\">22<\/span><\/a>Mig hefir \u00fe\u00fa \u00fe\u00f3 ekki \u00e1kalla\u00f0, \u00fe\u00fa Jakobs \u00e6tt, \u00fev\u00ed \u00fe\u00fa ert or\u00f0inn \u00fereyttur \u00e1 m\u00e9r, \u00fe\u00fa \u00cdsraelsl\u00fd\u00f0ur.<a name=\"23\"><span class=\"versanumer\">23<\/span><\/a>M\u00e9r f\u00e6r\u00f0ir \u00fe\u00fa ekki sau\u00f0f\u00e9na\u00f0 \u00feinn til brennif\u00f3rnar; mig d\u00fdrka\u00f0ir \u00fe\u00fa ekki me\u00f0 sl\u00e1tursf\u00f3rnum \u00fe\u00ednum; \u00dea\u00f0 er ekki m\u00edn vegna, a\u00f0 \u00fe\u00fa hefir m\u00e6tt \u00feig me\u00f0 matarf\u00f3rnum og \u00fereytt \u00feig me\u00f0 reykelsisf\u00f3rnum.<a name=\"24\"><span class=\"versanumer\">24<\/span><\/a>\u00de\u00fa keyptir ekki m\u00e9r til handa ilmreyr fyrir silfur; mig saddir \u00fe\u00fa ekki \u00e1 feitinni \u00feinna sl\u00e1tursf\u00f3rna. Nei, \u00fe\u00fa \u00fereyttir mig me\u00f0 \u00fe\u00ednum syndum, og m\u00e6ddir mig me\u00f0 \u00fe\u00ednum misgj\u00f6r\u00f0um.<a name=\"25\"><span class=\"versanumer\">25<\/span><\/a>Eg, eg em s\u00e1, er afm\u00e1i \u00fe\u00ednar yfirtro\u00f0slur sj\u00e1lfs m\u00edns vegna, og minnist ekki \u00feinna synda.<a name=\"26\"><span class=\"versanumer\">26<\/span><\/a>Minn mig \u00e1,\u2014vi\u00f0 skulum eigast l\u00f6g vi\u00f0\u2014seg m\u00e9r, hva\u00f0 \u00fe\u00fa hefir til afb\u00f6kunar.<a name=\"27\"><span class=\"versanumer\">27<\/span><\/a>\u00deinn fyrsti fa\u00f0ir syndga\u00f0i, og \u00fe\u00ednir t\u00falkar brutu \u00e1 m\u00f3ti m\u00e9r.<a name=\"28\"><span class=\"versanumer\">28<\/span><\/a>\u00deess vegna mun eg fara me\u00f0 forst\u00f6\u00f0umenn helgid\u00f3msins, eins og v\u00e6ru \u00feeir vanheilagir, og ofurselja Jakobs \u00e6tt b\u00f6lvaninni, og \u00cdsraels ni\u00f0ja h\u00e1\u00f0unginni.<\/p>\n<div class=\"footnoteVidey\">V. 1. Samanb. 41,9. 44,2.24.  V. 15. H\u00f6fundur, Hebr. Skapari, sj\u00e1 v. 1.  V. 27. T\u00falkar, \u00fe. e. kennimenn og falssp\u00e1menn.<\/div>\n","protected":false},"excerpt":{"rendered":"<p>Drottinn sannar enn Gu\u00f0d\u00f3m sinn me\u00f0 \u00fev\u00ed, a\u00f0 hann vilji vernda sitt f\u00f3lk, Gy\u00f0ingal\u00fd\u00f0, og frelsa \u00fea\u00f0 \u00far Babels herlei\u00f0ingu, ekki fyrir ver\u00f0skuldun Gy\u00f0inga, heldur af miskunn sinni. 1En n\u00fa segir Drottinn, s\u00e1 er sk\u00f3p \u00feig, Jakobs\u00e6tt, og mynda\u00f0i \u00feig, \u00cdsraelsl\u00fd\u00f0ur: \u00f3ttast eigi, \u00fev\u00ed eg endurkeypti \u00feig; eg kalla\u00f0i \u00feig me\u00f0 nafni, \u00fe\u00fa ert minn.2\u00de\u00f3 \u00fe\u00fa gangir \u00ed gegnum v\u00f6tnin, skal eg vera me\u00f0 \u00fe\u00e9r; \u00fe\u00f3 \u00fe\u00fa gangir \u00ed gegnum vatnsf\u00f6llin, skulu \u00feau ekki drekkja \u00fe\u00e9r; \u00fe\u00f3 \u00fe\u00fa gangir \u00ed gegnum eldinn, skaltu ekki brenna, og loginn skal eigi granda \u00fe\u00e9r:3\u00fev\u00ed eg Drottinn er \u00feinn Gu\u00f0, hinn heilagi \u00cdsraels Gu\u00f0 <a href=\"https:\/\/biblian.is\/videy\/jesaja-43-kafli\/\"> [&#8230;]<\/a><\/p>\n","protected":false},"author":1,"featured_media":0,"parent":0,"menu_order":0,"comment_status":"open","ping_status":"open","template":"bibliukaflar.php","meta":{"footnotes":""},"class_list":["post-21571","page","type-page","status-publish","hentry"],"_links":{"self":[{"href":"https:\/\/biblian.is\/videy\/wp-json\/wp\/v2\/pages\/21571","targetHints":{"allow":["GET"]}}],"collection":[{"href":"https:\/\/biblian.is\/videy\/wp-json\/wp\/v2\/pages"}],"about":[{"href":"https:\/\/biblian.is\/videy\/wp-json\/wp\/v2\/types\/page"}],"author":[{"embeddable":true,"href":"https:\/\/biblian.is\/videy\/wp-json\/wp\/v2\/users\/1"}],"replies":[{"embeddable":true,"href":"https:\/\/biblian.is\/videy\/wp-json\/wp\/v2\/comments?post=21571"}],"version-history":[{"count":0,"href":"https:\/\/biblian.is\/videy\/wp-json\/wp\/v2\/pages\/21571\/revisions"}],"wp:attachment":[{"href":"https:\/\/biblian.is\/videy\/wp-json\/wp\/v2\/media?parent=21571"}],"curies":[{"name":"wp","href":"https:\/\/api.w.org\/{rel}","templated":true}]}}