{"id":21570,"date":"2018-01-02T01:02:48","date_gmt":"2018-01-02T01:02:48","guid":{"rendered":"http:\/\/biblian.is\/videy\/jesaja-42-kafli\/"},"modified":"2018-01-02T01:02:48","modified_gmt":"2018-01-02T01:02:48","slug":"jesaja-42-kafli","status":"publish","type":"page","link":"https:\/\/biblian.is\/videy\/jesaja-42-kafli\/","title":{"rendered":"Jesaja 42. kafli"},"content":{"rendered":"<div class=\"fyrirsognVidey\">Drottins \u00dej\u00f3n; lofs\u00f6ngur Gu\u00f0i til d\u00fdr\u00f0ar; Gu\u00f0s r\u00e9ttl\u00e6ti og miskunnsemi.<\/div>\n<p><a name=\"1\"><span class=\"versanumer\">1<\/span><\/a>Sj\u00e1! m\u00ednum \u00fej\u00f3ni, sem eg lei\u00f0i vi\u00f0 h\u00f6nd m\u00e9r, m\u00ednum \u00fatvalda, \u00e1 hv\u00f6rjum eg hefi vel\u00fe\u00f3knan, honum hefi eg minn anda gefi\u00f0; hann mun kunngj\u00f6ra \u00fej\u00f3\u00f0unum, hva\u00f0 r\u00e9tt er.<a name=\"2\"><span class=\"versanumer\">2<\/span><\/a>Hann mun ekki kalla, ekki hafa h\u00e1reysti, og ekki heyra l\u00e1ta raust s\u00edna \u00e1 str\u00e6tunum.<a name=\"3\"><span class=\"versanumer\">3<\/span><\/a>Hinn br\u00e1ka\u00f0a reyrinn mun hann ekki \u00ed sundur brj\u00f3ta, og hinn dapra l\u00ednkveik mun hann ekki \u00fatsl\u00f6kkva; hva\u00f0 r\u00e9tt er, mun hann tr\u00falega kunngj\u00f6ra.<a name=\"4\"><span class=\"versanumer\">4<\/span><\/a>Hann mun ekki daprast og ekki uppgefast, uns hann f\u00e6r komi\u00f0 r\u00e9ttri skipun \u00e1 landi\u00f0, og fjarl\u00e6gar lands\u00e1lfur munu eftir hans l\u00f6gm\u00e1li v\u00e6nta.<a name=\"5\"><span class=\"versanumer\">5<\/span><\/a>Svo segir Gu\u00f0 Drottinn, s\u00e1 er sk\u00f3p himininn og \u00fat\u00feandi hann, s\u00e1 e\u00f0 \u00fatbreiddi j\u00f6r\u00f0ina me\u00f0 \u00f6llu \u00fev\u00ed, er \u00e1 henni sprettur, s\u00e1 e\u00f0 andardr\u00e1tt gefur \u00fej\u00f3\u00f0um jar\u00f0arinnar, og l\u00edfsanda \u00feeim, sem \u00e1 henni ganga:<a name=\"6\"><span class=\"versanumer\">6<\/span><\/a>Eg Drottinn hefi kalla\u00f0 \u00feig til hj\u00e1lpr\u00e6\u00f0is, eg held \u00ed h\u00f6nd \u00fe\u00edna og g\u00e6ti \u00fe\u00edn; eg set \u00feig til \u00feess a\u00f0 sta\u00f0festa s\u00e1ttm\u00e1la \u00fej\u00f3\u00f0arinnar, og til a\u00f0 vera lj\u00f3s hei\u00f0ingjanna,<a name=\"7\"><span class=\"versanumer\">7<\/span><\/a>til a\u00f0 opna \u00feau hin blindu augun, og til a\u00f0 \u00fatlei\u00f0a \u00far var\u00f0haldinu \u00fe\u00e1 sem bundnir eru, og \u00far d\u00fdflissunni \u00fe\u00e1, er \u00ed myrkrunum sitja. <br \/><a name=\"8\"><span class=\"versanumer\">8<\/span><\/a>Eg em Drottinn; \u00fea\u00f0 er mitt nafn; m\u00edna d\u00fdr\u00f0 gef eg ekki hj\u00e1gu\u00f0um, n\u00e9 mitt lof \u00fath\u00f6ggnum l\u00edkneskjum.<a name=\"9\"><span class=\"versanumer\">9<\/span><\/a>Hinir eldri sp\u00e1d\u00f3mar, \u00feeir eru fram komnir, en n\u00fa kunngj\u00f6ri eg nokku\u00f0 n\u00fdtt, og l\u00e6t y\u00f0ur heyra \u00fea\u00f0, \u00e1\u00f0ur en nokku\u00f0 vottar fyrir \u00fev\u00ed.<a name=\"10\"><span class=\"versanumer\">10<\/span><\/a>Syngi\u00f0 Drottni n\u00fdjan lofs\u00f6ng, flytji\u00f0 hans lofst\u00edr fr\u00e1 enda veraldar, \u00fe\u00e9r sj\u00f3farendur og allir sem \u00e1 hafinu b\u00fai\u00f0, \u00fe\u00e9r fjarl\u00e6gu lands\u00e1lfur og \u00feeirra innbyggjendur!<a name=\"11\"><span class=\"versanumer\">11<\/span><\/a>H\u00e1tt kalli ey\u00f0im\u00f6rkin og hennar borgir, og tjaldb\u00fa\u00f0ir \u00fe\u00e6r, er Kedaringar b\u00faa \u00ed; lofsyngi \u00feeir, sem b\u00faa \u00ed Selaborg, kalli \u00feeir fagnandi af fjallatindunum!<a name=\"12\"><span class=\"versanumer\">12<\/span><\/a>Gefi \u00feeir Drottni d\u00fdr\u00f0ina, og kunngj\u00f6ri hans lof \u00ed hinum fjarl\u00e6gu l\u00f6ndunum!<br \/><a name=\"13\"><span class=\"versanumer\">13<\/span><\/a>Drottinn fer \u00fat, sem hetja; hann elur \u00e1 s\u00ednum hugm\u00f3\u00f0, sem bardagama\u00f0ur; hann kallar, hann l\u00fdstur upp her\u00f3pi, hann s\u00fdnir sig voldugan yfir s\u00ednum \u00f3vinum.<a name=\"14\"><span class=\"versanumer\">14<\/span><\/a>Eg hefi \u00ed langa t\u00edma \u00feaga\u00f0, veri\u00f0 hlj\u00f3\u00f0ur, og stillt mig; n\u00fa vil eg hlj\u00f3\u00f0a h\u00e1tt, sem j\u00f3\u00f0sj\u00fak kvinna, eg vil hrinda fr\u00e1 m\u00e9r \u00f6ndinni, og gefa r\u00fam rei\u00f0i minni \u00feegar \u00ed sta\u00f0:<a name=\"15\"><span class=\"versanumer\">15<\/span><\/a>eg vil sv\u00ed\u00f0a fj\u00f6llin og h\u00e1lsana, og skr\u00e6lna l\u00e1ta allt gr\u00e6ngresi, sem \u00e1 \u00feeim vex: eg vil gj\u00f6ra vatnsf\u00f6llin a\u00f0 \u00feurrlendi, og l\u00e1ta st\u00f6\u00f0uv\u00f6tnin upp\u00feorna.<a name=\"16\"><span class=\"versanumer\">16<\/span><\/a>En \u00fe\u00e1 hina blindu vil eg lei\u00f0a um \u00fe\u00e1 vegu, sem \u00feeir ekki rata, eg vil f\u00e6ra \u00fe\u00e1 um \u00fe\u00e1 stigu, sem \u00feeir ekki \u00feekkja; myrkri\u00f0 fram undan \u00feeim vil eg gj\u00f6ra a\u00f0 lj\u00f3si, og kr\u00f3k\u00f3ttar lei\u00f0ir a\u00f0 beinni braut; \u00feessu hefi eg heiti\u00f0, og \u00fev\u00ed skal eg ekki breg\u00f0a.<a name=\"17\"><span class=\"versanumer\">17<\/span><\/a>Hinir skulu h\u00f6rfa aftur \u00e1 bak og ver\u00f0a s\u00e9r til sm\u00e1nar, sem treysta \u00fath\u00f6ggnum skur\u00f0go\u00f0um, og segja til hinna steyptu l\u00edkneskjanna: \u201e\u00fe\u00e9r eru\u00f0 vorir gu\u00f0ir\u201c.<a name=\"18\"><span class=\"versanumer\">18<\/span><\/a>Heyri\u00f0, \u00fe\u00e9r hinir daufu! l\u00edti\u00f0 upp, \u00fe\u00e9r hinir blindu, a\u00f0 \u00fe\u00e9r megi\u00f0 sj\u00e1!<a name=\"19\"><span class=\"versanumer\">19<\/span><\/a>Hv\u00f6r er svo blindur, sem minn \u00fej\u00f3n, svo daufheyr\u00f0ur, sem minn sendibo\u00f0i, s\u00e1 er eg \u00fatsendi? Hv\u00f6r er svo blindur, sem s\u00e1, er \u00e6tti a\u00f0 a\u00f0hyllast mig, svo blindur, sem \u00fej\u00f3n Drottins?<a name=\"20\"><span class=\"versanumer\">20<\/span><\/a>\u00de\u00fa s\u00e9r margt, en athugar \u00fea\u00f0 ekki; \u00fe\u00fa hefir opin eyrun, en heyrir \u00fe\u00f3 ekki.<a name=\"21\"><span class=\"versanumer\">21<\/span><\/a>Eigi a\u00f0 s\u00ed\u00f0ur ann Drottinn \u00feeim, s\u00f6kum tr\u00fafesti sinnar; \u00fev\u00ed hann vill gj\u00f6ra sitt l\u00f6gm\u00e1l st\u00f3rt og veglegt.<a name=\"22\"><span class=\"versanumer\">22<\/span><\/a>Og \u00fe\u00f3 er \u00feetta f\u00f3lk r\u00e6nt og rupla\u00f0, \u00feeir eru allir fj\u00f6tra\u00f0ir \u00ed gryfjum og byrg\u00f0ir \u00ed myrkvastofum; \u00feeir eru or\u00f0nir a\u00f0 herfangi, \u00e1n \u00feess nokkur s\u00e9 til a\u00f0 frelsa \u00fe\u00e1; \u00feeir eru or\u00f0nir a\u00f0 r\u00e1nsfeng, \u00e1n \u00feess nokkur segi: \u201eskili\u00f0 \u00fev\u00ed aftur\u201c.<a name=\"23\"><span class=\"versanumer\">23<\/span><\/a>Hv\u00f6r er n\u00fa s\u00e1 y\u00f0ar \u00e1 me\u00f0al, sem gefa vilji gaum a\u00f0 \u00feessu? Hann taki eftir og athugi eftirlei\u00f0is.<a name=\"24\"><span class=\"versanumer\">24<\/span><\/a>Hv\u00f6r var \u00fea\u00f0, sem l\u00e9t Jakobsni\u00f0ja ver\u00f0a a\u00f0 herfangi, og seldi \u00cdsraelsmenn r\u00e6ningjum \u00ed hendur? Var \u00fea\u00f0 ekki Drottinn, hann, m\u00f3ti hv\u00f6rjum v\u00e9r syndgu\u00f0um, \u00e1 hv\u00f6rs vegum \u00feeir ekki vildu ganga, og hv\u00f6rs l\u00f6gm\u00e1li \u00feeir ekki hl\u00fdddu?<a name=\"25\"><span class=\"versanumer\">25<\/span><\/a>\u00deess vegna j\u00f3s hann yfir \u00fe\u00e1 eldi sinnar rei\u00f0i og styrjaldarofsa; h\u00fan kveikti upp loga umhverfis \u00ed kring um \u00fe\u00e1, en \u00feeir skeyttu \u00fev\u00ed ekki: h\u00fan brenndi \u00fe\u00e1, en \u00feeir sinntu \u00fev\u00ed ekki.<\/p>\n<div class=\"footnoteVidey\">V. 6. Sta\u00f0festa s\u00e1ttm\u00e1la \u00fej\u00f3\u00f0arinnar, sta\u00f0festa \u00feann s\u00e1ttm\u00e1la, sem Gu\u00f0 gj\u00f6r\u00f0i vi\u00f0 sitt f\u00f3lk, uppfylla \u00feau fyrirheit, sem \u00fej\u00f3\u00f0inni voru gefin.  V. 11. Kedaringar, hir\u00f0ara\u00fej\u00f3\u00f0 \u00ed Arabia, komin af Kedar, syni \u00cdsmaels (1 M\u00f3s. 25,13). sj\u00e1 Es. 21,17. Selaborg, \u00e1 nor\u00f0anver\u00f0ri Arab\u00eda, \u00ed dj\u00fapum dal, innilukt af \u00f3gengum fj\u00f6llum.  V. 12. Gefa d\u00fdr\u00f0ina, er h\u00e9r sama sem a\u00f0 vegsama.  V. 16. Hina blindu, \u00fe. e. Gy\u00f0inga l\u00fd\u00f0, sj\u00e1 19. v.  V. 19. Minn \u00fej\u00f3n, \u00fe. e. Gy\u00f0ingal\u00fd\u00f0ur, samanb. 44,2.21. 41,9.<\/div>\n","protected":false},"excerpt":{"rendered":"<p>Drottins \u00dej\u00f3n; lofs\u00f6ngur Gu\u00f0i til d\u00fdr\u00f0ar; Gu\u00f0s r\u00e9ttl\u00e6ti og miskunnsemi. 1Sj\u00e1! m\u00ednum \u00fej\u00f3ni, sem eg lei\u00f0i vi\u00f0 h\u00f6nd m\u00e9r, m\u00ednum \u00fatvalda, \u00e1 hv\u00f6rjum eg hefi vel\u00fe\u00f3knan, honum hefi eg minn anda gefi\u00f0; hann mun kunngj\u00f6ra \u00fej\u00f3\u00f0unum, hva\u00f0 r\u00e9tt er.2Hann mun ekki kalla, ekki hafa h\u00e1reysti, og ekki heyra l\u00e1ta raust s\u00edna \u00e1 str\u00e6tunum.3Hinn br\u00e1ka\u00f0a reyrinn mun hann ekki \u00ed sundur brj\u00f3ta, og hinn dapra l\u00ednkveik mun hann ekki \u00fatsl\u00f6kkva; hva\u00f0 r\u00e9tt er, mun hann tr\u00falega kunngj\u00f6ra.4Hann mun ekki daprast og ekki uppgefast, uns hann f\u00e6r komi\u00f0 r\u00e9ttri skipun \u00e1 landi\u00f0, og fjarl\u00e6gar lands\u00e1lfur munu eftir hans l\u00f6gm\u00e1li v\u00e6nta.5Svo segir Gu\u00f0 <a href=\"https:\/\/biblian.is\/videy\/jesaja-42-kafli\/\"> [&#8230;]<\/a><\/p>\n","protected":false},"author":1,"featured_media":0,"parent":0,"menu_order":0,"comment_status":"open","ping_status":"open","template":"bibliukaflar.php","meta":{"footnotes":""},"class_list":["post-21570","page","type-page","status-publish","hentry"],"_links":{"self":[{"href":"https:\/\/biblian.is\/videy\/wp-json\/wp\/v2\/pages\/21570","targetHints":{"allow":["GET"]}}],"collection":[{"href":"https:\/\/biblian.is\/videy\/wp-json\/wp\/v2\/pages"}],"about":[{"href":"https:\/\/biblian.is\/videy\/wp-json\/wp\/v2\/types\/page"}],"author":[{"embeddable":true,"href":"https:\/\/biblian.is\/videy\/wp-json\/wp\/v2\/users\/1"}],"replies":[{"embeddable":true,"href":"https:\/\/biblian.is\/videy\/wp-json\/wp\/v2\/comments?post=21570"}],"version-history":[{"count":0,"href":"https:\/\/biblian.is\/videy\/wp-json\/wp\/v2\/pages\/21570\/revisions"}],"wp:attachment":[{"href":"https:\/\/biblian.is\/videy\/wp-json\/wp\/v2\/media?parent=21570"}],"curies":[{"name":"wp","href":"https:\/\/api.w.org\/{rel}","templated":true}]}}