{"id":21569,"date":"2018-01-02T01:02:41","date_gmt":"2018-01-02T01:02:41","guid":{"rendered":"http:\/\/biblian.is\/videy\/jesaja-41-kafli\/"},"modified":"2018-01-02T01:02:41","modified_gmt":"2018-01-02T01:02:41","slug":"jesaja-41-kafli","status":"publish","type":"page","link":"https:\/\/biblian.is\/videy\/jesaja-41-kafli\/","title":{"rendered":"Jesaja 41. kafli"},"content":{"rendered":"<div class=\"fyrirsognVidey\">H\u00e9g\u00f3mi skur\u00f0go\u00f0ad\u00fdrkunar.<\/div>\n<p><a name=\"1\"><span class=\"versanumer\">1<\/span><\/a>\u00deegi\u00f0, og hl\u00fd\u00f0i\u00f0 m\u00e9r, \u00fe\u00e9r fjarl\u00e6gu l\u00f6ndin! Safni \u00fej\u00f3\u00f0irnar n\u00fdjum kr\u00f6ftum, gangi svo n\u00e6r, og tali m\u00e1li s\u00ednu; v\u00e9r skulum eigast l\u00f6g vi\u00f0.<a name=\"2\"><span class=\"versanumer\">2<\/span><\/a>Hv\u00f6r stefnir hj\u00e1lparanum \u00far austur\u00e1tt, og kve\u00f0ur hann til fylgdar vi\u00f0 sig? Hv\u00f6r leggur \u00fej\u00f3\u00f0irnar undir hans vald og l\u00e6tur hann drottna yfir konungunum? Hv\u00f6r l\u00e6tur \u00fe\u00e1 ver\u00f0a eins og moldarryk fyrir sver\u00f0i hans, og eins og fj\u00fakandi h\u00e1lmleggi fyrir boga hans,<a name=\"3\"><span class=\"versanumer\">3<\/span><\/a>svo hann veitir \u00feeim eftirf\u00f6r, og fer fram grandalaust \u00fean veg, sem f\u00e6tur hans hafa aldrei \u00e1 stigi\u00f0?<a name=\"4\"><span class=\"versanumer\">4<\/span><\/a>Hv\u00f6r gj\u00f6rir og framkv\u00e6mir sl\u00edkt? Hann sem kalla\u00f0i fram kyn\u00fe\u00e1ttu mannanna \u00ed \u00f6ndver\u00f0u. Eg Drottinn em hinn fyrsti, og me\u00f0 hinum s\u00ed\u00f0ustu em eg einnig.<a name=\"5\"><span class=\"versanumer\">5<\/span><\/a>Fjarl\u00e6gar lands\u00e1lfur sj\u00e1 \u00fea\u00f0, og hr\u00e6\u00f0ast; endim\u00f6rk jar\u00f0arinnar skj\u00e1lfa. \u00dej\u00f3\u00f0irnar n\u00e1lgast, og koma.<a name=\"6\"><span class=\"versanumer\">6<\/span><\/a>Hv\u00f6r \u00feeirra hj\u00e1lpar \u00f6\u00f0rum, og segir til hins: vert\u00fa \u00f3hr\u00e6ddur.<a name=\"7\"><span class=\"versanumer\">7<\/span><\/a>Tr\u00e9smi\u00f0urinn upp\u00f6rvar gullsmi\u00f0inn, og j\u00e1rnsmi\u00f0urinn j\u00e1rnrekstrarmanninn: \u201e\u00feetta er g\u00f3\u00f0 samkunda\u201c, segir hann, neglir s\u00ed\u00f0an sm\u00ed\u00f0i\u00f0 saman, svo ekkert haggast.<a name=\"8\"><span class=\"versanumer\">8<\/span><\/a>En \u00fe\u00fa \u00cdsraelsl\u00fd\u00f0ur, minn \u00fej\u00f3n! \u00fe\u00e9r \u00e6ttni\u00f0jar Jakobs, er eg hefi \u00fatvali\u00f0! afsprengi Abrahams, \u00e1stvinar m\u00edns!<a name=\"9\"><span class=\"versanumer\">9<\/span><\/a>\u00de\u00fa, hv\u00f6rn eg \u00fereif fr\u00e1 endim\u00f6rkum jar\u00f0arinnar, og kalla\u00f0i fr\u00e1 hennar ystu lands\u00e1lfum, og sag\u00f0i til \u00fe\u00edn: \u201e\u00fe\u00fa ert minn \u00fej\u00f3n, eg hefi \u00fatvali\u00f0 \u00feig, en ekki hafna\u00f0 \u00fe\u00e9r\u201c!<a name=\"10\"><span class=\"versanumer\">10<\/span><\/a>\u00f3ttast \u00fe\u00fa eigi, \u00fev\u00ed eg em me\u00f0ur \u00fe\u00e9r; eigi skaltu \u00f6rv\u00edlnast, \u00fev\u00ed eg em \u00feinn Gu\u00f0: eg styrki \u00feig, eg hj\u00e1lpa \u00fe\u00e9r, eg held \u00fe\u00e9r me\u00f0 minni tr\u00fafastri h\u00e6gri hendi.<a name=\"11\"><span class=\"versanumer\">11<\/span><\/a>Sj\u00e1, allir fjandmenn \u00fe\u00ednir skulu ver\u00f0a til skammar og h\u00e1\u00f0ungar; s\u00f6kunautar \u00fe\u00ednir skulu a\u00f0 \u00f6ngvu ver\u00f0a, og tort\u00fdnast,<a name=\"12\"><span class=\"versanumer\">12<\/span><\/a>svo \u00fe\u00fa skalt ekki finna \u00fe\u00e1, \u00fe\u00f3 \u00fe\u00fa leitir; \u00fer\u00e6tud\u00f3lgar \u00fe\u00ednir skulu ver\u00f0a a\u00f0 engu; \u00feeir, sem \u00e1 \u00feig herja, skulu undir lok l\u00ed\u00f0a:<a name=\"13\"><span class=\"versanumer\">13<\/span><\/a>\u00fev\u00ed eg em Drottinn, \u00feinn Gu\u00f0, sem held \u00ed \u00fe\u00edna h\u00e6gri h\u00f6nd, og segi til \u00fe\u00edn: \u201e\u00f3ttast eigi, eg hj\u00e1lpa \u00fe\u00e9r\u201c.<a name=\"14\"><span class=\"versanumer\">14<\/span><\/a>\u00d3ttast eigi, \u00fe\u00fa yrmlingur Jakobs, \u00fe\u00e9r \u00cdsraels menn! Eg hj\u00e1lpa \u00fe\u00e9r, segir Drottinn og \u00feinn frelsari, hinn heilagi \u00cdsraels Gu\u00f0:<a name=\"15\"><span class=\"versanumer\">15<\/span><\/a>Sj\u00e1 \u00fe\u00fa, eg gj\u00f6ri \u00feig a\u00f0 hv\u00f6ssum, n\u00fdjum \u00fereskivagni, me\u00f0 m\u00f6rgum eggjabroddum; \u00fe\u00fa skalt sundur\u00fereskja fj\u00f6llin og mylja \u00feau \u00ed sm\u00e1tt, og gj\u00f6ra h\u00e1lsana a\u00f0 hismi:<a name=\"16\"><span class=\"versanumer\">16<\/span><\/a>\u00fe\u00fa skalt s\u00e1ldra \u00feeim, svo vindurinn skal feykja \u00feeim og stormbylurinn tv\u00edstra \u00feeim. En \u00fe\u00fa skalt gle\u00f0ja \u00feig \u00ed Drottni, og hr\u00f3sa \u00fe\u00e9r af hinum heilaga Gu\u00f0i \u00cdsraels.<a name=\"17\"><span class=\"versanumer\">17<\/span><\/a>Hinir f\u00e1t\u00e6ku og volu\u00f0u leita vatns, og finna ekki, tunga \u00feeirra \u00feornar af \u00feorsta: eg Drottinn vil b\u00e6nheyra \u00fe\u00e1, eg, \u00cdsraels Gu\u00f0, vil ekki yfirgefa \u00fe\u00e1.<a name=\"18\"><span class=\"versanumer\">18<\/span><\/a>Eg vil l\u00e1ta vatnsstrauma upp vella \u00e1 h\u00e1lsunum og vatnslindir \u00e1 mi\u00f0ju sl\u00e9ttlendinu; eg vil gj\u00f6ra ey\u00f0im\u00f6rkina a\u00f0 vatnstj\u00f6rnum, og \u00feurrlendi\u00f0 a\u00f0 uppsprettubrunnum.<a name=\"19\"><span class=\"versanumer\">19<\/span><\/a>\u00cd \u00f3bygg\u00f0inni vil eg gr\u00f3\u00f0ursetja sedrustr\u00e9, belg\u00feornsvi\u00f0, myrtusvi\u00f0 og vi\u00f0smj\u00f6rstr\u00e9; \u00e1 s\u00f6ndunum vil eg setja hva\u00f0 me\u00f0 \u00f6\u00f0ru, furu, beykitr\u00e9 og b\u00faskvi\u00f0,<a name=\"20\"><span class=\"versanumer\">20<\/span><\/a>svo allir menn sj\u00e1i og \u00feekki, ver\u00f0i varir og skynji, a\u00f0 h\u00f6nd Drottins hefir sl\u00edku til vegar komi\u00f0, og s\u00e1 hinn heilagi Gu\u00f0 \u00cdsraels skapa\u00f0 \u00fea\u00f0. <br \/><a name=\"21\"><span class=\"versanumer\">21<\/span><\/a>Beri\u00f0 n\u00fa fram y\u00f0vart m\u00e1lefni, segir Drottinn; f\u00e6ri\u00f0 fram varnir y\u00f0ar, segir konungur Jakobsni\u00f0ja.<a name=\"22\"><span class=\"versanumer\">22<\/span><\/a>L\u00e1ti \u00feeir <span class='VideyAth'>(go\u00f0 s\u00edn)<\/span> koma fram, a\u00f0 \u00feau kunngj\u00f6ri oss, hva\u00f0 ver\u00f0a muni. Segi\u00f0 \u00fe\u00e1 atbur\u00f0i, er or\u00f0i\u00f0 hafa fyrr meir, svo v\u00e9r getum hugleitt og vita\u00f0 aflei\u00f0ingar \u00feeirra, e\u00f0a \u00fe\u00e1 l\u00e1ti\u00f0 oss heyra, hva\u00f0 seinna meir muni fram koma.<a name=\"23\"><span class=\"versanumer\">23<\/span><\/a>Kunngj\u00f6ri\u00f0, hva\u00f0 h\u00e9r eftir muni ver\u00f0a, og \u00fe\u00e1 skulum v\u00e9r vi\u00f0urkenna, a\u00f0 \u00fe\u00e9r s\u00e9u\u00f0 gu\u00f0ir. L\u00e1ti\u00f0 sj\u00e1, gj\u00f6ri\u00f0 anna\u00f0hv\u00f6rt af y\u00f0ur gott e\u00f0a illt: \u00fe\u00e1 munum vi\u00f0 \u00e1sj\u00e1st og hafa augasta\u00f0 hvorir \u00e1 \u00f6\u00f0rum.<a name=\"24\"><span class=\"versanumer\">24<\/span><\/a>Sj\u00e1i\u00f0 n\u00fa! \u00fe\u00e9r eru\u00f0 minna en ekkert, og verk y\u00f0ar minna en ekki neitt. Vi\u00f0urstyggilegur er hv\u00f6r s\u00e1, sem k\u00fds y\u00f0ur fyrir s\u00edna fulltr\u00faa.<a name=\"25\"><span class=\"versanumer\">25<\/span><\/a>En eg uppvek einhv\u00f6rn fr\u00e1 nor\u00f0ur\u00e1tt, og s\u00e1 mun koma; allt \u00ed fr\u00e1 uppg\u00f6ngu s\u00f3lar mun hann \u00e1kalla mitt nafn; hann mun ganga yfir landstj\u00f3rana, eins og ma\u00f0ur gengur yfir leir, og eins og leirkerasmi\u00f0ur tre\u00f0ur deigulm\u00f3.<a name=\"26\"><span class=\"versanumer\">26<\/span><\/a>Hv\u00f6r <span class='VideyAth'>(af hj\u00e1gu\u00f0unum)<\/span> hefir sagt sl\u00edkt fr\u00e1 \u00f6ndver\u00f0u, svo v\u00e9r getum vita\u00f0 \u00fea\u00f0, e\u00f0a sp\u00e1\u00f0 \u00fev\u00ed fyrir fram, a\u00f0 v\u00e9r getum sagt, \u201e\u00fea\u00f0 hefir r\u00e6st\u201c? Nei, \u00fear er engi, sem kunngj\u00f6ri sl\u00edkt, engi sem l\u00e1ti til s\u00edn heyra, engi, sem heyri nokkurt or\u00f0 af y\u00f0ur.<a name=\"27\"><span class=\"versanumer\">27<\/span><\/a>Eg em hinn fyrsti, sem segi til S\u00edonsborgar: \u201esj\u00e1 \u00fe\u00fa! \u00fear er \u00fea\u00f0 framkomi\u00f0\u201c, og til Jer\u00fasalemsborgar: \u201eeg skal l\u00e1ta fagna\u00f0art\u00ed\u00f0indi koma\u201c.<a name=\"28\"><span class=\"versanumer\">28<\/span><\/a>Eg litast um, en enginn er vi\u00f0l\u00e1tinn; eg leita \u00e1 me\u00f0al \u00feeirra, en enginn veitir neinn \u00farskur\u00f0; eg a\u00f0spyr \u00feau, svo \u00feau megi andsvara.<a name=\"29\"><span class=\"versanumer\">29<\/span><\/a>Sj\u00e1! \u00feau eru \u00f6ll einber h\u00e9g\u00f3mi; \u00feeirra verk eru ekkert, l\u00edkneskjur \u00feeirra eru vindur og hj\u00f3m.<\/p>\n<div class=\"footnoteVidey\">V. 2. Hj\u00e1lparanum, S\u00fdrusi Persakonungi; \u00ed Hebr. stendur r\u00e9ttl\u00e6tinu \u00fe. e. hj\u00e1lpr\u00e6\u00f0inu.  V. 6.7. Sp\u00e1ma\u00f0urinn l\u00e6tur hei\u00f0ingjana gj\u00f6ra samt\u00f6k m\u00f3ti Drottni, me\u00f0 \u00fev\u00ed a\u00f0 sm\u00ed\u00f0a n\u00fdjar go\u00f0al\u00edkneskjur, til \u00feess a\u00f0 fyrirkoma \u00feeirri r\u00e1\u00f0st\u00f6fun hans, a\u00f0 S\u00fdrus leg\u00f0i undir sig Babelsr\u00edki og frelsa\u00f0i sitt f\u00f3lk, Gy\u00f0ingal\u00fd\u00f0; sm\u00ed\u00f0i\u00f0 \u00fe. e. l\u00edkneskjuna.  V. 9. Endim\u00f6rk jar\u00f0arinnar og hennar ystu lands\u00e1lfur er Egyptaland, sem var \u00fea\u00f0 vestl\u00e6gasta land, er Gy\u00f0ingar \u00fe\u00e1 \u00feektu.  V. 14. Yrmlingur Jakobs, \u00fe. e. \u00fe\u00e9r vanm\u00e1ttugu og fyrirlitnu Jakobs ni\u00f0jar.<\/div>\n","protected":false},"excerpt":{"rendered":"<p>H\u00e9g\u00f3mi skur\u00f0go\u00f0ad\u00fdrkunar. 1\u00deegi\u00f0, og hl\u00fd\u00f0i\u00f0 m\u00e9r, \u00fe\u00e9r fjarl\u00e6gu l\u00f6ndin! Safni \u00fej\u00f3\u00f0irnar n\u00fdjum kr\u00f6ftum, gangi svo n\u00e6r, og tali m\u00e1li s\u00ednu; v\u00e9r skulum eigast l\u00f6g vi\u00f0.2Hv\u00f6r stefnir hj\u00e1lparanum \u00far austur\u00e1tt, og kve\u00f0ur hann til fylgdar vi\u00f0 sig? Hv\u00f6r leggur \u00fej\u00f3\u00f0irnar undir hans vald og l\u00e6tur hann drottna yfir konungunum? Hv\u00f6r l\u00e6tur \u00fe\u00e1 ver\u00f0a eins og moldarryk fyrir sver\u00f0i hans, og eins og fj\u00fakandi h\u00e1lmleggi fyrir boga hans,3svo hann veitir \u00feeim eftirf\u00f6r, og fer fram grandalaust \u00fean veg, sem f\u00e6tur hans hafa aldrei \u00e1 stigi\u00f0?4Hv\u00f6r gj\u00f6rir og framkv\u00e6mir sl\u00edkt? Hann sem kalla\u00f0i fram kyn\u00fe\u00e1ttu mannanna \u00ed \u00f6ndver\u00f0u. Eg Drottinn em hinn fyrsti, <a href=\"https:\/\/biblian.is\/videy\/jesaja-41-kafli\/\"> [&#8230;]<\/a><\/p>\n","protected":false},"author":1,"featured_media":0,"parent":0,"menu_order":0,"comment_status":"open","ping_status":"open","template":"bibliukaflar.php","meta":{"footnotes":""},"class_list":["post-21569","page","type-page","status-publish","hentry"],"_links":{"self":[{"href":"https:\/\/biblian.is\/videy\/wp-json\/wp\/v2\/pages\/21569","targetHints":{"allow":["GET"]}}],"collection":[{"href":"https:\/\/biblian.is\/videy\/wp-json\/wp\/v2\/pages"}],"about":[{"href":"https:\/\/biblian.is\/videy\/wp-json\/wp\/v2\/types\/page"}],"author":[{"embeddable":true,"href":"https:\/\/biblian.is\/videy\/wp-json\/wp\/v2\/users\/1"}],"replies":[{"embeddable":true,"href":"https:\/\/biblian.is\/videy\/wp-json\/wp\/v2\/comments?post=21569"}],"version-history":[{"count":0,"href":"https:\/\/biblian.is\/videy\/wp-json\/wp\/v2\/pages\/21569\/revisions"}],"wp:attachment":[{"href":"https:\/\/biblian.is\/videy\/wp-json\/wp\/v2\/media?parent=21569"}],"curies":[{"name":"wp","href":"https:\/\/api.w.org\/{rel}","templated":true}]}}