{"id":21568,"date":"2018-01-02T01:02:41","date_gmt":"2018-01-02T01:02:41","guid":{"rendered":"http:\/\/biblian.is\/videy\/jesaja-40-kafli\/"},"modified":"2018-01-02T01:02:41","modified_gmt":"2018-01-02T01:02:41","slug":"jesaja-40-kafli","status":"publish","type":"page","link":"https:\/\/biblian.is\/videy\/jesaja-40-kafli\/","title":{"rendered":"Jesaja 40. kafli"},"content":{"rendered":"<div class=\"fyrirsognVidey\">Umb\u00f3t \u00e1 hag Gy\u00f0ingal\u00fd\u00f0s; Gu\u00f0 sj\u00e1lfur n\u00e1l\u00e6gir sig til a\u00f0 frelsa sitt f\u00f3lk; honum skyldu Gy\u00f0ingar treysta, en ekki vanm\u00e1ttugum m\u00f6nnum e\u00f0a h\u00e9g\u00f3mlegum skur\u00f0go\u00f0um.<\/div>\n<p><a name=\"1\"><span class=\"versanumer\">1<\/span><\/a>Huggi\u00f0, huggi\u00f0 mitt f\u00f3lk <span class='VideyAth'>(\u00fe\u00e9r sp\u00e1menn!)<\/span> segir y\u00f0ar Gu\u00f0.<a name=\"2\"><span class=\"versanumer\">2<\/span><\/a>Tali\u00f0 huggunaror\u00f0 til Jer\u00fasalemsborgar, og kunngj\u00f6ri\u00f0 henni, a\u00f0 hennar \u00e1nau\u00f0 s\u00e9 \u00e1 enda, og hennar sekt goldin, og a\u00f0 h\u00fan me\u00f0tekur af Drottins hendi tv\u00f6falda umbun fyrir \u00f6ll hennar syndagj\u00f6ld.<a name=\"3\"><span class=\"versanumer\">3<\/span><\/a>R\u00f6ddin kallar: Grei\u00f0i\u00f0 Drottni veg \u00ed ey\u00f0im\u00f6rkinni, jafni\u00f0 brautir Gu\u00f0i vorum \u00ed \u00f3bygg\u00f0inni;<a name=\"4\"><span class=\"versanumer\">4<\/span><\/a>s\u00e9rhv\u00f6r dalur skal h\u00e6kka, hv\u00f6rt fjall og h\u00e1ls l\u00e6kka; h\u00f3larnir skulu ver\u00f0a a\u00f0 jafnsl\u00e9ttu, og brattir hamrar a\u00f0 flatlendi.<a name=\"5\"><span class=\"versanumer\">5<\/span><\/a>D\u00fdr\u00f0in Drottins mun opinber ver\u00f0a, svo allir dau\u00f0legir menn, skulu sj\u00e1, a\u00f0 \u00fea\u00f0 er Drottinn, sem talar.<br \/><a name=\"6\"><span class=\"versanumer\">6<\/span><\/a>R\u00f6dd nokkur sag\u00f0i: kalla \u00fe\u00fa! Hann sag\u00f0i: hva\u00f0 skal eg kalla?\u2014Allt hold er sem gras, og allt \u00feess \u00e1g\u00e6ti sem akurbl\u00f3m.<a name=\"7\"><span class=\"versanumer\">7<\/span><\/a>Grasi\u00f0 visnar, bl\u00f3mi\u00f0 f\u00f6lnar, \u00feegar andi Drottins bl\u00e6s \u00e1 \u00fea\u00f0. \u00cd sannleika, mennirnir eru sem gras.<a name=\"8\"><span class=\"versanumer\">8<\/span><\/a>Grasi\u00f0 visnar, bl\u00f3mi\u00f0 f\u00f6lnar, en or\u00f0 vors Gu\u00f0s stendur st\u00f6\u00f0ugt eil\u00edflega.<a name=\"9\"><span class=\"versanumer\">9<\/span><\/a>S\u00edon, \u00fe\u00fa sem flytur fagna\u00f0art\u00ed\u00f0indin, st\u00edg \u00fe\u00fa upp \u00e1 h\u00e1tt fjall! Hef upp \u00fe\u00edna raust kr\u00f6ftuglega, \u00fe\u00fa Jer\u00fasalemsborg, sem fagna\u00f0arbo\u00f0skapinn flytur! Hef upp raust \u00fe\u00edna, og \u00f3ttast eigi! Seg \u00fe\u00fa borgunum \u00ed J\u00fadar\u00edki: Sj\u00e1i\u00f0, y\u00f0ar Gu\u00f0 kemur.<a name=\"10\"><span class=\"versanumer\">10<\/span><\/a>Sj\u00e1i\u00f0, Drottinn hinn alvaldi kemur volduglega, og hans armleggur skal drottna. Sj\u00e1i\u00f0, hans endurgjald fylgir honum, og hans umbun fer \u00e1 undan honum.<a name=\"11\"><span class=\"versanumer\">11<\/span><\/a>Hann f\u00e6\u00f0ir s\u00edna hj\u00f6r\u00f0, sem hir\u00f0ir, tekur ungl\u00f6mbin \u00ed fa\u00f0m s\u00e9r og ber \u00feau \u00ed fangi s\u00ednu, en lei\u00f0ir m\u00e6\u00f0urnar.<a name=\"12\"><span class=\"versanumer\">12<\/span><\/a>Hv\u00f6r innilykur hafi\u00f0 \u00ed hnefa s\u00e9r, og m\u00e6lir himininn me\u00f0 sp\u00f6nn sinni? Hv\u00f6r m\u00e6lir duft jar\u00f0arinnar \u00ed m\u00e6likeri? Hv\u00f6r vegur fj\u00f6llin \u00e1 rei\u00f0slu og h\u00e1lsana \u00e1 metask\u00e1lum?<a name=\"13\"><span class=\"versanumer\">13<\/span><\/a>Hv\u00f6r hefir lei\u00f0beint anda Drottins, hv\u00f6r hefir hans r\u00e1\u00f0gjafi veri\u00f0 og fr\u00e6tt hann?<a name=\"14\"><span class=\"versanumer\">14<\/span><\/a>Hv\u00f6rn hefir hann s\u00f3tt a\u00f0 r\u00e1\u00f0um, \u00feann er g\u00e6fi honum skilning og kenndi honum lei\u00f0 r\u00e9ttv\u00edsinnar, uppfr\u00e6ddi hann \u00ed \u00feekkingu, og v\u00edsa\u00f0i honum veg viskunnar?<a name=\"15\"><span class=\"versanumer\">15<\/span><\/a>Sj\u00e1, \u00fej\u00f3\u00f0irnar eru fyrir honum sem dropi \u00ed vatnsskj\u00f3lunni, og sem gr\u00f3m \u00e1 metask\u00e1linni. Sj\u00e1, hann sveipar burtu fjarl\u00e6gum lands\u00e1lfum, eins og ryki.<a name=\"16\"><span class=\"versanumer\">16<\/span><\/a>L\u00edbanons sk\u00f3gur hr\u00f6kkur ekki til eldsneytis, og ekki d\u00fdr hans til brennif\u00f3rnar.<a name=\"17\"><span class=\"versanumer\">17<\/span><\/a>Allar \u00fej\u00f3\u00f0ir eru sem ekkert fyrir honum, minna en ekki neitt og sem h\u00e9g\u00f3mi \u00ed hans augum.<a name=\"18\"><span class=\"versanumer\">18<\/span><\/a>Vi\u00f0 hv\u00f6rn vilji\u00f0 \u00fe\u00e9r \u00fe\u00e1 saml\u00edkja Gu\u00f0i, og hv\u00f6rja l\u00edkneskju vilji\u00f0 \u00fe\u00e9r taka til jafns vi\u00f0 hann?<a name=\"19\"><span class=\"versanumer\">19<\/span><\/a>Meistarinn steypir l\u00edkneski\u00f0, gullsmi\u00f0urinn b\u00fdr \u00fea\u00f0 me\u00f0 slegnu gulli, og steypir \u00fear til silfurfestar;<a name=\"20\"><span class=\"versanumer\">20<\/span><\/a>en s\u00e1 sem s\u00e9r \u00ed kostna\u00f0inn, velur s\u00e9r \u00feann vi\u00f0, sem ekki f\u00fani, og leitar a\u00f0 h\u00f6gum smi\u00f0, er reist geti svo l\u00edkneskju, a\u00f0 ekki velti.<a name=\"21\"><span class=\"versanumer\">21<\/span><\/a>Viti\u00f0 \u00fe\u00e9r \u00fea\u00f0 ekki? hafi\u00f0 \u00fe\u00e9r ekki heyrt \u00fea\u00f0? hefir y\u00f0ur eigi veri\u00f0 kunngj\u00f6rt \u00fea\u00f0 fr\u00e1 upphafi? hafi\u00f0 \u00fe\u00e9r engan skilning \u00e1 \u00fev\u00ed, hv\u00f6r lagt hafi grundv\u00f6ll jar\u00f0arinnar?<a name=\"22\"><span class=\"versanumer\">22<\/span><\/a>\u00dea\u00f0 er hann, sem b\u00fdr uppi yfir jar\u00f0arkringlunni, fyrir hv\u00f6rjum \u00feeir, sem \u00e1 henni b\u00faa, er sem engisprettur. Hann \u00feenur \u00fat himininn, sem \u00feunna vo\u00f0, og sl\u00e6r honum sundur, eins og \u00f6\u00f0ru tjaldi, til a\u00f0 b\u00faa \u00ed.<a name=\"23\"><span class=\"versanumer\">23<\/span><\/a>Hann gj\u00f6rir landsh\u00f6f\u00f0ingjana a\u00f0 engu, og drottna jar\u00f0arinnar a\u00f0 h\u00e9g\u00f3ma:<a name=\"24\"><span class=\"versanumer\">24<\/span><\/a>varla hefir stofn \u00feeirra n\u00e1\u00f0 a\u00f0 festa r\u00e6tur \u00ed j\u00f6r\u00f0inni, fyrr enn hann andar \u00e1 \u00fe\u00e1, og \u00fe\u00e1 skr\u00e6lna \u00feeir upp, \u00fe\u00e1 feykir stormbylurinn \u00feeim burt, eins og h\u00e1lmleggjum.<a name=\"25\"><span class=\"versanumer\">25<\/span><\/a>Vi\u00f0 hv\u00f6rn vilji\u00f0 \u00fe\u00e9r \u00fe\u00e1 samjafna m\u00e9r? segir s\u00e1 hinn heilagi.<a name=\"26\"><span class=\"versanumer\">26<\/span><\/a>Hefji\u00f0 upp augu y\u00f0ar \u00ed h\u00e6\u00f0irnar, og litist um. Hv\u00f6r hefir skapa\u00f0 \u00feessi <span class='VideyAth'>(himintungl)<\/span>? Hv\u00f6r hefir \u00fatleitt \u00feeirra her me\u00f0 t\u00f6lu, og kalla\u00f0 \u00feau \u00f6ll me\u00f0 nafni? S\u00f6kum mikilleika hans krafta og s\u00f6kum hans volduga m\u00e1ttar ver\u00f0ur einskis \u00feeirra vant.<a name=\"27\"><span class=\"versanumer\">27<\/span><\/a>Hv\u00ed taki\u00f0 \u00fe\u00e9r \u00fe\u00e1 svo til or\u00f0a, Jakobsni\u00f0jar? hv\u00ed m\u00e6li\u00f0 \u00fe\u00e9r svo, \u00cdsraelsmenn: \u201ehagir m\u00ednir eru f\u00f3lgnir fyrir Drottni, minn Gu\u00f0 lei\u00f0ir hj\u00e1 s\u00e9r, a\u00f0 reka r\u00e9ttar m\u00edns\u201c?<a name=\"28\"><span class=\"versanumer\">28<\/span><\/a>Veistu ekki, hefir \u00fe\u00fa ekki heyrt, a\u00f0 Drottinn, hinn eil\u00edfi Gu\u00f0, er skapa\u00f0 hefir endim\u00f6rk jar\u00f0arinnar, hann \u00fereytist ekki, hann vanmegnast ekki, hans viska er \u00f3rannsakanleg;<a name=\"29\"><span class=\"versanumer\">29<\/span><\/a>hann veitir kraft hinum \u00fereytta, og gn\u00f3gan styrk hinum \u00fer\u00f3ttlausa.<a name=\"30\"><span class=\"versanumer\">30<\/span><\/a>Hinir ungu \u00fereytast og vanmegnast, \u00e6skumennirnir hn\u00edga;<a name=\"31\"><span class=\"versanumer\">31<\/span><\/a>en \u00feeir, sem vona \u00e1 Drottin, f\u00e1 n\u00fdjan kraft: \u00feeir flj\u00faga upp \u00e1 v\u00e6ngjum, sem ernir: \u00feeir hlaupa, og m\u00e6\u00f0ast ekki, \u00feeir ganga, og l\u00fdjast ekki.<\/p>\n<div class=\"footnoteVidey\">V. 16. Drottinn er svo mikill og h\u00e1tignarfullur, a\u00f0 honum ver\u00f0ur ekki \u00fej\u00f3na\u00f0 ver\u00f0uglega me\u00f0 nokkurum f\u00f3rnf\u00e6ringum, hv\u00f6rsu miklar og st\u00f3rar sem vera kunnu.<\/div>\n","protected":false},"excerpt":{"rendered":"<p>Umb\u00f3t \u00e1 hag Gy\u00f0ingal\u00fd\u00f0s; Gu\u00f0 sj\u00e1lfur n\u00e1l\u00e6gir sig til a\u00f0 frelsa sitt f\u00f3lk; honum skyldu Gy\u00f0ingar treysta, en ekki vanm\u00e1ttugum m\u00f6nnum e\u00f0a h\u00e9g\u00f3mlegum skur\u00f0go\u00f0um. 1Huggi\u00f0, huggi\u00f0 mitt f\u00f3lk (\u00fe\u00e9r sp\u00e1menn!) segir y\u00f0ar Gu\u00f0.2Tali\u00f0 huggunaror\u00f0 til Jer\u00fasalemsborgar, og kunngj\u00f6ri\u00f0 henni, a\u00f0 hennar \u00e1nau\u00f0 s\u00e9 \u00e1 enda, og hennar sekt goldin, og a\u00f0 h\u00fan me\u00f0tekur af Drottins hendi tv\u00f6falda umbun fyrir \u00f6ll hennar syndagj\u00f6ld.3R\u00f6ddin kallar: Grei\u00f0i\u00f0 Drottni veg \u00ed ey\u00f0im\u00f6rkinni, jafni\u00f0 brautir Gu\u00f0i vorum \u00ed \u00f3bygg\u00f0inni;4s\u00e9rhv\u00f6r dalur skal h\u00e6kka, hv\u00f6rt fjall og h\u00e1ls l\u00e6kka; h\u00f3larnir skulu ver\u00f0a a\u00f0 jafnsl\u00e9ttu, og brattir hamrar a\u00f0 flatlendi.5D\u00fdr\u00f0in Drottins mun opinber ver\u00f0a, svo allir dau\u00f0legir menn, <a href=\"https:\/\/biblian.is\/videy\/jesaja-40-kafli\/\"> [&#8230;]<\/a><\/p>\n","protected":false},"author":1,"featured_media":0,"parent":0,"menu_order":0,"comment_status":"open","ping_status":"open","template":"bibliukaflar.php","meta":{"footnotes":""},"class_list":["post-21568","page","type-page","status-publish","hentry"],"_links":{"self":[{"href":"https:\/\/biblian.is\/videy\/wp-json\/wp\/v2\/pages\/21568","targetHints":{"allow":["GET"]}}],"collection":[{"href":"https:\/\/biblian.is\/videy\/wp-json\/wp\/v2\/pages"}],"about":[{"href":"https:\/\/biblian.is\/videy\/wp-json\/wp\/v2\/types\/page"}],"author":[{"embeddable":true,"href":"https:\/\/biblian.is\/videy\/wp-json\/wp\/v2\/users\/1"}],"replies":[{"embeddable":true,"href":"https:\/\/biblian.is\/videy\/wp-json\/wp\/v2\/comments?post=21568"}],"version-history":[{"count":0,"href":"https:\/\/biblian.is\/videy\/wp-json\/wp\/v2\/pages\/21568\/revisions"}],"wp:attachment":[{"href":"https:\/\/biblian.is\/videy\/wp-json\/wp\/v2\/media?parent=21568"}],"curies":[{"name":"wp","href":"https:\/\/api.w.org\/{rel}","templated":true}]}}