{"id":21567,"date":"2018-01-02T01:02:41","date_gmt":"2018-01-02T01:02:41","guid":{"rendered":"http:\/\/biblian.is\/videy\/jesaja-39-kafli\/"},"modified":"2018-01-02T01:02:41","modified_gmt":"2018-01-02T01:02:41","slug":"jesaja-39-kafli","status":"publish","type":"page","link":"https:\/\/biblian.is\/videy\/jesaja-39-kafli\/","title":{"rendered":"Jesaja 39. kafli"},"content":{"rendered":"<div class=\"fyrirsognVidey\">Drambl\u00e6ti Esek\u00edass konungs.<\/div>\n<p><a name=\"1\"><span class=\"versanumer\">1<\/span><\/a>Um \u00fe\u00e6r mundir sendi Babelskonungur, Mer\u00f3dak Bal-Adan, sonur Bal-Adans, br\u00e9f og gjafir til Essek\u00edass, \u00fev\u00ed hann haf\u00f0i fr\u00e9tt, a\u00f0 hann hef\u00f0i sj\u00fakur veri\u00f0, en v\u00e6ri n\u00fa aftur heill or\u00f0inn.<a name=\"2\"><span class=\"versanumer\">2<\/span><\/a>Esek\u00edas var\u00f0 vi\u00f0 \u00feetta gla\u00f0ur, og s\u00fdndi sendim\u00f6nnunum fj\u00e1rhirslu s\u00edna, silfur og gull, kryddjurtir og d\u00fdrleg smyrsl, allar vopnahirslur s\u00ednar, og allt \u00fea\u00f0 f\u00e9m\u00e6tt, er til var \u00ed fj\u00e1rsj\u00f3\u00f0um hans; var engi s\u00e1 hlutur \u00ed h\u00f6ll Esek\u00edass e\u00f0a nokkurs sta\u00f0ar \u00ed r\u00edki hans, a\u00f0 eigi s\u00fdndi hann \u00feeim.<a name=\"3\"><span class=\"versanumer\">3<\/span><\/a>\u00de\u00e1 kom sp\u00e1ma\u00f0urinn Esajas til Esek\u00edass konungs, og sag\u00f0i til hans: hv\u00f6rt var erindi \u00feessara manna, og hva\u00f0an komu \u00feeir til \u00fe\u00edn? Esek\u00edas svara\u00f0i: \u00feeir komu til m\u00edn af fjarl\u00e6gu landi, fr\u00e1 Babel.<a name=\"4\"><span class=\"versanumer\">4<\/span><\/a>Hann spur\u00f0i aftur: hva\u00f0 s\u00e1u \u00feeir \u00ed h\u00f6ll \u00feinni? Esek\u00edas svara\u00f0i: \u00feeir s\u00e1u allt, sem til er innanhallar; og engi er s\u00e1 hlutur \u00ed fj\u00e1rhirslum m\u00ednum, a\u00f0 eg hafi eigi s\u00fdnt \u00feeim.<a name=\"5\"><span class=\"versanumer\">5<\/span><\/a>\u00de\u00e1 m\u00e6lti Esajas til Esek\u00edass: Heyr \u00fe\u00fa or\u00f0 Drottins allsherjar!<a name=\"6\"><span class=\"versanumer\">6<\/span><\/a>Sj\u00e1 \u00fe\u00fa, \u00feeir dagar munu koma, a\u00f0 allt \u00fea\u00f0 sem er \u00ed h\u00f6ll \u00feinni, og \u00fea\u00f0 sem foreldrar \u00fe\u00ednir hafa saman dregi\u00f0 allt til \u00feessa dags, \u00fea\u00f0 mun flutt ver\u00f0a til Babels, svo a\u00f0 ekkert skal eftir ver\u00f0a, segir Drottinn;<a name=\"7\"><span class=\"versanumer\">7<\/span><\/a>og nokkurir af sonum \u00fe\u00ednum, sem af \u00fe\u00e9r koma og sem \u00fe\u00fa munt eignast, munu teknir ver\u00f0a og gj\u00f6r\u00f0ir a\u00f0 herbergissveinum \u00ed h\u00f6ll Babels konungs.<a name=\"8\"><span class=\"versanumer\">8<\/span><\/a>Esek\u00edas sag\u00f0i til Esajas: gott er \u00fea\u00f0 or\u00f0 Drottins, er \u00fe\u00fa segir; \u00fev\u00ed allt ver\u00f0ur fritt, sag\u00f0i hann, og \u00f6llu \u00f3h\u00e6tt um m\u00edna daga.<\/p>\n<div class=\"footnoteVidey\"><\/div>\n","protected":false},"excerpt":{"rendered":"<p>Drambl\u00e6ti Esek\u00edass konungs. 1Um \u00fe\u00e6r mundir sendi Babelskonungur, Mer\u00f3dak Bal-Adan, sonur Bal-Adans, br\u00e9f og gjafir til Essek\u00edass, \u00fev\u00ed hann haf\u00f0i fr\u00e9tt, a\u00f0 hann hef\u00f0i sj\u00fakur veri\u00f0, en v\u00e6ri n\u00fa aftur heill or\u00f0inn.2Esek\u00edas var\u00f0 vi\u00f0 \u00feetta gla\u00f0ur, og s\u00fdndi sendim\u00f6nnunum fj\u00e1rhirslu s\u00edna, silfur og gull, kryddjurtir og d\u00fdrleg smyrsl, allar vopnahirslur s\u00ednar, og allt \u00fea\u00f0 f\u00e9m\u00e6tt, er til var \u00ed fj\u00e1rsj\u00f3\u00f0um hans; var engi s\u00e1 hlutur \u00ed h\u00f6ll Esek\u00edass e\u00f0a nokkurs sta\u00f0ar \u00ed r\u00edki hans, a\u00f0 eigi s\u00fdndi hann \u00feeim.3\u00de\u00e1 kom sp\u00e1ma\u00f0urinn Esajas til Esek\u00edass konungs, og sag\u00f0i til hans: hv\u00f6rt var erindi \u00feessara manna, og hva\u00f0an komu \u00feeir til \u00fe\u00edn? <a href=\"https:\/\/biblian.is\/videy\/jesaja-39-kafli\/\"> [&#8230;]<\/a><\/p>\n","protected":false},"author":1,"featured_media":0,"parent":0,"menu_order":0,"comment_status":"open","ping_status":"open","template":"bibliukaflar.php","meta":{"footnotes":""},"class_list":["post-21567","page","type-page","status-publish","hentry"],"_links":{"self":[{"href":"https:\/\/biblian.is\/videy\/wp-json\/wp\/v2\/pages\/21567","targetHints":{"allow":["GET"]}}],"collection":[{"href":"https:\/\/biblian.is\/videy\/wp-json\/wp\/v2\/pages"}],"about":[{"href":"https:\/\/biblian.is\/videy\/wp-json\/wp\/v2\/types\/page"}],"author":[{"embeddable":true,"href":"https:\/\/biblian.is\/videy\/wp-json\/wp\/v2\/users\/1"}],"replies":[{"embeddable":true,"href":"https:\/\/biblian.is\/videy\/wp-json\/wp\/v2\/comments?post=21567"}],"version-history":[{"count":0,"href":"https:\/\/biblian.is\/videy\/wp-json\/wp\/v2\/pages\/21567\/revisions"}],"wp:attachment":[{"href":"https:\/\/biblian.is\/videy\/wp-json\/wp\/v2\/media?parent=21567"}],"curies":[{"name":"wp","href":"https:\/\/api.w.org\/{rel}","templated":true}]}}