{"id":21566,"date":"2018-01-02T01:02:41","date_gmt":"2018-01-02T01:02:41","guid":{"rendered":"http:\/\/biblian.is\/videy\/jesaja-38-kafli\/"},"modified":"2018-01-02T01:02:41","modified_gmt":"2018-01-02T01:02:41","slug":"jesaja-38-kafli","status":"publish","type":"page","link":"https:\/\/biblian.is\/videy\/jesaja-38-kafli\/","title":{"rendered":"Jesaja 38. kafli"},"content":{"rendered":"<div class=\"fyrirsognVidey\">Sj\u00fakleiki Esek\u00edas konungs, og lofs\u00f6ngur hans.<\/div>\n<p><a name=\"1\"><span class=\"versanumer\">1<\/span><\/a>Um \u00fe\u00e6r mundir f\u00e9kk Esek\u00edas sj\u00fakleika svo mikinn, a\u00f0 honum h\u00e9lt vi\u00f0 bana. \u00de\u00e1 kom sp\u00e1ma\u00f0urinn Esajas Amosson til hans og m\u00e6lti: Svo segir Drottinn: r\u00e1\u00f0stafa \u00fe\u00fa \u00fe\u00ednu h\u00fasi, \u00fev\u00ed \u00fe\u00fa skalt deyja, en ekki lifa.<a name=\"2\"><span class=\"versanumer\">2<\/span><\/a>\u00de\u00e1 sneri Esek\u00edas andliti s\u00ednu til veggjar, ba\u00f0 til Drottins,<a name=\"3\"><span class=\"versanumer\">3<\/span><\/a>og sag\u00f0i: eg bi\u00f0, minnstu \u00feess, Drottinn, hv\u00f6rsu eg hefi fram gengi\u00f0 fyrir \u00fe\u00ednu augliti me\u00f0 sta\u00f0festu og tr\u00fana\u00f0artrausti, og gj\u00f6rt hva\u00f0 \u00fe\u00e9r hefir vel l\u00edka\u00f0. Gr\u00e9t Esek\u00edas \u00fe\u00e1 mj\u00f6g.<a name=\"4\"><span class=\"versanumer\">4<\/span><\/a>\u00de\u00e1 tala\u00f0i Drottinn til Esajasar \u00feessum or\u00f0um:<a name=\"5\"><span class=\"versanumer\">5<\/span><\/a>Far og seg Esek\u00edasi: Svo segir Drottinn, Gu\u00f0 Dav\u00ed\u00f0s, f\u00f6\u00f0ur \u00fe\u00edns: eg hefi heyrt \u00fe\u00edna b\u00e6n, og s\u00e9\u00f0 \u00fe\u00edn t\u00e1r. Sj\u00e1 \u00fe\u00fa! eg vil enn leggja fimmt\u00e1n \u00e1r vi\u00f0 aldur \u00feinn;<a name=\"6\"><span class=\"versanumer\">6<\/span><\/a>eg vil frelsa \u00feig og \u00feessa borg af hendi Ass\u00fdrakonungs, og vera skj\u00f3l og skj\u00f6ldur \u00feessarar borgar.<a name=\"7\"><span class=\"versanumer\">7<\/span><\/a>\u00deetta skaltu til marks hafa af Drottni, a\u00f0 Drottinn vilji efna \u00fea\u00f0, sem hann hefir lofa\u00f0:<a name=\"8\"><span class=\"versanumer\">8<\/span><\/a>Sj\u00e1 \u00fe\u00fa! eg skal f\u00e6ra aftur um t\u00edu stig \u00feann pallaskugga, er s\u00f3linni hefir muna\u00f0 ni\u00f0ur \u00e1 vi\u00f0 \u00e1 Akasar p\u00f6llum, svo a\u00f0 s\u00f3lin skal \u00feokast aftur \u00e1 p\u00f6llunum um \u00feau t\u00edu stig, sem h\u00fan hefir gengi\u00f0 ni\u00f0ur. <br \/><a name=\"9\"><span class=\"versanumer\">9<\/span><\/a>S\u00f6ngur Esek\u00edass J\u00fadakonungs, \u00fe\u00e1 hann var heill or\u00f0inn \u00feess sj\u00fakleika, er hann haf\u00f0i leigi\u00f0 \u00ed:<a name=\"10\"><span class=\"versanumer\">10<\/span><\/a>Eg sag\u00f0i: \u00e1 h\u00e1degi m\u00edns l\u00edfs hl\u00fdt eg a\u00f0 ganga gegnum dau\u00f0ans dyr, m\u00e9r ver\u00f0ur burtu svipt \u00ed bl\u00f3ma aldurs m\u00edns.<a name=\"11\"><span class=\"versanumer\">11<\/span><\/a>Eg sag\u00f0i: eg f\u00e6 ekki framar a\u00f0 sj\u00e1 Drottin, Drottin <span class='VideyAth'>(f\u00e6 eg ekki framar a\u00f0 sj\u00e1)<\/span> \u00e1 landi lifendra; eg f\u00e6 ekki framar menn a\u00f0 l\u00edta, eftir \u00fea\u00f0 a\u00f0 eg er kominn til \u00feeirra, sem b\u00faa \u00ed r\u00edki enna dau\u00f0u.<a name=\"12\"><span class=\"versanumer\">12<\/span><\/a>Minni tjaldb\u00fa\u00f0 er kippt upp, og svipt \u00ed burtu fr\u00e1 m\u00e9r, eins og \u00f6\u00f0ru hir\u00f0istjaldi; m\u00ednir l\u00edfdagar ver\u00f0a afskornir, eins og \u00fer\u00e6\u00f0ir \u00ed vef: hann sl\u00edtur mig fr\u00e1 hinum sm\u00e1gj\u00f6rvu taugunum; \u00fe\u00fa \u00fej\u00e1ir mig fr\u00e1 \u00fev\u00ed a\u00f0 dagar, og \u00fear til n\u00f3ttin kemur.<a name=\"13\"><span class=\"versanumer\">13<\/span><\/a>Eg \u00ferey\u00f0i til morguns: \u00f6ll m\u00edn bein voru kramin, eins og af lj\u00f3nshrammi; \u00fe\u00fa \u00fej\u00e1ir mig fr\u00e1 \u00fev\u00ed a\u00f0 dagar, og \u00fear til a\u00f0 n\u00f3ttin kemur.<a name=\"14\"><span class=\"versanumer\">14<\/span><\/a>Eg t\u00edsti, sem svala, og kurra\u00f0i, sem d\u00fafa; augu m\u00edn m\u00e6ndu til himins, alvaldi Gu\u00f0, eg em angistarfullur, l\u00edkna \u00fe\u00fa m\u00e9r!<a name=\"15\"><span class=\"versanumer\">15<\/span><\/a>En hva\u00f0 skal eg n\u00fa segja? Hann tala\u00f0i til m\u00edn, og hann efndi s\u00edn or\u00f0; eg skal ganga <span class='VideyAth'>(til Drottins h\u00fass)<\/span> alla m\u00edna l\u00edfdaga, \u00fev\u00ed minni s\u00e1lar angist er l\u00e9tt.<a name=\"16\"><span class=\"versanumer\">16<\/span><\/a>Alvaldi Gu\u00f0! af \u00fe\u00ednu or\u00f0i lifa <span class='VideyAth'>(allir)<\/span> menn, og \u00e1 \u00fev\u00ed einu r\u00ed\u00f0ur l\u00edfi\u00f0 m\u00edns anda: \u00fe\u00fa veitir m\u00e9r styrkinn, \u00fe\u00fa vi\u00f0heldur m\u00ednu l\u00edfi.<a name=\"17\"><span class=\"versanumer\">17<\/span><\/a>Sj\u00e1! m\u00edn megna s\u00e1larangist er or\u00f0in a\u00f0 fr\u00f3; af elsku \u00feinni dr\u00f3st \u00fe\u00fa mig upp \u00far gryfju ey\u00f0ileggingarinnar, \u00fev\u00ed \u00fe\u00fa varpa\u00f0ir \u00f6llum m\u00ednum syndum \u00e1 bak \u00fe\u00e9r aftur.<a name=\"18\"><span class=\"versanumer\">18<\/span><\/a>Myrkrar\u00edki\u00f0 lofar \u00feig ekki, dau\u00f0inn vegsamar \u00feig ekki, \u00feeir, sem \u00ed gr\u00f6fina eru ni\u00f0ur stignir, v\u00ed\u00f0fr\u00e6gja ekki \u00fe\u00edna tr\u00fafesti;<a name=\"19\"><span class=\"versanumer\">19<\/span><\/a>s\u00e1 einn lofar \u00feig, sem lifir, eins og eg \u00ed dag: fa\u00f0irinn kunngj\u00f6rir b\u00f6rnunum \u00fe\u00edna tr\u00fafesti.<a name=\"20\"><span class=\"versanumer\">20<\/span><\/a>Drottinn er mitt hj\u00e1lpr\u00e6\u00f0i; \u00ed h\u00fasi Drottins skulum v\u00e9r hreyfa strengina minna harpna alla vora l\u00edfdaga.<br \/><a name=\"21\"><span class=\"versanumer\">21<\/span><\/a>Esajas haf\u00f0i sagt, a\u00f0 taka skyldi f\u00edkjudeig, og leggja vi\u00f0 meini\u00f0; var\u00f0 konungurinn \u00fe\u00e1 heill.<a name=\"22\"><span class=\"versanumer\">22<\/span><\/a>Esek\u00edas haf\u00f0i spurt: hva\u00f0 skal eg hafa til marks um \u00fea\u00f0, a\u00f0 eg megi aftur upp ganga \u00ed Drottins h\u00fas?<\/p>\n<div class=\"footnoteVidey\">V. 11. A\u00f0 sj\u00e1 Drottin, \u00fe. e. a\u00f0 sj\u00e1 d\u00fdr\u00f0ina Drottins \u00ed hans heilaga musteri. \u00c1 landi lifendra, \u00fe. e. \u00ed \u00feessu jar\u00f0neska l\u00edfi. 21. og 22. vers eru \u00farsk\u00fdring yfir \u00fea\u00f0 5. og 8, sj\u00e1 2 K\u00f3ng. 20,7.8.<\/div>\n","protected":false},"excerpt":{"rendered":"<p>Sj\u00fakleiki Esek\u00edas konungs, og lofs\u00f6ngur hans. 1Um \u00fe\u00e6r mundir f\u00e9kk Esek\u00edas sj\u00fakleika svo mikinn, a\u00f0 honum h\u00e9lt vi\u00f0 bana. \u00de\u00e1 kom sp\u00e1ma\u00f0urinn Esajas Amosson til hans og m\u00e6lti: Svo segir Drottinn: r\u00e1\u00f0stafa \u00fe\u00fa \u00fe\u00ednu h\u00fasi, \u00fev\u00ed \u00fe\u00fa skalt deyja, en ekki lifa.2\u00de\u00e1 sneri Esek\u00edas andliti s\u00ednu til veggjar, ba\u00f0 til Drottins,3og sag\u00f0i: eg bi\u00f0, minnstu \u00feess, Drottinn, hv\u00f6rsu eg hefi fram gengi\u00f0 fyrir \u00fe\u00ednu augliti me\u00f0 sta\u00f0festu og tr\u00fana\u00f0artrausti, og gj\u00f6rt hva\u00f0 \u00fe\u00e9r hefir vel l\u00edka\u00f0. Gr\u00e9t Esek\u00edas \u00fe\u00e1 mj\u00f6g.4\u00de\u00e1 tala\u00f0i Drottinn til Esajasar \u00feessum or\u00f0um:5Far og seg Esek\u00edasi: Svo segir Drottinn, Gu\u00f0 Dav\u00ed\u00f0s, f\u00f6\u00f0ur \u00fe\u00edns: eg hefi heyrt \u00fe\u00edna <a href=\"https:\/\/biblian.is\/videy\/jesaja-38-kafli\/\"> [&#8230;]<\/a><\/p>\n","protected":false},"author":1,"featured_media":0,"parent":0,"menu_order":0,"comment_status":"open","ping_status":"open","template":"bibliukaflar.php","meta":{"footnotes":""},"class_list":["post-21566","page","type-page","status-publish","hentry"],"_links":{"self":[{"href":"https:\/\/biblian.is\/videy\/wp-json\/wp\/v2\/pages\/21566","targetHints":{"allow":["GET"]}}],"collection":[{"href":"https:\/\/biblian.is\/videy\/wp-json\/wp\/v2\/pages"}],"about":[{"href":"https:\/\/biblian.is\/videy\/wp-json\/wp\/v2\/types\/page"}],"author":[{"embeddable":true,"href":"https:\/\/biblian.is\/videy\/wp-json\/wp\/v2\/users\/1"}],"replies":[{"embeddable":true,"href":"https:\/\/biblian.is\/videy\/wp-json\/wp\/v2\/comments?post=21566"}],"version-history":[{"count":0,"href":"https:\/\/biblian.is\/videy\/wp-json\/wp\/v2\/pages\/21566\/revisions"}],"wp:attachment":[{"href":"https:\/\/biblian.is\/videy\/wp-json\/wp\/v2\/media?parent=21566"}],"curies":[{"name":"wp","href":"https:\/\/api.w.org\/{rel}","templated":true}]}}