{"id":21565,"date":"2018-01-02T01:02:41","date_gmt":"2018-01-02T01:02:41","guid":{"rendered":"http:\/\/biblian.is\/videy\/jesaja-37-kafli\/"},"modified":"2018-01-02T01:02:41","modified_gmt":"2018-01-02T01:02:41","slug":"jesaja-37-kafli","status":"publish","type":"page","link":"https:\/\/biblian.is\/videy\/jesaja-37-kafli\/","title":{"rendered":"Jesaja 37. kafli"},"content":{"rendered":"<div class=\"fyrirsognVidey\">Fr\u00e1 \u00e6vilokum Senakeribs.<\/div>\n<p><a name=\"1\"><span class=\"versanumer\">1<\/span><\/a>En er Esek\u00edas konungur heyr\u00f0i \u00feetta, \u00fe\u00e1 sundurreif hann s\u00edn kl\u00e6\u00f0i, t\u00f3k sorgarb\u00faning, og gekk \u00ed h\u00fas Drottins.<a name=\"2\"><span class=\"versanumer\">2<\/span><\/a>Hann sendi dr\u00f3ttsetann Eljakim og Sebna kanselera og hina elstu kennimenn, \u00edkl\u00e6dda hrygg\u00f0arb\u00faningi, til Esajasar sp\u00e1manns Amossonar.<a name=\"3\"><span class=\"versanumer\">3<\/span><\/a>\u00deeir skyldu tala til hans \u00feessum or\u00f0um: Svo segir Esek\u00edas: \u00feessi dagur er dagur ney\u00f0arinnar, hegningarinnar og h\u00e1\u00f0ungarinnar; b\u00f6rnin eru a\u00f0 f\u00e6\u00f0ingu komin, en enginn m\u00e1tturinn til a\u00f0 f\u00e6\u00f0a <span class='VideyAth'>b)<\/span>.<a name=\"4\"><span class=\"versanumer\">4<\/span><\/a>Vera m\u00e1, a\u00f0 Drottinn, \u00feinn Gu\u00f0, gefi gaum a\u00f0 or\u00f0um Rabsaka, \u00feess er sendur er af herra s\u00ednum, konungi Ass\u00fdr\u00edumanna, til a\u00f0 spotta Gu\u00f0 lifanda, og l\u00e1ti hegnt ver\u00f0a \u00feeirra or\u00f0a, er Drottinn, \u00feinn Gu\u00f0, hefir heyrt. Bi\u00f0 \u00fev\u00ed fyrir \u00feeim eftirleifum <span class='VideyAth'>(l\u00fd\u00f0sins)<\/span>, sem enn finnast h\u00e9r.<a name=\"5\"><span class=\"versanumer\">5<\/span><\/a>En er \u00fej\u00f3nar Esek\u00edass konungs komu til Esajass,<a name=\"6\"><span class=\"versanumer\">6<\/span><\/a>\u00fe\u00e1 m\u00e6lti Esajas til \u00feeirra: Segi\u00f0 svo y\u00f0rum herra: Svo segir Drottinn: \u00f3ttast eigi \u00feau h\u00e1\u00f0syr\u00f0i, er \u00fe\u00fa hefir heyrt sveina Ass\u00fdr\u00edukonungs l\u00e1ta s\u00e9r um munn fara \u00ed gegn m\u00e9r.<a name=\"7\"><span class=\"versanumer\">7<\/span><\/a>Eg skal l\u00e1ta hann ver\u00f0a annarshugar: hann skal f\u00e1 fregn nokkura a\u00f0 heyra, og \u00fe\u00e1 skal hann hverfa aftur heim \u00ed land sitt, og skal eg \u00fe\u00e1 l\u00e1ta hann fyrir sver\u00f0i falla \u00ed s\u00ednu eigin landi.<br \/><a name=\"8\"><span class=\"versanumer\">8<\/span><\/a>Rabsaki haf\u00f0i fr\u00e9tt, a\u00f0 Ass\u00fdr\u00edukonungur v\u00e6ri burt farinn fr\u00e1 Lakisborg; hvarf hann \u00fev\u00ed aftur, og fann konunginn, \u00fear sem hann herja\u00f0i \u00e1 Libnaborg.<a name=\"9\"><span class=\"versanumer\">9<\/span><\/a>\u00dear kom konungi s\u00fa fregn af T\u00edrhaka Bl\u00e1landskonungi, er \u00fea\u00f0 sag\u00f0i, a\u00f0 T\u00edrhaki v\u00e6ri farinn \u00ed herna\u00f0 m\u00f3ti honum; og er hann heyr\u00f0i \u00fea\u00f0, sendi hann sendimenn til Esek\u00edass me\u00f0 \u00feessum bo\u00f0um:<a name=\"10\"><span class=\"versanumer\">10<\/span><\/a>Segi\u00f0 Esek\u00edasi J\u00fadar\u00edkiskonungi svol\u00e1tandi bo\u00f0skap: l\u00e1t eigi Gu\u00f0 \u00feinn, \u00feann er \u00fe\u00fa treystir \u00e1, t\u00e6la \u00feig, \u00fe\u00f3 hann segi, a\u00f0 Jer\u00fasalemsborg skuli eigi seld ver\u00f0a \u00ed hendur Ass\u00fdrakonungi.<a name=\"11\"><span class=\"versanumer\">11<\/span><\/a>\u00de\u00fa munt a\u00f0 v\u00edsu heyrt hafa, hv\u00f6rsu Ass\u00fdr\u00edukonungar hafa fram fari\u00f0 vi\u00f0 \u00f6nnur r\u00edki, a\u00f0 \u00feeir hafa ey\u00f0ilagt \u00feau; skyldir \u00fe\u00fa \u00fe\u00e1 klakklaust af komast?<a name=\"12\"><span class=\"versanumer\">12<\/span><\/a>Hafa nokku\u00f0 gu\u00f0ir hei\u00f0ingjanna frelsa\u00f0 \u00fe\u00e6r borgir, er foreldrar m\u00ednir hafa \u00ed ey\u00f0i lagt, G\u00f3sansborg, Haransborg, Resepsborg og Edensborgar innbyggjendur, \u00fe\u00e1 er <span class='VideyAth'>(fyrrum)<\/span> bjuggu \u00ed Telassarsborg?<a name=\"13\"><span class=\"versanumer\">13<\/span><\/a>Hvar er konungur Hamatsborgar, og konungur Arpadsborgar, og konungur Seffarvajimsborgar, Heinaborgar og Jouborgar? <br \/><a name=\"14\"><span class=\"versanumer\">14<\/span><\/a>En er Esek\u00edas haf\u00f0i teki\u00f0 vi\u00f0 br\u00e9finu af sendim\u00f6nnunum, og lesi\u00f0 \u00fea\u00f0, gekk hann upp \u00ed Drottins h\u00fas, og rakti \u00fea\u00f0 sundur frammi fyrir Drottni.<a name=\"15\"><span class=\"versanumer\">15<\/span><\/a>\u00de\u00e1 ba\u00f0 Esek\u00edas til Drottins, svo m\u00e6landi:<a name=\"16\"><span class=\"versanumer\">16<\/span><\/a>Drottinn allsherjar, \u00cdsraels Gu\u00f0, \u00fe\u00fa sem situr uppi yfir ker\u00fabunum! \u00fe\u00fa einn ert sannur Gu\u00f0 yfir \u00f6llum r\u00edkjum veraldar, \u00fe\u00fa hefir gj\u00f6rt himin og j\u00f6r\u00f0.<a name=\"17\"><span class=\"versanumer\">17<\/span><\/a>Hneig \u00feitt eyra, Drottinn, og heyr! Uppl\u00fak, Drottinn, \u00fe\u00ednum augum, og sj\u00e1! Heyr \u00fe\u00fa \u00f6ll or\u00f0 Senakeribs, \u00feau er hann hefir l\u00e1ti\u00f0 s\u00e9r um munn fara til sm\u00e1nar vi\u00f0 hinn lifanda Gu\u00f0!<a name=\"18\"><span class=\"versanumer\">18<\/span><\/a>Satt er \u00fea\u00f0, Drottinn, a\u00f0 Assyr\u00edukonungar hafa \u00ed ey\u00f0i lagt allar \u00fej\u00f3\u00f0ir og l\u00f6nd \u00feeirra,<a name=\"19\"><span class=\"versanumer\">19<\/span><\/a>og go\u00f0um \u00feeirra \u00ed eld kasta\u00f0: \u00fev\u00ed \u00feau voru ekki gu\u00f0ir, heldur handaverk manna, stokkar og steinar, svo \u00feeir g\u00e1tu gj\u00f6rt \u00feau a\u00f0 \u00f6ngvu.<a name=\"20\"><span class=\"versanumer\">20<\/span><\/a>En n\u00fa, Drottinn, vor Gu\u00f0, frelsa \u00fe\u00fa oss af hans hendi, svo \u00f6ll r\u00edki veraldar megi vi\u00f0 kannast, a\u00f0 \u00fe\u00fa ert Drottinn, og engi annar.<br \/><a name=\"21\"><span class=\"versanumer\">21<\/span><\/a>\u00dev\u00ed n\u00e6st sendi Esajas Amosson til Esek\u00edass, og l\u00e9t segja honum: Svo segir Drottinn, Gu\u00f0 \u00cdsraels: hva\u00f0 \u00feeirri b\u00e6n vi\u00f0v\u00edkur, er \u00fe\u00fa hefir be\u00f0i\u00f0 til m\u00edn um Senakerib Assyr\u00edukonung,<a name=\"22\"><span class=\"versanumer\">22<\/span><\/a>\u00fe\u00e1 er \u00feetta \u00fea\u00f0 or\u00f0, er Drottinn hefir tala\u00f0 \u00ed gegn honum: S\u00edonsborgar mey fyrirl\u00edtur \u00feig, og gj\u00f6rir gys a\u00f0 \u00fe\u00e9r; Jer\u00fasalemsborg hristir h\u00f6fu\u00f0i\u00f0 \u00e1 eftir \u00fe\u00e9r.<a name=\"23\"><span class=\"versanumer\">23<\/span><\/a>Hv\u00f6rn hefir \u00fe\u00fa sm\u00e1na\u00f0 og spotta\u00f0? \u00cd gegn hv\u00f6rjum hefir \u00fe\u00fa upphafi\u00f0 raustina, og lyft upp augum \u00fe\u00ednum \u00ed h\u00e6\u00f0irnar? \u00cd gegn hinum heilaga <span class='VideyAth'>(Gu\u00f0i)<\/span> \u00cdsraels.<a name=\"24\"><span class=\"versanumer\">24<\/span><\/a>Fyrir h\u00f6nd \u00feinna \u00fej\u00f3nustumanna hefir \u00fe\u00fa Drottni h\u00e1\u00f0ung tillagt, og sagt: \u201efyrir fj\u00f6lda sakir hervagna minna hefi eg upp st\u00edgi\u00f0 \u00e1 h\u00e6\u00f0ir fjallanna, lengst inn \u00e1 L\u00edbanonsfjall, afh\u00f6ggvi\u00f0 \u00feess h\u00e1vu sedrustr\u00e9, \u00feess \u00fatv\u00f6ldu grenitr\u00e9, og em upp kominn \u00e1 \u00feess efsta tind, \u00feanga\u00f0 sem m\u00e6tist vi\u00f0arsk\u00f3gurinn og aldinsk\u00f3gurinn;<a name=\"25\"><span class=\"versanumer\">25<\/span><\/a>eg gr\u00f3f til vatns, og drakk: me\u00f0 iljum f\u00f3ta minna upp\u00feurrka\u00f0i eg \u00f6ll vatnsf\u00f6ll Egyptalands\u201c.<a name=\"26\"><span class=\"versanumer\">26<\/span><\/a>Hefir \u00fe\u00fa \u00fe\u00e1 ekki heyrt, a\u00f0 eg gj\u00f6r\u00f0i \u00fe\u00e1 r\u00e1\u00f0st\u00f6fun svo fyrir \u00f6ndver\u00f0u? n\u00fa hefi eg l\u00e1ti\u00f0 \u00fea\u00f0 fram koma, a\u00f0 \u00fe\u00fa skyldir mega \u00ed ey\u00f0i leggja v\u00edggirtar borgir, og gj\u00f6ra \u00fe\u00e6r a\u00f0 au\u00f0um grj\u00f3thr\u00fagum;<a name=\"27\"><span class=\"versanumer\">27<\/span><\/a>og innbyggjendur \u00feeirra hefi eg l\u00e1ti\u00f0 ver\u00f0a aflvana, felmtra\u00f0a og sv\u00edvirta, eg hefi l\u00e1ti\u00f0 \u00fe\u00e1 ver\u00f0a sem vallargras, sem gr\u00e6ngresi, eins og gras \u00e1 \u00feekjum, eins og akur \u00feann, er svi\u00f0nar, \u00e1\u00f0ur en kornst\u00f6ngin er sprottin.<a name=\"28\"><span class=\"versanumer\">28<\/span><\/a>Eg veit, hvar \u00fe\u00fa hefir \u00feitt a\u00f0setur, hvar \u00fe\u00fa gengur \u00fat, og hvar \u00fe\u00fa gengur inn; eg veit, a\u00f0 \u00fe\u00fa \u00e6\u00f0ir \u00ed gegn m\u00e9r.<a name=\"29\"><span class=\"versanumer\">29<\/span><\/a>En s\u00f6kum \u00feess a\u00f0 \u00feitt grimmdar\u00e6\u00f0i gegn m\u00e9r og \u00feinn ofmetna\u00f0ur er kominn m\u00e9r til eyrna, \u00fe\u00e1 vil eg leggja minn hring \u00ed nasir \u00fe\u00ednar, og minn bitil \u00ed munn \u00fe\u00e9r, og f\u00e6ra \u00feig aftur sama veg og \u00fe\u00fa komst.<a name=\"30\"><span class=\"versanumer\">30<\/span><\/a>\u00deetta skaltu til marks hafa: eitt \u00e1ri\u00f0 munu\u00f0 \u00fe\u00e9r eta sj\u00e1lfs\u00e1i\u00f0 korn, hi\u00f0 anna\u00f0 \u00e1r sj\u00e1lfvaxi\u00f0 korn, en hi\u00f0 \u00feri\u00f0ja \u00e1ri\u00f0 munu\u00f0 \u00fe\u00e9r s\u00e1 og uppskera, planta v\u00edngar\u00f0a og eta \u00e1v\u00f6xtu \u00feeirra.<a name=\"31\"><span class=\"versanumer\">31<\/span><\/a>Hinir frelsu\u00f0u J\u00fadar\u00edkisinnb\u00faar, sem eftir ver\u00f0a, skulu festa r\u00e6tur a\u00f0 ne\u00f0an, og bera \u00e1v\u00f6xt a\u00f0 ofan;<a name=\"32\"><span class=\"versanumer\">32<\/span><\/a>\u00dev\u00ed fr\u00e1 Jer\u00fasalemsborg skulu eftirleifar <span class='VideyAth'>(\u00fej\u00f3\u00f0arinnar)<\/span> \u00fatbrei\u00f0ast og hinir frelsu\u00f0u fr\u00e1 S\u00edonsfjalli; \u00e1str\u00edki Drottins allsherjar mun sl\u00edku valda.<a name=\"33\"><span class=\"versanumer\">33<\/span><\/a>\u00deess vegna segir Drottinn svo um Ass\u00fdr\u00edukonung: Hann skal ekki inn komast \u00ed \u00feessa borg, engri \u00f6r \u00feanga\u00f0 skj\u00f3ta, engan herskj\u00f6ld a\u00f0 henni bera, og engum jar\u00f0hrygg upp hleypa m\u00f3ti henni.<a name=\"34\"><span class=\"versanumer\">34<\/span><\/a>Hann skal aftur sn\u00faa hinn sama veg sem hann kom, og ekki koma \u00ed \u00feessa borg, segir Drottinn;<a name=\"35\"><span class=\"versanumer\">35<\/span><\/a>eg vil vera skj\u00f3l og skj\u00f6ldur \u00feessarar borgar og frelsa hana, m\u00edn vegna, og vegna m\u00edns \u00fej\u00f3ns Dav\u00ed\u00f0s. <br \/><a name=\"36\"><span class=\"versanumer\">36<\/span><\/a>\u00dev\u00ed n\u00e6st \u00fatgekk engill Drottins, og sl\u00f3 \u00ed herb\u00fa\u00f0um Ass\u00fdr\u00edumanna hundra\u00f0 \u00e1ttatygi og fimm \u00fe\u00fasundir manns. Og er menn risu upp um morguninn, var allt fullt af dau\u00f0um l\u00edkum.<a name=\"37\"><span class=\"versanumer\">37<\/span><\/a>Senakerib Ass\u00fdrakonungur br\u00e1 \u00fe\u00e1 herb\u00fa\u00f0um, h\u00e9lt af sta\u00f0 og sneri heim aftur, og settist a\u00f0 \u00ed Nin\u00edve.<a name=\"38\"><span class=\"versanumer\">38<\/span><\/a>En svo bar vi\u00f0, \u00fe\u00e1 hann ba\u00f0st fyrir \u00ed hofi N\u00edsroks, s\u00edns Gu\u00f0s, a\u00f0 synir hans, Adramelek og Sareser, unnu \u00e1 honum me\u00f0 sver\u00f0i, fl\u00fd\u00f0u s\u00ed\u00f0an burt \u00ed landi\u00f0 Ararat, en sonur hans Esarhaddon var\u00f0 konungur \u00ed hans sta\u00f0.<\/p>\n<div class=\"footnoteVidey\">V. 3. b. M\u00e1lsh\u00e1ttur, \u00fe. e. \u00feau vandr\u00e6\u00f0i bera n\u00fa a\u00f0 hendi, a\u00f0 ekki ver\u00f0ur \u00far greitt.  V. 16. ker\u00fabunum, sem voru uppi yfir s\u00e1ttm\u00e1ls\u00f6rkinni, S\u00e1lm. 99,1. Sj\u00e1 2 M\u00f3s. 25,22.<\/div>\n","protected":false},"excerpt":{"rendered":"<p>Fr\u00e1 \u00e6vilokum Senakeribs. 1En er Esek\u00edas konungur heyr\u00f0i \u00feetta, \u00fe\u00e1 sundurreif hann s\u00edn kl\u00e6\u00f0i, t\u00f3k sorgarb\u00faning, og gekk \u00ed h\u00fas Drottins.2Hann sendi dr\u00f3ttsetann Eljakim og Sebna kanselera og hina elstu kennimenn, \u00edkl\u00e6dda hrygg\u00f0arb\u00faningi, til Esajasar sp\u00e1manns Amossonar.3\u00deeir skyldu tala til hans \u00feessum or\u00f0um: Svo segir Esek\u00edas: \u00feessi dagur er dagur ney\u00f0arinnar, hegningarinnar og h\u00e1\u00f0ungarinnar; b\u00f6rnin eru a\u00f0 f\u00e6\u00f0ingu komin, en enginn m\u00e1tturinn til a\u00f0 f\u00e6\u00f0a b).4Vera m\u00e1, a\u00f0 Drottinn, \u00feinn Gu\u00f0, gefi gaum a\u00f0 or\u00f0um Rabsaka, \u00feess er sendur er af herra s\u00ednum, konungi Ass\u00fdr\u00edumanna, til a\u00f0 spotta Gu\u00f0 lifanda, og l\u00e1ti hegnt ver\u00f0a \u00feeirra or\u00f0a, er Drottinn, \u00feinn Gu\u00f0, <a href=\"https:\/\/biblian.is\/videy\/jesaja-37-kafli\/\"> [&#8230;]<\/a><\/p>\n","protected":false},"author":1,"featured_media":0,"parent":0,"menu_order":0,"comment_status":"open","ping_status":"open","template":"bibliukaflar.php","meta":{"footnotes":""},"class_list":["post-21565","page","type-page","status-publish","hentry"],"_links":{"self":[{"href":"https:\/\/biblian.is\/videy\/wp-json\/wp\/v2\/pages\/21565","targetHints":{"allow":["GET"]}}],"collection":[{"href":"https:\/\/biblian.is\/videy\/wp-json\/wp\/v2\/pages"}],"about":[{"href":"https:\/\/biblian.is\/videy\/wp-json\/wp\/v2\/types\/page"}],"author":[{"embeddable":true,"href":"https:\/\/biblian.is\/videy\/wp-json\/wp\/v2\/users\/1"}],"replies":[{"embeddable":true,"href":"https:\/\/biblian.is\/videy\/wp-json\/wp\/v2\/comments?post=21565"}],"version-history":[{"count":0,"href":"https:\/\/biblian.is\/videy\/wp-json\/wp\/v2\/pages\/21565\/revisions"}],"wp:attachment":[{"href":"https:\/\/biblian.is\/videy\/wp-json\/wp\/v2\/media?parent=21565"}],"curies":[{"name":"wp","href":"https:\/\/api.w.org\/{rel}","templated":true}]}}