{"id":21564,"date":"2018-01-02T01:02:41","date_gmt":"2018-01-02T01:02:41","guid":{"rendered":"http:\/\/biblian.is\/videy\/jesaja-36-kafli\/"},"modified":"2018-01-02T01:02:41","modified_gmt":"2018-01-02T01:02:41","slug":"jesaja-36-kafli","status":"publish","type":"page","link":"https:\/\/biblian.is\/videy\/jesaja-36-kafli\/","title":{"rendered":"Jesaja 36. kafli"},"content":{"rendered":"<div class=\"fyrirsognVidey\">Fr\u00e1 Rabsaka, hersh\u00f6f\u00f0ingja Senakeribs.<\/div>\n<p><a name=\"1\"><span class=\"versanumer\">1<\/span><\/a>Svo bar til \u00e1 14da r\u00edkis\u00e1ri Esek\u00edass konungs, a\u00f0 Senakerib Ass\u00fdrakonungur f\u00f3r herf\u00f6r gegn \u00f6llum v\u00edggirtum borgum J\u00fadar\u00edkis, og t\u00f3k \u00fe\u00e6r.<a name=\"2\"><span class=\"versanumer\">2<\/span><\/a>\u00de\u00e1 sendi Ass\u00fdrakonungur Rabsaka me\u00f0 miklum li\u00f0styrk fr\u00e1 Lakisborg til Jer\u00fasalemsborgar m\u00f3ti Esek\u00edas konung; hann nam sta\u00f0ar hj\u00e1 veituskur\u00f0i hinnar efri tjarnar, \u00e1 veginum vi\u00f0 akur bleikjarans.<a name=\"3\"><span class=\"versanumer\">3<\/span><\/a>\u00de\u00e1 gengu \u00feeir \u00fat til hans, Eljakim Hilk\u00edason dr\u00f3ttseti, Sebna kanseleri og J\u00f3ak Asapsson ritari.<a name=\"4\"><span class=\"versanumer\">4<\/span><\/a>Rabsaki m\u00e6lti til \u00feeirra: Segi\u00f0 Esek\u00edasi: Svo segir hinn mikli konungur, Ass\u00fdrakonungur: hv\u00f6rt er \u00fea\u00f0 athvarf, er \u00fe\u00fa treystir \u00e1?<a name=\"5\"><span class=\"versanumer\">5<\/span><\/a>\u00dea\u00f0 er \u00e6tlan m\u00edn, a\u00f0 \u00fe\u00edn r\u00e1\u00f0astofnan og herna\u00f0arstyrkur s\u00e9 eint\u00f3mt h\u00e9g\u00f3mam\u00e1l. \u00c1 hv\u00f6rn treystir \u00fe\u00fa n\u00fa, a\u00f0 \u00fe\u00fa skulir gj\u00f6ra uppreisn \u00ed gegn m\u00e9r?<a name=\"6\"><span class=\"versanumer\">6<\/span><\/a>\u00de\u00fa munt rei\u00f0a \u00feig \u00e1 Egyptaland, \u00feann hinn br\u00e1ka\u00f0a reyrsprotann, sem stingst \u00ed gegnum h\u00f6nd hv\u00f6rs \u00feess, er vi\u00f0 hann sty\u00f0st. Eins er fara\u00f3 konungur \u00f6llum \u00feeim, er \u00e1 hann treysta.<a name=\"7\"><span class=\"versanumer\">7<\/span><\/a>Svo er og um \u00fea\u00f0, er \u00fe\u00fa segir vi\u00f0 mig: \u201ev\u00e9r rei\u00f0um oss \u00e1 Drottin, vorn Gu\u00f0\u201c. Er \u00fea\u00f0 ekki hann, hv\u00f6rs f\u00f3rnarh\u00e6\u00f0ir og \u00f6lturu Esek\u00edas hefir afm\u00e1\u00f0 <span class='VideyAth'>a)<\/span>, og sagt til J\u00fadar\u00edkismanna og Jer\u00fasalemsborgarmanna: \u201efyrir \u00feessu altari <span class='VideyAth'>b)<\/span> skulu\u00f0 \u00fe\u00e9r fram falla og tilbi\u00f0ja\u201c?<a name=\"8\"><span class=\"versanumer\">8<\/span><\/a>Kom til og ve\u00f0ja vi\u00f0 drottin minn, konung Ass\u00fdr\u00edumanna: eg vil gefa \u00fe\u00e9r tv\u00f6 \u00fe\u00fasund hesta, ef \u00fe\u00fa getur fengi\u00f0 \u00fe\u00e9r jafnmarga riddara.<a name=\"9\"><span class=\"versanumer\">9<\/span><\/a>Hv\u00f6rnig m\u00e1ttu reisa r\u00f6nd vi\u00f0 einum h\u00f6fu\u00f0smanni me\u00f0al hinna minnstu \u00fej\u00f3na Drottins m\u00edns? og \u00fe\u00f3 rei\u00f0ir \u00fe\u00fa \u00feig \u00e1 hervagna og riddarali\u00f0 Egyptalands!<a name=\"10\"><span class=\"versanumer\">10<\/span><\/a>Hugsar \u00fe\u00fa, a\u00f0 eg hafi fari\u00f0 upp hinga\u00f0 \u00e1n atkv\u00e6\u00f0a Drottins, til a\u00f0 leggja \u00ed ey\u00f0i land \u00feetta? Nei, Drottinn sag\u00f0i til m\u00edn: far \u00fe\u00fa inn \u00ed \u00feetta land, og legg \u00fea\u00f0 \u00ed ey\u00f0i!<a name=\"11\"><span class=\"versanumer\">11<\/span><\/a>\u00de\u00e1 s\u00f6g\u00f0u \u00feeir Eljakim, Sebna og J\u00f3ak til Rabsaka: Tala \u00fe\u00fa til vor, \u00fej\u00f3na \u00feinna, \u00e1 s\u00fdrlensku, \u00fev\u00ed v\u00e9r skiljum \u00fea\u00f0 m\u00e1l; en tala eigi til vor \u00e1 J\u00fadatungu, \u00ed \u00e1heyrn f\u00f3lksins, sem uppi er \u00e1 borgarveggnum.<a name=\"12\"><span class=\"versanumer\">12<\/span><\/a>Rabsaki svara\u00f0i: hefir nokku\u00f0 minn herra sent mig til \u00fe\u00edns herra e\u00f0a til \u00fe\u00edn, til \u00feess a\u00f0 flytja \u00feetta erindi? Hefir hann ekki sent mig til \u00feeirra manna, sem \u00fear sitja uppi \u00e1 borgarveggnum, og eiga \u00feann kost fyrir h\u00f6ndum \u00e1samt me\u00f0 y\u00f0ur, a\u00f0 eta sinn eigin vallgang og drekka \u00fearfagang <span class='VideyAth'>a)<\/span> sinn?<a name=\"13\"><span class=\"versanumer\">13<\/span><\/a>\u00de\u00e1 gekk Rabsaki fram, og kalla\u00f0i h\u00e1rri r\u00f6ddu \u00e1 J\u00fadatungu og m\u00e6lti: Heyri\u00f0 or\u00f0 hins mikla konungs, Ass\u00fdr\u00edukonungs!<a name=\"14\"><span class=\"versanumer\">14<\/span><\/a>Svo segir konungurinn: L\u00e1ti\u00f0 eigi Esek\u00edas t\u00e6la y\u00f0ur, \u00fev\u00ed hann f\u00e6r ekki frelsa\u00f0 y\u00f0ur.<a name=\"15\"><span class=\"versanumer\">15<\/span><\/a>L\u00e1ti\u00f0 eigi Esek\u00edas koma y\u00f0ur til a\u00f0 treysta \u00e1 Drottin, me\u00f0 \u00fev\u00ed a\u00f0 segja: \u201eDrottinn mun vissulega frelsa oss; \u00feessi borg skal ekki ver\u00f0a Ass\u00fdr\u00edukonungi \u00ed hendur seld\u201c.<a name=\"16\"><span class=\"versanumer\">16<\/span><\/a>Hl\u00fd\u00f0i\u00f0 eigi Esek\u00edasi, \u00fev\u00ed segir Ass\u00fdr\u00edukonungur: ef \u00fe\u00e9r taki\u00f0 m\u00e9r vingjarnlega og gangi\u00f0 \u00e1 h\u00f6nd m\u00e9r, \u00fe\u00e1 skal hv\u00f6r y\u00f0ar mega eta af s\u00ednum v\u00ednvi\u00f0i og f\u00edkjutr\u00e9, og drekka vatn af s\u00ednu vatnsb\u00f3li,<a name=\"17\"><span class=\"versanumer\">17<\/span><\/a>\u00fear til er eg kem, og flyt y\u00f0ur til \u00feess lands, sem jafnast vi\u00f0 y\u00f0ar land, til \u00feess lands, sem er gott kornland og v\u00ednland, brau\u00f0land og v\u00edngar\u00f0aland.<a name=\"18\"><span class=\"versanumer\">18<\/span><\/a>L\u00e1ti\u00f0 eigi Esek\u00edas t\u00e6la y\u00f0ur, er hann segir: \u201eDrottinn mun frelsa oss\u201c. Hafa nokku\u00f0 annarra \u00fej\u00f3\u00f0a gu\u00f0ir frelsa\u00f0 hv\u00f6r sitt land af hendi Ass\u00fdrakonungs?<a name=\"19\"><span class=\"versanumer\">19<\/span><\/a>Hvar eru gu\u00f0ir Hamatsborgar og Arpadsborgar <span class='VideyAth'>(10,9)<\/span>? Hvar eru gu\u00f0ir Seffarvajimsborgar? og hafa nokkur go\u00f0 frelsa\u00f0 Samar\u00edu af minni hendi?<a name=\"20\"><span class=\"versanumer\">20<\/span><\/a>Hv\u00f6r eru \u00feau af go\u00f0um allra \u00feessara landa, er frelsa\u00f0 hafi l\u00f6nd s\u00edn undan minni hendi? Skyldi \u00fe\u00e1 Drottinn f\u00e1 frelsa\u00f0 Jer\u00fasalemsborg af minni hendi?<a name=\"21\"><span class=\"versanumer\">21<\/span><\/a>Menn \u00fe\u00f6g\u00f0u og sv\u00f6ru\u00f0u honum \u00f6ngvu; \u00fev\u00ed konungur haf\u00f0i bo\u00f0i\u00f0 og sagt, a\u00f0 menn skyldu \u00f6ngvu ansa honum.<a name=\"22\"><span class=\"versanumer\">22<\/span><\/a>Eftir \u00fea\u00f0 f\u00f3ru \u00feeir Eljakim Hilk\u00edasson dr\u00f3ttseti, Sebna kanseleri og J\u00f3ak Asapsson ritari til Esek\u00edas me\u00f0 sundurrifnum kl\u00e6\u00f0um, og s\u00f6g\u00f0u honum fr\u00e1 or\u00f0um Rabsaka.<\/p>\n<div class=\"footnoteVidey\">V. 7. a. Senakerib hefir heyrt eitthva\u00f0 sagt fr\u00e1 \u00feeirri si\u00f0ab\u00f3t, sem Esek\u00edas kom \u00e1 \u00ed r\u00edki s\u00ednu (2 K\u00f3ng. 18,4. 2 Kron. 31,1), en ekki skili\u00f0 r\u00e9tt, hv\u00f6rnig \u00e1 henni st\u00f3\u00f0. b. Fyrir altarinu \u00ed Jer\u00fasalemsborg, 2 K\u00f3ng. 18,22. 2 Kron. 29,20\u20131.29.  V. 12. a. S\u00f6kum drykkjar skorts og matleysis \u00ed ums\u00e1trinu.<\/div>\n","protected":false},"excerpt":{"rendered":"<p>Fr\u00e1 Rabsaka, hersh\u00f6f\u00f0ingja Senakeribs. 1Svo bar til \u00e1 14da r\u00edkis\u00e1ri Esek\u00edass konungs, a\u00f0 Senakerib Ass\u00fdrakonungur f\u00f3r herf\u00f6r gegn \u00f6llum v\u00edggirtum borgum J\u00fadar\u00edkis, og t\u00f3k \u00fe\u00e6r.2\u00de\u00e1 sendi Ass\u00fdrakonungur Rabsaka me\u00f0 miklum li\u00f0styrk fr\u00e1 Lakisborg til Jer\u00fasalemsborgar m\u00f3ti Esek\u00edas konung; hann nam sta\u00f0ar hj\u00e1 veituskur\u00f0i hinnar efri tjarnar, \u00e1 veginum vi\u00f0 akur bleikjarans.3\u00de\u00e1 gengu \u00feeir \u00fat til hans, Eljakim Hilk\u00edason dr\u00f3ttseti, Sebna kanseleri og J\u00f3ak Asapsson ritari.4Rabsaki m\u00e6lti til \u00feeirra: Segi\u00f0 Esek\u00edasi: Svo segir hinn mikli konungur, Ass\u00fdrakonungur: hv\u00f6rt er \u00fea\u00f0 athvarf, er \u00fe\u00fa treystir \u00e1?5\u00dea\u00f0 er \u00e6tlan m\u00edn, a\u00f0 \u00fe\u00edn r\u00e1\u00f0astofnan og herna\u00f0arstyrkur s\u00e9 eint\u00f3mt h\u00e9g\u00f3mam\u00e1l. \u00c1 hv\u00f6rn treystir \u00fe\u00fa n\u00fa, <a href=\"https:\/\/biblian.is\/videy\/jesaja-36-kafli\/\"> [&#8230;]<\/a><\/p>\n","protected":false},"author":1,"featured_media":0,"parent":0,"menu_order":0,"comment_status":"open","ping_status":"open","template":"bibliukaflar.php","meta":{"footnotes":""},"class_list":["post-21564","page","type-page","status-publish","hentry"],"_links":{"self":[{"href":"https:\/\/biblian.is\/videy\/wp-json\/wp\/v2\/pages\/21564","targetHints":{"allow":["GET"]}}],"collection":[{"href":"https:\/\/biblian.is\/videy\/wp-json\/wp\/v2\/pages"}],"about":[{"href":"https:\/\/biblian.is\/videy\/wp-json\/wp\/v2\/types\/page"}],"author":[{"embeddable":true,"href":"https:\/\/biblian.is\/videy\/wp-json\/wp\/v2\/users\/1"}],"replies":[{"embeddable":true,"href":"https:\/\/biblian.is\/videy\/wp-json\/wp\/v2\/comments?post=21564"}],"version-history":[{"count":0,"href":"https:\/\/biblian.is\/videy\/wp-json\/wp\/v2\/pages\/21564\/revisions"}],"wp:attachment":[{"href":"https:\/\/biblian.is\/videy\/wp-json\/wp\/v2\/media?parent=21564"}],"curies":[{"name":"wp","href":"https:\/\/api.w.org\/{rel}","templated":true}]}}