{"id":21563,"date":"2018-01-02T01:02:41","date_gmt":"2018-01-02T01:02:41","guid":{"rendered":"http:\/\/biblian.is\/videy\/jesaja-35-kafli\/"},"modified":"2018-01-02T01:02:41","modified_gmt":"2018-01-02T01:02:41","slug":"jesaja-35-kafli","status":"publish","type":"page","link":"https:\/\/biblian.is\/videy\/jesaja-35-kafli\/","title":{"rendered":"Jesaja 35. kafli"},"content":{"rendered":"<div class=\"fyrirsognVidey\">S\u00e6ldarhagur Gy\u00f0ingal\u00fd\u00f0s.<\/div>\n<p><a name=\"1\"><span class=\"versanumer\">1<\/span><\/a>\u00d3bygg\u00f0in og hi\u00f0 \u00feurra landi\u00f0, skal gle\u00f0jast af \u00feessu; \u00f6r\u00e6fin skulu fagna, og bl\u00f3mgast sem haustlaukur.<a name=\"2\"><span class=\"versanumer\">2<\/span><\/a>Landi\u00f0 skal bl\u00f3mgast vegsamlega, \u00fea\u00f0 skal fagna me\u00f0 gle\u00f0is\u00f6ng; vegsemd L\u00edbanonsfjalls, pr\u00fd\u00f0i Karmels og Sarons, skal landinu aftur fengin ver\u00f0a; innb\u00faar landsins skulu f\u00e1 a\u00f0 sj\u00e1 d\u00fdr\u00f0ina Drottins, h\u00e1tignarlj\u00f3mann vors Gu\u00f0s.<a name=\"3\"><span class=\"versanumer\">3<\/span><\/a>Styrki\u00f0 hinar m\u00e1ttv\u00f6nu hendurnar, st\u00f6\u00f0vi\u00f0 hin skj\u00f6grandi kn\u00e9n!<a name=\"4\"><span class=\"versanumer\">4<\/span><\/a>Segi\u00f0 hinum \u00edst\u00f6\u00f0ulausu: \u201everi\u00f0 hughraustir, \u00f3ttist eigi! Sj\u00e1i\u00f0! y\u00f0ar Gu\u00f0 er n\u00e1l\u00e6gur, hefndin kemur, Gu\u00f0s endurgjald kemur. Hann kemur sj\u00e1lfur og frelsar y\u00f0ur\u201c.<a name=\"5\"><span class=\"versanumer\">5<\/span><\/a>\u00de\u00e1 munu augu hinna blindu upp l\u00fakast, og opnast eyru hinna daufu;<a name=\"6\"><span class=\"versanumer\">6<\/span><\/a>\u00fe\u00e1 mun hinn halti l\u00e9tta s\u00e9r, sem hj\u00f6rtur, og tunga hins m\u00e1llausa fagna lofsyngjandi: \u00fev\u00ed vatnslyndir spretta upp \u00ed ey\u00f0im\u00f6rkinni, og \u00e1rstraumar \u00e1 \u00f6r\u00e6funum.<a name=\"7\"><span class=\"versanumer\">7<\/span><\/a>S\u00f3lbrunnar au\u00f0nir skulu ver\u00f0a a\u00f0 tj\u00f6rnum, og \u00feurrar lendur a\u00f0 vatnsr\u00e1sum. \u00dear sem \u00e1\u00f0ur l\u00e1gu drekar, \u00fear skal reyr og sef liggja \u00ed leg eins og gras.<a name=\"8\"><span class=\"versanumer\">8<\/span><\/a>\u00dear skal ver\u00f0a brautar vegur; s\u00fa braut skal kallast hin helga: enginn, sem \u00f3hreinn er, skal \u00fe\u00e1 braut ganga. Drottinn mun sj\u00e1lfur lei\u00f0beina \u00feeim, og hinir einf\u00f6ldu skulu eigi fara villir vega.<a name=\"9\"><span class=\"versanumer\">9<\/span><\/a>\u00dear skal ekkert lj\u00f3n vera, og ekkert glefsandi d\u00fdr skal \u00fear um fara e\u00f0a sta\u00f0ar nema; hinir endurleystu skulu \u00fear ganga.<a name=\"10\"><span class=\"versanumer\">10<\/span><\/a>\u00deeir hinir endurkeyptu Drottins skulu aftur hverfa, og koma me\u00f0 f\u00f6gnu\u00f0i til S\u00edonsborgar; eil\u00edf gle\u00f0i skal leika yfir h\u00f6f\u00f0i \u00feeim: f\u00f6gnu\u00f0ur og k\u00e6ti skal falla \u00ed skaut \u00feeirra, en hrygg\u00f0 og andvarpan \u00e1 burtu v\u00edkja.<\/p>\n<div class=\"footnoteVidey\"><\/div>\n","protected":false},"excerpt":{"rendered":"<p>S\u00e6ldarhagur Gy\u00f0ingal\u00fd\u00f0s. 1\u00d3bygg\u00f0in og hi\u00f0 \u00feurra landi\u00f0, skal gle\u00f0jast af \u00feessu; \u00f6r\u00e6fin skulu fagna, og bl\u00f3mgast sem haustlaukur.2Landi\u00f0 skal bl\u00f3mgast vegsamlega, \u00fea\u00f0 skal fagna me\u00f0 gle\u00f0is\u00f6ng; vegsemd L\u00edbanonsfjalls, pr\u00fd\u00f0i Karmels og Sarons, skal landinu aftur fengin ver\u00f0a; innb\u00faar landsins skulu f\u00e1 a\u00f0 sj\u00e1 d\u00fdr\u00f0ina Drottins, h\u00e1tignarlj\u00f3mann vors Gu\u00f0s.3Styrki\u00f0 hinar m\u00e1ttv\u00f6nu hendurnar, st\u00f6\u00f0vi\u00f0 hin skj\u00f6grandi kn\u00e9n!4Segi\u00f0 hinum \u00edst\u00f6\u00f0ulausu: \u201everi\u00f0 hughraustir, \u00f3ttist eigi! Sj\u00e1i\u00f0! y\u00f0ar Gu\u00f0 er n\u00e1l\u00e6gur, hefndin kemur, Gu\u00f0s endurgjald kemur. Hann kemur sj\u00e1lfur og frelsar y\u00f0ur\u201c.5\u00de\u00e1 munu augu hinna blindu upp l\u00fakast, og opnast eyru hinna daufu;6\u00fe\u00e1 mun hinn halti l\u00e9tta s\u00e9r, sem hj\u00f6rtur, og tunga hins m\u00e1llausa fagna <a href=\"https:\/\/biblian.is\/videy\/jesaja-35-kafli\/\"> [&#8230;]<\/a><\/p>\n","protected":false},"author":1,"featured_media":0,"parent":0,"menu_order":0,"comment_status":"open","ping_status":"open","template":"bibliukaflar.php","meta":{"footnotes":""},"class_list":["post-21563","page","type-page","status-publish","hentry"],"_links":{"self":[{"href":"https:\/\/biblian.is\/videy\/wp-json\/wp\/v2\/pages\/21563","targetHints":{"allow":["GET"]}}],"collection":[{"href":"https:\/\/biblian.is\/videy\/wp-json\/wp\/v2\/pages"}],"about":[{"href":"https:\/\/biblian.is\/videy\/wp-json\/wp\/v2\/types\/page"}],"author":[{"embeddable":true,"href":"https:\/\/biblian.is\/videy\/wp-json\/wp\/v2\/users\/1"}],"replies":[{"embeddable":true,"href":"https:\/\/biblian.is\/videy\/wp-json\/wp\/v2\/comments?post=21563"}],"version-history":[{"count":0,"href":"https:\/\/biblian.is\/videy\/wp-json\/wp\/v2\/pages\/21563\/revisions"}],"wp:attachment":[{"href":"https:\/\/biblian.is\/videy\/wp-json\/wp\/v2\/media?parent=21563"}],"curies":[{"name":"wp","href":"https:\/\/api.w.org\/{rel}","templated":true}]}}