{"id":21562,"date":"2018-01-02T01:02:41","date_gmt":"2018-01-02T01:02:41","guid":{"rendered":"http:\/\/biblian.is\/videy\/jesaja-34-kafli\/"},"modified":"2018-01-02T01:02:41","modified_gmt":"2018-01-02T01:02:41","slug":"jesaja-34-kafli","status":"publish","type":"page","link":"https:\/\/biblian.is\/videy\/jesaja-34-kafli\/","title":{"rendered":"Jesaja 34. kafli"},"content":{"rendered":"<div class=\"fyrirsognVidey\">Rei\u00f0id\u00f3mur Gu\u00f0s yfir \u00f3vinum Gu\u00f0s safna\u00f0ar. Hegning Edomsmanna.<\/div>\n<p><a name=\"1\"><span class=\"versanumer\">1<\/span><\/a>Gangi\u00f0 n\u00e6r, \u00fe\u00e9r \u00fej\u00f3\u00f0ir, a\u00f0 \u00fe\u00e9r megi\u00f0 heyra! Gefi\u00f0 gaum, \u00fe\u00e9r l\u00fd\u00f0ir! Heyri \u00fea\u00f0 j\u00f6r\u00f0in, og hva\u00f0 sem \u00e1 henni er, heimskringlan, og allt sem \u00e1 henni sprettur!<a name=\"2\"><span class=\"versanumer\">2<\/span><\/a>Drottinn er rei\u00f0ur \u00f6llum hei\u00f0ingjum, og gramur \u00f6llum herflokkum \u00feeirra; hann hefir l\u00fdst yfir \u00feeim b\u00f6li og banni, og \u00e6tla\u00f0 \u00fe\u00e1 til sl\u00e1trunar:<a name=\"3\"><span class=\"versanumer\">3<\/span><\/a>hinum helslegnu m\u00f6nnum \u00feeirra mun ver\u00f0a burtkasta\u00f0, hr\u00e6vadaun upp st\u00edga af l\u00edkum \u00feeirra, og fj\u00f6llin renna sundur af bl\u00f3\u00f0i \u00feeirra.<a name=\"4\"><span class=\"versanumer\">4<\/span><\/a>Allur himinsins her hja\u00f0nar, og himinninn vefst saman eins og b\u00f3kfell; allur hans her hrynur ni\u00f0ur, eins og laufbla\u00f0 fellur af v\u00ednvi\u00f0i, og visinn \u00e1v\u00f6xtur af f\u00edkjutr\u00e9.<a name=\"5\"><span class=\"versanumer\">5<\/span><\/a>\u00dev\u00ed mitt sver\u00f0 \u00e1 himnum er bl\u00f3\u00f0\u00feyrst: \u00fea\u00f0 mun ofan fara yfir Edomsland, til hegningar \u00feeirri \u00fej\u00f3\u00f0, sem eg hefi l\u00fdst b\u00f6lvan yfir.<a name=\"6\"><span class=\"versanumer\">6<\/span><\/a>Sver\u00f0 Drottins er albl\u00f3\u00f0ugt, l\u00f6\u00f0randi af feiti, af bl\u00f3\u00f0i alilambanna og geithafranna, af n\u00fdrnam\u00f6r hr\u00fatanna; \u00fev\u00ed Drottinn efnar til f\u00f3rnarveislu \u00ed Bosraborg, og til st\u00f3rkostlegrar sl\u00e1tursf\u00f3rnar \u00ed Edomslandi.<a name=\"7\"><span class=\"versanumer\">7<\/span><\/a>\u00c1samt \u00feeim skulu \u00farar, ungneyti og sterkir uxar ofan ganga <span class='VideyAth'>(\u00e1 bl\u00f3\u00f0v\u00f6llinn)<\/span>: Land \u00feeirra <span class='VideyAth'>(Edomsmanna)<\/span> skal flj\u00f3ta \u00ed bl\u00f3\u00f0inu, og jar\u00f0vegurinn l\u00f6\u00f0ra af feitinni;<a name=\"8\"><span class=\"versanumer\">8<\/span><\/a>\u00fev\u00ed n\u00fa er kominn hefndardagur Drottins, endurgjalds \u00e1ri\u00f0 til a\u00f0 reka \u00feess r\u00e9ttar, er S\u00edonsborg hefir veri\u00f0 misbo\u00f0i\u00f0.<a name=\"9\"><span class=\"versanumer\">9<\/span><\/a>L\u00e6kir Bosraborgar skulu ver\u00f0a a\u00f0 biki, og jar\u00f0vegur hennar a\u00f0 brennusteini; land hennar skal ver\u00f0a a\u00f0 biki brennanda,<a name=\"10\"><span class=\"versanumer\">10<\/span><\/a>sem hv\u00f6rki skal slokkna n\u00e6tur n\u00e9 daga: til eil\u00edf\u00f0ar skal \u00feess reykur upp st\u00edga; fr\u00e1 einum mannsaldri til annars skal landi\u00f0 liggja \u00ed ey\u00f0i, og \u00fear skal engi um fara um alla eil\u00edf\u00f0.<a name=\"11\"><span class=\"versanumer\">11<\/span><\/a>Sarpg\u00e6sir og \u00edglar skulu eignast landi\u00f0, n\u00e1ttuglur og hrafnar skulu b\u00faa \u00fear. Landi\u00f0 <span class='VideyAth'>a)<\/span> skal ver\u00f0a gj\u00f6reytt og me\u00f0 \u00f6llu \u00f3byggilegt.<a name=\"12\"><span class=\"versanumer\">12<\/span><\/a>Af hinum e\u00f0albornu m\u00f6nnum landsins skal engi s\u00e1 eftir ver\u00f0a, er kj\u00f3sa megi til konungd\u00f3msins, \u00fev\u00ed allir h\u00f6f\u00f0ingjar landsins munu undir lok l\u00ed\u00f0a.<a name=\"13\"><span class=\"versanumer\">13<\/span><\/a>\u00cd h\u00f6llum landsins munu \u00feyrnar upp vaxa, og klungur og \u00feistlar \u00ed \u00feess v\u00edggirtu borgum; landi\u00f0 skal ver\u00f0a a\u00f0 drekab\u00e6li og str\u00fatsunga inni;<a name=\"14\"><span class=\"versanumer\">14<\/span><\/a>\u00fear skulu m\u00e6tast ur\u00f0arkettir og gull\u00falfar, og sk\u00f3gartr\u00f6ll kallast \u00e1: gr\u00fdlur skulu b\u00faa \u00fear, og finna s\u00e9r \u00fear h\u00e6li.<a name=\"15\"><span class=\"versanumer\">15<\/span><\/a>St\u00f6kkormurinn skal hafa \u00fear b\u00e6li sitt, leggja \u00fear eggjum, klekja \u00fat ungunum, og safna \u00feeim \u00ed skj\u00f3l vi\u00f0 sig; og gle\u00f0ur skulu flykkjast \u00fear hv\u00f6r til annarrar.<a name=\"16\"><span class=\"versanumer\">16<\/span><\/a>Leiti\u00f0 \u00ed b\u00f3k Drottins, og lesi\u00f0: Ekkert af \u00feessum <span class='VideyAth'>(d\u00fdrum)<\/span> skal vanta: ekkert \u00feeirra skal annars sakna; \u00fev\u00ed Drottins atkv\u00e6\u00f0i hefir svo tilskipa\u00f0, og hans m\u00e1ttur hefir stefnt \u00feeim \u00f6llum \u00feanga\u00f0;<a name=\"17\"><span class=\"versanumer\">17<\/span><\/a>Hann hefir sj\u00e1lfur kasta\u00f0 hlutum fyrir \u00feau, og hans h\u00f6nd skiptir landinu me\u00f0al \u00feeirra eftir m\u00e6li\u00fer\u00e6\u00f0i <span class='VideyAth'>b)<\/span>; til eil\u00edf\u00f0ar skulu \u00feau eignast \u00fea\u00f0, og b\u00faa \u00fear um aldur og \u00e6vi.<\/p>\n<div class=\"footnoteVidey\">V. 4. Me\u00f0 \u00feessum or\u00f0atilt\u00e6kjum afm\u00e1last hin \u00f3ttalegasta ey\u00f0ilegging.  V. 6. Bosraborg, h\u00f6fu\u00f0borgin \u00ed Edomslandi; alil\u00f6mb, geithafrar, hr\u00fatar, \u00fe. e. hinir \u00f3\u00e6\u00f0ri menn \u00ed landinu.  V. 7. Uxar, (villiuxar), o.s.fl., merkja h\u00f6f\u00f0ingjana.  V. 11. a. Hebr., hann mun spenna yfir \u00fea\u00f0 m\u00e6li\u00fer\u00e1\u00f0 au\u00f0narinnar og steinl\u00f3\u00f0 \u00f3byggilegleikans.  V. 15. Gle\u00f0a, hr\u00e6fugl af f\u00e1lkakyni (kallast glenta \u00ed f\u00e9lagsrit. 13,18).  V. 16. B\u00f3k Drottins, \u00fe. e. \u00ed \u00feessari sp\u00e1d\u00f3msb\u00f3k.  V. 17. b. \u00de. e. eftir r\u00e9ttri tilt\u00f6lu.<\/div>\n","protected":false},"excerpt":{"rendered":"<p>Rei\u00f0id\u00f3mur Gu\u00f0s yfir \u00f3vinum Gu\u00f0s safna\u00f0ar. Hegning Edomsmanna. 1Gangi\u00f0 n\u00e6r, \u00fe\u00e9r \u00fej\u00f3\u00f0ir, a\u00f0 \u00fe\u00e9r megi\u00f0 heyra! Gefi\u00f0 gaum, \u00fe\u00e9r l\u00fd\u00f0ir! Heyri \u00fea\u00f0 j\u00f6r\u00f0in, og hva\u00f0 sem \u00e1 henni er, heimskringlan, og allt sem \u00e1 henni sprettur!2Drottinn er rei\u00f0ur \u00f6llum hei\u00f0ingjum, og gramur \u00f6llum herflokkum \u00feeirra; hann hefir l\u00fdst yfir \u00feeim b\u00f6li og banni, og \u00e6tla\u00f0 \u00fe\u00e1 til sl\u00e1trunar:3hinum helslegnu m\u00f6nnum \u00feeirra mun ver\u00f0a burtkasta\u00f0, hr\u00e6vadaun upp st\u00edga af l\u00edkum \u00feeirra, og fj\u00f6llin renna sundur af bl\u00f3\u00f0i \u00feeirra.4Allur himinsins her hja\u00f0nar, og himinninn vefst saman eins og b\u00f3kfell; allur hans her hrynur ni\u00f0ur, eins og laufbla\u00f0 fellur af v\u00ednvi\u00f0i, og visinn <a href=\"https:\/\/biblian.is\/videy\/jesaja-34-kafli\/\"> [&#8230;]<\/a><\/p>\n","protected":false},"author":1,"featured_media":0,"parent":0,"menu_order":0,"comment_status":"open","ping_status":"open","template":"bibliukaflar.php","meta":{"footnotes":""},"class_list":["post-21562","page","type-page","status-publish","hentry"],"_links":{"self":[{"href":"https:\/\/biblian.is\/videy\/wp-json\/wp\/v2\/pages\/21562","targetHints":{"allow":["GET"]}}],"collection":[{"href":"https:\/\/biblian.is\/videy\/wp-json\/wp\/v2\/pages"}],"about":[{"href":"https:\/\/biblian.is\/videy\/wp-json\/wp\/v2\/types\/page"}],"author":[{"embeddable":true,"href":"https:\/\/biblian.is\/videy\/wp-json\/wp\/v2\/users\/1"}],"replies":[{"embeddable":true,"href":"https:\/\/biblian.is\/videy\/wp-json\/wp\/v2\/comments?post=21562"}],"version-history":[{"count":0,"href":"https:\/\/biblian.is\/videy\/wp-json\/wp\/v2\/pages\/21562\/revisions"}],"wp:attachment":[{"href":"https:\/\/biblian.is\/videy\/wp-json\/wp\/v2\/media?parent=21562"}],"curies":[{"name":"wp","href":"https:\/\/api.w.org\/{rel}","templated":true}]}}