{"id":21561,"date":"2018-01-02T01:02:41","date_gmt":"2018-01-02T01:02:41","guid":{"rendered":"http:\/\/biblian.is\/videy\/jesaja-33-kafli\/"},"modified":"2018-01-02T01:02:41","modified_gmt":"2018-01-02T01:02:41","slug":"jesaja-33-kafli","status":"publish","type":"page","link":"https:\/\/biblian.is\/videy\/jesaja-33-kafli\/","title":{"rendered":"Jesaja 33. kafli"},"content":{"rendered":"<div class=\"fyrirsognVidey\">Um frelsun Gy\u00f0inga undan herna\u00f0i Senakeribs.<\/div>\n<p><a name=\"1\"><span class=\"versanumer\">1<\/span><\/a>Vei \u00fe\u00e9r, sem herjar, \u00e1n \u00feess herja\u00f0 hafi veri\u00f0 \u00e1 \u00feig: sem gengur \u00e1 gri\u00f0in, \u00e1n \u00feess trygg\u00f0ir hafi veri\u00f0 rofnar vi\u00f0 \u00feig! \u00deegar \u00fe\u00fa ert h\u00e6ttur herna\u00f0inum, skal \u00e1 \u00feig sj\u00e1lfan herja\u00f0 ver\u00f0a; \u00feegar \u00fe\u00fa ert b\u00fainn a\u00f0 rj\u00fafa gri\u00f0in, skulu trygg\u00f0ir ver\u00f0a rofnar vi\u00f0 \u00feig.<a name=\"2\"><span class=\"versanumer\">2<\/span><\/a>Drottinn, vert oss l\u00edknsamur! V\u00e9r vonum \u00e1 \u00feig. Vertu vor styrkur \u00e1 hv\u00f6rjum morgni, og vort hj\u00e1lpr\u00e6\u00f0i \u00e1 ney\u00f0art\u00edmanum!<a name=\"3\"><span class=\"versanumer\">3<\/span><\/a>\u00deegar raust \u00fe\u00edn hlj\u00f3mar, fl\u00fdja \u00fej\u00f3\u00f0irnar; \u00feegar \u00fe\u00fa r\u00eds upp, tv\u00edstrast hei\u00f0ingjarnir.<a name=\"4\"><span class=\"versanumer\">4<\/span><\/a>\u00de\u00e1 mun y\u00f0ar herfangi ver\u00f0a safna\u00f0, eins og \u00feegar grasvargur er a\u00f0 t\u00edna; menn munu st\u00f6kkva \u00e1 herfangi\u00f0, eins og \u00feegar jar\u00f0vargar st\u00f6kkva.<a name=\"5\"><span class=\"versanumer\">5<\/span><\/a>H\u00e1leitur er Drottinn, hann sem b\u00fdr \u00e1 h\u00e6\u00f0um uppi: hann fyllir S\u00edonsborg me\u00f0 r\u00e9ttindum og r\u00e9ttl\u00e6ti.<a name=\"6\"><span class=\"versanumer\">6<\/span><\/a>\u00dev\u00ed v\u00edsd\u00f3mur og \u00feekking skal vera v\u00f6rn og hj\u00e1lparstyrkur \u00feinnar t\u00ed\u00f0ar, og \u00f3tti Drottins fj\u00e1rsj\u00f3\u00f0ur hennar.<a name=\"7\"><span class=\"versanumer\">7<\/span><\/a>Sj\u00e1! hetjurnar kalla um hj\u00e1lp \u00fati fyrir; fri\u00f0arbo\u00f0arnir gr\u00e1ta beisklega.<a name=\"8\"><span class=\"versanumer\">8<\/span><\/a>\u00dej\u00f3\u00f0vegirnir eru aflag\u00f0ir: fer\u00f0amenn eru h\u00e6ttir a\u00f0 fara um farinn veg. Hann hefir rofi\u00f0 s\u00e1ttm\u00e1lann, hann fyrirl\u00edtur borgirnar, og skeytir engum manni.<a name=\"9\"><span class=\"versanumer\">9<\/span><\/a>Landi\u00f0 s\u00fdtir og syrgir; L\u00edbanonssk\u00f3gur fyrirver\u00f0ur sig, hann er visna\u00f0ur: Saronsv\u00f6llur er eins og au\u00f0n: Basanshei\u00f0i og Karmelsfjall hafa kasta\u00f0 skr\u00fa\u00f0inu.<a name=\"10\"><span class=\"versanumer\">10<\/span><\/a>N\u00fa vil eg uppr\u00edsa, segir Drottinn, n\u00fa vil eg au\u00f0s\u00fdna mig h\u00e1tignarlegan, og tj\u00e1 mig voldugan.<a name=\"11\"><span class=\"versanumer\">11<\/span><\/a>\u00de\u00e9r gangi\u00f0 me\u00f0 gras, og ali\u00f0 h\u00e1lm: y\u00f0ar andi er eldur, og s\u00e1 eldur skal ey\u00f0a y\u00f0ur.<a name=\"12\"><span class=\"versanumer\">12<\/span><\/a>\u00dej\u00f3\u00f0irnar skulu ver\u00f0a a\u00f0 kalkbrennu: \u00fe\u00e6r skulu \u00ed eldi brenndar ver\u00f0a, sem upph\u00f6ggnir \u00feyrnar.<a name=\"13\"><span class=\"versanumer\">13<\/span><\/a>Heyri\u00f0, \u00fe\u00e9r sem fjarl\u00e6gir eru\u00f0, hva\u00f0 eg hefi gj\u00f6rt; \u00fe\u00e9r sem n\u00e1l\u00e6gir eru\u00f0, g\u00e6ti\u00f0 a\u00f0 m\u00ednum styrkleika!<a name=\"14\"><span class=\"versanumer\">14<\/span><\/a>Hinir syndugu \u00ed S\u00edonsborg eru \u00f3ttaslegnir: skj\u00e1lfti gagntekur hina gu\u00f0lausu: \u201ehv\u00f6r er s\u00e1 \u00e1 me\u00f0al vor <span class='VideyAth'>(segja \u00feeir)<\/span>, sem b\u00faa megi vi\u00f0 brennanda eld? Hv\u00f6r af oss getur b\u00fai\u00f0 hj\u00e1 eil\u00edfum gl\u00f3\u00f0um\u201c?<a name=\"15\"><span class=\"versanumer\">15<\/span><\/a>S\u00e1 sem framgengur r\u00e9ttv\u00edslega og talar sannleika, s\u00e1 sem hafnar \u00feeim \u00e1vinningi, sem f\u00e6st me\u00f0 ofr\u00edki, s\u00e1 sem bandar hendi sinni m\u00f3ti f\u00e9gj\u00f6fum, s\u00e1 sem byrgir fyrir eyru s\u00edn, svo hann skuli ekki heyra til, \u00feegar r\u00e1\u00f0in eru manndr\u00e1p, s\u00e1 sem afturlykur augum s\u00ednum, svo hann sj\u00e1i ekki \u00fea\u00f0, sem illt er:<a name=\"16\"><span class=\"versanumer\">16<\/span><\/a>s\u00e1 skal b\u00faa uppi \u00e1 h\u00e6\u00f0unum, hamraborgirnar skulu vera hans v\u00edgi: brau\u00f0i\u00f0 skal ver\u00f0a f\u00e6rt honum, og vatni\u00f0 handa honum skal aldrei \u00feverra.<a name=\"17\"><span class=\"versanumer\">17<\/span><\/a>Augu \u00fe\u00edn skulu sj\u00e1 konunginn \u00ed lj\u00f3ma s\u00ednum; \u00feau skulu horfa \u00e1 landi\u00f0 v\u00ed\u00f0s vegar.<a name=\"18\"><span class=\"versanumer\">18<\/span><\/a>Hjarta \u00feitt mun hugsa til hinna \u00f3ttalegu t\u00edmanna <span class='VideyAth'>(og segja)<\/span>: hvar er mannkv\u00f6\u00f0uma\u00f0urinn? hvar er skattakarlinn? hvar er hann, sem telur turnana?<a name=\"19\"><span class=\"versanumer\">19<\/span><\/a>\u00de\u00fa skalt ekki framar sj\u00e1 hina ofstopafullu \u00fej\u00f3\u00f0, sem talar svo \u00f3gl\u00f6ggt m\u00e1l, a\u00f0 ekki ver\u00f0ur numi\u00f0, og svo \u00f3skilmerkilega tungu, a\u00f0 engi f\u00e6r skili\u00f0.<a name=\"20\"><span class=\"versanumer\">20<\/span><\/a>\u00de\u00fa munt horfa \u00e1 S\u00edonsborg, vorn samkundusta\u00f0; augu \u00fe\u00edn munu sj\u00e1 Jer\u00fasalemsborg, hinn \u00f6rugga b\u00fasta\u00f0inn, \u00fe\u00e1 tjaldb\u00fa\u00f0ina, sem aldrei ver\u00f0ur \u00far sta\u00f0 f\u00e6r\u00f0, og aldrei losna h\u00e6lar hennar, og aldrei slitna st\u00f6g hennar.<a name=\"21\"><span class=\"versanumer\">21<\/span><\/a>\u00dev\u00ed Drottinn hinn allsvoldugi mun vera oss \u00fear \u00ed sta\u00f0 vatnsfalla, eins og brei\u00f0 flj\u00f3t, hvar engar r\u00f3\u00f0rarferjur geta gengi\u00f0, og engin st\u00f3rskip um fari\u00f0.<a name=\"22\"><span class=\"versanumer\">22<\/span><\/a>\u00dev\u00ed Drottinn, vor d\u00f3mari, Drottinn, vor l\u00f6ggjafi, Drottinn, vor konungur, mun frelsa oss.<a name=\"23\"><span class=\"versanumer\">23<\/span><\/a>Stagirnir \u00e1 skipi \u00fe\u00ednu eru lausir, siglu\u00fe\u00f3ftan ekki skor\u00f0u\u00f0, og segli\u00f0 ekki \u00fatflett. N\u00fa skal \u00feegar taka til a\u00f0 skipta \u00fev\u00ed mikla herfangi, sem r\u00e6nt hefir veri\u00f0; jafnvel hinir h\u00f6ltu skulu r\u00e6na,<a name=\"24\"><span class=\"versanumer\">24<\/span><\/a>og enginn af innbyggjendum borgarinnar skal segja: eg er sj\u00fakur. F\u00f3lkinu, sem \u00ed borginni b\u00fdr, eru syndir \u00feess fyrirgefnar.<\/p>\n<div class=\"footnoteVidey\"><\/div>\n","protected":false},"excerpt":{"rendered":"<p>Um frelsun Gy\u00f0inga undan herna\u00f0i Senakeribs. 1Vei \u00fe\u00e9r, sem herjar, \u00e1n \u00feess herja\u00f0 hafi veri\u00f0 \u00e1 \u00feig: sem gengur \u00e1 gri\u00f0in, \u00e1n \u00feess trygg\u00f0ir hafi veri\u00f0 rofnar vi\u00f0 \u00feig! \u00deegar \u00fe\u00fa ert h\u00e6ttur herna\u00f0inum, skal \u00e1 \u00feig sj\u00e1lfan herja\u00f0 ver\u00f0a; \u00feegar \u00fe\u00fa ert b\u00fainn a\u00f0 rj\u00fafa gri\u00f0in, skulu trygg\u00f0ir ver\u00f0a rofnar vi\u00f0 \u00feig.2Drottinn, vert oss l\u00edknsamur! V\u00e9r vonum \u00e1 \u00feig. Vertu vor styrkur \u00e1 hv\u00f6rjum morgni, og vort hj\u00e1lpr\u00e6\u00f0i \u00e1 ney\u00f0art\u00edmanum!3\u00deegar raust \u00fe\u00edn hlj\u00f3mar, fl\u00fdja \u00fej\u00f3\u00f0irnar; \u00feegar \u00fe\u00fa r\u00eds upp, tv\u00edstrast hei\u00f0ingjarnir.4\u00de\u00e1 mun y\u00f0ar herfangi ver\u00f0a safna\u00f0, eins og \u00feegar grasvargur er a\u00f0 t\u00edna; menn munu st\u00f6kkva \u00e1 herfangi\u00f0, eins <a href=\"https:\/\/biblian.is\/videy\/jesaja-33-kafli\/\"> [&#8230;]<\/a><\/p>\n","protected":false},"author":1,"featured_media":0,"parent":0,"menu_order":0,"comment_status":"open","ping_status":"open","template":"bibliukaflar.php","meta":{"footnotes":""},"class_list":["post-21561","page","type-page","status-publish","hentry"],"_links":{"self":[{"href":"https:\/\/biblian.is\/videy\/wp-json\/wp\/v2\/pages\/21561","targetHints":{"allow":["GET"]}}],"collection":[{"href":"https:\/\/biblian.is\/videy\/wp-json\/wp\/v2\/pages"}],"about":[{"href":"https:\/\/biblian.is\/videy\/wp-json\/wp\/v2\/types\/page"}],"author":[{"embeddable":true,"href":"https:\/\/biblian.is\/videy\/wp-json\/wp\/v2\/users\/1"}],"replies":[{"embeddable":true,"href":"https:\/\/biblian.is\/videy\/wp-json\/wp\/v2\/comments?post=21561"}],"version-history":[{"count":0,"href":"https:\/\/biblian.is\/videy\/wp-json\/wp\/v2\/pages\/21561\/revisions"}],"wp:attachment":[{"href":"https:\/\/biblian.is\/videy\/wp-json\/wp\/v2\/media?parent=21561"}],"curies":[{"name":"wp","href":"https:\/\/api.w.org\/{rel}","templated":true}]}}