{"id":21560,"date":"2018-01-02T01:02:41","date_gmt":"2018-01-02T01:02:41","guid":{"rendered":"http:\/\/biblian.is\/videy\/jesaja-32-kafli\/"},"modified":"2018-01-02T01:02:41","modified_gmt":"2018-01-02T01:02:41","slug":"jesaja-32-kafli","status":"publish","type":"page","link":"https:\/\/biblian.is\/videy\/jesaja-32-kafli\/","title":{"rendered":"Jesaja 32. kafli"},"content":{"rendered":"<div class=\"fyrirsognVidey\">R\u00e9ttl\u00e1tur konungur. Vi\u00f0r\u00e9tting landsins eftir eymdarhag \u00feess.<\/div>\n<p><a name=\"1\"><span class=\"versanumer\">1<\/span><\/a>Sj\u00e1! s\u00e1 konungur skal koma, sem r\u00edkja mun \u00ed r\u00e9ttl\u00e6ti, og h\u00f6f\u00f0ingjar, sem stj\u00f3rna munu me\u00f0 r\u00e9ttv\u00edsi.<a name=\"2\"><span class=\"versanumer\">2<\/span><\/a>S\u00e1 ma\u00f0ur skal koma, sem vera mun eins og hl\u00e9 fyrir vindi, og skj\u00f3l fyrir sk\u00farum, eins og vatnsl\u00e6kir \u00ed \u00f6r\u00e6fum, og sem skuggi af st\u00f3rum hamri \u00ed vatnslausu landi.<a name=\"3\"><span class=\"versanumer\">3<\/span><\/a>\u00de\u00e1 skulu ekki afturlukt vera augu \u00feeirra, sem sj\u00e1, og eyru \u00feeirra, sem heyra, skulu vera eftirtektars\u00f6m.<a name=\"4\"><span class=\"versanumer\">4<\/span><\/a>Hj\u00f6rtu hina hviklyndu skulu veita viskunni athygli, og tunga \u00feeirra, sem sama, skal tala li\u00f0ugt og sk\u00edrt.<a name=\"5\"><span class=\"versanumer\">5<\/span><\/a>Heimskur ma\u00f0ur skal ekki framar kallast g\u00f3\u00f0meni, og undirf\u00f6rull ma\u00f0ur ekki heita g\u00f6fugmenni.<a name=\"6\"><span class=\"versanumer\">6<\/span><\/a>\u00dev\u00ed heimskur ma\u00f0ur talar heimsku, og hjarta hans fer me\u00f0 \u00fea\u00f0 sem h\u00e9g\u00f3mlegt <span class='VideyAth'>(syndsamlegt)<\/span> er, svo hann kemur \u00f6\u00f0rum til a\u00f0 bera \u00f3vir\u00f0ingu fyrir Gu\u00f0i, og lokkar me\u00f0 or\u00f0um s\u00ednum a\u00f0ra menn til a\u00f0 falla fr\u00e1 Drottni, l\u00e6tur hinn hungra\u00f0a skorta f\u00e6\u00f0u, og hinn \u00feyrsta drykk.<a name=\"7\"><span class=\"versanumer\">7<\/span><\/a>Vopn hins undirf\u00f6rula eru ska\u00f0v\u00e6nleg: hann upphugsar pretti, til \u00feess a\u00f0 spilla fyrir hinum umkomulausa, og \u00fea\u00f0 jafnvel \u00fe\u00f3 hinn f\u00e1t\u00e6ki hafi satt a\u00f0 m\u00e6la.<a name=\"8\"><span class=\"versanumer\">8<\/span><\/a>En g\u00f3\u00f0ur ma\u00f0ur hugsar um \u00fea\u00f0, sem g\u00f3\u00f0um manni s\u00e6mir, og stendur st\u00f6\u00f0ugur \u00ed \u00fev\u00ed, sem g\u00f3\u00f0mannlegt er. <br \/><a name=\"9\"><span class=\"versanumer\">9<\/span><\/a>Standi\u00f0 upp, \u00fe\u00e9r andvaralausu kvinnur <span class='VideyAth'>b)<\/span>, og heyri\u00f0 m\u00edna raust! \u00fe\u00e9r ugglausu d\u00e6tur, hlusti\u00f0 \u00e1 m\u00edn or\u00f0!<a name=\"10\"><span class=\"versanumer\">10<\/span><\/a>A\u00f0 \u00e1ri \u00ed \u00feetta mund skulu\u00f0 \u00fe\u00e9r, hinar ugglausu, skelfast, \u00feegar v\u00ednberjalesturinn bregst, og ekkert n\u00e6st inn af korni.<a name=\"11\"><span class=\"versanumer\">11<\/span><\/a>Hr\u00e6\u00f0ist, \u00fe\u00e9r hinar andvaralausu! Skelfist, \u00fe\u00e9r hinar ugglausu! Fari\u00f0 af kl\u00e6\u00f0um og veri\u00f0 naktar, og leggi\u00f0 h\u00e1rkl\u00e6\u00f0i um lendar y\u00f0ar.<a name=\"12\"><span class=\"versanumer\">12<\/span><\/a>Menn bera sig h\u00f6rmulega vegna akranna, vegna hinna f\u00f6gru kornakra, vegna hins frj\u00f3vsama v\u00ednvi\u00f0ar.<a name=\"13\"><span class=\"versanumer\">13<\/span><\/a>\u00c1 akurl\u00f6ndum m\u00edns f\u00f3lks, j\u00e1 \u00e1 \u00f6llum gle\u00f0innar h\u00edb\u00fdlum \u00ed hinni gla\u00f0v\u00e6ru borg skulu vaxa \u00feyrnar og \u00feistlar.<a name=\"14\"><span class=\"versanumer\">14<\/span><\/a>Hallirnar skulu vera \u00ed ey\u00f0i, og hin fj\u00f6lmenna borg yfirgefin; h\u00e6\u00f0ir og turnar skulu ver\u00f0a a\u00f0 hellrum til eil\u00edf\u00f0ar, sk\u00f3gar\u00f6snum til skemmtunar og hj\u00f6r\u00f0um til hagbeitar:<a name=\"15\"><span class=\"versanumer\">15<\/span><\/a>\u00fear til loksins yfir oss ver\u00f0ur \u00fathelltur andi af h\u00e6\u00f0um; \u00fe\u00e1 skal ey\u00f0im\u00f6rkin ver\u00f0a a\u00f0 aldinm\u00f6rk, og aldinm\u00f6rkin a\u00f0 sk\u00f3garm\u00f6rk;<a name=\"16\"><span class=\"versanumer\">16<\/span><\/a>\u00fe\u00e1 skulu r\u00e9ttindin b\u00faa \u00e1 ey\u00f0im\u00f6rkinni og r\u00e9ttl\u00e6ti\u00f0 hafa sitt a\u00f0setur \u00ed aldinsk\u00f3ginum.<a name=\"17\"><span class=\"versanumer\">17<\/span><\/a>\u00c1v\u00f6xtur r\u00e9ttl\u00e6tisins skal vera fri\u00f0ur: og \u00e1rangur r\u00e9ttl\u00e6tisins, r\u00f3semi og \u00f6ruggleiki.<a name=\"18\"><span class=\"versanumer\">18<\/span><\/a>Mitt f\u00f3lk skal b\u00faa \u00ed h\u00edb\u00fdlum fri\u00f0arins, \u00ed heimkynnum \u00f6ruggleikans, \u00ed hv\u00edldarsta\u00f0 r\u00f3seminnar.<a name=\"19\"><span class=\"versanumer\">19<\/span><\/a>En hagli skal rigna, \u00feegar sk\u00f3gurinn <span class='VideyAth'>c)<\/span> hrynur ni\u00f0ur, og borgin <span class='VideyAth'>d)<\/span> skal dj\u00fapt ni\u00f0url\u00e6g\u00f0 ver\u00f0a.<a name=\"20\"><span class=\"versanumer\">20<\/span><\/a>S\u00e6lir eru\u00f0 \u00fe\u00e9r, sem hv\u00f6rgi s\u00e1i\u00f0 nema vi\u00f0 v\u00f6tn, og l\u00e1ti\u00f0 uxana og asnana ganga sj\u00e1lfala.<\/p>\n<div class=\"footnoteVidey\">V. 9. b. Kvinnur, d\u00e6tur, borgirnar \u00ed J\u00fadar\u00edki, e\u00f0a innbyggjendur \u00feeirra.  V. 19. c. Sk\u00f3gurinn, Ass\u00fdr\u00eduland, borgin, Bab\u00fdlon e\u00f0a Ninive.<\/div>\n","protected":false},"excerpt":{"rendered":"<p>R\u00e9ttl\u00e1tur konungur. Vi\u00f0r\u00e9tting landsins eftir eymdarhag \u00feess. 1Sj\u00e1! s\u00e1 konungur skal koma, sem r\u00edkja mun \u00ed r\u00e9ttl\u00e6ti, og h\u00f6f\u00f0ingjar, sem stj\u00f3rna munu me\u00f0 r\u00e9ttv\u00edsi.2S\u00e1 ma\u00f0ur skal koma, sem vera mun eins og hl\u00e9 fyrir vindi, og skj\u00f3l fyrir sk\u00farum, eins og vatnsl\u00e6kir \u00ed \u00f6r\u00e6fum, og sem skuggi af st\u00f3rum hamri \u00ed vatnslausu landi.3\u00de\u00e1 skulu ekki afturlukt vera augu \u00feeirra, sem sj\u00e1, og eyru \u00feeirra, sem heyra, skulu vera eftirtektars\u00f6m.4Hj\u00f6rtu hina hviklyndu skulu veita viskunni athygli, og tunga \u00feeirra, sem sama, skal tala li\u00f0ugt og sk\u00edrt.5Heimskur ma\u00f0ur skal ekki framar kallast g\u00f3\u00f0meni, og undirf\u00f6rull ma\u00f0ur ekki heita g\u00f6fugmenni.6\u00dev\u00ed heimskur ma\u00f0ur talar <a href=\"https:\/\/biblian.is\/videy\/jesaja-32-kafli\/\"> [&#8230;]<\/a><\/p>\n","protected":false},"author":1,"featured_media":0,"parent":0,"menu_order":0,"comment_status":"open","ping_status":"open","template":"bibliukaflar.php","meta":{"footnotes":""},"class_list":["post-21560","page","type-page","status-publish","hentry"],"_links":{"self":[{"href":"https:\/\/biblian.is\/videy\/wp-json\/wp\/v2\/pages\/21560","targetHints":{"allow":["GET"]}}],"collection":[{"href":"https:\/\/biblian.is\/videy\/wp-json\/wp\/v2\/pages"}],"about":[{"href":"https:\/\/biblian.is\/videy\/wp-json\/wp\/v2\/types\/page"}],"author":[{"embeddable":true,"href":"https:\/\/biblian.is\/videy\/wp-json\/wp\/v2\/users\/1"}],"replies":[{"embeddable":true,"href":"https:\/\/biblian.is\/videy\/wp-json\/wp\/v2\/comments?post=21560"}],"version-history":[{"count":0,"href":"https:\/\/biblian.is\/videy\/wp-json\/wp\/v2\/pages\/21560\/revisions"}],"wp:attachment":[{"href":"https:\/\/biblian.is\/videy\/wp-json\/wp\/v2\/media?parent=21560"}],"curies":[{"name":"wp","href":"https:\/\/api.w.org\/{rel}","templated":true}]}}