{"id":21559,"date":"2018-01-02T01:02:41","date_gmt":"2018-01-02T01:02:41","guid":{"rendered":"http:\/\/biblian.is\/videy\/jesaja-31-kafli\/"},"modified":"2018-01-02T01:02:41","modified_gmt":"2018-01-02T01:02:41","slug":"jesaja-31-kafli","status":"publish","type":"page","link":"https:\/\/biblian.is\/videy\/jesaja-31-kafli\/","title":{"rendered":"Jesaja 31. kafli"},"content":{"rendered":"<div class=\"fyrirsognVidey\">Sama efni, a\u00f0 Gy\u00f0ingar skyldu ekki rei\u00f0a sig \u00e1 hj\u00e1lp Egypta, heldur treysta Drottni, sem sj\u00e1lfur mundi ey\u00f0a her Ass\u00fdr\u00edumanna.<\/div>\n<p><a name=\"1\"><span class=\"versanumer\">1<\/span><\/a>Vei \u00feeim, sem fara ofan til Egyptalands eftir li\u00f0styrk, sem rei\u00f0a sig \u00e1 hesta og treysta \u00e1 vagna, af \u00fev\u00ed \u00feeir s\u00e9u margir, og \u00e1 riddara, af \u00fev\u00ed \u00feeir s\u00e9u mj\u00f6g sterkir, en renna ekki augum til hins heilaga \u00cdsraels Gu\u00f0s, og leita ekki Drottins.<a name=\"2\"><span class=\"versanumer\">2<\/span><\/a>Hann er \u00fe\u00f3 a\u00f0 v\u00edsu v\u00edsd\u00f3msfullur: hann getur l\u00e1ti\u00f0 \u00f3g\u00e6funa yfir koma, og hann tekur ekki or\u00f0 s\u00edn aftur; hann r\u00eds upp \u00ed m\u00f3ti h\u00fasi illvirkjanna, og \u00ed m\u00f3ti \u00feeim, sem li\u00f0 veita misgj\u00f6r\u00f0am\u00f6nnunum.<a name=\"3\"><span class=\"versanumer\">3<\/span><\/a>Egyptar eru menn, en enginn Gu\u00f0; hestar \u00feeirra eru hold, en ekki andi. \u00deegar Drottinn \u00fatr\u00e9ttir s\u00edna h\u00f6nd, \u00fe\u00e1 hrasar li\u00f0veisluma\u00f0urinn, og s\u00e1 dettur, sem li\u00f0veisluna hefir \u00feegi\u00f0, svo \u00feeir tort\u00fdnast allir, hv\u00f6r me\u00f0 \u00f6\u00f0rum.<a name=\"4\"><span class=\"versanumer\">4<\/span><\/a>\u00dev\u00ed svo hefir Drottinn sagt til m\u00edn: eins og lj\u00f3ni\u00f0 og lj\u00f3nsk\u00e1lfurinn \u00f6skrar yfir br\u00e1\u00f0 sinni, og breg\u00f0a s\u00e9r ekki, \u00fe\u00f3 fj\u00f6lda hjar\u00f0manna s\u00e9 stefnt saman m\u00f3ti \u00feeim, hr\u00e6\u00f0ast ekki h\u00e1reysti \u00feeirra, og l\u00e1ta ekki hugfallast vi\u00f0 mannmerg\u00f0ina: eins mun Drottinn allsherjar ofan st\u00edga til a\u00f0 verja me\u00f0 herskildi S\u00edonsfjall og h\u00e6\u00f0ir \u00feess.<a name=\"5\"><span class=\"versanumer\">5<\/span><\/a>Eins og fuglar eru \u00e1 fl\u00f6kti <span class='VideyAth'>(yfir hrei\u00f0ri s\u00ednu)<\/span>, eins mun Drottinn allsherjar vera hl\u00edfskj\u00f6ldur Jer\u00fasalemsborgar, hl\u00edfa henni og frelsa hana, verja hana og bjarga henni.<a name=\"6\"><span class=\"versanumer\">6<\/span><\/a>Sn\u00fai\u00f0 aftur, \u00fe\u00e9r \u00cdsraelsmenn, til hans, hv\u00f6rjum \u00fe\u00e9r eru\u00f0 svo langt fr\u00e1horfnir.<a name=\"7\"><span class=\"versanumer\">7<\/span><\/a>\u00c1 \u00feeim degi mun s\u00e9rhv\u00f6r y\u00f0ar hafna \u00feeim silfurgo\u00f0um og gullgo\u00f0um, sem hendur y\u00f0ar hafa gj\u00f6rt til a\u00f0 syndgast \u00e1.<a name=\"8\"><span class=\"versanumer\">8<\/span><\/a>Ass\u00fdr\u00edukonungur skal fyrir sver\u00f0i falla, en ekki fyrir mannahendi: sver\u00f0 skal ver\u00f0a honum a\u00f0 bana, en ekkert manns sver\u00f0. Hann skal undan sver\u00f0i fl\u00fdja, og \u00e6skumenn hans ver\u00f0a \u00e1nau\u00f0ugir.<a name=\"9\"><span class=\"versanumer\">9<\/span><\/a>Fyrir hr\u00e6\u00f0slusakir skal hann fara framhj\u00e1 \u00fev\u00ed hellubjargi, hvar hann g\u00e6ti haft h\u00e6li, og h\u00f6f\u00f0ingjar hans skulu fl\u00fdja \u00ed ofbo\u00f0i undan merkjunum, segir Drottinn, s\u00e1 e\u00f0 hefir sinn eld \u00e1 S\u00edonsfjalli og ofn sinn <span class='VideyAth'>a)<\/span> \u00ed Jer\u00fasalemsborg.<\/p>\n<div class=\"footnoteVidey\">V. 9. Sinn eld og ofn sinn, \u00fe. e. altari sitt.<\/div>\n","protected":false},"excerpt":{"rendered":"<p>Sama efni, a\u00f0 Gy\u00f0ingar skyldu ekki rei\u00f0a sig \u00e1 hj\u00e1lp Egypta, heldur treysta Drottni, sem sj\u00e1lfur mundi ey\u00f0a her Ass\u00fdr\u00edumanna. 1Vei \u00feeim, sem fara ofan til Egyptalands eftir li\u00f0styrk, sem rei\u00f0a sig \u00e1 hesta og treysta \u00e1 vagna, af \u00fev\u00ed \u00feeir s\u00e9u margir, og \u00e1 riddara, af \u00fev\u00ed \u00feeir s\u00e9u mj\u00f6g sterkir, en renna ekki augum til hins heilaga \u00cdsraels Gu\u00f0s, og leita ekki Drottins.2Hann er \u00fe\u00f3 a\u00f0 v\u00edsu v\u00edsd\u00f3msfullur: hann getur l\u00e1ti\u00f0 \u00f3g\u00e6funa yfir koma, og hann tekur ekki or\u00f0 s\u00edn aftur; hann r\u00eds upp \u00ed m\u00f3ti h\u00fasi illvirkjanna, og \u00ed m\u00f3ti \u00feeim, sem li\u00f0 veita misgj\u00f6r\u00f0am\u00f6nnunum.3Egyptar eru menn, <a href=\"https:\/\/biblian.is\/videy\/jesaja-31-kafli\/\"> [&#8230;]<\/a><\/p>\n","protected":false},"author":1,"featured_media":0,"parent":0,"menu_order":0,"comment_status":"open","ping_status":"open","template":"bibliukaflar.php","meta":{"footnotes":""},"class_list":["post-21559","page","type-page","status-publish","hentry"],"_links":{"self":[{"href":"https:\/\/biblian.is\/videy\/wp-json\/wp\/v2\/pages\/21559","targetHints":{"allow":["GET"]}}],"collection":[{"href":"https:\/\/biblian.is\/videy\/wp-json\/wp\/v2\/pages"}],"about":[{"href":"https:\/\/biblian.is\/videy\/wp-json\/wp\/v2\/types\/page"}],"author":[{"embeddable":true,"href":"https:\/\/biblian.is\/videy\/wp-json\/wp\/v2\/users\/1"}],"replies":[{"embeddable":true,"href":"https:\/\/biblian.is\/videy\/wp-json\/wp\/v2\/comments?post=21559"}],"version-history":[{"count":0,"href":"https:\/\/biblian.is\/videy\/wp-json\/wp\/v2\/pages\/21559\/revisions"}],"wp:attachment":[{"href":"https:\/\/biblian.is\/videy\/wp-json\/wp\/v2\/media?parent=21559"}],"curies":[{"name":"wp","href":"https:\/\/api.w.org\/{rel}","templated":true}]}}