{"id":21557,"date":"2018-01-02T01:02:41","date_gmt":"2018-01-02T01:02:41","guid":{"rendered":"http:\/\/biblian.is\/videy\/jesaja-29-kafli\/"},"modified":"2018-01-02T01:02:41","modified_gmt":"2018-01-02T01:02:41","slug":"jesaja-29-kafli","status":"publish","type":"page","link":"https:\/\/biblian.is\/videy\/jesaja-29-kafli\/","title":{"rendered":"Jesaja 29. kafli"},"content":{"rendered":"<div class=\"fyrirsognVidey\">Drottinn frelsar Jer\u00fasalemsborg \u00far hersh\u00f6ndum; blindni \u00fej\u00f3\u00f0arinnar og afturhvarf \u00e1 betra veg.<\/div>\n<p><a name=\"1\"><span class=\"versanumer\">1<\/span><\/a>\u00c6, Ar\u00edelsborg, Ar\u00edelsborg, \u00fe\u00fa a\u00f0seturssta\u00f0ur Dav\u00ed\u00f0s! \u00deegar enn er komi\u00f0 eitt \u00e1r, og a\u00f0 li\u00f0num einum h\u00e1t\u00ed\u00f0ahring,<a name=\"2\"><span class=\"versanumer\">2<\/span><\/a>vil eg \u00ferengja svo a\u00f0 Ar\u00edelsborg, a\u00f0 \u00fear skal vera eint\u00f3m hrygg\u00f0 og angist; en h\u00fan mun reynast m\u00e9r eins og <span class='VideyAth'>(sannkalla\u00f0)<\/span> altari Gu\u00f0s.<a name=\"3\"><span class=\"versanumer\">3<\/span><\/a>Eg vil setja herb\u00fa\u00f0ir allt \u00ed kring um \u00feig, \u00ferengja a\u00f0 \u00fe\u00e9r me\u00f0 herli\u00f0i, og reisa hervirki \u00e1 m\u00f3ti \u00fe\u00e9r.<a name=\"4\"><span class=\"versanumer\">4<\/span><\/a>\u00de\u00fa skalt ni\u00f0url\u00e6g\u00f0 ver\u00f0a: liggjandi \u00e1 j\u00f6r\u00f0u skaltu m\u00e6la, og \u00far moldardufti tala \u00ed h\u00e1lfum hlj\u00f3\u00f0um; r\u00f6dd \u00fe\u00edn skal koma ne\u00f0an \u00far j\u00f6r\u00f0, eins og draugsr\u00f6dd, og \u00fe\u00fa skalt \u00fdlfra m\u00e6\u00f0ulega upp \u00far moldinni.<a name=\"5\"><span class=\"versanumer\">5<\/span><\/a>En merg\u00f0 fjandmanna \u00feinna skal ver\u00f0a a\u00f0 \u00feunnu moldarryki, og fj\u00f6ldi ofs\u00f3knarmanna \u00feinna a\u00f0 fj\u00fakandi s\u00e1\u00f0um; og \u00fea\u00f0 skal ver\u00f0a skyndilega, \u00e1 einu augabrag\u00f0i.<a name=\"6\"><span class=\"versanumer\">6<\/span><\/a>Drottinn skal heims\u00e6kja \u00feenna \u00f3vinafj\u00f6lda me\u00f0 rei\u00f0a\u00ferumum, landskj\u00e1lftum og miklum gn\u00fd, fellibyljum, stormvi\u00f0ri og brennandi eldslogum.<a name=\"7\"><span class=\"versanumer\">7<\/span><\/a>Fyrir \u00f6llum \u00feeim mannfj\u00f6lda, sem fer lei\u00f0angur m\u00f3ti Ar\u00edelsborg, herjar \u00e1 hana og varnarvirki hennar, og \u00ferengir a\u00f0 henni, skal fara eins og \u00ed draumi \u00feeim, sem ber fyrir mann \u00e1 n\u00f3ttu.<a name=\"8\"><span class=\"versanumer\">8<\/span><\/a>Eins og hungra\u00f0an mann dreymir, a\u00f0 hann eti, en er \u00fe\u00f3 jafnmatlystugur, \u00feegar hann vaknar: eins og \u00feyrstan mann dreymir, a\u00f0 hann drekki, en er \u00fe\u00f3 jafnm\u00e1ttvana, \u00fe\u00e1 hann vaknar, af \u00fev\u00ed hann langar \u00ed svaladrykkinn: eins mun fara fyrir \u00f6llum \u00feeim mannfj\u00f6lda, sem herjar \u00e1 S\u00edonsfjall.<br \/><a name=\"9\"><span class=\"versanumer\">9<\/span><\/a>Falli\u00f0 \u00ed stafi og undrist! veri\u00f0 sj\u00f3nlausir og blindir! \u00deeir eru drukknir, en ekki af v\u00edni; \u00feeir reika, og \u00fe\u00f3 ekki af \u00e1fengum drykk.<a name=\"10\"><span class=\"versanumer\">10<\/span><\/a>\u00dev\u00ed Drottinn hefir \u00fathellt yfir y\u00f0ur svefnsemisanda; hann hefir afturlukt augum y\u00f0ar, og brug\u00f0i\u00f0 hulu yfir sp\u00e1mennina, og yfir \u00fe\u00e1 af h\u00f6f\u00f0ingjum y\u00f0ar, sem \u00feykjast f\u00e1 vitranir;<a name=\"11\"><span class=\"versanumer\">11<\/span><\/a>svo a\u00f0 \u00f6ll opinberan er y\u00f0ur sem or\u00f0 b\u00f3kar \u00feeirrar, sem innsiglu\u00f0 er. S\u00e9 h\u00fan fengin \u00feeim, sem kann a\u00f0 lesa, og sagt, \u201eles \u00fe\u00fa \u00feetta\u201c, \u00fe\u00e1 svarar hann: eg get \u00fea\u00f0 ekki, \u00fev\u00ed b\u00f3k \u00feessi er innsiglu\u00f0;<a name=\"12\"><span class=\"versanumer\">12<\/span><\/a>en s\u00e9 h\u00fan fengin \u00f3l\u00e6sum manni, og hann be\u00f0inn um a\u00f0 lesa hana, \u00fe\u00e1 segir hann: eg er ekki l\u00e6s.<a name=\"13\"><span class=\"versanumer\">13<\/span><\/a>En Drottinn segir: Me\u00f0 \u00fev\u00ed \u00feetta f\u00f3lk n\u00e1lgast mig me\u00f0 munni s\u00ednum, og hei\u00f0rar mig me\u00f0 v\u00f6rum s\u00ednum <span class='VideyAth'>(einungis)<\/span>, en fjarl\u00e6gir hjarta sitt langt \u00ed burt fr\u00e1 m\u00e9r, og me\u00f0 \u00fev\u00ed gu\u00f0hr\u00e6\u00f0sla \u00feeirra er innifalin \u00ed mannabo\u00f0or\u00f0um, sem \u00feeim hafa kennd veri\u00f0:<a name=\"14\"><span class=\"versanumer\">14<\/span><\/a>\u00deess vegna sj\u00e1, eg vil h\u00e9r eftir gj\u00f6ra \u00feetta f\u00f3lk a\u00f0 undri, og svo skal kynlega vi\u00f0 breg\u00f0a, a\u00f0 v\u00edsd\u00f3mur spekinga \u00feeirra skal undir lok l\u00ed\u00f0a, og hyggindi hyggindamannanna hverfa \u00ed felur.<a name=\"15\"><span class=\"versanumer\">15<\/span><\/a>Vei \u00feeim, sem leggjast svo dj\u00fapt, a\u00f0 \u00feeir vilja dylja \u00e1form s\u00edn fyrir Drottni, og fela athafnir s\u00ednar \u00ed myrkri, og segja: hv\u00f6r s\u00e9r til vor? hv\u00f6r veit af oss?<a name=\"16\"><span class=\"versanumer\">16<\/span><\/a>Sannarlega skulu\u00f0 \u00fe\u00e9r taka umskiptum, eins og leirsmi\u00f0sm\u00f3r. Getur sm\u00ed\u00f0isgripurinn sagt um smi\u00f0inn: \u201e\u00fe\u00fa hefir ekki sm\u00ed\u00f0a\u00f0 mig\u201c? e\u00f0a myndin um myndarann: \u201ehann hefir ekki kunna\u00f0 neitt\u201c?<a name=\"17\"><span class=\"versanumer\">17<\/span><\/a>sj\u00e1, \u00fea\u00f0 skal ekki \u00e1 l\u00f6ngu l\u00ed\u00f0a, a\u00f0 L\u00edbanonssk\u00f3gur skal ver\u00f0a a\u00f0 aldinm\u00f6rk, og aldinm\u00f6rkin a\u00f0 sk\u00f3glandi.<a name=\"18\"><span class=\"versanumer\">18<\/span><\/a>Og \u00e1 \u00feeim degi skulu \u00feeir, sem daufir eru, heyra or\u00f0 b\u00f3karinnar <span class='VideyAth'>(v. 11.12)<\/span>, og augu \u00feeirra sem blindir eru, skulu sj\u00e1 \u00ed gegnum myrkur og dimmu.<a name=\"19\"><span class=\"versanumer\">19<\/span><\/a>Hinir volu\u00f0u skulu af n\u00fdju gle\u00f0jast \u00ed Drottni, og hinir f\u00e1t\u00e6ku \u00ed hinum heilaga Gu\u00f0i \u00cdsraels:<a name=\"20\"><span class=\"versanumer\">20<\/span><\/a>\u00deegar ofbeldisma\u00f0urinn er undir lok li\u00f0inn, spottarinn tort\u00fdndur, og allir \u00feeir afm\u00e1\u00f0ir, sem eru \u00e1rvakrir til \u00feess, sem illt er,<a name=\"21\"><span class=\"versanumer\">21<\/span><\/a>sem lokka menn me\u00f0 fort\u00f6lum til \u00feess a\u00f0 syndgast, sem leggja sn\u00f6rur \u00e1 \u00feingum fyrir \u00feann, sem vandar um vi\u00f0 a\u00f0ra, og bera fyrir bor\u00f0 m\u00e1lefni hins saklausa.<a name=\"22\"><span class=\"versanumer\">22<\/span><\/a>\u00deess vegna segir Drottinn, hann, sem frelsa\u00f0i Abraham, svo til Jakobsni\u00f0ja: N\u00fa skulu Jakobsni\u00f0jar ekki blyg\u00f0ast framar, og \u00e1sj\u00f3nur \u00feeirra ekki blikna.<a name=\"23\"><span class=\"versanumer\">23<\/span><\/a>\u00dev\u00ed \u00feegar \u00feeir sj\u00e1 afkv\u00e6mi s\u00edn, sem eru verk minna handa, mitt \u00e1 me\u00f0al s\u00edn, \u00fe\u00e1 munu \u00feeir vegsama mitt nafn, vegsama hinn heilaga Jakobs Gu\u00f0, og \u00f3ttast \u00cdsraels Gu\u00f0.<a name=\"24\"><span class=\"versanumer\">24<\/span><\/a>\u00de\u00e1 munu f\u00e1r\u00e1\u00f0lingarnir f\u00e1 betri skilning, og hinir m\u00f3tm\u00e6las\u00f6mu fr\u00e6\u00f0ast betur.<\/p>\n<div class=\"footnoteVidey\">V. 1. Ar\u00edelsborg (Gu\u00f0saltaris-Borg) er Jer\u00fasalemsborg, af Ar\u00edel, altari Gu\u00f0s, sem sumir \u00fatleggja \u201eGu\u00f0s lj\u00f3n\u201c.<\/div>\n","protected":false},"excerpt":{"rendered":"<p>Drottinn frelsar Jer\u00fasalemsborg \u00far hersh\u00f6ndum; blindni \u00fej\u00f3\u00f0arinnar og afturhvarf \u00e1 betra veg. 1\u00c6, Ar\u00edelsborg, Ar\u00edelsborg, \u00fe\u00fa a\u00f0seturssta\u00f0ur Dav\u00ed\u00f0s! \u00deegar enn er komi\u00f0 eitt \u00e1r, og a\u00f0 li\u00f0num einum h\u00e1t\u00ed\u00f0ahring,2vil eg \u00ferengja svo a\u00f0 Ar\u00edelsborg, a\u00f0 \u00fear skal vera eint\u00f3m hrygg\u00f0 og angist; en h\u00fan mun reynast m\u00e9r eins og (sannkalla\u00f0) altari Gu\u00f0s.3Eg vil setja herb\u00fa\u00f0ir allt \u00ed kring um \u00feig, \u00ferengja a\u00f0 \u00fe\u00e9r me\u00f0 herli\u00f0i, og reisa hervirki \u00e1 m\u00f3ti \u00fe\u00e9r.4\u00de\u00fa skalt ni\u00f0url\u00e6g\u00f0 ver\u00f0a: liggjandi \u00e1 j\u00f6r\u00f0u skaltu m\u00e6la, og \u00far moldardufti tala \u00ed h\u00e1lfum hlj\u00f3\u00f0um; r\u00f6dd \u00fe\u00edn skal koma ne\u00f0an \u00far j\u00f6r\u00f0, eins og draugsr\u00f6dd, og \u00fe\u00fa skalt \u00fdlfra <a href=\"https:\/\/biblian.is\/videy\/jesaja-29-kafli\/\"> [&#8230;]<\/a><\/p>\n","protected":false},"author":1,"featured_media":0,"parent":0,"menu_order":0,"comment_status":"open","ping_status":"open","template":"bibliukaflar.php","meta":{"footnotes":""},"class_list":["post-21557","page","type-page","status-publish","hentry"],"_links":{"self":[{"href":"https:\/\/biblian.is\/videy\/wp-json\/wp\/v2\/pages\/21557","targetHints":{"allow":["GET"]}}],"collection":[{"href":"https:\/\/biblian.is\/videy\/wp-json\/wp\/v2\/pages"}],"about":[{"href":"https:\/\/biblian.is\/videy\/wp-json\/wp\/v2\/types\/page"}],"author":[{"embeddable":true,"href":"https:\/\/biblian.is\/videy\/wp-json\/wp\/v2\/users\/1"}],"replies":[{"embeddable":true,"href":"https:\/\/biblian.is\/videy\/wp-json\/wp\/v2\/comments?post=21557"}],"version-history":[{"count":0,"href":"https:\/\/biblian.is\/videy\/wp-json\/wp\/v2\/pages\/21557\/revisions"}],"wp:attachment":[{"href":"https:\/\/biblian.is\/videy\/wp-json\/wp\/v2\/media?parent=21557"}],"curies":[{"name":"wp","href":"https:\/\/api.w.org\/{rel}","templated":true}]}}