{"id":21556,"date":"2018-01-02T01:02:41","date_gmt":"2018-01-02T01:02:41","guid":{"rendered":"http:\/\/biblian.is\/videy\/jesaja-28-kafli\/"},"modified":"2018-01-02T01:02:41","modified_gmt":"2018-01-02T01:02:41","slug":"jesaja-28-kafli","status":"publish","type":"page","link":"https:\/\/biblian.is\/videy\/jesaja-28-kafli\/","title":{"rendered":"Jesaja 28. kafli"},"content":{"rendered":"<div class=\"fyrirsognVidey\">Sp\u00e1d\u00f3mur um ey\u00f0ilegging \u00cdsraelsr\u00edkis; si\u00f0aspilling J\u00fadar\u00edkis og ey\u00f0ilegging \u00feess; Gu\u00f0s v\u00edsd\u00f3mur og g\u00e6ska.<\/div>\n<p><a name=\"1\"><span class=\"versanumer\">1<\/span><\/a>Vei hinni tignarlegu k\u00f3r\u00f3nu hinna drukknu Efraimsmanna, hinu f\u00f6lnanda bl\u00f3mstrinu, \u00feeirri fegur\u00f0arpr\u00fd\u00f0inni <span class='VideyAth'>a)<\/span>, sem stendur \u00e1 h\u00e6\u00f0inni \u00ed hinum frj\u00f3vsama dal enna v\u00edndrukknu.<a name=\"2\"><span class=\"versanumer\">2<\/span><\/a>Sj\u00e1, einhv\u00f6r sterkur og voldugur kemur, a\u00f0 r\u00e1\u00f0st\u00f6fun Drottins, eins og haglhr\u00ed\u00f0, eins og f\u00e1rvi\u00f0ri, eins og hr\u00ed\u00f0 str\u00ed\u00f0ra vatna streymir ofan og steypir s\u00e9r til jar\u00f0ar volduglega.<a name=\"3\"><span class=\"versanumer\">3<\/span><\/a>Hin tignarlega k\u00f3r\u00f3na hinna drukknu Efraimsmanna skal ver\u00f0a f\u00f3tum tro\u00f0in;<a name=\"4\"><span class=\"versanumer\">4<\/span><\/a>hi\u00f0 f\u00f6lnanda bl\u00f3mstur, fegur\u00f0arpr\u00fd\u00f0in, sem stendur \u00ed hinum frj\u00f3vsama dal, skal ver\u00f0a sem \u00e1rf\u00edkja, s\u00fa er \u00feroskast fyrir uppskerut\u00edmann: undir eins og einhv\u00f6r s\u00e9r, a\u00f0 h\u00fan er \u00e1 tr\u00e9nu, gr\u00edpur hann hana me\u00f0 hendi sinni, og gleypir hana \u00ed sig.<a name=\"5\"><span class=\"versanumer\">5<\/span><\/a>\u00c1 \u00feeim t\u00edma mun Drottinn allsherjar vera f\u00f6gur k\u00f3r\u00f3na og pr\u00fd\u00f0ilegt h\u00f6fu\u00f0dj\u00e1sn fyrir eftirleifar <span class='VideyAth'>b)<\/span> s\u00edns f\u00f3lks,<a name=\"6\"><span class=\"versanumer\">6<\/span><\/a>r\u00e9ttl\u00e6tisandi fyrir \u00fe\u00e1, sem \u00ed d\u00f3minum sitja, og styrkleikur \u00feeirra, sem b\u00e6gja \u00f3fri\u00f0inum fr\u00e1 landinu.<br \/><a name=\"7\"><span class=\"versanumer\">7<\/span><\/a>En einnig \u00feessa r\u00edkis <span class='VideyAth'>c)<\/span> innbyggjendur reika af v\u00edndrykkju, og fara r\u00e1fandi af sterkum drykkjum. Kennimenn og sp\u00e1menn reika af hinum \u00e1fenga drykk, og ver\u00f0a sigra\u00f0ir af v\u00edninu. \u00deeir fara r\u00e1fandi fyrir sterkum drykk og reika af v\u00edni, og eru \u00e1 reiki \u00ed d\u00f3munum.<a name=\"8\"><span class=\"versanumer\">8<\/span><\/a>\u00dev\u00ed \u00f6ll matbor\u00f0 eru full af \u00f3\u00feekktarsp\u00fdju, og enginn sta\u00f0ur er hreinn.<a name=\"9\"><span class=\"versanumer\">9<\/span><\/a>\u201eHv\u00f6rjum vill hann kenna visku? Hv\u00f6rn vill hann fr\u00e6\u00f0a \u00ed kenningu sinni? Vill hann fr\u00e6\u00f0a oss, sem vandir erum af mj\u00f3lkinni og teknir af brj\u00f3stunum?<a name=\"10\"><span class=\"versanumer\">10<\/span><\/a>\u00dev\u00ed h\u00e9r kemur bo\u00f0or\u00f0 \u00e1 bo\u00f0or\u00f0 ofan, regla \u00e1 reglu ofan, eitt bo\u00f0or\u00f0 \u00e1 f\u00e6tur \u00f6\u00f0ru, og ein reglan \u00e1 f\u00e6tur annarri: h\u00e9r er eins vant, og \u00fear er annars vant\u201c.<a name=\"11\"><span class=\"versanumer\">11<\/span><\/a>Hann mun \u00fe\u00e1 tala til \u00feessa f\u00f3lks \u00e1 \u00fatlensku m\u00e1li og \u00e1 annarra \u00fej\u00f3\u00f0a tungu.<a name=\"12\"><span class=\"versanumer\">12<\/span><\/a>\u00deegar hann sag\u00f0i til \u00feeirra, \u201e\u00fear \u00ed er hv\u00edldin, \u00fear \u00ed er r\u00f3semdin innifalin, a\u00f0 \u00fe\u00e9r lj\u00e1i\u00f0 hv\u00edldar hinum \u00fereytta\u201c, \u00fe\u00e1 vildu \u00feeir ekki hl\u00fd\u00f0a.<a name=\"13\"><span class=\"versanumer\">13<\/span><\/a>\u00de\u00e1 var sem Drottinn hef\u00f0i sagt til \u00feeirra, \u201ebo\u00f0or\u00f0 \u00e1 bo\u00f0or\u00f0 ofan, regla \u00e1 reglu ofan, eitt bo\u00f0or\u00f0 \u00e1 f\u00e6tur \u00f6\u00f0ru, og ein reglan eftir a\u00f0ra, h\u00e9r er eins vant, og \u00fear er annars vant\u201c, til \u00feess \u00feeir skyldu hva\u00f0 eftir anna\u00f0 detta aftur \u00e1 bak og slasa sig, festast \u00ed sn\u00f6runni og ver\u00f0a teknir.<a name=\"14\"><span class=\"versanumer\">14<\/span><\/a>Heyri\u00f0 \u00feess vegna or\u00f0 Drottins, \u00fe\u00e9r spottarar, sem drottni\u00f0 yfir \u00fev\u00ed f\u00f3lki, sem h\u00e9r b\u00fdr \u00ed Jer\u00fasalemsborg.<a name=\"15\"><span class=\"versanumer\">15<\/span><\/a>S\u00f6kum \u00feess \u00fe\u00e9r segi\u00f0: \u201ev\u00e9r h\u00f6fum gj\u00f6rt s\u00e1ttm\u00e1la vi\u00f0 dau\u00f0ann og samband vi\u00f0 dau\u00f0ans r\u00edki <span class='VideyAth'>a)<\/span>; \u00fe\u00f3 a\u00f0 hin \u00e1dynjandi pl\u00e1ga gangi yfir, \u00fe\u00e1 mun h\u00fan ekki n\u00e1 til vor: \u00fev\u00ed v\u00e9r h\u00f6fum gj\u00f6rt lygina a\u00f0 athvarfi voru, og svikin a\u00f0 skj\u00f3li voru\u201c:<a name=\"16\"><span class=\"versanumer\">16<\/span><\/a>\u00feess vegna segir Drottinn hinn alvaldi svo: Eg hefi lagt undirst\u00f6\u00f0ustein \u00e1 S\u00edonsfjalli, pr\u00f3fa\u00f0an stein, \u00e1g\u00e6tan hornstein, fullkomlega skor\u00f0a\u00f0an; hv\u00f6r sem vi\u00f0 hann sty\u00f0st, s\u00e1 \u00fearf ekki a\u00f0 \u00f3ttast.<a name=\"17\"><span class=\"versanumer\">17<\/span><\/a>Eg vil l\u00e1ta d\u00f3minn vera eins og m\u00e6li\u00fer\u00e1\u00f0, og r\u00e9ttv\u00edsina eins og m\u00e6lil\u00f3\u00f0; og \u00fe\u00e1 skal haglhr\u00ed\u00f0 burt sl\u00edta athvarf lyginnar, og vatnsfl\u00f3\u00f0 skola burt skj\u00f3linu.<a name=\"18\"><span class=\"versanumer\">18<\/span><\/a>S\u00e1ttm\u00e1li y\u00f0ar vi\u00f0 dau\u00f0ann skal afm\u00e1\u00f0ur ver\u00f0a, og samband y\u00f0ar vi\u00f0 dau\u00f0ans r\u00edki engan sta\u00f0 hafa: \u00feegar hin \u00e1dynjandi pl\u00e1ga gengur yfir, skulu\u00f0 \u00fe\u00e9r ver\u00f0a fyrir henni;<a name=\"19\"><span class=\"versanumer\">19<\/span><\/a>\u00ed hv\u00f6rt sinn sem h\u00fan \u00e1 dynur, skal h\u00fan n\u00e1 y\u00f0ur: \u00e1 hv\u00f6rjum einum morgni skal h\u00fan yfir dynja, eins n\u00f3tt, sem n\u00fdtan dag: \u00fea\u00f0 skal vera n\u00f3g hr\u00e6\u00f0slug\u00e6\u00f0i, \u00fe\u00f3 ekki komi nema fregn af henni.<a name=\"20\"><span class=\"versanumer\">20<\/span><\/a>\u00de\u00e1 mun s\u00e6ngin ver\u00f0a svo stutt, a\u00f0 ma\u00f0ur mun ekki f\u00e1 r\u00e9tt sig \u00ed henni, og \u00e1brei\u00f0an svo mj\u00f3, a\u00f0 ma\u00f0ur f\u00e6r ekki sk\u00fdlt s\u00e9r.<a name=\"21\"><span class=\"versanumer\">21<\/span><\/a>\u00dev\u00ed Drottinn mun uppstanda, eins og \u00e1 Prasimsfjalli <span class='VideyAth'>(1 Kron. 14,11)<\/span>: hann mun rei\u00f0ast, eins og \u00ed dalnum hj\u00e1 G\u00edbeonsborg <span class='VideyAth'>b)<\/span>, til \u00feess hann vinni \u00fea\u00f0 verk, sem hann er ekki vanur a\u00f0 vinna <span class='VideyAth'>c)<\/span>, og fremji \u00fe\u00e1 ath\u00f6fn, sem honum er n\u00fdtt a\u00f0 fremja.<a name=\"22\"><span class=\"versanumer\">22<\/span><\/a>L\u00e1ti\u00f0 n\u00fa af a\u00f0 spottast, svo fj\u00f6trar y\u00f0rir ver\u00f0i ekki enn har\u00f0ari; \u00fev\u00ed hinn alvaldi, Drottinn allsherjar, hefir kunngj\u00f6rt m\u00e9r, a\u00f0 fullkomi\u00f0 tj\u00f3n og algj\u00f6r ey\u00f0ilegging skuli koma yfir landi\u00f0.<br \/><a name=\"23\"><span class=\"versanumer\">23<\/span><\/a>Hlusti\u00f0 til, og heyri\u00f0 m\u00edna r\u00f6dd! Hyggi\u00f0 a\u00f0, og hl\u00fd\u00f0i\u00f0 \u00e1 m\u00edn or\u00f0!<a name=\"24\"><span class=\"versanumer\">24<\/span><\/a>Er akurma\u00f0urinn vanur a\u00f0 pl\u00e6gja, rista og harfa akurland sitt til s\u00e6\u00f0is \u00e1 hv\u00f6rjum degi?<a name=\"25\"><span class=\"versanumer\">25<\/span><\/a>Fer hann ekki heldur svo a\u00f0? \u00deegar hann hefir jafna\u00f0 moldina a\u00f0 ofan, kastar hann \u00fear \u00ed karba, hann s\u00e6ldar k\u00fameni, s\u00e1ir hveiti, hr\u00edsgrj\u00f3num, byggi, hirsa, kirni, hv\u00f6rju \u00ed sinn reit.<a name=\"26\"><span class=\"versanumer\">26<\/span><\/a>Hann er me\u00f0 s\u00e1\u00f0i\u00f0 eftir \u00feeirri reglu, sem Gu\u00f0 hefir kennt honum.<a name=\"27\"><span class=\"versanumer\">27<\/span><\/a>Karbi er ekki \u00feresktur me\u00f0 \u00fereskikefli, og vagnhj\u00f3li er ekki velt yfir k\u00famen; heldur er karbi barinn af me\u00f0 staf, og k\u00famen me\u00f0 sprota.<a name=\"28\"><span class=\"versanumer\">28<\/span><\/a>Hveitikorn er sprengt \u00fat <span class='VideyAth'>(\u00far axinu)<\/span>, en \u00fe\u00f3 er ekki alltaf veri\u00f0 a\u00f0 \u00fereskja \u00fea\u00f0, e\u00f0a sundurmerja \u00fea\u00f0, me\u00f0 \u00fev\u00ed a\u00f0 renna yfir \u00fea\u00f0 vagnhj\u00f3linu e\u00f0a keyra hestinn yfir \u00fea\u00f0.<a name=\"29\"><span class=\"versanumer\">29<\/span><\/a>Einnig \u00feetta kemur fr\u00e1 Drottni allsherjar; hann er undrunarlegur \u00ed r\u00e1\u00f0um, og mikill \u00ed v\u00edsd\u00f3mi.<\/p>\n<div class=\"footnoteVidey\">V. 1. a. Efraimsmenn, innb\u00faar \u00cdsraelsr\u00edkis. Samar\u00eda, h\u00f6fu\u00f0borg r\u00edkisins, l\u00e1 \u00e1 fjallsh\u00e6\u00f0, og dalir \u00ed kring.  V. 5. b. \u00de. e. innbyggjendur J\u00fadar\u00edkis.  V. 7. d. Nefnil. J\u00fadar\u00edkis.  V. 9\u201310. eru or\u00f0 \u00feeirra, sem gj\u00f6r\u00f0u gys a\u00f0 \u00e1minningum Drottins. V. 11. \u00c1 \u00fatlensku m\u00e1li, \u00fe. e. hann (Drottinn) mun l\u00e1ta \u00fatlendar \u00fej\u00f3\u00f0ir (t.d. Kaldea) segja \u00feeim til si\u00f0anna, fyrst \u00feeir vilja ekki gegna umv\u00f6ndun Drottins.  V. 15. a. \u00de. e. v\u00e9r erum svo \u00f3hr\u00e6ddir vi\u00f0 \u00fea\u00f0 tj\u00f3n og \u00fe\u00e1 ey\u00f0ileggingu, sem Drottinn og hans sp\u00e1menn hafa \u00f3gna\u00f0 oss me\u00f0, eins og v\u00e9r hef\u00f0um gj\u00f6rt s\u00e1ttm\u00e1la vi\u00f0 sj\u00e1lfan dau\u00f0ann og hans r\u00edki.  V. 21. b. Sj\u00e1 1 Kron. 14,(15),13\u201317; merk: \u00ed n\u00fdju \u00fatleggingunni vantar \u00e1 \u00feessum sta\u00f0 16. og 17. versi\u00f0. c. Nefnil., a\u00f0 refsa svo har\u00f0lega s\u00ednum \u00fatvalda l\u00fd\u00f0, eins og v\u00e6ru \u00feeir \u00f3vinir hans.<\/div>\n","protected":false},"excerpt":{"rendered":"<p>Sp\u00e1d\u00f3mur um ey\u00f0ilegging \u00cdsraelsr\u00edkis; si\u00f0aspilling J\u00fadar\u00edkis og ey\u00f0ilegging \u00feess; Gu\u00f0s v\u00edsd\u00f3mur og g\u00e6ska. 1Vei hinni tignarlegu k\u00f3r\u00f3nu hinna drukknu Efraimsmanna, hinu f\u00f6lnanda bl\u00f3mstrinu, \u00feeirri fegur\u00f0arpr\u00fd\u00f0inni a), sem stendur \u00e1 h\u00e6\u00f0inni \u00ed hinum frj\u00f3vsama dal enna v\u00edndrukknu.2Sj\u00e1, einhv\u00f6r sterkur og voldugur kemur, a\u00f0 r\u00e1\u00f0st\u00f6fun Drottins, eins og haglhr\u00ed\u00f0, eins og f\u00e1rvi\u00f0ri, eins og hr\u00ed\u00f0 str\u00ed\u00f0ra vatna streymir ofan og steypir s\u00e9r til jar\u00f0ar volduglega.3Hin tignarlega k\u00f3r\u00f3na hinna drukknu Efraimsmanna skal ver\u00f0a f\u00f3tum tro\u00f0in;4hi\u00f0 f\u00f6lnanda bl\u00f3mstur, fegur\u00f0arpr\u00fd\u00f0in, sem stendur \u00ed hinum frj\u00f3vsama dal, skal ver\u00f0a sem \u00e1rf\u00edkja, s\u00fa er \u00feroskast fyrir uppskerut\u00edmann: undir eins og einhv\u00f6r s\u00e9r, a\u00f0 h\u00fan er \u00e1 tr\u00e9nu, <a href=\"https:\/\/biblian.is\/videy\/jesaja-28-kafli\/\"> [&#8230;]<\/a><\/p>\n","protected":false},"author":1,"featured_media":0,"parent":0,"menu_order":0,"comment_status":"open","ping_status":"open","template":"bibliukaflar.php","meta":{"footnotes":""},"class_list":["post-21556","page","type-page","status-publish","hentry"],"_links":{"self":[{"href":"https:\/\/biblian.is\/videy\/wp-json\/wp\/v2\/pages\/21556","targetHints":{"allow":["GET"]}}],"collection":[{"href":"https:\/\/biblian.is\/videy\/wp-json\/wp\/v2\/pages"}],"about":[{"href":"https:\/\/biblian.is\/videy\/wp-json\/wp\/v2\/types\/page"}],"author":[{"embeddable":true,"href":"https:\/\/biblian.is\/videy\/wp-json\/wp\/v2\/users\/1"}],"replies":[{"embeddable":true,"href":"https:\/\/biblian.is\/videy\/wp-json\/wp\/v2\/comments?post=21556"}],"version-history":[{"count":0,"href":"https:\/\/biblian.is\/videy\/wp-json\/wp\/v2\/pages\/21556\/revisions"}],"wp:attachment":[{"href":"https:\/\/biblian.is\/videy\/wp-json\/wp\/v2\/media?parent=21556"}],"curies":[{"name":"wp","href":"https:\/\/api.w.org\/{rel}","templated":true}]}}