{"id":21555,"date":"2018-01-02T01:02:41","date_gmt":"2018-01-02T01:02:41","guid":{"rendered":"http:\/\/biblian.is\/videy\/jesaja-27-kafli\/"},"modified":"2018-01-02T01:02:41","modified_gmt":"2018-01-02T01:02:41","slug":"jesaja-27-kafli","status":"publish","type":"page","link":"https:\/\/biblian.is\/videy\/jesaja-27-kafli\/","title":{"rendered":"Jesaja 27. kafli"},"content":{"rendered":"<div class=\"fyrirsognVidey\">Drottinn ey\u00f0ir \u00f3vinum s\u00edns f\u00f3lks: lofs\u00f6ngur um vernd Drottins. Drottinn hirtir sitt f\u00f3lk til a\u00f0 betra \u00fea\u00f0.<\/div>\n<p><a name=\"1\"><span class=\"versanumer\">1<\/span><\/a>\u00c1 \u00feeim degi mun Drottinn me\u00f0 hinu har\u00f0a, mikla og sterka sver\u00f0i s\u00ednu vinna \u00e1 hinum mikla dreka, b\u00e6\u00f0i \u00feeim drekanum, sem er eins og beinvaxinn ormur, og \u00e1 hinum, sem er eins og hringlaginn ormur; hann mun og bana \u00f3freskjunni, sem \u00ed hafinu er.<a name=\"2\"><span class=\"versanumer\">2<\/span><\/a>\u00c1 \u00feeim degi skulu\u00f0 \u00fe\u00e9r kve\u00f0a s\u00f6ng \u00e1 v\u00edxl hv\u00f6r vi\u00f0 annan, um hinn lystilega v\u00edngar\u00f0 <span class='VideyAth'>a)<\/span>:<a name=\"3\"><span class=\"versanumer\">3<\/span><\/a>\u201eEg Drottinn vernda hann, og v\u00f6kva hann \u00e1 hv\u00f6rri stund; eg g\u00e6ti hans n\u00f3tt og dag, svo enginn grandi honum\u201c.<a name=\"4\"><span class=\"versanumer\">4<\/span><\/a>\u201eEg hefi engan m\u00farvegg. Eg vildi \u00f3ska, a\u00f0 eg hef\u00f0i gir\u00f0ingu af \u00feyrnum og \u00feistlum!\u201c \u201eEg skyldi herja \u00e1 hana og brenna hana alla saman.<a name=\"5\"><span class=\"versanumer\">5<\/span><\/a>Haldi hann <span class='VideyAth'>(v\u00edngar\u00f0urinn)<\/span> s\u00e9r heldur f\u00f6stum vi\u00f0 m\u00edna vernd! Gj\u00f6ri hann fri\u00f0 vi\u00f0 mig! vi\u00f0 mig \u00e1 hann a\u00f0 gj\u00f6ra fri\u00f0.<a name=\"6\"><span class=\"versanumer\">6<\/span><\/a>Jakobs\u00e6tt skal \u00e1 s\u00ed\u00f0an festa r\u00e6tur, og \u00cdsraels l\u00fd\u00f0ur bl\u00f3mgast og dafna, og uppfylla heimskringluna me\u00f0 \u00e1v\u00f6xtum.<br \/><a name=\"7\"><span class=\"versanumer\">7<\/span><\/a>Hefir hann slegi\u00f0 \u00fe\u00e1, eins og hann sl\u00f3 \u00feann, sem pl\u00e1ga\u00f0i \u00fe\u00e1? e\u00f0a deyddi hann \u00fe\u00e1, eins og hann deyddi banamenn \u00feeirra?<a name=\"8\"><span class=\"versanumer\">8<\/span><\/a>Har\u00f0lega hegndir \u00fe\u00fa \u00fej\u00f3\u00f0inni <span class='VideyAth'>b)<\/span>, \u00feegar \u00fe\u00fa rakst hana fr\u00e1 \u00fe\u00e9r, og hreifst hana burt \u00ed hv\u00f6ssum vindi, \u00e1 degi austanstormsins.<a name=\"9\"><span class=\"versanumer\">9<\/span><\/a>En \u00fear me\u00f0 afpl\u00e1nast l\u00edka misgj\u00f6r\u00f0 Jakobsni\u00f0ja, og \u00e1v\u00f6xturinn er einmitt s\u00e1, a\u00f0 syndir \u00feeirra ver\u00f0a afm\u00e1\u00f0ar, me\u00f0 \u00fev\u00ed a\u00f0 hann gj\u00f6rir \u00f6ll stein\u00f6lturun a\u00f0 sundurslegnum kalksteinum, og ast\u00f6rtul\u00edkneskjur og a\u00f0rar go\u00f0al\u00edkneskjur hafa ekki sta\u00f0 framar.<a name=\"10\"><span class=\"versanumer\">10<\/span><\/a>\u00dev\u00ed hin v\u00edggirta borg skal ver\u00f0a ey\u00f0ileg, eins og afr\u00e9ttur, einst\u00e6\u00f0 og yfirgefin, eins og \u00f6r\u00e6fi, \u00fear sem k\u00e1lfar ganga, og liggja, og b\u00edta kvistuna:<a name=\"11\"><span class=\"versanumer\">11<\/span><\/a>\u00fear sem st\u00f6nglarnir skr\u00e6lna og brotna, svo konur koma og hafa \u00fe\u00e1 til eldsneytis. Af \u00fev\u00ed \u00feessi \u00fej\u00f3\u00f0 hefir engan skilning, \u00feess vegna getur hann, sem sk\u00f3p hana, ekki veri\u00f0 henni miskunnsamur, og hann, sem mynda\u00f0i hana, ekki veri\u00f0 henni l\u00edknsamur.<a name=\"12\"><span class=\"versanumer\">12<\/span><\/a>En \u00e1 s\u00ed\u00f0an mun Drottinn sl\u00e1 \u00e1v\u00f6xtinn af trj\u00e1num, allt \u00ed fr\u00e1 straumum Flj\u00f3tsins og til Egyptal\u00e6kjar; og \u00fe\u00e9r, \u00cdsraelsmenn, munu\u00f0 samant\u00edndir ver\u00f0a einn eftir annan.<a name=\"13\"><span class=\"versanumer\">13<\/span><\/a>\u00c1 \u00feeim degi mun st\u00f3r b\u00e1s\u00fana vi\u00f0kve\u00f0a, og \u00fe\u00e1 munu \u00feeir koma, hinir t\u00f6pu\u00f0u \u00ed Ass\u00fdralandi og hinir \u00fatreknu \u00ed Egyptalandi, og \u00feeir munu tilbi\u00f0ja Drottin \u00e1 fjallinu helga \u00ed Jer\u00fasalemsborg.<\/p>\n<div class=\"footnoteVidey\">V. 2. a. \u00de. e. um \u00cdsraelsmenn.  V. 8. b. Hebr. \u201e\u00de\u00fa \u00e1v\u00edta\u00f0ir hana me\u00f0 h\u00f6r\u00f0um \u00e1v\u00edtum\u201c.<\/div>\n","protected":false},"excerpt":{"rendered":"<p>Drottinn ey\u00f0ir \u00f3vinum s\u00edns f\u00f3lks: lofs\u00f6ngur um vernd Drottins. Drottinn hirtir sitt f\u00f3lk til a\u00f0 betra \u00fea\u00f0. 1\u00c1 \u00feeim degi mun Drottinn me\u00f0 hinu har\u00f0a, mikla og sterka sver\u00f0i s\u00ednu vinna \u00e1 hinum mikla dreka, b\u00e6\u00f0i \u00feeim drekanum, sem er eins og beinvaxinn ormur, og \u00e1 hinum, sem er eins og hringlaginn ormur; hann mun og bana \u00f3freskjunni, sem \u00ed hafinu er.2\u00c1 \u00feeim degi skulu\u00f0 \u00fe\u00e9r kve\u00f0a s\u00f6ng \u00e1 v\u00edxl hv\u00f6r vi\u00f0 annan, um hinn lystilega v\u00edngar\u00f0 a):3\u201eEg Drottinn vernda hann, og v\u00f6kva hann \u00e1 hv\u00f6rri stund; eg g\u00e6ti hans n\u00f3tt og dag, svo enginn grandi honum\u201c.4\u201eEg hefi engan m\u00farvegg. <a href=\"https:\/\/biblian.is\/videy\/jesaja-27-kafli\/\"> [&#8230;]<\/a><\/p>\n","protected":false},"author":1,"featured_media":0,"parent":0,"menu_order":0,"comment_status":"open","ping_status":"open","template":"bibliukaflar.php","meta":{"footnotes":""},"class_list":["post-21555","page","type-page","status-publish","hentry"],"_links":{"self":[{"href":"https:\/\/biblian.is\/videy\/wp-json\/wp\/v2\/pages\/21555","targetHints":{"allow":["GET"]}}],"collection":[{"href":"https:\/\/biblian.is\/videy\/wp-json\/wp\/v2\/pages"}],"about":[{"href":"https:\/\/biblian.is\/videy\/wp-json\/wp\/v2\/types\/page"}],"author":[{"embeddable":true,"href":"https:\/\/biblian.is\/videy\/wp-json\/wp\/v2\/users\/1"}],"replies":[{"embeddable":true,"href":"https:\/\/biblian.is\/videy\/wp-json\/wp\/v2\/comments?post=21555"}],"version-history":[{"count":0,"href":"https:\/\/biblian.is\/videy\/wp-json\/wp\/v2\/pages\/21555\/revisions"}],"wp:attachment":[{"href":"https:\/\/biblian.is\/videy\/wp-json\/wp\/v2\/media?parent=21555"}],"curies":[{"name":"wp","href":"https:\/\/api.w.org\/{rel}","templated":true}]}}