{"id":21553,"date":"2018-01-02T01:02:41","date_gmt":"2018-01-02T01:02:41","guid":{"rendered":"http:\/\/biblian.is\/videy\/jesaja-25-kafli\/"},"modified":"2018-01-02T01:02:41","modified_gmt":"2018-01-02T01:02:41","slug":"jesaja-25-kafli","status":"publish","type":"page","link":"https:\/\/biblian.is\/videy\/jesaja-25-kafli\/","title":{"rendered":"Jesaja 25. kafli"},"content":{"rendered":"<div class=\"fyrirsognVidey\">Lofs\u00f6ngur Gy\u00f0ingal\u00fd\u00f0s.<\/div>\n<p><a name=\"1\"><span class=\"versanumer\">1<\/span><\/a>Drottinn, \u00fe\u00fa ert minn Gu\u00f0, eg vil vegsama \u00feig, og lofa \u00feitt nafn; \u00fev\u00ed \u00fe\u00fa hefir gj\u00f6rt fur\u00f0uverk, og \u00fe\u00ednar r\u00e1\u00f0stafanir fr\u00e1 alda \u00f6\u00f0li eru sta\u00f0fastar og \u00f3brig\u00f0ular.<a name=\"2\"><span class=\"versanumer\">2<\/span><\/a>\u00dev\u00ed \u00fe\u00fa hefir gj\u00f6rt borgina <span class='VideyAth'>a)<\/span> a\u00f0 grj\u00f3thr\u00fagu, \u00feann hinn v\u00edggirta sta\u00f0inn a\u00f0 ni\u00f0urfallinni r\u00fast, og fari\u00f0 svo me\u00f0 hallir ofr\u00edkismannanna \u00ed borginni, a\u00f0 \u00fe\u00e6r ver\u00f0a aldrei upp bygg\u00f0ar.<a name=\"3\"><span class=\"versanumer\">3<\/span><\/a>\u00deess vegna mun s\u00e9rhv\u00f6rt voldugt f\u00f3lk hei\u00f0ra \u00feig, og borgir ofr\u00edkisfullra \u00fej\u00f3\u00f0a hr\u00e6\u00f0ast \u00feig.<a name=\"4\"><span class=\"versanumer\">4<\/span><\/a>\u00dev\u00ed \u00fe\u00fa varst v\u00f6rn l\u00edtilmagnans, hl\u00edf hins ves\u00e6la \u00ed m\u00f3tl\u00e6tinu, skj\u00f3l \u00ed hretvi\u00f0rinu, skuggi \u00ed hitanum; \u00fev\u00ed ofsi ribbaldanna er eins og hret \u00e1 vegg.<a name=\"5\"><span class=\"versanumer\">5<\/span><\/a>\u00de\u00fa sefar gle\u00f0il\u00e6ti ofstopanna, eins og <span class='VideyAth'>(\u00fe\u00fa sefar)<\/span> hitann \u00e1 hei\u00f0unum: sigurs\u00f6ngur ofstopanna dv\u00ednar, <span class='VideyAth'>(eins og)<\/span> hitinn vi\u00f0 skuggann af sk\u00fdinu.<br \/><a name=\"6\"><span class=\"versanumer\">6<\/span><\/a>Drottinn allsherjar mun uppi \u00e1 \u00feessu fjalli halda \u00f6llum \u00fej\u00f3\u00f0um veislu af feitum kr\u00e1sum, veislu af kl\u00e1ru v\u00edni, af mergjarfeiti og af s\u00edu\u00f0u dreggjav\u00edni <span class='VideyAth'>b)<\/span>.<a name=\"7\"><span class=\"versanumer\">7<\/span><\/a>\u00c1 \u00feessu fjalli mun hann breg\u00f0a burtu \u00feeim hj\u00fap, sem breiddur var fyrir \u00e1sj\u00f3nu allra l\u00fd\u00f0a, og \u00feeirri sk\u00fdlu, sem huldi allar \u00fej\u00f3\u00f0ir.<a name=\"8\"><span class=\"versanumer\">8<\/span><\/a>Hann mun dau\u00f0ann afm\u00e1 a\u00f0 eil\u00edfu, og Drottinn hinn alvaldi mun t\u00e1rin af\u00feerra af \u00f6llum \u00e1sj\u00f3num, og afm\u00e1 sv\u00edvir\u00f0ingu s\u00edns f\u00f3lks \u00ed \u00f6llum l\u00f6ndum. \u00dev\u00ed Drottinn hefir tala\u00f0 \u00fea\u00f0.<a name=\"9\"><span class=\"versanumer\">9<\/span><\/a>\u00c1 \u00feeim degi mun sagt ver\u00f0a: sj\u00e1! \u00feessi er vor Gu\u00f0: v\u00e9r vonu\u00f0um \u00e1 hann, og hann frelsa\u00f0i oss; \u00feessi er Drottinn, sem v\u00e9r vonu\u00f0um \u00e1. L\u00e1tum oss fagna, og gle\u00f0jast af hans hj\u00e1lpr\u00e6\u00f0i!<a name=\"10\"><span class=\"versanumer\">10<\/span><\/a>\u00dev\u00ed h\u00f6nd Drottins hv\u00edlist \u00e1 \u00feessu fjalli. M\u00f3absmenn skulu f\u00f3ttro\u00f0nir ver\u00f0a, \u00fear sem \u00feeir eru staddir, eins og h\u00e1lmur er tro\u00f0inn \u00ed saur ni\u00f0ur.<a name=\"11\"><span class=\"versanumer\">11<\/span><\/a>\u00de\u00e1 munu \u00feeir f\u00f3rna upp h\u00f6ndum, \u00fear sem \u00feeir eru, eins og sundma\u00f0ur r\u00e9ttir \u00fat hendur s\u00ednar til a\u00f0 gr\u00edpa sund. En hann mun l\u00e6gja dramb \u00feeirra me\u00f0 hn\u00faum sinna handa;<a name=\"12\"><span class=\"versanumer\">12<\/span><\/a>og hinum h\u00e1vu virkisveggjum \u00feeirra mun hann kollvarpa, ni\u00f0ursteypa og fleygja til jar\u00f0ar \u00ed dufti\u00f0.<\/p>\n<div class=\"footnoteVidey\">V. 2. a. \u00de. e. Babelsborg.  V. 6. b. \u00de. e. besta v\u00edni. Til \u00feess a\u00f0 v\u00edni\u00f0 skyldi magnast og litkast vel, var \u00fea\u00f0 l\u00e1ti\u00f0 standa \u00e1 v\u00edndreggjunum, og s\u00ed\u00f0an afhellt og s\u00eda\u00f0; \u00fe\u00e1 h\u00e9t \u00fea\u00f0 dreggjav\u00edn, og \u00fe\u00f3tti hi\u00f0 besta.<\/div>\n","protected":false},"excerpt":{"rendered":"<p>Lofs\u00f6ngur Gy\u00f0ingal\u00fd\u00f0s. 1Drottinn, \u00fe\u00fa ert minn Gu\u00f0, eg vil vegsama \u00feig, og lofa \u00feitt nafn; \u00fev\u00ed \u00fe\u00fa hefir gj\u00f6rt fur\u00f0uverk, og \u00fe\u00ednar r\u00e1\u00f0stafanir fr\u00e1 alda \u00f6\u00f0li eru sta\u00f0fastar og \u00f3brig\u00f0ular.2\u00dev\u00ed \u00fe\u00fa hefir gj\u00f6rt borgina a) a\u00f0 grj\u00f3thr\u00fagu, \u00feann hinn v\u00edggirta sta\u00f0inn a\u00f0 ni\u00f0urfallinni r\u00fast, og fari\u00f0 svo me\u00f0 hallir ofr\u00edkismannanna \u00ed borginni, a\u00f0 \u00fe\u00e6r ver\u00f0a aldrei upp bygg\u00f0ar.3\u00deess vegna mun s\u00e9rhv\u00f6rt voldugt f\u00f3lk hei\u00f0ra \u00feig, og borgir ofr\u00edkisfullra \u00fej\u00f3\u00f0a hr\u00e6\u00f0ast \u00feig.4\u00dev\u00ed \u00fe\u00fa varst v\u00f6rn l\u00edtilmagnans, hl\u00edf hins ves\u00e6la \u00ed m\u00f3tl\u00e6tinu, skj\u00f3l \u00ed hretvi\u00f0rinu, skuggi \u00ed hitanum; \u00fev\u00ed ofsi ribbaldanna er eins og hret \u00e1 vegg.5\u00de\u00fa sefar gle\u00f0il\u00e6ti ofstopanna, eins og <a href=\"https:\/\/biblian.is\/videy\/jesaja-25-kafli\/\"> [&#8230;]<\/a><\/p>\n","protected":false},"author":1,"featured_media":0,"parent":0,"menu_order":0,"comment_status":"open","ping_status":"open","template":"bibliukaflar.php","meta":{"footnotes":""},"class_list":["post-21553","page","type-page","status-publish","hentry"],"_links":{"self":[{"href":"https:\/\/biblian.is\/videy\/wp-json\/wp\/v2\/pages\/21553","targetHints":{"allow":["GET"]}}],"collection":[{"href":"https:\/\/biblian.is\/videy\/wp-json\/wp\/v2\/pages"}],"about":[{"href":"https:\/\/biblian.is\/videy\/wp-json\/wp\/v2\/types\/page"}],"author":[{"embeddable":true,"href":"https:\/\/biblian.is\/videy\/wp-json\/wp\/v2\/users\/1"}],"replies":[{"embeddable":true,"href":"https:\/\/biblian.is\/videy\/wp-json\/wp\/v2\/comments?post=21553"}],"version-history":[{"count":0,"href":"https:\/\/biblian.is\/videy\/wp-json\/wp\/v2\/pages\/21553\/revisions"}],"wp:attachment":[{"href":"https:\/\/biblian.is\/videy\/wp-json\/wp\/v2\/media?parent=21553"}],"curies":[{"name":"wp","href":"https:\/\/api.w.org\/{rel}","templated":true}]}}