{"id":21552,"date":"2018-01-02T01:02:41","date_gmt":"2018-01-02T01:02:41","guid":{"rendered":"http:\/\/biblian.is\/videy\/jesaja-24-kafli\/"},"modified":"2018-01-02T01:02:41","modified_gmt":"2018-01-02T01:02:41","slug":"jesaja-24-kafli","status":"publish","type":"page","link":"https:\/\/biblian.is\/videy\/jesaja-24-kafli\/","title":{"rendered":"Jesaja 24. kafli"},"content":{"rendered":"<div class=\"fyrirsognVidey\">Ey\u00f0ilegging Gy\u00f0ingalands, hegning Gu\u00f0s \u00f3vina.<\/div>\n<p><a name=\"1\"><span class=\"versanumer\">1<\/span><\/a>Sj\u00e1, Drottinn t\u00e6mir landi\u00f0, og ey\u00f0ir \u00fea\u00f0; hann kollvarpar \u00fev\u00ed, og tv\u00edstrar innbyggjendum \u00feess.<a name=\"2\"><span class=\"versanumer\">2<\/span><\/a>\u00de\u00e1 fer fyrir kennim\u00f6nnunum eins og fyrir al\u00fe\u00fd\u00f0unni, fyrir h\u00fassb\u00f3ndanum eins og fyrir \u00fej\u00f3ninum, fyrir h\u00fassfreyjunni sem \u00fej\u00f3nustukonunni, fyrir seljanda sem kaupanda, fyrir leigjanda sem leigumanni, fyrir l\u00e1nadrottni eins og fyrir skuldunaut.<a name=\"3\"><span class=\"versanumer\">3<\/span><\/a>Landi\u00f0 skal ver\u00f0a aleytt og gj\u00f6rsamlega r\u00e6nt, \u00fev\u00ed Drottinn hefir svo \u00e1kve\u00f0i\u00f0.<a name=\"4\"><span class=\"versanumer\">4<\/span><\/a>Landi\u00f0 s\u00fdtir og hja\u00f0nar, j\u00f6r\u00f0in f\u00f6lnar og visnar, mestu h\u00e1ttar menn af landsf\u00f3lkinu eru hnuggnir.<a name=\"5\"><span class=\"versanumer\">5<\/span><\/a>Landi\u00f0, sem innbyggjendurnir ganga \u00e1, vanhelgast: \u00fev\u00ed \u00feeir yfirtro\u00f0a l\u00f6gin, brj\u00e1la bo\u00f0or\u00f0unum, rj\u00fafa hinn eil\u00edfa s\u00e1ttm\u00e1lann.<a name=\"6\"><span class=\"versanumer\">6<\/span><\/a>\u00deess vegna ey\u00f0ileggst landi\u00f0 af \u00f3blessan, og innb\u00faar landsins ver\u00f0a sakfallnir; \u00feess vegna \u00feverra innbyggjendur landsins, svo a\u00f0 f\u00e1tt manna er eftir or\u00f0i\u00f0.<a name=\"7\"><span class=\"versanumer\">7<\/span><\/a>V\u00ednberjal\u00f6gurinn s\u00fdtir, v\u00ednvi\u00f0urinn harmar; allir sem \u00e1\u00f0ur voru af hjarta gla\u00f0ir, \u00feeir andvarpa.<a name=\"8\"><span class=\"versanumer\">8<\/span><\/a>Gle\u00f0ihlj\u00f3\u00f0 bumbanna er \u00feagna\u00f0, fagna\u00f0ar\u00f3p hinna gla\u00f0v\u00e6ru h\u00e6tt, glaumur h\u00f6rpunnar \u00feagna\u00f0ur.<a name=\"9\"><span class=\"versanumer\">9<\/span><\/a>Menn sitja ekki syngjandi a\u00f0 v\u00edndrykkju; \u00feeim, sem drekka \u00e1fengan drykk, finnst hann beiskur.<a name=\"10\"><span class=\"versanumer\">10<\/span><\/a>Borgin er ni\u00f0urbrotin og \u00ed ey\u00f0i; hv\u00f6rt h\u00fas er afturloka\u00f0, svo ekki ver\u00f0ur innkomist.<a name=\"11\"><span class=\"versanumer\">11<\/span><\/a>\u00c1 str\u00e6tunum er harmakvein af v\u00ednskortinum; \u00f6ll gle\u00f0i er horfin, f\u00f6gnu\u00f0ur landsins fl\u00fainn.<a name=\"12\"><span class=\"versanumer\">12<\/span><\/a>\u00cd borginni er ekkert eftir nema ey\u00f0ilegging; borgarhli\u00f0in eru sundurm\u00f6lvu\u00f0 me\u00f0 braki og brestum.<a name=\"13\"><span class=\"versanumer\">13<\/span><\/a>Svo er umhorfs \u00ed landinu og \u00e1 me\u00f0al f\u00f3lksins, sem \u00fe\u00e1 vi\u00f0smj\u00f6rsber hafa veri\u00f0 ofan skekin af vi\u00f0smj\u00f6rsvi\u00f0artr\u00e9, e\u00f0a sem eftirt\u00edningur a\u00f0 loknum v\u00ednberjalestri.<a name=\"14\"><span class=\"versanumer\">14<\/span><\/a>\u00deessir <span class='VideyAth'>(sem eftir ver\u00f0a)<\/span>, munu upp hefja raust s\u00edna, \u00feeir munu lofsyngjandi pr\u00edsa h\u00e1tign Drottins: til \u00feeirra mun heyrast betur en til sj\u00e1varhlj\u00f3\u00f0sins.<a name=\"15\"><span class=\"versanumer\">15<\/span><\/a>Vegsami\u00f0 \u00feess vegna Drottin \u00ed hinum nor\u00f0l\u00e6gu l\u00f6ndunum, vegsami\u00f0 nafn Drottins, \u00cdsraels Gu\u00f0s, \u00ed hinum fjarl\u00e6gu sj\u00e1varbygg\u00f0um.<a name=\"16\"><span class=\"versanumer\">16<\/span><\/a>V\u00e9r heyrum lofs\u00f6ngva fr\u00e1 ystu j\u00f6\u00f0rum jar\u00f0arinnar um vegsemd hinna gu\u00f0hr\u00e6ddu. \u00de\u00e1 ver\u00f0ur m\u00e9r a\u00f0 segja: \u00e6, mig auman! \u00e6, mig auman! vei m\u00e9r! Svikararnir hafa svik \u00ed frammi, og s\u00fdna staklega \u00f3trygg\u00f0.<a name=\"17\"><span class=\"versanumer\">17<\/span><\/a>Skelfing, gr\u00f6f og snara vofir yfir \u00fe\u00e9r, innb\u00fai landsins!<a name=\"18\"><span class=\"versanumer\">18<\/span><\/a>S\u00e1 sem hlj\u00f3\u00f0andi fl\u00fdr undan skelfingunni, fellur \u00ed gr\u00f6fina; s\u00e1 sem kemst upp \u00far gr\u00f6finni, festist \u00ed sn\u00f6runni: \u00fev\u00ed vatnsr\u00e1sirnar af himni opnast, og grundvellir jar\u00f0arinnar skj\u00e1lfa.<a name=\"19\"><span class=\"versanumer\">19<\/span><\/a>Landi\u00f0 n\u00f6trar af skj\u00e1lfta: landi\u00f0 sundurklofnar af hristingi: landi\u00f0 leikur \u00e1 rei\u00f0iskj\u00e1lfi.<a name=\"20\"><span class=\"versanumer\">20<\/span><\/a>Landi\u00f0 reikar, eins og drukkinn ma\u00f0ur: \u00fev\u00ed svipar til og fr\u00e1, eins og h\u00fa\u00f0fati, sem hangir vi\u00f0 limar uppi; misgj\u00f6r\u00f0 \u00feess liggur \u00feungt \u00e1 \u00fev\u00ed, \u00fea\u00f0 hn\u00edgur, og f\u00e6r ekki risi\u00f0 upp framar.<a name=\"21\"><span class=\"versanumer\">21<\/span><\/a>\u00c1 \u00feeim degi mun Drottinn heims\u00e6kja h\u00e6\u00f0anna her \u00e1 h\u00e6\u00f0um uppi, og konunga jar\u00f0arinnar \u00e1 jar\u00f0r\u00edki.<a name=\"22\"><span class=\"versanumer\">22<\/span><\/a>\u00deeir skulu samanreknir ver\u00f0a \u00ed einn hnapp, og flytjast bundnir til gryfjunnar, og inniluktir ver\u00f0a \u00ed d\u00fdflissunni; \u00fear skal \u00feeim refsa\u00f0 ver\u00f0a \u00ed marga daga.<a name=\"23\"><span class=\"versanumer\">23<\/span><\/a>\u00de\u00e1 skal tungli\u00f0 fyrirver\u00f0a sig og s\u00f3lin blyg\u00f0ast, \u00feegar Drottinn allsherjar r\u00edkir \u00e1 S\u00edonsfjalli og Jer\u00fasalemsborg og \u00ed augs\u00fdn sinna \u00f6ldunga me\u00f0 vegsemd.<\/p>\n<div class=\"footnoteVidey\"><\/div>\n","protected":false},"excerpt":{"rendered":"<p>Ey\u00f0ilegging Gy\u00f0ingalands, hegning Gu\u00f0s \u00f3vina. 1Sj\u00e1, Drottinn t\u00e6mir landi\u00f0, og ey\u00f0ir \u00fea\u00f0; hann kollvarpar \u00fev\u00ed, og tv\u00edstrar innbyggjendum \u00feess.2\u00de\u00e1 fer fyrir kennim\u00f6nnunum eins og fyrir al\u00fe\u00fd\u00f0unni, fyrir h\u00fassb\u00f3ndanum eins og fyrir \u00fej\u00f3ninum, fyrir h\u00fassfreyjunni sem \u00fej\u00f3nustukonunni, fyrir seljanda sem kaupanda, fyrir leigjanda sem leigumanni, fyrir l\u00e1nadrottni eins og fyrir skuldunaut.3Landi\u00f0 skal ver\u00f0a aleytt og gj\u00f6rsamlega r\u00e6nt, \u00fev\u00ed Drottinn hefir svo \u00e1kve\u00f0i\u00f0.4Landi\u00f0 s\u00fdtir og hja\u00f0nar, j\u00f6r\u00f0in f\u00f6lnar og visnar, mestu h\u00e1ttar menn af landsf\u00f3lkinu eru hnuggnir.5Landi\u00f0, sem innbyggjendurnir ganga \u00e1, vanhelgast: \u00fev\u00ed \u00feeir yfirtro\u00f0a l\u00f6gin, brj\u00e1la bo\u00f0or\u00f0unum, rj\u00fafa hinn eil\u00edfa s\u00e1ttm\u00e1lann.6\u00deess vegna ey\u00f0ileggst landi\u00f0 af \u00f3blessan, og innb\u00faar landsins ver\u00f0a sakfallnir; <a href=\"https:\/\/biblian.is\/videy\/jesaja-24-kafli\/\"> [&#8230;]<\/a><\/p>\n","protected":false},"author":1,"featured_media":0,"parent":0,"menu_order":0,"comment_status":"open","ping_status":"open","template":"bibliukaflar.php","meta":{"footnotes":""},"class_list":["post-21552","page","type-page","status-publish","hentry"],"_links":{"self":[{"href":"https:\/\/biblian.is\/videy\/wp-json\/wp\/v2\/pages\/21552","targetHints":{"allow":["GET"]}}],"collection":[{"href":"https:\/\/biblian.is\/videy\/wp-json\/wp\/v2\/pages"}],"about":[{"href":"https:\/\/biblian.is\/videy\/wp-json\/wp\/v2\/types\/page"}],"author":[{"embeddable":true,"href":"https:\/\/biblian.is\/videy\/wp-json\/wp\/v2\/users\/1"}],"replies":[{"embeddable":true,"href":"https:\/\/biblian.is\/videy\/wp-json\/wp\/v2\/comments?post=21552"}],"version-history":[{"count":0,"href":"https:\/\/biblian.is\/videy\/wp-json\/wp\/v2\/pages\/21552\/revisions"}],"wp:attachment":[{"href":"https:\/\/biblian.is\/videy\/wp-json\/wp\/v2\/media?parent=21552"}],"curies":[{"name":"wp","href":"https:\/\/api.w.org\/{rel}","templated":true}]}}