{"id":21551,"date":"2018-01-02T01:02:41","date_gmt":"2018-01-02T01:02:41","guid":{"rendered":"http:\/\/biblian.is\/videy\/jesaja-23-kafli\/"},"modified":"2018-01-02T01:02:41","modified_gmt":"2018-01-02T01:02:41","slug":"jesaja-23-kafli","status":"publish","type":"page","link":"https:\/\/biblian.is\/videy\/jesaja-23-kafli\/","title":{"rendered":"Jesaja 23. kafli"},"content":{"rendered":"<div class=\"fyrirsognVidey\">Sp\u00e1d\u00f3mur um ey\u00f0ileggingu T\u00fdrusborgar, og um vi\u00f0reisn hennar aftur.<\/div>\n<p><a name=\"1\"><span class=\"versanumer\">1<\/span><\/a>Sp\u00e1d\u00f3mur um T\u00fdrusborg. Kveini\u00f0, \u00fe\u00e9r Tarsisborgar knerir! \u00fev\u00ed allt er \u00ed ey\u00f0i, og ekkert h\u00fas eftir, sem inn \u00ed ver\u00f0ur fari\u00f0. \u00deeir f\u00e1 a\u00f0 fr\u00e9tta \u00fea\u00f0 fr\u00e1 Kittalandi.<a name=\"2\"><span class=\"versanumer\">2<\/span><\/a>Veri\u00f0 hlj\u00f3\u00f0ir, \u00fe\u00e9r innbyggjendur \u00feeirrar strandar, sem full var af sj\u00f3farandi kaupm\u00f6nnum fr\u00e1 S\u00eddonsborg,<a name=\"3\"><span class=\"versanumer\">3<\/span><\/a>sem flutti a\u00f0 s\u00e9r S\u00edkors s\u00e1\u00f0 <span class='VideyAth'>a)<\/span> og N\u00edlar korn yfir st\u00f3r h\u00f6f, og var kaupt\u00fan \u00fej\u00f3\u00f0anna!<a name=\"4\"><span class=\"versanumer\">4<\/span><\/a>Fyrirver\u00f0 \u00feig, S\u00eddonsborg! \u00fev\u00ed sj\u00f3rinn segir, og s\u00e6borgin tekur til or\u00f0a: eg skal aldrei ver\u00f0a \u00feungu\u00f0 framar, n\u00e9 b\u00f6rn ala, og ekki uppf\u00f3stra yngismenn e\u00f0a uppala yngismeyjar.<a name=\"5\"><span class=\"versanumer\">5<\/span><\/a>Eins og menn skelfdust, \u00fe\u00e1 \u00feeir fr\u00e9ttu \u00f3farir Egyptalands, eins munu \u00feeir skelfast, \u00fe\u00e1 \u00feeir f\u00e1 fregn af T\u00fdrusborg.<a name=\"6\"><span class=\"versanumer\">6<\/span><\/a>Fari\u00f0 yfir til Tarsisborgar! kveini\u00f0, \u00fe\u00e9r strandbyggjar!<a name=\"7\"><span class=\"versanumer\">7<\/span><\/a>Er \u00feetta s\u00fa hin gla\u00f0v\u00e6r\u00f0arfulla borg y\u00f0ar, sem \u00e1\u00f0ur var hin elsta borg \u00ed forn\u00f6ld, en sem n\u00fa ver\u00f0ur a\u00f0 fara, sem f\u00e6tur toga, langt burt til annarra landa?<a name=\"8\"><span class=\"versanumer\">8<\/span><\/a>Hv\u00f6r hefir l\u00e1ti\u00f0 \u00feetta koma fram vi\u00f0 T\u00fdrusborg, hana, sem \u00fathluta\u00f0i k\u00f3r\u00f3num, og haf\u00f0i landsh\u00f6f\u00f0ingjana fyrir kaupmenn, og hina \u00e1litlegustu menn \u00e1 j\u00f6r\u00f0unni fyrir s\u00edna verslunarmenn?<a name=\"9\"><span class=\"versanumer\">9<\/span><\/a>Drottinn allsherjar hefir \u00feessu svo r\u00e1\u00f0stafa\u00f0, til \u00feess a\u00f0 steypa drambi allra ofl\u00e6tismanna, og til a\u00f0 gj\u00f6ra hina tignustu menn jar\u00f0arinnar fyrirlitna.<a name=\"10\"><span class=\"versanumer\">10<\/span><\/a>Renn \u00fe\u00fa, Tarsisborg, eins og vatnsflaumur innan um land \u00feitt! \u00de\u00fa ber n\u00fa ekki belti framar!<a name=\"11\"><span class=\"versanumer\">11<\/span><\/a>Drottinn, sem \u00fatr\u00e9ttir h\u00f6nd s\u00edna yfir hafi\u00f0, og skelfir konungar\u00edkin, hann hefir bo\u00f0i\u00f0 a\u00f0 brj\u00f3ta ni\u00f0ur varnarvirki Kanverjalands;<a name=\"12\"><span class=\"versanumer\">12<\/span><\/a>hann hefir sagt: \u00fe\u00fa skalt ekki lengur leika af k\u00e6ti, \u00fe\u00fa spjalla\u00f0a mey, S\u00eddonsd\u00f3ttir <span class='VideyAth'>b)<\/span>! Statt upp, og far yfir til Kittalands! \u00de\u00fa skalt ekki heldur finna \u00fear hv\u00edld <span class='VideyAth'>(varanlegan samasta\u00f0)<\/span>.<a name=\"13\"><span class=\"versanumer\">13<\/span><\/a>L\u00edttu \u00e1 Kaldealand! \u00feessari \u00fej\u00f3\u00f0 mun ekki fara, sem Ass\u00fdr\u00edum\u00f6nnum; h\u00fan mun gj\u00f6ra borgina a\u00f0 b\u00fasta\u00f0 villud\u00fdra, \u00feeir <span class='VideyAth'>(Kaldear)<\/span> munu reisa v\u00edgturna \u00e1 henni, herja \u00e1 hallir hennar, og leggja hana vi\u00f0 velli.<a name=\"14\"><span class=\"versanumer\">14<\/span><\/a>Kveini\u00f0, \u00fe\u00e9r Tarsisborgar knerir, \u00fev\u00ed y\u00f0ar varnarvirki er lagt \u00ed ey\u00f0i.<a name=\"15\"><span class=\"versanumer\">15<\/span><\/a>\u00de\u00e1 mun \u00fea\u00f0 ver\u00f0a, a\u00f0 T\u00fdrusborgar skal ekki geti\u00f0 ver\u00f0a um sj\u00f6tygi \u00e1r, ekki heldur en \u00e1 d\u00f6gum hins fyrsta konungs <span class='VideyAth'>(hennar)<\/span>. En a\u00f0 li\u00f0num sj\u00f6tygi \u00e1rum mun fara fyrir T\u00fdrusborg, eins og segir \u00ed sk\u00e6kjukv\u00e6\u00f0i nokkuru:<a name=\"16\"><span class=\"versanumer\">16<\/span><\/a>\u201eTak h\u00f6rpuna og gakk um kring \u00ed borginni, \u00fe\u00fa gleymda sk\u00e6kja! hreyf \u00fe\u00fa h\u00f6rpustrengina fagurlega, og kve\u00f0 m\u00f6rg kv\u00e6\u00f0i, svo \u00fe\u00edn ver\u00f0i minnst aftur\u201c!<a name=\"17\"><span class=\"versanumer\">17<\/span><\/a>A\u00f0 li\u00f0num \u00feeim sj\u00f6tygi \u00e1rum mun Drottinn vitja T\u00fdrusborgar; mun h\u00fan \u00fe\u00e1 komast aftur a\u00f0 kaupgjaldi s\u00ednu, og hafa m\u00f6k vi\u00f0 \u00f6ll konungar\u00edki, \u00feau sem \u00e1 j\u00f6r\u00f0unni eru.<a name=\"18\"><span class=\"versanumer\">18<\/span><\/a>En aflaf\u00e9 og kaupgjald hennar skal \u00fe\u00e1 vera helga\u00f0 Drottni; \u00fea\u00f0 skal ekki ver\u00f0a lagt \u00ed sj\u00f3\u00f0 e\u00f0a geymt, heldur skulu \u00feeir, sem b\u00faa frammi fyrir augliti Drottins, hafa aflaf\u00e9 hennar s\u00e9r til f\u00e6\u00f0slu og sa\u00f0nings og s\u00e6milegs kl\u00e6\u00f0na\u00f0ar.<\/p>\n<div class=\"footnoteVidey\">V. 3. a. S\u00edkors s\u00e1\u00f0, s\u00e1 jar\u00f0argr\u00f3\u00f0i, sem vex \u00e1 S\u00edkors (Egyptal\u00e6kjar) b\u00f6kkum.  V. 12. b. S\u00eddons d\u00f3ttir, T\u00fdrusborg, sem var n\u00fdlenda fr\u00e1 S\u00eddonsborg.<\/div>\n","protected":false},"excerpt":{"rendered":"<p>Sp\u00e1d\u00f3mur um ey\u00f0ileggingu T\u00fdrusborgar, og um vi\u00f0reisn hennar aftur. 1Sp\u00e1d\u00f3mur um T\u00fdrusborg. Kveini\u00f0, \u00fe\u00e9r Tarsisborgar knerir! \u00fev\u00ed allt er \u00ed ey\u00f0i, og ekkert h\u00fas eftir, sem inn \u00ed ver\u00f0ur fari\u00f0. \u00deeir f\u00e1 a\u00f0 fr\u00e9tta \u00fea\u00f0 fr\u00e1 Kittalandi.2Veri\u00f0 hlj\u00f3\u00f0ir, \u00fe\u00e9r innbyggjendur \u00feeirrar strandar, sem full var af sj\u00f3farandi kaupm\u00f6nnum fr\u00e1 S\u00eddonsborg,3sem flutti a\u00f0 s\u00e9r S\u00edkors s\u00e1\u00f0 a) og N\u00edlar korn yfir st\u00f3r h\u00f6f, og var kaupt\u00fan \u00fej\u00f3\u00f0anna!4Fyrirver\u00f0 \u00feig, S\u00eddonsborg! \u00fev\u00ed sj\u00f3rinn segir, og s\u00e6borgin tekur til or\u00f0a: eg skal aldrei ver\u00f0a \u00feungu\u00f0 framar, n\u00e9 b\u00f6rn ala, og ekki uppf\u00f3stra yngismenn e\u00f0a uppala yngismeyjar.5Eins og menn skelfdust, \u00fe\u00e1 \u00feeir fr\u00e9ttu \u00f3farir Egyptalands, <a href=\"https:\/\/biblian.is\/videy\/jesaja-23-kafli\/\"> [&#8230;]<\/a><\/p>\n","protected":false},"author":1,"featured_media":0,"parent":0,"menu_order":0,"comment_status":"open","ping_status":"open","template":"bibliukaflar.php","meta":{"footnotes":""},"class_list":["post-21551","page","type-page","status-publish","hentry"],"_links":{"self":[{"href":"https:\/\/biblian.is\/videy\/wp-json\/wp\/v2\/pages\/21551","targetHints":{"allow":["GET"]}}],"collection":[{"href":"https:\/\/biblian.is\/videy\/wp-json\/wp\/v2\/pages"}],"about":[{"href":"https:\/\/biblian.is\/videy\/wp-json\/wp\/v2\/types\/page"}],"author":[{"embeddable":true,"href":"https:\/\/biblian.is\/videy\/wp-json\/wp\/v2\/users\/1"}],"replies":[{"embeddable":true,"href":"https:\/\/biblian.is\/videy\/wp-json\/wp\/v2\/comments?post=21551"}],"version-history":[{"count":0,"href":"https:\/\/biblian.is\/videy\/wp-json\/wp\/v2\/pages\/21551\/revisions"}],"wp:attachment":[{"href":"https:\/\/biblian.is\/videy\/wp-json\/wp\/v2\/media?parent=21551"}],"curies":[{"name":"wp","href":"https:\/\/api.w.org\/{rel}","templated":true}]}}