{"id":21550,"date":"2018-01-02T01:02:41","date_gmt":"2018-01-02T01:02:41","guid":{"rendered":"http:\/\/biblian.is\/videy\/jesaja-22-kafli\/"},"modified":"2018-01-02T01:02:41","modified_gmt":"2018-01-02T01:02:41","slug":"jesaja-22-kafli","status":"publish","type":"page","link":"https:\/\/biblian.is\/videy\/jesaja-22-kafli\/","title":{"rendered":"Jesaja 22. kafli"},"content":{"rendered":"<div class=\"fyrirsognVidey\">Sp\u00e1d\u00f3mur um ums\u00e1tur Jer\u00fasalemsborgar; Sebna dr\u00f3ttseti afsettur, og Eljakim Hilk\u00edason settur \u00ed sta\u00f0 hans.<\/div>\n<p><a name=\"1\"><span class=\"versanumer\">1<\/span><\/a>Sp\u00e1d\u00f3mur um Sj\u00f3nadalinn <span class='VideyAth'>a)<\/span>. Hva\u00f0 gengur n\u00fa a\u00f0 \u00fe\u00e9r, a\u00f0 \u00fe\u00fa skulir vera stiginn upp \u00e1 h\u00fas\u00fe\u00f6k me\u00f0 allt \u00feitt?<a name=\"2\"><span class=\"versanumer\">2<\/span><\/a>\u00de\u00fa, sem <span class='VideyAth'>(\u00e1\u00f0ur)<\/span> varst full af glaumi, h\u00e1va\u00f0as\u00f6m borg og ofk\u00e6tisfullur sta\u00f0ur! Menn \u00fe\u00ednir, sem fallnir eru, hafa ekki or\u00f0i\u00f0 sver\u00f0bitnir, og ekki falli\u00f0 \u00ed orrustu.<a name=\"3\"><span class=\"versanumer\">3<\/span><\/a>H\u00f6fu\u00f0smenn \u00fe\u00ednir eru fl\u00fanir allir saman; allir menn \u00fe\u00ednir, sem n\u00e1\u00f0st hafa, eru handteknir bogalausir, og eins \u00feeir, sem langt hafa burtu fl\u00fai\u00f0, \u00feeir eru handteknir l\u00edka.<a name=\"4\"><span class=\"versanumer\">4<\/span><\/a>\u00deess vegna bi\u00f0 eg: l\u00e1ti\u00f0 mig kyrran <span class='VideyAth'>b)<\/span>, eg vil gr\u00e1ta beisklega; gj\u00f6ri\u00f0 m\u00e9r ekki \u00f3n\u00e6\u00f0i me\u00f0 \u00fev\u00ed a\u00f0 hugga mig yfir \u00f3f\u00f6rum borgar m\u00edns f\u00f3lks.<a name=\"5\"><span class=\"versanumer\">5<\/span><\/a>\u00dev\u00ed dagur styrjaldar, undirokunar og \u00farr\u00e6\u00f0aleysis er \u00ed Sj\u00f3nadalnum, a\u00f0 r\u00e1\u00f0st\u00f6fun hins Alvalda, Drottins allsherjar. M\u00farveggurinn er ni\u00f0ur brotinn, \u00f3hlj\u00f3\u00f0in heyrast upp til fjalls.<a name=\"6\"><span class=\"versanumer\">6<\/span><\/a>Elamsmenn bera \u00f6rvam\u00e6lana og hafa me\u00f0 s\u00e9r vagna, menn og hesta; K\u00edrverjar hafa teki\u00f0 <span class='VideyAth'>(vefjurnar)<\/span> utan af skj\u00f6ldunum.<a name=\"7\"><span class=\"versanumer\">7<\/span><\/a>\u00de\u00ednir fegurstu dalir eru fullir af v\u00f6gnum; riddarali\u00f0i\u00f0 hefir teki\u00f0 s\u00e9r st\u00f6\u00f0u fyrir borgarhli\u00f0unum.<a name=\"8\"><span class=\"versanumer\">8<\/span><\/a>Hl\u00edf J\u00fadar\u00edkis er burtnumin. \u00de\u00e9r skyggnist um \u00e1 \u00feeim degi eftir herb\u00fana\u00f0inum \u00ed sk\u00f3garh\u00fasinu <span class='VideyAth'>c)<\/span>;<a name=\"9\"><span class=\"versanumer\">9<\/span><\/a>\u00fe\u00e9r sko\u00f0i\u00f0 veggjask\u00f6r\u00f0in \u00e1 Dav\u00ed\u00f0sborg, \u00fev\u00ed \u00feau eru m\u00f6rg; \u00fe\u00e9r safni\u00f0 a\u00f0 y\u00f0ur vatninu \u00far ne\u00f0ri tj\u00f6rninni;<a name=\"10\"><span class=\"versanumer\">10<\/span><\/a>\u00fe\u00e9r telji\u00f0 h\u00fasin \u00ed Jer\u00fasalemsborg, og brj\u00f3ti\u00f0 h\u00fas ni\u00f0ur, til a\u00f0 v\u00edggir\u00f0a m\u00farvegginn me\u00f0;<a name=\"11\"><span class=\"versanumer\">11<\/span><\/a>\u00fe\u00e9r b\u00fai\u00f0 til vatnsst\u00e6\u00f0i milli beggja m\u00farveggjanna fyrir vatni\u00f0 \u00far g\u00f6mlu tj\u00f6rninni. En\u2014\u00fe\u00e9r gefi\u00f0 ekki g\u00e6tur a\u00f0 honum, sem gj\u00f6r\u00f0i \u00feetta, \u00fe\u00e9r l\u00edti\u00f0 ekki til hans, sem haga\u00f0i \u00feessu svo fyrir l\u00f6ngu.<a name=\"12\"><span class=\"versanumer\">12<\/span><\/a>Hinn Alvaldi, Drottinn allsherjar, kallar menn \u00e1 \u00feessum degi til a\u00f0 gr\u00e1ta og kveina, til a\u00f0 reita h\u00e1r sitt og taka sorgarb\u00faning!<a name=\"13\"><span class=\"versanumer\">13<\/span><\/a>En sj\u00e1! h\u00e9r er f\u00f6gnu\u00f0ur og k\u00e1t\u00edna! h\u00e9r er veri\u00f0 a\u00f0 drepa naut, sl\u00e1tra f\u00e9na\u00f0i, eta kj\u00f6t og drekka v\u00edn: \u201el\u00e1tum oss eta og drekka <span class='VideyAth'>(segja menn)<\/span>, \u00fev\u00ed \u00e1 morgun eigum v\u00e9r a\u00f0 deyja!\u201c<a name=\"14\"><span class=\"versanumer\">14<\/span><\/a>\u00deetta er Drottni allsherjar alkunnugt. Sannarlega ver\u00f0ur \u00feessi misgj\u00f6r\u00f0 ekki afpl\u00e1nu\u00f0, nema \u00fe\u00e9r l\u00e1ti\u00f0 l\u00edfi\u00f0 fyrir, segir hinn Alvaldi, Drottinn allsherjar. <br \/><a name=\"15\"><span class=\"versanumer\">15<\/span><\/a>Svo sag\u00f0i hinn Alvaldi, Drottinn allsherjar: Far \u00fe\u00fa og gakk til \u00feessa handgengna manns, til dr\u00f3ttsetans Sebna <span class='VideyAth'>(og seg til hans)<\/span>:<a name=\"16\"><span class=\"versanumer\">16<\/span><\/a>Hva\u00f0 hefir \u00fe\u00fa h\u00e9r a\u00f0 gj\u00f6ra? Hv\u00f6r hefir v\u00edsa\u00f0 \u00fe\u00e9r hinga\u00f0, er \u00fe\u00fa l\u00e6tur h\u00f6ggva \u00fe\u00e9r h\u00e9r gr\u00f6f. Hann h\u00f6ggur s\u00e9r gr\u00f6f \u00e1 h\u00e1vum sta\u00f0, og grefur s\u00e9r legsta\u00f0 \u00ed klettinum!<a name=\"17\"><span class=\"versanumer\">17<\/span><\/a>Sj\u00e1 \u00fe\u00fa, Drottinn kastar \u00fe\u00e9r \u00ed burtu af afli; hann \u00fer\u00edfur fast \u00ed \u00feig,<a name=\"18\"><span class=\"versanumer\">18<\/span><\/a>vindur \u00feig saman \u00ed hno\u00f0a, eins og leiksopp, og varpar \u00fe\u00e9r \u00fat \u00e1 v\u00ed\u00f0avang: \u00fear skaltu deyja, \u00fear skulu \u00fe\u00ednir d\u00fdrlegu vagnar standa, \u00fe\u00fa, sem hefir sv\u00edvirt h\u00fas herra \u00fe\u00edns.<a name=\"19\"><span class=\"versanumer\">19<\/span><\/a>Eg hrindi \u00fe\u00e9r \u00far s\u00e6ti \u00fe\u00ednu, og hann steypir \u00fe\u00e9r \u00far \u00feinni st\u00e9tt.<a name=\"20\"><span class=\"versanumer\">20<\/span><\/a>\u00c1 \u00feeim degi vil eg kalla \u00e1 minn \u00fej\u00f3n, Eljakim Hilk\u00edason;<a name=\"21\"><span class=\"versanumer\">21<\/span><\/a>eg vil f\u00e6ra hann \u00ed \u00feinn serk, gir\u00f0a hann me\u00f0 \u00fe\u00ednu belti, og f\u00e1 honum \u00ed hendur vald \u00feitt; hann skal vera fa\u00f0ir Jer\u00fasalemsborgarmanna og J\u00fadani\u00f0ja.<a name=\"22\"><span class=\"versanumer\">22<\/span><\/a>Eg vil leggja lykil Dav\u00ed\u00f0s h\u00fass \u00e1 her\u00f0ar hans; \u00feegar hann l\u00fdkur upp, skal enginn l\u00e6sa; \u00feegar hann l\u00e6sir, skal enginn upp lj\u00faka.<a name=\"23\"><span class=\"versanumer\">23<\/span><\/a>Eg vil reka hann, eins og nagla, \u00e1 haldg\u00f3\u00f0an sta\u00f0; og hann skal ver\u00f0a veglegt h\u00e1s\u00e6ti fyrir h\u00fas f\u00f6\u00f0ur s\u00edns.<a name=\"24\"><span class=\"versanumer\">24<\/span><\/a>\u00c1 honum skal hanga allt \u00fea\u00f0, sem veglegt er \u00ed h\u00fasi f\u00f6\u00f0ur hans, allur pr\u00fd\u00f0ilegur og d\u00fdrm\u00e6tur h\u00fasb\u00fana\u00f0ur, \u00f6ll sm\u00e1ker, b\u00e6\u00f0i sk\u00e1lar og alls konar leirker.<a name=\"25\"><span class=\"versanumer\">25<\/span><\/a>\u00c1 \u00feeim degi, segir Drottinn allsherjar, skal s\u00e1 nagli, sem \u00e1\u00f0ur var rekinn \u00e1 haldg\u00f3\u00f0um sta\u00f0, burtu v\u00edkja, brotna og falla, og \u00fea\u00f0, sem \u00e1 honum h\u00e9kk, ofan detta; \u00fev\u00ed Drottinn hefir svo til skipa\u00f0.<\/p>\n<div class=\"footnoteVidey\">V. 1. Sj\u00f3nadalur, \u00fear me\u00f0 er liti\u00f0 til Jer\u00fasalemsborgar.  V. 4. b. \u00c1 hebr., \u201esj\u00e1i\u00f0 fr\u00e1 m\u00e9r, horfi\u00f0 ekki \u00e1 mig.\u201c  V. 8. c. Sk\u00f3garh\u00fas, vopnah\u00fas, 2 Kron. 9,16.<\/div>\n","protected":false},"excerpt":{"rendered":"<p>Sp\u00e1d\u00f3mur um ums\u00e1tur Jer\u00fasalemsborgar; Sebna dr\u00f3ttseti afsettur, og Eljakim Hilk\u00edason settur \u00ed sta\u00f0 hans. 1Sp\u00e1d\u00f3mur um Sj\u00f3nadalinn a). Hva\u00f0 gengur n\u00fa a\u00f0 \u00fe\u00e9r, a\u00f0 \u00fe\u00fa skulir vera stiginn upp \u00e1 h\u00fas\u00fe\u00f6k me\u00f0 allt \u00feitt?2\u00de\u00fa, sem (\u00e1\u00f0ur) varst full af glaumi, h\u00e1va\u00f0as\u00f6m borg og ofk\u00e6tisfullur sta\u00f0ur! Menn \u00fe\u00ednir, sem fallnir eru, hafa ekki or\u00f0i\u00f0 sver\u00f0bitnir, og ekki falli\u00f0 \u00ed orrustu.3H\u00f6fu\u00f0smenn \u00fe\u00ednir eru fl\u00fanir allir saman; allir menn \u00fe\u00ednir, sem n\u00e1\u00f0st hafa, eru handteknir bogalausir, og eins \u00feeir, sem langt hafa burtu fl\u00fai\u00f0, \u00feeir eru handteknir l\u00edka.4\u00deess vegna bi\u00f0 eg: l\u00e1ti\u00f0 mig kyrran b), eg vil gr\u00e1ta beisklega; gj\u00f6ri\u00f0 m\u00e9r ekki \u00f3n\u00e6\u00f0i <a href=\"https:\/\/biblian.is\/videy\/jesaja-22-kafli\/\"> [&#8230;]<\/a><\/p>\n","protected":false},"author":1,"featured_media":0,"parent":0,"menu_order":0,"comment_status":"open","ping_status":"open","template":"bibliukaflar.php","meta":{"footnotes":""},"class_list":["post-21550","page","type-page","status-publish","hentry"],"_links":{"self":[{"href":"https:\/\/biblian.is\/videy\/wp-json\/wp\/v2\/pages\/21550","targetHints":{"allow":["GET"]}}],"collection":[{"href":"https:\/\/biblian.is\/videy\/wp-json\/wp\/v2\/pages"}],"about":[{"href":"https:\/\/biblian.is\/videy\/wp-json\/wp\/v2\/types\/page"}],"author":[{"embeddable":true,"href":"https:\/\/biblian.is\/videy\/wp-json\/wp\/v2\/users\/1"}],"replies":[{"embeddable":true,"href":"https:\/\/biblian.is\/videy\/wp-json\/wp\/v2\/comments?post=21550"}],"version-history":[{"count":0,"href":"https:\/\/biblian.is\/videy\/wp-json\/wp\/v2\/pages\/21550\/revisions"}],"wp:attachment":[{"href":"https:\/\/biblian.is\/videy\/wp-json\/wp\/v2\/media?parent=21550"}],"curies":[{"name":"wp","href":"https:\/\/api.w.org\/{rel}","templated":true}]}}